{"id":215,"date":"2023-06-20T16:52:56","date_gmt":"2023-06-20T08:52:56","guid":{"rendered":"http:\/\/cicadamedical.com\/?post_type=product&#038;p=215"},"modified":"2023-06-21T17:16:42","modified_gmt":"2023-06-21T09:16:42","slug":"dental-composite-heater","status":"publish","type":"product","link":"https:\/\/cicadamedical.com\/es\/producto\/calentador-de-compuesto-dental\/","title":{"rendered":"Calentador compuesto dental"},"content":{"rendered":"<p>En Cicada Medical, estamos orgullosos de presentar nuestro calentador de composite dental, un dispositivo de \u00faltima generaci\u00f3n dise\u00f1ado para mejorar las propiedades adhesivas del material de resina compuesta. Este calentador es una herramienta esencial para los profesionales dentales, ya que ofrece un control preciso de la temperatura y una funcionalidad vers\u00e1til.<\/p>\n<h2>Caracter\u00edsticas clave<\/h2>\n<p>Nuestro calentador de composite dental est\u00e1 repleto de caracter\u00edsticas que lo convierten en una adici\u00f3n destacada a cualquier pr\u00e1ctica dental:<\/p>\n<ul>\n<li><strong>Control de temperatura de precisi\u00f3n<\/strong>: El calentador utiliza un m\u00f3dulo de control de circuito de precisi\u00f3n para calentar y controlar la temperatura dentro de una tolerancia de 1 grado. Puede configurar la temperatura a 40, 50 o 70 grados, seg\u00fan el material y su preferencia personal.<\/li>\n<li><strong>Uso vers\u00e1til<\/strong>: Si bien est\u00e1 dise\u00f1ado principalmente para calentar material de resina compuesta, este calentador tambi\u00e9n se puede usar para calentar adhesivo cuando se usa con equipo manual, lo que lo convierte en una herramienta vers\u00e1til para varios procedimientos dentales.<\/li>\n<li><strong>Operaci\u00f3n f\u00e1cil<\/strong>: El funcionamiento del calentador es sencillo. Simplemente conecte el adaptador de corriente, coloque el cuerpo calefactor sobre un escritorio liso y use el bot\u00f3n de encendido\/apagado para controlar el dispositivo. El bot\u00f3n de selecci\u00f3n de temperatura le permite elegir la temperatura deseada, con luces indicadoras que muestran cuando se ha alcanzado la temperatura establecida.<\/li>\n<li><strong>Medidas de seguridad<\/strong>: El calefactor incluye un sistema de aviso de aver\u00edas. Si los tres conjuntos de luces indicadoras brillan juntas, indica una falla del sensor de temperatura.<\/li>\n<\/ul>\n<h2>Limpieza y mantenimiento<\/h2>\n<p>El mantenimiento del calentador de composite dental es sencillo. Todas las piezas se pueden limpiar con un pa\u00f1o desinfectante. Sin embargo, recuerde no sumergir ninguna pieza en l\u00edquido ni desinfectar a alta temperatura y alta presi\u00f3n.<\/p>\n<h2>Especificaciones t\u00e9cnicas<\/h2>\n<p>El calentador de material compuesto dental viene con un adaptador de corriente con una entrada de 100-240 V CA 50\/60 Hz 0,8 A m\u00e1x. y una salida de 12 V CC 2 A. El dispositivo tiene una potencia nominal de 24 W y se puede configurar a temperaturas de 40 \u00b1 1 \u2103, 50 \u00b1 1 \u2103 o 70 \u00b1 1 \u2103.<\/p>\n<h2><strong>El calentador compuesto consta de:<\/strong><\/h2>\n<p>1-calentar el cuerpo principal<br \/>\nadaptador de corriente 2<br \/>\nLuz indicadora de 3 temperaturas<br \/>\n4-Bot\u00f3n de encendido\/apagado<br \/>\n5-bot\u00f3n termoprefer\u00e9ndum<br \/>\nToma de CC de 6 potencias<\/p>\n<h3><strong>Operaci\u00f3n:<\/strong><\/h3>\n<p>1. Inserte el enchufe del cuerpo principal de calentamiento de CC del adaptador de corriente del enchufe de CC y luego inserte el adaptador de corriente en una toma de corriente el\u00e9ctrica. entonces tres luces indicadoras de temperatura normalmente est\u00e1n encendidas al mismo tiempo;<br \/>\n2. Coloque el cuerpo calefactor sobre el escritorio liso;<br \/>\n3. Encienda\/apague el bot\u00f3n, abra el cuerpo calefactor, presione el bot\u00f3n una vez m\u00e1s, cierre el cuerpo calefactor, inicie la temperatura predeterminada del cuerpo calefactor es de 40 grados (cuerpo calefactor cerrado, tres luces indicadoras de temperatura normalmente encendidas al mismo tiempo) tiempo);<br \/>\n4. De acuerdo con el bot\u00f3n de selecci\u00f3n de temperatura, puede elegir lo que necesita, se puede ver la siguiente lista detallada de temperaturas;<br \/>\nEl color de la luz indicadora de temperatura alcanza la temperatura indefinida.<br \/>\nLED blanco de 40 \u2103, luz LED blanca brillante normalmente encendida<br \/>\n50\u2103 verde LED verde brilla luz LED verde normalmente encendida<br \/>\nLED rojo de 70 \u2103, luz LED roja brillante normalmente encendida<br \/>\nCuando la luz indicadora brilla normalmente, la temperatura ha alcanzado la temperatura indefinida;<br \/>\n5. use el material compuesto de resina de la jeringa insertado en una ranura en el cuerpo de calentamiento, o col\u00f3quelo en el equipo manual del usuario<br \/>\nalcanzar la temperatura indefinida;<\/p>\n<h4><strong>Aviso:<\/strong><\/h4>\n<p>a. el material compuesto de resina debe apretar la tapa de la jeringa para evitar fugas de material dentro del cuerpo de calentamiento;<br \/>\nLimpiar y desinfectar:<br \/>\nTodas las piezas se pueden limpiar con un pa\u00f1o desinfectante. No sumerja ninguna pieza en ning\u00fan l\u00edquido de limpieza y desinfecci\u00f3n, no la desinfecte a altas temperaturas y alta presi\u00f3n.<\/p>\n<h3><strong>Advertencia de falla:<\/strong><\/h3>\n<p>3 juegos de luces indicadoras brillan juntas: falla del sensor de temperatura<\/p>\n<h3><strong>Especificaci\u00f3n t\u00e9cnica:<\/strong><\/h3>\n<p>Adaptador de corriente:<br \/>\nEntrada: 100-240 V CA 50\/60 Hz 0,8 A m\u00e1x.<br \/>\nSalida: 12V CC 2A<br \/>\nSubfinado:<br \/>\nPotencia: 24W<br \/>\nAjuste de temperatura: 40 \u00b1 1 \u2103, 50 \u00b1 1 \u2103, 70 \u00b1 1 \u2103<\/p>\n<h3><strong>Contenido<\/strong><\/h3>\n<p>Categor\u00eda de productos Calentador de composite dental<br \/>\nTama\u00f1o del paquete 21*11*8,5 cm<br \/>\nPaquete Peso Bruto 1kg<\/p>\n<h2>Detalles del paquete<\/h2>\n<p>El tama\u00f1o del paquete del calentador de composite dental es de 21<em>11<\/em>8,5 cm, y el peso bruto es de 1 kg.<\/p>\n<h2>\u00bfPor qu\u00e9 elegir cigarra m\u00e9dica?<\/h2>\n<p>En Cicada Medical, estamos comprometidos a proporcionar equipos dentales de alta calidad, incluidos nuestros <a href=\"https:\/\/cicadamedical.com\/es\/categoria-producto\/dental-composite-heater\/\" target=\"_new\" rel=\"noopener\">Calentador compuesto dental<\/a>, <a href=\"https:\/\/cicadamedical.com\/es\/categoria-producto\/endodontic\/\" target=\"_new\" rel=\"noopener\">endodoncia dental<\/a>, <a href=\"https:\/\/cicadamedical.com\/es\/categoria-producto\/led-curing-light\/\" target=\"_new\" rel=\"noopener\">Luz de curado llevada<\/a>, y m\u00e1s. Somos una empresa de confianza <a href=\"https:\/\/cicadamedical.com\/es\/distribuidor-de-suministros-odontologicos\/\" target=\"_new\" rel=\"noopener\">Distribuidor de suministros dentales<\/a>, y nos esforzamos por ofrecer productos que cumplan con los m\u00e1s altos est\u00e1ndares de calidad y confiabilidad.<\/p>\n<h2>Conclusi\u00f3n<\/h2>\n<p>El calentador de composite dental de Cicada Medical es una herramienta vers\u00e1til y confiable para cualquier profesional dental. Con su control preciso de la temperatura y su f\u00e1cil operaci\u00f3n, est\u00e1 dise\u00f1ado para mejorar la efectividad del material de resina compuesta y otros adhesivos. Entonces, \u00bfpor qu\u00e9 esperar? Mejore su pr\u00e1ctica dental hoy con el calentador de compuestos dentales de Cicada Medical.<\/p>\n<p>Para obtener m\u00e1s informaci\u00f3n acerca de nuestros productos y servicios, visite nuestro <a href=\"https:\/\/cicadamedical.com\/es\/\" target=\"_new\" rel=\"noopener\">sitio web<\/a>.<\/p>","protected":false},"excerpt":{"rendered":"<p>Un calentador compuesto dise\u00f1ado para calentar material de resina compuesta mejora el flujo de sus propiedades adhesivas; Al mismo tiempo, tambi\u00e9n se puede usar para calentar adhesivo cuando se usa con equipo manual.<\/p>\n<p>Un calentador compuesto utiliza el m\u00f3dulo de control de circuito de precisi\u00f3n para calentar y controlar la tolerancia de temperatura dentro de 1 grado. De acuerdo con su elecci\u00f3n de material y preferencia personal, la temperatura se puede configurar hasta 40 grados, 50 grados y 70 grados.<\/p>","protected":false},"featured_media":219,"comment_status":"open","ping_status":"closed","template":"","meta":[],"product_cat":[49],"product_tag":[],"_links":{"self":[{"href":"https:\/\/cicadamedical.com\/es\/wp-json\/wp\/v3\/product\/215"}],"collection":[{"href":"https:\/\/cicadamedical.com\/es\/wp-json\/wp\/v3\/product"}],"about":[{"href":"https:\/\/cicadamedical.com\/es\/wp-json\/wp\/v2\/types\/product"}],"replies":[{"embeddable":true,"href":"https:\/\/cicadamedical.com\/es\/wp-json\/wp\/v2\/comments?post=215"}],"wp:featuredmedia":[{"embeddable":true,"href":"https:\/\/cicadamedical.com\/es\/wp-json\/wp\/v2\/media\/219"}],"wp:attachment":[{"href":"https:\/\/cicadamedical.com\/es\/wp-json\/wp\/v2\/media?parent=215"}],"wp:term":[{"taxonomy":"product_cat","embeddable":true,"href":"https:\/\/cicadamedical.com\/es\/wp-json\/wp\/v2\/product_cat?post=215"},{"taxonomy":"product_tag","embeddable":true,"href":"https:\/\/cicadamedical.com\/es\/wp-json\/wp\/v2\/product_tag?post=215"}],"curies":[{"name":"wp","href":"https:\/\/api.w.org\/{rel}","templated":true}]}}