{"id":371,"date":"2022-06-20T14:48:36","date_gmt":"2022-06-20T06:48:36","guid":{"rendered":"http:\/\/cicadamedical.com\/?post_type=product&#038;p=371"},"modified":"2023-06-21T17:22:12","modified_gmt":"2023-06-21T09:22:12","slug":"dental-prophy-angle-air-motor-handpiece","status":"publish","type":"product","link":"https:\/\/cicadamedical.com\/es\/producto\/dental-prophy-angle-air-motor-handpiece\/","title":{"rendered":"Pieza de mano de motor de aire de \u00e1ngulo profil\u00e1ctico dental"},"content":{"rendered":"<p>Pieza de mano con motor neum\u00e1tico de \u00e1ngulo profil\u00e1ctico 4:1.<\/p>\n<p>Reducci\u00f3n 3000 rpm, tipo de conector: Midwest 4 orificios (conector tipo 2 seg\u00fan ISO (9168).<\/p>\n<p>Presi\u00f3n de aire de funcionamiento: 3 kg\/cm\u00b2 (42 psi). Incluye 2 conos de nariz. Peso: 69 g.<\/p>\n<p>Esterilizable en autoclave a 273\u00b0F.<\/p>\n<h2>M\u00e1s especificaciones:<\/h2>\n<p>Garantizado para un uso duradero.<br \/>\nRecomendado para el uso de dentistas, o profesionales certificados.<br \/>\nPotencia de salida 6,0 vatios<br \/>\nPresi\u00f3n de aire de funcionamiento 42 ps<br \/>\nTipo de conector: Midwest 4 agujeros<br \/>\nColor plata<br \/>\nTemperatura: desinfecci\u00f3n por calor a 135 \u2103<\/p>\n<p><img loading=\"lazy\" decoding=\"async\" class=\"alignnone size-full wp-image-376\" src=\"http:\/\/cicadamedical.com\/wp-content\/uploads\/2022\/04\/dental_prophy_angle_air_motor_handpiece.png\" alt=\"Con pieza de mano recta de reducci\u00f3n 4:1\" width=\"1200\" height=\"500\" srcset=\"https:\/\/cicadamedical.com\/wp-content\/uploads\/2022\/04\/dental_prophy_angle_air_motor_handpiece.png 1200w, https:\/\/cicadamedical.com\/wp-content\/uploads\/2022\/04\/dental_prophy_angle_air_motor_handpiece-600x250.png 600w, https:\/\/cicadamedical.com\/wp-content\/uploads\/2022\/04\/dental_prophy_angle_air_motor_handpiece-768x320.png 768w\" sizes=\"(max-width: 1200px) 100vw, 1200px\" \/> <img loading=\"lazy\" decoding=\"async\" class=\"alignnone size-full wp-image-379\" src=\"http:\/\/cicadamedical.com\/wp-content\/uploads\/2022\/04\/dental_prophy_angle_air_motor_handpiece_2.png\" alt=\"Mercado general todos los \u00e1ngulos de profilaxis.\" width=\"1200\" height=\"500\" srcset=\"https:\/\/cicadamedical.com\/wp-content\/uploads\/2022\/04\/dental_prophy_angle_air_motor_handpiece_2.png 1200w, https:\/\/cicadamedical.com\/wp-content\/uploads\/2022\/04\/dental_prophy_angle_air_motor_handpiece_2-600x250.png 600w, https:\/\/cicadamedical.com\/wp-content\/uploads\/2022\/04\/dental_prophy_angle_air_motor_handpiece_2-768x320.png 768w\" sizes=\"(max-width: 1200px) 100vw, 1200px\" \/> <img loading=\"lazy\" decoding=\"async\" class=\"alignnone size-full wp-image-378\" src=\"http:\/\/cicadamedical.com\/wp-content\/uploads\/2022\/04\/dental_prophy_angle_air_motor_handpiece_6.jpeg\" alt=\"interfaz universal\" width=\"1200\" height=\"500\" srcset=\"https:\/\/cicadamedical.com\/wp-content\/uploads\/2022\/04\/dental_prophy_angle_air_motor_handpiece_6.jpeg 1200w, https:\/\/cicadamedical.com\/wp-content\/uploads\/2022\/04\/dental_prophy_angle_air_motor_handpiece_6-600x250.jpeg 600w, https:\/\/cicadamedical.com\/wp-content\/uploads\/2022\/04\/dental_prophy_angle_air_motor_handpiece_6-768x320.jpeg 768w\" sizes=\"(max-width: 1200px) 100vw, 1200px\" \/> <img loading=\"lazy\" decoding=\"async\" class=\"alignnone size-full wp-image-377\" src=\"http:\/\/cicadamedical.com\/wp-content\/uploads\/2022\/04\/dental_prophy_angle_air_motor_handpiece_7.jpeg\" alt=\"Patr\u00f3n 3D antideslizante\" width=\"1200\" height=\"500\" srcset=\"https:\/\/cicadamedical.com\/wp-content\/uploads\/2022\/04\/dental_prophy_angle_air_motor_handpiece_7.jpeg 1200w, https:\/\/cicadamedical.com\/wp-content\/uploads\/2022\/04\/dental_prophy_angle_air_motor_handpiece_7-600x250.jpeg 600w, https:\/\/cicadamedical.com\/wp-content\/uploads\/2022\/04\/dental_prophy_angle_air_motor_handpiece_7-768x320.jpeg 768w\" sizes=\"(max-width: 1200px) 100vw, 1200px\" \/><\/p>\n<p>Conozca la pieza de mano con motor neum\u00e1tico en \u00e1ngulo para profilaxis dental, un producto revolucionario en la industria dental. Esta pieza de mano es un producto de Cicada Medical, un nombre reconocido en el campo de los equipos dentales. La pieza de mano con motor neum\u00e1tico en \u00e1ngulo para profilaxis dental est\u00e1 dise\u00f1ada teniendo en cuenta las necesidades de los profesionales dentales y ofrece una combinaci\u00f3n de potencia, precisi\u00f3n y comodidad inigualable en el mercado.<\/p>\n<h2>Caracter\u00edsticas clave<\/h2>\n<ul>\n<li><strong>Funcionamiento potente y silencioso<\/strong>: La pieza de mano funciona a un nivel silencioso, con una potente salida de 6,0 vatios. Puede alcanzar hasta 3000 RPM, lo que garantiza procedimientos dentales eficientes y efectivos.<\/li>\n<li><strong>Compacto y ligero<\/strong>: Con un peso de solo 69 g, esta pieza de mano es liviana y compacta, lo que garantiza una fatiga m\u00ednima durante procedimientos prolongados. Est\u00e1 bien equilibrado, lo que lo hace c\u00f3modo de sostener y maniobrar.<\/li>\n<li><strong>Vers\u00e1til y duradero<\/strong>: La pieza de mano cuenta con un cabezal giratorio de 360\u00b0 y una reducci\u00f3n de 4:1, lo que la hace vers\u00e1til para diversos procedimientos dentales. Tambi\u00e9n se puede esterilizar en autoclave a 273 \u00b0F, lo que garantiza que sea resistente y duradero.<\/li>\n<li><strong>Conector de alta calidad<\/strong>: La pieza de mano viene con un conector Midwest de 4 orificios, lo que garantiza la compatibilidad con varios equipos dentales.<\/li>\n<li><strong>Recomendado para Profesionales<\/strong>: Esta pieza de mano est\u00e1 recomendada para uso de dentistas y profesionales certificados, lo que garantiza una atenci\u00f3n dental de alta calidad para los pacientes.<\/li>\n<\/ul>\n<h2>\u00bfPor qu\u00e9 elegir la pieza de mano con motor de aire angular para profilaxis dental?<\/h2>\n<p>La pieza de mano con motor neum\u00e1tico en \u00e1ngulo para profilaxis dental es un testimonio del compromiso de Cicada Medical de proporcionar equipos dentales de alta calidad. Est\u00e1 dise\u00f1ado para ofrecer una experiencia fluida y eficiente a los profesionales dentales, garantizando que puedan brindar la mejor atenci\u00f3n posible a sus pacientes.<\/p>\n<p>Estas son algunas de las razones por las que esta pieza de mano se destaca:<\/p>\n<ul>\n<li><strong>Eficiente<\/strong>: Con una salida potente y altas RPM, esta pieza de mano garantiza procedimientos dentales eficientes.<\/li>\n<li><strong>C\u00f3modo<\/strong>: El dise\u00f1o liviano y compacto garantiza una fatiga m\u00ednima, lo que lo hace c\u00f3modo para procedimientos prolongados.<\/li>\n<li><strong>Durable<\/strong>: La pieza de mano se puede esterilizar en autoclave, lo que garantiza su durabilidad y durabilidad.<\/li>\n<li><strong>Vers\u00e1til<\/strong>: El cabezal giratorio de 360\u00b0 y la reducci\u00f3n 4:1 lo hacen vers\u00e1til para diversos procedimientos dentales.<\/li>\n<li><strong>Alta calidad<\/strong>: La pieza de mano viene con un conector Midwest de 4 orificios, lo que garantiza la compatibilidad con varios equipos dentales.<\/li>\n<\/ul>\n<h2>Conclusi\u00f3n<\/h2>\n<p>La pieza de mano con motor neum\u00e1tico de \u00e1ngulo de profilaxis dental es imprescindible para cualquier profesional dental. Su potente funcionamiento, dise\u00f1o compacto y conector de alta calidad lo convierten en una excelente opci\u00f3n para diversos procedimientos dentales. Con el compromiso de Cicada Medical con la calidad y la innovaci\u00f3n, puede estar seguro de que esta pieza de mano le servir\u00e1 bien en los a\u00f1os venideros.<\/p>","protected":false},"excerpt":{"rendered":"<p>La pieza de mano ligera y compacta con motor neum\u00e1tico angular Cicada Dental Prophy tambi\u00e9n est\u00e1 bien equilibrada y es potente. Funcionamiento silencioso hasta 3000 RPM. Cabezal giratorio 360\u00b0 y con reducci\u00f3n 4:1 para ser m\u00e1s potente.<\/p>","protected":false},"featured_media":372,"comment_status":"open","ping_status":"closed","template":"","meta":[],"product_cat":[48],"product_tag":[],"_links":{"self":[{"href":"https:\/\/cicadamedical.com\/es\/wp-json\/wp\/v3\/product\/371"}],"collection":[{"href":"https:\/\/cicadamedical.com\/es\/wp-json\/wp\/v3\/product"}],"about":[{"href":"https:\/\/cicadamedical.com\/es\/wp-json\/wp\/v2\/types\/product"}],"replies":[{"embeddable":true,"href":"https:\/\/cicadamedical.com\/es\/wp-json\/wp\/v2\/comments?post=371"}],"wp:featuredmedia":[{"embeddable":true,"href":"https:\/\/cicadamedical.com\/es\/wp-json\/wp\/v2\/media\/372"}],"wp:attachment":[{"href":"https:\/\/cicadamedical.com\/es\/wp-json\/wp\/v2\/media?parent=371"}],"wp:term":[{"taxonomy":"product_cat","embeddable":true,"href":"https:\/\/cicadamedical.com\/es\/wp-json\/wp\/v2\/product_cat?post=371"},{"taxonomy":"product_tag","embeddable":true,"href":"https:\/\/cicadamedical.com\/es\/wp-json\/wp\/v2\/product_tag?post=371"}],"curies":[{"name":"wp","href":"https:\/\/api.w.org\/{rel}","templated":true}]}}