{"id":391,"date":"2023-06-20T15:20:06","date_gmt":"2023-06-20T07:20:06","guid":{"rendered":"http:\/\/cicadamedical.com\/?post_type=product&#038;p=391"},"modified":"2023-06-21T17:30:35","modified_gmt":"2023-06-21T09:30:35","slug":"dental-loupes-cv-288","status":"publish","type":"product","link":"https:\/\/cicadamedical.com\/es\/producto\/lupas-dentales-cv-288\/","title":{"rendered":"Lupas Dentales CV-288"},"content":{"rendered":"<table>\n<tbody>\n<tr>\n<td nowrap=\"nowrap\"><strong>Aumento<\/strong><\/td>\n<td nowrap=\"nowrap\"><strong>distancia de trabajo<\/strong><\/td>\n<td nowrap=\"nowrap\"><strong>Campo de visi\u00f3n<\/strong><\/td>\n<td nowrap=\"nowrap\"><strong>Color<\/strong><\/td>\n<\/tr>\n<tr>\n<td nowrap=\"nowrap\">2.5X<\/td>\n<td nowrap=\"nowrap\">440-450 mm<\/td>\n<td nowrap=\"nowrap\">130 mm<\/td>\n<td nowrap=\"nowrap\">negro<\/td>\n<\/tr>\n<tr>\n<td nowrap=\"nowrap\">3.5X<\/td>\n<td nowrap=\"nowrap\">280-380 mm<\/td>\n<td nowrap=\"nowrap\">60 mm<\/td>\n<td nowrap=\"nowrap\">blanco<\/td>\n<\/tr>\n<\/tbody>\n<\/table>\n<p><img loading=\"lazy\" decoding=\"async\" class=\"alignnone size-full wp-image-397\" src=\"http:\/\/cicadamedical.com\/wp-content\/uploads\/2022\/04\/1228165101.png\" alt=\"Lente \u00f3ptica de alta resoluci\u00f3n\" width=\"1200\" height=\"500\" srcset=\"https:\/\/cicadamedical.com\/wp-content\/uploads\/2022\/04\/1228165101.png 1200w, https:\/\/cicadamedical.com\/wp-content\/uploads\/2022\/04\/1228165101-600x250.png 600w, https:\/\/cicadamedical.com\/wp-content\/uploads\/2022\/04\/1228165101-768x320.png 768w\" sizes=\"(max-width: 1200px) 100vw, 1200px\" \/> <img loading=\"lazy\" decoding=\"async\" class=\"alignnone size-full wp-image-398\" src=\"http:\/\/cicadamedical.com\/wp-content\/uploads\/2022\/04\/1228165104.jpg\" alt=\"Bater\u00eda grande\" width=\"1200\" height=\"500\" srcset=\"https:\/\/cicadamedical.com\/wp-content\/uploads\/2022\/04\/1228165104.jpg 1200w, https:\/\/cicadamedical.com\/wp-content\/uploads\/2022\/04\/1228165104-600x250.jpg 600w, https:\/\/cicadamedical.com\/wp-content\/uploads\/2022\/04\/1228165104-768x320.jpg 768w\" sizes=\"(max-width: 1200px) 100vw, 1200px\" \/> <img loading=\"lazy\" decoding=\"async\" class=\"alignnone size-full wp-image-399\" src=\"http:\/\/cicadamedical.com\/wp-content\/uploads\/2022\/04\/1228165103.jpg\" alt=\"Ajuste de tama\u00f1o\" width=\"1200\" height=\"500\" srcset=\"https:\/\/cicadamedical.com\/wp-content\/uploads\/2022\/04\/1228165103.jpg 1200w, https:\/\/cicadamedical.com\/wp-content\/uploads\/2022\/04\/1228165103-600x250.jpg 600w, https:\/\/cicadamedical.com\/wp-content\/uploads\/2022\/04\/1228165103-768x320.jpg 768w\" sizes=\"(max-width: 1200px) 100vw, 1200px\" \/> <img loading=\"lazy\" decoding=\"async\" class=\"alignnone size-full wp-image-400\" src=\"http:\/\/cicadamedical.com\/wp-content\/uploads\/2022\/04\/1228165102.png\" alt=\"\" width=\"1200\" height=\"500\" srcset=\"https:\/\/cicadamedical.com\/wp-content\/uploads\/2022\/04\/1228165102.png 1200w, https:\/\/cicadamedical.com\/wp-content\/uploads\/2022\/04\/1228165102-600x250.png 600w, https:\/\/cicadamedical.com\/wp-content\/uploads\/2022\/04\/1228165102-768x320.png 768w\" sizes=\"(max-width: 1200px) 100vw, 1200px\" \/><\/p>\n<p>En la profesi\u00f3n dental, pasar a\u00f1os encorvado sobre los pacientes puede afectar el cuello y la columna. Ah\u00ed es donde entra en juego las lupas dentales CV-288 de Cicada Medical. Dise\u00f1adas para combatir problemas posturales comunes, estas lupas garantizan una carrera sin dolor para los profesionales dentales.<\/p>\n<h2>Calidad y precisi\u00f3n superiores<\/h2>\n<p>Lo que diferencia a las lupas dentales de Cicada Medical de la competencia es la calidad superior y la precisi\u00f3n de nuestra \u00f3ptica. Aprovechamos la tecnolog\u00eda de \u00faltima generaci\u00f3n para garantizar que nuestras lupas brinden las im\u00e1genes m\u00e1s claras posibles. Uno de los beneficios clave del uso de nuestras lupas dentales es la mayor eficiencia y precisi\u00f3n que aportan a los procedimientos dentales. Las im\u00e1genes ampliadas permiten a los dentistas ver detalles que pueden no ser visibles a simple vista, lo que reduce el riesgo de errores y aumenta la satisfacci\u00f3n del paciente.<\/p>\n<h2>Versatilidad para una gama de aplicaciones<\/h2>\n<p>Las lupas dentales de Cicada Medical son vers\u00e1tiles y adecuadas para una amplia gama de procedimientos dentales, desde chequeos de rutina hasta cirug\u00edas complejas. Son una opci\u00f3n ideal para los dentistas que realizan un gran volumen de procedimientos diariamente.<\/p>\n<h2>Asequibilidad sin comprometer la calidad<\/h2>\n<p>El precio de nuestras lupas dentales var\u00eda seg\u00fan el tipo y las caracter\u00edsticas del producto. Sin embargo, nos esforzamos por hacer que nuestros productos sean m\u00e1s asequibles que otras marcas premium, lo que los convierte en una excelente opci\u00f3n para los dentistas que cuidan su presupuesto.<\/p>\n<h2>Caracter\u00edsticas clave<\/h2>\n<ul>\n<li>Lente \u00f3ptica de alta resoluci\u00f3n<\/li>\n<li>Larga distancia de trabajo y campo de visi\u00f3n claro<\/li>\n<li>Antideslumbrante, antivaho y resistente a los ara\u00f1azos<\/li>\n<li>Disponible en colores blanco y negro<\/li>\n<li>Opciones de aumento: 2.5X y 3.5X<\/li>\n<\/ul>\n<h2>Comparaci\u00f3n con otras marcas<\/h2>\n<p>En comparaci\u00f3n con otras marcas como Zeiss, Orascoptic y Lumadent, las lupas dentales de Cicada Medical se destacan por su avanzada tecnolog\u00eda de lentes, que proporciona claridad y brillo excepcionales, incluso en condiciones de poca luz.<\/p>\n<h2>Donde comprar<\/h2>\n<p>Las lupas dentales CV-288 de Cicada Medical est\u00e1n disponibles en Amazon y directamente desde el <a href=\"https:\/\/cicadamedical.com\/es\/lupa-dental\/\" target=\"_new\" rel=\"noopener\">Sitio web de Cicada Medical<\/a>.<\/p>\n<h2>Conclusi\u00f3n<\/h2>\n<p>Si usted es un dentista que busca mejorar su postura y precisi\u00f3n durante los procedimientos, o un proveedor de equipos dentales que busca productos asequibles y de alta calidad, Cicada Medical tiene las soluciones para satisfacer sus necesidades. \u00a1Experimente la diferencia de Cicada Medical hoy!<\/p>\n<p>Para obtener m\u00e1s informaci\u00f3n sobre nuestros otros productos, consulte nuestro <a href=\"https:\/\/cicadamedical.com\/es\/dental-endo-motor\/\" target=\"_new\" rel=\"noopener\">endodoncia dental<\/a>, <a href=\"https:\/\/cicadamedical.com\/es\/producto\/lampara-de-polimerizacion-led-cv-215-gun-mhp\/\" target=\"_new\" rel=\"noopener\">Luz de curado llevada<\/a>, <a href=\"https:\/\/cicadamedical.com\/es\/categoria-producto\/surigical\/implant-motor\/\" target=\"_new\" rel=\"noopener\">Cirug\u00eda Dental<\/a>, <a href=\"https:\/\/cicadamedical.com\/es\/categoria-producto\/clinic-micromotors\/\" target=\"_new\" rel=\"noopener\">Cl\u00ednica Micromotores<\/a>, <a href=\"https:\/\/cicadamedical.com\/es\/categoria-producto\/air-turbines\/\" target=\"_new\" rel=\"noopener\">turbinas de aire<\/a>, <a href=\"https:\/\/cicadamedical.com\/es\/categoria-producto\/pmtc-system\/\" target=\"_new\" rel=\"noopener\">Sistema de PMTC dental<\/a>, y <a href=\"https:\/\/cicadamedical.com\/es\/categoria-producto\/dental-composite-heater\/\" target=\"_new\" rel=\"noopener\">Calentador compuesto dental<\/a> ofrendas<\/p>","protected":false},"excerpt":{"rendered":"<h4 id=\"00ff4c1a-9693-2fb3-134c-0e89636aa694\">Modelo: CV-288<\/h4>\n<div class=\"txt\">\n<p>Lente \u00f3ptica de alta resoluci\u00f3n<\/p>\n<p>Larga distancia de trabajo y campo de visi\u00f3n claro<\/p>\n<p>Antideslumbrante, antivaho y resistente a los ara\u00f1azos<\/p>\n<\/div>","protected":false},"featured_media":392,"comment_status":"open","ping_status":"closed","template":"","meta":[],"product_cat":[47],"product_tag":[],"_links":{"self":[{"href":"https:\/\/cicadamedical.com\/es\/wp-json\/wp\/v3\/product\/391"}],"collection":[{"href":"https:\/\/cicadamedical.com\/es\/wp-json\/wp\/v3\/product"}],"about":[{"href":"https:\/\/cicadamedical.com\/es\/wp-json\/wp\/v2\/types\/product"}],"replies":[{"embeddable":true,"href":"https:\/\/cicadamedical.com\/es\/wp-json\/wp\/v2\/comments?post=391"}],"wp:featuredmedia":[{"embeddable":true,"href":"https:\/\/cicadamedical.com\/es\/wp-json\/wp\/v2\/media\/392"}],"wp:attachment":[{"href":"https:\/\/cicadamedical.com\/es\/wp-json\/wp\/v2\/media?parent=391"}],"wp:term":[{"taxonomy":"product_cat","embeddable":true,"href":"https:\/\/cicadamedical.com\/es\/wp-json\/wp\/v2\/product_cat?post=391"},{"taxonomy":"product_tag","embeddable":true,"href":"https:\/\/cicadamedical.com\/es\/wp-json\/wp\/v2\/product_tag?post=391"}],"curies":[{"name":"wp","href":"https:\/\/api.w.org\/{rel}","templated":true}]}}