{"id":401,"date":"2023-06-20T15:33:04","date_gmt":"2023-06-20T07:33:04","guid":{"rendered":"http:\/\/cicadamedical.com\/?post_type=product&#038;p=401"},"modified":"2023-06-21T17:42:45","modified_gmt":"2023-06-21T09:42:45","slug":"41-ipr-sytem","status":"publish","type":"product","link":"https:\/\/cicadamedical.com\/es\/producto\/sistema-41-ipr\/","title":{"rendered":"Sistema de DPI dental 4:1"},"content":{"rendered":"<table align=\"center\">\n<tbody>\n<tr>\n<td>N\u00famero de modelo<\/td>\n<td>CV\/DX E4<\/td>\n<\/tr>\n<tr>\n<td>Velocidad de rotaci\u00f3n<\/td>\n<td>10.000 rpm<\/td>\n<\/tr>\n<tr>\n<td>Presi\u00f3n de aire de trabajo<\/td>\n<td>0.22-0.3Mpa<\/td>\n<\/tr>\n<tr>\n<td>Relaci\u00f3n<\/td>\n<td>4:1<\/td>\n<\/tr>\n<tr>\n<td>Tama\u00f1o aplicable de la fresa<\/td>\n<td>CA 2,35 mm<\/td>\n<\/tr>\n<tr>\n<td>conector<\/td>\n<td>Conector est\u00e1ndar ISO<\/td>\n<\/tr>\n<tr>\n<td>Cojinete<\/td>\n<td>rodamiento cer\u00e1mico<\/td>\n<\/tr>\n<tr>\n<td>conexi\u00f3n disponible<\/td>\n<td>Est\u00e1ndar internacional tipo E<\/td>\n<\/tr>\n<tr>\n<td>Ruido<\/td>\n<td>Menos de 65 dB<\/td>\n<\/tr>\n<tr>\n<td>Desinfecci\u00f3n<\/td>\n<td>Autoclave a 135 \u2103<\/td>\n<\/tr>\n<\/tbody>\n<\/table>\n<p><img loading=\"lazy\" decoding=\"async\" class=\"alignnone size-full wp-image-402\" src=\"http:\/\/cicadamedical.com\/wp-content\/uploads\/2022\/04\/ipr_system_cv-dx_e4_detailed__1.jpg\" alt=\"Interfaz universal\" width=\"1200\" height=\"500\" srcset=\"https:\/\/cicadamedical.com\/wp-content\/uploads\/2022\/04\/ipr_system_cv-dx_e4_detailed__1.jpg 1200w, https:\/\/cicadamedical.com\/wp-content\/uploads\/2022\/04\/ipr_system_cv-dx_e4_detailed__1-600x250.jpg 600w, https:\/\/cicadamedical.com\/wp-content\/uploads\/2022\/04\/ipr_system_cv-dx_e4_detailed__1-768x320.jpg 768w\" sizes=\"(max-width: 1200px) 100vw, 1200px\" \/> <img loading=\"lazy\" decoding=\"async\" class=\"alignnone size-full wp-image-403\" src=\"http:\/\/cicadamedical.com\/wp-content\/uploads\/2022\/04\/ipr_system_cv-dx_e4_detailed__3.png\" alt=\"Gran motivaci\u00f3n Bajo nivel de ruido\" width=\"1200\" height=\"500\" srcset=\"https:\/\/cicadamedical.com\/wp-content\/uploads\/2022\/04\/ipr_system_cv-dx_e4_detailed__3.png 1200w, https:\/\/cicadamedical.com\/wp-content\/uploads\/2022\/04\/ipr_system_cv-dx_e4_detailed__3-600x250.png 600w, https:\/\/cicadamedical.com\/wp-content\/uploads\/2022\/04\/ipr_system_cv-dx_e4_detailed__3-768x320.png 768w\" sizes=\"(max-width: 1200px) 100vw, 1200px\" \/> <img loading=\"lazy\" decoding=\"async\" class=\"alignnone size-full wp-image-404\" src=\"http:\/\/cicadamedical.com\/wp-content\/uploads\/2022\/04\/ipr_system_cv-dx_e4_detailed__4.png\" alt=\"Con una variedad de especificaciones de corte\" width=\"1200\" height=\"500\" srcset=\"https:\/\/cicadamedical.com\/wp-content\/uploads\/2022\/04\/ipr_system_cv-dx_e4_detailed__4.png 1200w, https:\/\/cicadamedical.com\/wp-content\/uploads\/2022\/04\/ipr_system_cv-dx_e4_detailed__4-600x250.png 600w, https:\/\/cicadamedical.com\/wp-content\/uploads\/2022\/04\/ipr_system_cv-dx_e4_detailed__4-768x320.png 768w\" sizes=\"(max-width: 1200px) 100vw, 1200px\" \/> <img loading=\"lazy\" decoding=\"async\" class=\"alignnone size-full wp-image-405\" src=\"http:\/\/cicadamedical.com\/wp-content\/uploads\/2022\/04\/ipr_system_cv-dx_e4_detailed__2.jpg\" alt=\"Patr\u00f3n 3D antideslizante\" width=\"1200\" height=\"500\" srcset=\"https:\/\/cicadamedical.com\/wp-content\/uploads\/2022\/04\/ipr_system_cv-dx_e4_detailed__2.jpg 1200w, https:\/\/cicadamedical.com\/wp-content\/uploads\/2022\/04\/ipr_system_cv-dx_e4_detailed__2-600x250.jpg 600w, https:\/\/cicadamedical.com\/wp-content\/uploads\/2022\/04\/ipr_system_cv-dx_e4_detailed__2-768x320.jpg 768w\" sizes=\"(max-width: 1200px) 100vw, 1200px\" \/><\/p>\n<p>El <strong>Sistema de DPI dental 4:1<\/strong> de Cicada Medical es una soluci\u00f3n de \u00faltima generaci\u00f3n dise\u00f1ada para agilizar y mejorar el proceso de reducci\u00f3n interproximal (IPR). Este sistema es una herramienta crucial para los tratamientos de ortodoncia, ya que permite a los profesionales dentales realizar procedimientos de reducci\u00f3n dental precisos y eficientes.<\/p>\n<h2>Caracter\u00edsticas clave del sistema IPR dental 4:1<\/h2>\n<p>El sistema Dental IPR 4:1, modelo CV-DX E4, cuenta con varias caracter\u00edsticas impresionantes:<\/p>\n<ul>\n<li><strong>Sistema IPR rec\u00edproco dental con pelado interproximal<\/strong>: Este sistema est\u00e1 dise\u00f1ado para facilitar el proceso de reducci\u00f3n interproximal, procedimiento que consiste en reducir el tama\u00f1o del diente para ganar el m\u00ednimo espacio durante el tratamiento de ortodoncia.<\/li>\n<li><strong>Contra\u00e1ngulo 4:1 para uso en m\u00e1quinas<\/strong>: El sistema incluye un contra\u00e1ngulo 4:1, un componente cr\u00edtico en las herramientas de ortodoncia, dise\u00f1ado para uso en m\u00e1quinas.<\/li>\n<li><strong>Acero inoxidable de alta calidad.<\/strong>: El sistema est\u00e1 hecho de acero inoxidable de alta calidad, lo que garantiza durabilidad y longevidad.<\/li>\n<li><strong>Esterilizaci\u00f3n a alta temperatura y alta presi\u00f3n<\/strong>: El sistema puede soportar la esterilizaci\u00f3n a alta temperatura y alta presi\u00f3n, lo que garantiza que siga siendo seguro e higi\u00e9nico para su uso.<\/li>\n<\/ul>\n<h2>La importancia de los derechos de propiedad intelectual en la ortodoncia<\/h2>\n<p>La reducci\u00f3n interproximal (IPR) es un procedimiento com\u00fan en ortodoncia. Implica la eliminaci\u00f3n de peque\u00f1as cantidades de esmalte entre los dientes para crear m\u00e1s espacio. Este procedimiento a menudo es necesario para el \u00e9xito del tratamiento de ortodoncia, particularmente en los casos en que los dientes est\u00e1n api\u00f1ados o no hay suficiente espacio para que se muevan a sus posiciones correctas.<\/p>\n<p>El 4:1 Dental IPR System es una herramienta invaluable para realizar este procedimiento. Permite una remoci\u00f3n precisa y controlada del esmalte, asegurando la comodidad y seguridad del paciente.<\/p>\n<h2>\u00bfPor qu\u00e9 elegir cigarra m\u00e9dica?<\/h2>\n<p>Cicada Medical es un proveedor l\u00edder de equipos dentales, reconocido por sus productos de alta calidad y su compromiso con la satisfacci\u00f3n del cliente. Con el sistema Dental IPR 4:1, Cicada Medical contin\u00faa demostrando su dedicaci\u00f3n a brindar a los profesionales dentales las herramientas que necesitan para brindar la mejor atenci\u00f3n posible a sus pacientes.<\/p>\n<p>Para obtener m\u00e1s informaci\u00f3n sobre Cicada Medical y su gama de productos, incluido el <a href=\"https:\/\/cicadamedical.com\/es\/distribuidor-de-suministros-odontologicos\/\" target=\"_new\" rel=\"noopener\">endodoncia dental<\/a>, <a href=\"https:\/\/cicadamedical.com\/es\/producto\/lampara-de-polimerizacion-led-cv-215-gun-mhp\/\" target=\"_new\" rel=\"noopener\">Luz de curado llevada<\/a>, y <a href=\"https:\/\/cicadamedical.com\/es\/categoria-producto\/surigical\/implant-motor\/\" target=\"_new\" rel=\"noopener\">Cirug\u00eda Dental<\/a> gamas, visita sus <a href=\"https:\/\/cicadamedical.com\/es\/\" target=\"_new\" rel=\"noopener\">sitio web<\/a>.<\/p>\n<h2>Conclusi\u00f3n<\/h2>\n<p>El sistema Dental IPR 4:1 es un testimonio del compromiso de Cicada Medical con la innovaci\u00f3n y la calidad. Al brindar a los profesionales dentales una soluci\u00f3n confiable, eficiente y de alta calidad para la reducci\u00f3n interproximal, Cicada Medical est\u00e1 ayudando a mejorar los resultados de los pacientes y avanzar en el campo de la ortodoncia.<\/p>\n<p>Para obtener m\u00e1s informaci\u00f3n sobre el sistema dental IPR 4:1 o para explorar la gama completa de equipos dentales de Cicada Medical, visite su <a href=\"https:\/\/cicadamedical.com\/es\/\" target=\"_new\" rel=\"noopener\">sitio web<\/a>.<\/p>","protected":false},"excerpt":{"rendered":"<h4 id=\"4e0c2a70-d9f5-a3e6-5cd7-06944d4c09b4\">Modelo: CV-DX E4<\/h4>\n<div class=\"txt\">\n<h3 class=\"p\"><strong>Caracter\u00edsticas:<\/strong><\/h3>\n<p>1.Sistema IPR rec\u00edproco dental con pelado interproximal.<\/p>\n<p>Contra\u00e1ngulo 2.4:1 para uso con m\u00e1quina \/ Herramientas de ortodoncia.<\/p>\n<p>3. Acero inoxidable de alta calidad.<\/p>\n<p>4. Esterilizaci\u00f3n a alta temperatura y alta presi\u00f3n.<\/p>\n<\/div>","protected":false},"featured_media":406,"comment_status":"open","ping_status":"closed","template":"","meta":[],"product_cat":[46],"product_tag":[],"_links":{"self":[{"href":"https:\/\/cicadamedical.com\/es\/wp-json\/wp\/v3\/product\/401"}],"collection":[{"href":"https:\/\/cicadamedical.com\/es\/wp-json\/wp\/v3\/product"}],"about":[{"href":"https:\/\/cicadamedical.com\/es\/wp-json\/wp\/v2\/types\/product"}],"replies":[{"embeddable":true,"href":"https:\/\/cicadamedical.com\/es\/wp-json\/wp\/v2\/comments?post=401"}],"wp:featuredmedia":[{"embeddable":true,"href":"https:\/\/cicadamedical.com\/es\/wp-json\/wp\/v2\/media\/406"}],"wp:attachment":[{"href":"https:\/\/cicadamedical.com\/es\/wp-json\/wp\/v2\/media?parent=401"}],"wp:term":[{"taxonomy":"product_cat","embeddable":true,"href":"https:\/\/cicadamedical.com\/es\/wp-json\/wp\/v2\/product_cat?post=401"},{"taxonomy":"product_tag","embeddable":true,"href":"https:\/\/cicadamedical.com\/es\/wp-json\/wp\/v2\/product_tag?post=401"}],"curies":[{"name":"wp","href":"https:\/\/api.w.org\/{rel}","templated":true}]}}