{"id":411,"date":"2023-06-20T16:37:48","date_gmt":"2023-06-20T08:37:48","guid":{"rendered":"http:\/\/cicadamedical.com\/?post_type=product&#038;p=411"},"modified":"2023-06-21T17:48:42","modified_gmt":"2023-06-21T09:48:42","slug":"ipr-system-cv-dx-c41","status":"publish","type":"product","link":"https:\/\/cicadamedical.com\/es\/producto\/sistema-ipr-cv-dx-c41\/","title":{"rendered":"Sistema dental IPR CV\/DX C4:1"},"content":{"rendered":"<table width=\"276\">\n<tbody>\n<tr>\n<td width=\"93\">Tipo de mandril<\/td>\n<td width=\"183\">Pulsador<\/td>\n<\/tr>\n<tr>\n<td>Relaci\u00f3n de transmisi\u00f3n<\/td>\n<td>4 : 1<\/td>\n<\/tr>\n<tr>\n<td>M\u00e1xima velocidad<\/td>\n<td>m\u00e1xima velocidad<\/td>\n<\/tr>\n<tr>\n<td>Rebaba<\/td>\n<td>pelado interproximal<\/td>\n<\/tr>\n<tr>\n<td>Ruido<\/td>\n<td>\u226468dB<\/td>\n<\/tr>\n<\/tbody>\n<\/table>\n<p>&nbsp;<\/p>\n<p><img loading=\"lazy\" decoding=\"async\" class=\"alignnone size-full wp-image-419\" src=\"http:\/\/cicadamedical.com\/wp-content\/uploads\/2022\/04\/1228164803.jpg\" alt=\"Interfaz universal\" width=\"1200\" height=\"500\" srcset=\"https:\/\/cicadamedical.com\/wp-content\/uploads\/2022\/04\/1228164803.jpg 1200w, https:\/\/cicadamedical.com\/wp-content\/uploads\/2022\/04\/1228164803-600x250.jpg 600w, https:\/\/cicadamedical.com\/wp-content\/uploads\/2022\/04\/1228164803-768x320.jpg 768w\" sizes=\"(max-width: 1200px) 100vw, 1200px\" \/> <img loading=\"lazy\" decoding=\"async\" class=\"alignnone size-full wp-image-418\" src=\"http:\/\/cicadamedical.com\/wp-content\/uploads\/2022\/04\/1228164804.jpg\" alt=\"Patr\u00f3n 3D antideslizante\" width=\"1200\" height=\"500\" srcset=\"https:\/\/cicadamedical.com\/wp-content\/uploads\/2022\/04\/1228164804.jpg 1200w, https:\/\/cicadamedical.com\/wp-content\/uploads\/2022\/04\/1228164804-600x250.jpg 600w, https:\/\/cicadamedical.com\/wp-content\/uploads\/2022\/04\/1228164804-768x320.jpg 768w\" sizes=\"(max-width: 1200px) 100vw, 1200px\" \/> <img loading=\"lazy\" decoding=\"async\" class=\"alignnone size-full wp-image-417\" src=\"http:\/\/cicadamedical.com\/wp-content\/uploads\/2022\/04\/1228164801.png\" alt=\"Gran motivaci\u00f3n Bajo nivel de ruido\" width=\"1200\" height=\"500\" srcset=\"https:\/\/cicadamedical.com\/wp-content\/uploads\/2022\/04\/1228164801.png 1200w, https:\/\/cicadamedical.com\/wp-content\/uploads\/2022\/04\/1228164801-600x250.png 600w, https:\/\/cicadamedical.com\/wp-content\/uploads\/2022\/04\/1228164801-768x320.png 768w\" sizes=\"(max-width: 1200px) 100vw, 1200px\" \/><img loading=\"lazy\" decoding=\"async\" class=\"alignnone size-full wp-image-420\" src=\"http:\/\/cicadamedical.com\/wp-content\/uploads\/2022\/04\/1228164802.png\" alt=\"Especificaciones\" width=\"1200\" height=\"500\" srcset=\"https:\/\/cicadamedical.com\/wp-content\/uploads\/2022\/04\/1228164802.png 1200w, https:\/\/cicadamedical.com\/wp-content\/uploads\/2022\/04\/1228164802-600x250.png 600w, https:\/\/cicadamedical.com\/wp-content\/uploads\/2022\/04\/1228164802-768x320.png 768w\" sizes=\"(max-width: 1200px) 100vw, 1200px\" \/><\/p>\n<p>El Dental IPR System CV\/DX C4:1, un producto de Cicada Medical, es una herramienta revolucionaria dise\u00f1ada para agilizar el proceso de reducci\u00f3n interproximal (IPR) en tratamientos de ortodoncia. Este sistema cambia las reglas del juego para los profesionales dentales, ya que ofrece una soluci\u00f3n de alta calidad, eficiente y confiable para realizar procedimientos IPR.<\/p>\n<h3>Caracter\u00edsticas y especificaciones clave<\/h3>\n<p>El Dental IPR System CV\/DX C4:1 cuenta con una variedad de caracter\u00edsticas impresionantes:<\/p>\n<ul>\n<li><strong>Material de alta calidad.<\/strong>: El sistema est\u00e1 hecho de acero inoxidable de alta calidad, lo que garantiza durabilidad y longevidad.<\/li>\n<li><strong>Esterilizaci\u00f3n a alta temperatura y alta presi\u00f3n<\/strong>: El sistema puede soportar altas temperaturas y presiones, lo que garantiza una esterilizaci\u00f3n \u00f3ptima y la seguridad del paciente.<\/li>\n<li><strong>Formas Vers\u00e1tiles<\/strong>: El sistema incluye componentes perforados, no porosos, de un solo lado y de dos lados, lo que ofrece flexibilidad para varios procedimientos dentales.<\/li>\n<li><strong>Especificaciones completas<\/strong>: El kit incluye 15\u03bcm, 25\u03bcm, 40\u03bcm, 60\u03bcm, 90\u03bcm de doble cara <em>2 uds +1 contra\u00e1ngulo + 1 mango + 2 tiras de diamante + regla de medici\u00f3n. Tambi\u00e9n incluye 15\u03bcm, 25\u03bcm, 40\u03bcm, 60\u03bcm, 90\u03bcm de un solo lado derecho e izquierdo.<\/em>1pc, y 15\u03bcm, 25\u03bcm, 40\u03bcm, 60\u03bcm, 90\u03bcm, un solo lado, 1 +1 tel\u00e9fono m\u00f3vil, 1 asa, + 2 tiras, con regla de medici\u00f3n.<\/li>\n<\/ul>\n<h3>La importancia de los derechos de propiedad intelectual en la ortodoncia<\/h3>\n<p>La reducci\u00f3n interproximal, o IPR, es un procedimiento dental que se utiliza para crear espacio para la alineaci\u00f3n de los dientes durante el tratamiento de ortodoncia. Consiste en reducir el tama\u00f1o del diente para ganar un m\u00ednimo de espacio. Este procedimiento a menudo se usa junto con tratamientos Invisalign y otros procedimientos de ortodoncia.<\/p>\n<p>El Dental IPR System CV\/DX C4:1 est\u00e1 dise\u00f1ado para hacer que este proceso sea m\u00e1s eficiente y preciso, ahorrando tiempo y esfuerzo tanto para el dentista como para el paciente. El sistema incluye una variedad de herramientas, que incluyen piezas de mano IPR, tiras dentales IPR y fresas IPR para Invisalign, para satisfacer diferentes necesidades y preferencias.<\/p>\n<h3>\u00bfPor qu\u00e9 elegir cigarra m\u00e9dica?<\/h3>\n<p>Cicada Medical es un proveedor l\u00edder de equipos dentales, reconocido por sus productos de alta calidad y compromiso con la satisfacci\u00f3n del cliente. Adem\u00e1s del Dental IPR System CV\/DX C4:1, Cicada Medical ofrece una amplia gama de productos dentales, que incluyen <a href=\"https:\/\/cicadamedical.com\/es\/dental-endo-motor\/\" target=\"_new\" rel=\"noopener\">endodoncia dental<\/a>, <a href=\"https:\/\/cicadamedical.com\/es\/producto\/lampara-de-polimerizacion-led-cv-215-gun-mhp\/\" target=\"_new\" rel=\"noopener\">Luz de curado llevada<\/a>, <a href=\"https:\/\/cicadamedical.com\/es\/categoria-producto\/surigical\/implant-motor\/\" target=\"_new\" rel=\"noopener\">Cirug\u00eda Dental<\/a>, <a href=\"https:\/\/cicadamedical.com\/es\/categoria-producto\/air-turbines\/\" target=\"_new\" rel=\"noopener\">turbinas de aire<\/a>, <a href=\"https:\/\/cicadamedical.com\/es\/lupa-dental\/\" target=\"_new\" rel=\"noopener\">Lupas Dentales<\/a>, <a href=\"https:\/\/cicadamedical.com\/es\/categoria-producto\/pmtc-system\/\" target=\"_new\" rel=\"noopener\">Sistema de PMTC dental<\/a>, <a href=\"https:\/\/cicadamedical.com\/es\/categoria-producto\/dental-composite-heater\/\" target=\"_new\" rel=\"noopener\">Calentador compuesto dental<\/a>, y m\u00e1s.<\/p>\n<h3>Conclusi\u00f3n<\/h3>\n<p>El Dental IPR System CV\/DX C4:1 es un testimonio del compromiso de Cicada Medical de proporcionar soluciones dentales innovadoras y de alta calidad. Con sus s\u00f3lidas caracter\u00edsticas y especificaciones, este sistema est\u00e1 destinado a convertirse en una herramienta indispensable en la pr\u00e1ctica de ortodoncia moderna.<\/p>","protected":false},"excerpt":{"rendered":"<h4 id=\"64f88f1c-0134-d847-cee7-fecc89f7565d\">Modelo: CV\/DX C4:1<\/h4>\n<div class=\"txt\">\n<ul>\n<li class=\"p\">Acero inoxidable de alta calidad<\/li>\n<li>Esterilizaci\u00f3n a alta temperatura y alta presi\u00f3n<\/li>\n<li>Forma: perforada, no porosa, de un solo lado, de dos lados<\/li>\n<li>Especificaciones: 15 \u03bcm, 25 \u03bcm, 40 \u03bcm, 60 \u03bcm, 90 \u03bcm doble cara * 2 piezas + 1 contra anlge + 1 mango + 2 tiras de diamante + regla de medici\u00f3n<\/li>\n<li>Especificaciones: 15 \u03bcm, 25 \u03bcm, 40 \u03bcm, 60 \u03bcm, 90 \u03bcm lado derecho e izquierdo*1pc \u2022 Especificaciones: 15 \u03bcm, 25 \u03bcm, 40 \u03bcm, 60 \u03bcm, 90 \u03bcm, lado \u00fanico, 1 +1 tel\u00e9fono m\u00f3vil, 1 asa, + 2 tiras, con regla de medici\u00f3n<\/li>\n<\/ul>\n<\/div>","protected":false},"featured_media":416,"comment_status":"open","ping_status":"closed","template":"","meta":[],"product_cat":[46],"product_tag":[],"_links":{"self":[{"href":"https:\/\/cicadamedical.com\/es\/wp-json\/wp\/v3\/product\/411"}],"collection":[{"href":"https:\/\/cicadamedical.com\/es\/wp-json\/wp\/v3\/product"}],"about":[{"href":"https:\/\/cicadamedical.com\/es\/wp-json\/wp\/v2\/types\/product"}],"replies":[{"embeddable":true,"href":"https:\/\/cicadamedical.com\/es\/wp-json\/wp\/v2\/comments?post=411"}],"wp:featuredmedia":[{"embeddable":true,"href":"https:\/\/cicadamedical.com\/es\/wp-json\/wp\/v2\/media\/416"}],"wp:attachment":[{"href":"https:\/\/cicadamedical.com\/es\/wp-json\/wp\/v2\/media?parent=411"}],"wp:term":[{"taxonomy":"product_cat","embeddable":true,"href":"https:\/\/cicadamedical.com\/es\/wp-json\/wp\/v2\/product_cat?post=411"},{"taxonomy":"product_tag","embeddable":true,"href":"https:\/\/cicadamedical.com\/es\/wp-json\/wp\/v2\/product_tag?post=411"}],"curies":[{"name":"wp","href":"https:\/\/api.w.org\/{rel}","templated":true}]}}