{"id":421,"date":"2023-06-21T17:13:45","date_gmt":"2023-06-21T09:13:45","guid":{"rendered":"http:\/\/cicadamedical.com\/?post_type=product&#038;p=421"},"modified":"2023-06-22T21:03:41","modified_gmt":"2023-06-22T13:03:41","slug":"dental-high-speed-highspeed-without-light-cv-gx-sm4","status":"publish","type":"product","link":"https:\/\/cicadamedical.com\/es\/producto\/dental-alta-velocidad-alta-velocidad-sin-luz-cv-gx-sm4\/","title":{"rendered":"Alta velocidad dental Alta velocidad sin luz CV\/GX SM4"},"content":{"rendered":"<p><img loading=\"lazy\" decoding=\"async\" class=\"alignnone size-full wp-image-430\" src=\"http:\/\/cicadamedical.com\/wp-content\/uploads\/2022\/04\/highspeed_without_light_03.jpg\" alt=\"Interfaz universal\" width=\"1200\" height=\"500\" srcset=\"https:\/\/cicadamedical.com\/wp-content\/uploads\/2022\/04\/highspeed_without_light_03.jpg 1200w, https:\/\/cicadamedical.com\/wp-content\/uploads\/2022\/04\/highspeed_without_light_03-600x250.jpg 600w, https:\/\/cicadamedical.com\/wp-content\/uploads\/2022\/04\/highspeed_without_light_03-768x320.jpg 768w\" sizes=\"(max-width: 1200px) 100vw, 1200px\" \/> <img loading=\"lazy\" decoding=\"async\" class=\"alignnone size-full wp-image-429\" src=\"http:\/\/cicadamedical.com\/wp-content\/uploads\/2022\/04\/highspeed_without_light_02.png\" alt=\"135\u00b0C Esterilizable en autoclave\" width=\"1200\" height=\"500\" srcset=\"https:\/\/cicadamedical.com\/wp-content\/uploads\/2022\/04\/highspeed_without_light_02.png 1200w, https:\/\/cicadamedical.com\/wp-content\/uploads\/2022\/04\/highspeed_without_light_02-600x250.png 600w, https:\/\/cicadamedical.com\/wp-content\/uploads\/2022\/04\/highspeed_without_light_02-768x320.png 768w\" sizes=\"(max-width: 1200px) 100vw, 1200px\" \/> <img loading=\"lazy\" decoding=\"async\" class=\"alignnone size-full wp-image-428\" src=\"http:\/\/cicadamedical.com\/wp-content\/uploads\/2022\/04\/highspeed_without_light_04.jpg\" alt=\"Patr\u00f3n 3D antideslizante\" width=\"1200\" height=\"500\" srcset=\"https:\/\/cicadamedical.com\/wp-content\/uploads\/2022\/04\/highspeed_without_light_04.jpg 1200w, https:\/\/cicadamedical.com\/wp-content\/uploads\/2022\/04\/highspeed_without_light_04-600x250.jpg 600w, https:\/\/cicadamedical.com\/wp-content\/uploads\/2022\/04\/highspeed_without_light_04-768x320.jpg 768w\" sizes=\"(max-width: 1200px) 100vw, 1200px\" \/> <img loading=\"lazy\" decoding=\"async\" class=\"alignnone size-full wp-image-427\" src=\"http:\/\/cicadamedical.com\/wp-content\/uploads\/2022\/04\/highspeed_without_light_01.png\" alt=\"Fuerte desempe\u00f1o\" width=\"1200\" height=\"500\" srcset=\"https:\/\/cicadamedical.com\/wp-content\/uploads\/2022\/04\/highspeed_without_light_01.png 1200w, https:\/\/cicadamedical.com\/wp-content\/uploads\/2022\/04\/highspeed_without_light_01-600x250.png 600w, https:\/\/cicadamedical.com\/wp-content\/uploads\/2022\/04\/highspeed_without_light_01-768x320.png 768w\" sizes=\"(max-width: 1200px) 100vw, 1200px\" \/><\/p>\n<p>\u00bfEs usted un profesional de la odontolog\u00eda que busca una herramienta de alto rendimiento para su consulta? No busque m\u00e1s all\u00e1 de la <strong>Pieza de mano dental de alta velocidad sin luz CV\/GX SM4<\/strong> por cigarra m\u00e9dica. Esta pieza de mano dental de alta velocidad est\u00e1 dise\u00f1ada para proporcionar rendimiento, confiabilidad y comodidad superiores tanto para el dentista como para el paciente.<\/p>\n<h2>Caracter\u00edsticas clave<\/h2>\n<ul>\n<li><strong>Alta velocidad<\/strong>: Con un funcionamiento de hasta 420 000 rpm, esta pieza de mano de alta velocidad garantiza procedimientos dentales eficientes y precisos.<\/li>\n<li><strong>Sin luz<\/strong>: Este modelo viene sin luz, lo que lo convierte en una opci\u00f3n rentable para pr\u00e1cticas que ya tienen suficiente iluminaci\u00f3n.<\/li>\n<li><strong>Construcci\u00f3n duradera<\/strong>: Construida para resistir los rigores del uso diario en una pr\u00e1ctica dental ocupada, esta pieza de mano es una inversi\u00f3n duradera.<\/li>\n<li><strong>Uso vers\u00e1til<\/strong>: Desde eliminar caries hasta pulir empastes, esta pieza de mano de alta velocidad es una herramienta vers\u00e1til en cualquier pr\u00e1ctica dental.<\/li>\n<\/ul>\n<h2>Beneficios de las piezas de mano de alta velocidad<\/h2>\n<p>Las piezas de mano de alta velocidad, como la pieza de mano dental de alta velocidad sin luz CV\/GX SM4, ofrecen varias ventajas sobre las alternativas de baja velocidad:<\/p>\n<ul>\n<li><strong>Eficiencia<\/strong>: Las piezas de mano de alta velocidad funcionan a rpm m\u00e1s altas, lo que permite a los dentistas completar los procedimientos de manera m\u00e1s r\u00e1pida y eficiente.<\/li>\n<li><strong>Precisi\u00f3n<\/strong>: La alta velocidad permite movimientos m\u00e1s precisos, lo que se traduce en mejores resultados para los pacientes.<\/li>\n<li><strong>Comodidad<\/strong>: Las piezas de mano de alta velocidad a menudo generan menos vibraciones, lo que puede hacer que los procedimientos dentales sean m\u00e1s c\u00f3modos para los pacientes.<\/li>\n<\/ul>\n<h2>\u00bfQui\u00e9n puede beneficiarse de esta pieza de mano?<\/h2>\n<p>Esta pieza de mano de alta velocidad es una excelente herramienta para cualquier profesional dental, incluyendo:<\/p>\n<ul>\n<li><strong>dentistas generales<\/strong>: Para procedimientos de rutina como empastes y coronas, esta pieza de mano ofrece velocidad y precisi\u00f3n.<\/li>\n<li><strong>endodoncistas<\/strong>: Al realizar conductos radiculares, la alta velocidad de esta pieza de mano puede ayudar a eliminar las caries y dar forma a los conductos de manera m\u00e1s eficiente.<\/li>\n<li><strong>Odontopediatras<\/strong>: La alta velocidad y precisi\u00f3n de esta pieza de mano puede ayudar a que los procedimientos dentales sean m\u00e1s r\u00e1pidos y c\u00f3modos para los pacientes j\u00f3venes.<\/li>\n<\/ul>\n<h2>\u00bfPor qu\u00e9 elegir cigarra m\u00e9dica?<\/h2>\n<p>En Cicada Medical, estamos comprometidos a proporcionar herramientas y equipos dentales de alta calidad para apoyar a los profesionales dentales en su pr\u00e1ctica. Ofrecemos una gama de productos, incluyendo <a href=\"https:\/\/cicadamedical.com\/es\/categoria-producto\/endodontic\/\" target=\"_new\" rel=\"noopener\">endodoncia dental<\/a>, <a href=\"https:\/\/cicadamedical.com\/es\/categoria-producto\/led-curing-light\/\" target=\"_new\" rel=\"noopener\">Luz de curado LED<\/a>, <a href=\"https:\/\/cicadamedical.com\/es\/categoria-producto\/surigical\/\" target=\"_new\" rel=\"noopener\">Cirug\u00eda Dental<\/a>, <a href=\"https:\/\/cicadamedical.com\/es\/categoria-producto\/clinic-micromotors\/\" target=\"_new\" rel=\"noopener\">Cl\u00ednica Micromotores<\/a>, <a href=\"https:\/\/cicadamedical.com\/es\/categoria-producto\/air-turbines\/\" target=\"_new\" rel=\"noopener\">turbinas de aire<\/a>, <a href=\"https:\/\/cicadamedical.com\/es\/lupa-dental\/\" target=\"_new\" rel=\"noopener\">Lupas Dentales<\/a>, <a href=\"https:\/\/cicadamedical.com\/es\/categoria-producto\/pmtc-system\/\" target=\"_new\" rel=\"noopener\">Sistema de PMTC dental<\/a>, <a href=\"https:\/\/cicadamedical.com\/es\/categoria-producto\/dental-composite-heater\/\" target=\"_new\" rel=\"noopener\">Calentador compuesto dental<\/a>, y m\u00e1s.<\/p>\n<h2>Conclusi\u00f3n<\/h2>\n<p>La pieza de mano dental de alta velocidad sin luz CV\/GX SM4 es una herramienta confiable y de alto rendimiento que puede mejorar la eficiencia y precisi\u00f3n de su pr\u00e1ctica dental. Con su alta velocidad, construcci\u00f3n duradera y uso vers\u00e1til, es una excelente inversi\u00f3n para cualquier profesional dental. Explora nuestro <a href=\"https:\/\/cicadamedical.com\/es\/\" target=\"_new\" rel=\"noopener\">sitio web<\/a> para obtener m\u00e1s informaci\u00f3n sobre nuestros productos y c\u00f3mo pueden beneficiar su pr\u00e1ctica.<\/p>","protected":false},"excerpt":{"rendered":"<h4 id=\"15214043-0f21-15e2-a9d2-d38f5330f6b9\">Modelo: CV\/GX SM4<\/h4>\n<div class=\"txt\">\n<p><strong>Funci\u00f3n clave:<\/strong><\/p>\n<p>Presionar el bot\u00f3n<\/p>\n<p>Sistema de cabeza limpia<\/p>\n<p>Conexi\u00f3n de orificios 2 orificios\/ 4 orificios\/6 orificios<\/p>\n<\/div>","protected":false},"featured_media":422,"comment_status":"open","ping_status":"closed","template":"","meta":[],"product_cat":[45],"product_tag":[],"_links":{"self":[{"href":"https:\/\/cicadamedical.com\/es\/wp-json\/wp\/v3\/product\/421"}],"collection":[{"href":"https:\/\/cicadamedical.com\/es\/wp-json\/wp\/v3\/product"}],"about":[{"href":"https:\/\/cicadamedical.com\/es\/wp-json\/wp\/v2\/types\/product"}],"replies":[{"embeddable":true,"href":"https:\/\/cicadamedical.com\/es\/wp-json\/wp\/v2\/comments?post=421"}],"wp:featuredmedia":[{"embeddable":true,"href":"https:\/\/cicadamedical.com\/es\/wp-json\/wp\/v2\/media\/422"}],"wp:attachment":[{"href":"https:\/\/cicadamedical.com\/es\/wp-json\/wp\/v2\/media?parent=421"}],"wp:term":[{"taxonomy":"product_cat","embeddable":true,"href":"https:\/\/cicadamedical.com\/es\/wp-json\/wp\/v2\/product_cat?post=421"},{"taxonomy":"product_tag","embeddable":true,"href":"https:\/\/cicadamedical.com\/es\/wp-json\/wp\/v2\/product_tag?post=421"}],"curies":[{"name":"wp","href":"https:\/\/api.w.org\/{rel}","templated":true}]}}