{"id":431,"date":"2023-06-20T17:43:16","date_gmt":"2023-06-20T09:43:16","guid":{"rendered":"http:\/\/cicadamedical.com\/?post_type=product&#038;p=431"},"modified":"2023-06-21T17:11:41","modified_gmt":"2023-06-21T09:11:41","slug":"dental-high-speed-handpiece-cv-gx-se-m4","status":"publish","type":"product","link":"https:\/\/cicadamedical.com\/es\/producto\/dental-alta-velocidad-handpiece-cv-gx-se-m4\/","title":{"rendered":"Pieza de mano dental de alta velocidad CV\/GX SE M4"},"content":{"rendered":"<p>El <strong>Pieza de mano dental de alta velocidad<\/strong> es una herramienta dental de \u00faltima generaci\u00f3n dise\u00f1ada para mejorar la eficiencia y precisi\u00f3n de los procedimientos dentales. Con un funcionamiento de alta velocidad y una serie de funciones innovadoras, supone un punto de inflexi\u00f3n en el mundo del cuidado dental.<\/p>\n<h2>Caracter\u00edsticas clave<\/h2>\n<p>La pieza de mano dental de alta velocidad est\u00e1 repleta de caracter\u00edsticas que la hacen destacar en el mercado:<\/p>\n<ul>\n<li><strong>Operaci\u00f3n de alta velocidad<\/strong>: Con una velocidad de 350 000 a 420 000 RPM, esta pieza de mano garantiza una extracci\u00f3n r\u00e1pida y eficiente del tejido dental.<\/li>\n<li><strong>Tipo de prensa M\u00e9todo de aguja<\/strong>: La pieza de mano utiliza un m\u00e9todo de aguja tipo prensa, lo que garantiza precisi\u00f3n y seguridad durante los procedimientos dentales.<\/li>\n<li><strong>Pulverizador de tres agua<\/strong>: La funci\u00f3n de tres rociadores de agua proporciona un enfriamiento \u00f3ptimo durante las operaciones de alta velocidad.<\/li>\n<li><strong>L\u00e1mpara led<\/strong>: La pieza de mano viene con una l\u00e1mpara LED con un brillo de m\u00e1s de 1500 lux, que proporciona una excelente visibilidad durante los procedimientos.<\/li>\n<li><strong>Ruido bajo<\/strong>: Con un nivel de ruido inferior a 70 db, la pieza de mano garantiza una experiencia c\u00f3moda tanto para el dentista como para el paciente.<\/li>\n<\/ul>\n<h2>Dibujo detallado<\/h2>\n<p>La pieza de mano dental de alta velocidad est\u00e1 dise\u00f1ada con meticulosa atenci\u00f3n al detalle. Cada rodamiento de bolas tiene una ranura que hace contacto con la junta t\u00f3rica, lo que garantiza un cartucho herm\u00e9tico. Esta caracter\u00edstica de dise\u00f1o elimina el riesgo de que la fresa se mueva, proporcionando una experiencia m\u00e1s segura para el paciente. El rodamiento de bolas tambi\u00e9n est\u00e1 cerrado contra la corrosi\u00f3n, lo que prolonga la vida \u00fatil de la pieza de mano.<\/p>\n<h2>Rendimiento y dise\u00f1o<\/h2>\n<p>La pieza de mano dental de alta velocidad cuenta con un rendimiento estable y confiable, lo que la convierte en una herramienta confiable para los profesionales dentales. Es esterilizable en autoclave a 135 \u00b0C, lo que garantiza una f\u00e1cil esterilizaci\u00f3n. La pieza de mano est\u00e1 fabricada con materiales de alta calidad y presenta un dise\u00f1o elegante, lo que la convierte en una excelente incorporaci\u00f3n para cualquier cl\u00ednica dental.<\/p>\n<h2>Versatilidad<\/h2>\n<p>La pieza de mano dental de alta velocidad es vers\u00e1til y adaptable. Es compatible con un adaptador de cuatro orificios, lo que facilita su integraci\u00f3n en varios sistemas dentales. Tambi\u00e9n es adecuado para su uso con una aguja de \u03a61.595-\u03a61.600.<\/p>\n<h2>preguntas frecuentes<\/h2>\n<p><strong>P: \u00bfCu\u00e1l es la velocidad de la pieza de mano dental de alta velocidad?<\/strong><\/p>\n<p>R: La pieza de mano dental de alta velocidad funciona a una velocidad de 350\u00a0000 a 420\u00a0000 RPM<\/p>\n<p><strong>P: \u00bfCu\u00e1l es el nivel de ruido de la pieza de mano dental de alta velocidad?<\/strong><\/p>\n<p>R: El nivel de ruido de la pieza de mano dental de alta velocidad es inferior a 70 db.<\/p>\n<p><strong>P: \u00bfCu\u00e1l es el brillo de la l\u00e1mpara LED en la pieza de mano dental de alta velocidad?<\/strong><\/p>\n<p>R: La l\u00e1mpara LED de la pieza de mano dental de alta velocidad tiene un brillo de m\u00e1s de 1500 lux.<\/p>\n<p><strong>P: \u00bfLa pieza de mano dental de alta velocidad se puede esterilizar en autoclave?<\/strong><\/p>\n<p>R: S\u00ed, la pieza de mano dental de alta velocidad se puede esterilizar en autoclave a 135 \u00b0C.<\/p>\n<p><strong>P: \u00bfQu\u00e9 tipo de aguja utiliza la pieza de mano dental de alta velocidad?<\/strong><\/p>\n<p>R: La pieza de mano dental de alta velocidad es adecuada para usarse con una aguja de \u03a61.595-\u03a61.600.<\/p>\n<h2>Conclusi\u00f3n<\/h2>\n<p>La pieza de mano dental de alta velocidad es una herramienta de alta calidad y alto rendimiento que puede mejorar la eficiencia y precisi\u00f3n de los procedimientos dentales. Con su funcionamiento de alta velocidad, funciones innovadoras y cr\u00edticas positivas, es una inversi\u00f3n que vale la pena para cualquier cl\u00ednica dental. <a href=\"https:\/\/cicadamedical.com\/es\/producto\/dental-alta-velocidad-handpiece-cv-gx-se-m4\/\" target=\"_new\" rel=\"noopener\">Consultar ahora<\/a> para obtener m\u00e1s informaci\u00f3n sobre la pieza de mano dental de alta velocidad y c\u00f3mo puede beneficiar su pr\u00e1ctica.<\/p>\n<h2>Productos relacionados<\/h2>\n<p>Para una soluci\u00f3n integral de cuidado dental, considere estos productos relacionados:<\/p>\n<ul>\n<li><a href=\"https:\/\/cicadamedical.com\/es\/categoria-producto\/endodontic\/\" target=\"_new\" rel=\"noopener\">endodoncia dental<\/a><\/li>\n<li><a href=\"https:\/\/cicadamedical.com\/es\/categoria-producto\/led-curing-light\/\" target=\"_new\" rel=\"noopener\">Luz de curado llevada<\/a><\/li>\n<li><a href=\"https:\/\/cicadamedical.com\/es\/categoria-producto\/surigical\/\" target=\"_new\" rel=\"noopener\">Cirug\u00eda Dental<\/a><\/li>\n<li><a href=\"https:\/\/cicadamedical.com\/es\/categoria-producto\/clinic-micromotors\/\" target=\"_new\" rel=\"noopener\">Cl\u00ednica Micromotores<\/a><\/li>\n<li><a href=\"https:\/\/cicadamedical.com\/es\/categoria-producto\/air-turbines\/\" target=\"_new\" rel=\"noopener\">turbinas de aire<\/a><\/li>\n<li><a href=\"https:\/\/cicadamedical.com\/es\/lupa-dental\/\" target=\"_new\" rel=\"noopener\">Lupas Dentales<\/a><\/li>\n<li><a href=\"https:\/\/cicadamedical.com\/es\/categoria-producto\/pmtc-system\/\" target=\"_new\" rel=\"noopener\">Sistema de PMTC dental<\/a><\/li>\n<li><a href=\"https:\/\/cicadamedical.com\/es\/categoria-producto\/dental-composite-heater\/\" target=\"_new\" rel=\"noopener\">Calentador compuesto dental<\/a><\/li>\n<\/ul>\n<p>En Cicada Medical, estamos comprometidos a brindar soluciones de atenci\u00f3n dental de alta calidad. Explore nuestra gama de productos y encuentre las herramientas perfectas para su pr\u00e1ctica.<\/p>\n<p><img loading=\"lazy\" decoding=\"async\" class=\"alignnone size-full wp-image-432\" src=\"http:\/\/cicadamedical.com\/wp-content\/uploads\/2022\/04\/dental_high_speed_handpiece-01.png\" alt=\"Luz LED natural autoiluminada\" width=\"1200\" height=\"500\" srcset=\"https:\/\/cicadamedical.com\/wp-content\/uploads\/2022\/04\/dental_high_speed_handpiece-01.png 1200w, https:\/\/cicadamedical.com\/wp-content\/uploads\/2022\/04\/dental_high_speed_handpiece-01-600x250.png 600w, https:\/\/cicadamedical.com\/wp-content\/uploads\/2022\/04\/dental_high_speed_handpiece-01-768x320.png 768w\" sizes=\"(max-width: 1200px) 100vw, 1200px\" \/> <img loading=\"lazy\" decoding=\"async\" class=\"alignnone size-full wp-image-433\" src=\"http:\/\/cicadamedical.com\/wp-content\/uploads\/2022\/04\/dental_high_speed_handpiece-04.jpg\" alt=\"Patr\u00f3n 3D antideslizante\" width=\"1200\" height=\"500\" srcset=\"https:\/\/cicadamedical.com\/wp-content\/uploads\/2022\/04\/dental_high_speed_handpiece-04.jpg 1200w, https:\/\/cicadamedical.com\/wp-content\/uploads\/2022\/04\/dental_high_speed_handpiece-04-600x250.jpg 600w, https:\/\/cicadamedical.com\/wp-content\/uploads\/2022\/04\/dental_high_speed_handpiece-04-768x320.jpg 768w\" sizes=\"(max-width: 1200px) 100vw, 1200px\" \/> <img loading=\"lazy\" decoding=\"async\" class=\"alignnone size-full wp-image-434\" src=\"http:\/\/cicadamedical.com\/wp-content\/uploads\/2022\/04\/dental_high_speed_handpiece-03.jpg\" alt=\"Interfaz universal\" width=\"1200\" height=\"500\" srcset=\"https:\/\/cicadamedical.com\/wp-content\/uploads\/2022\/04\/dental_high_speed_handpiece-03.jpg 1200w, https:\/\/cicadamedical.com\/wp-content\/uploads\/2022\/04\/dental_high_speed_handpiece-03-600x250.jpg 600w, https:\/\/cicadamedical.com\/wp-content\/uploads\/2022\/04\/dental_high_speed_handpiece-03-768x320.jpg 768w\" sizes=\"(max-width: 1200px) 100vw, 1200px\" \/> <img loading=\"lazy\" decoding=\"async\" class=\"alignnone size-full wp-image-435\" src=\"http:\/\/cicadamedical.com\/wp-content\/uploads\/2022\/04\/dental_high_speed_handpiece-02.png\" alt=\"135\u00b0C Esterilizable en autoclave\" width=\"1200\" height=\"500\" srcset=\"https:\/\/cicadamedical.com\/wp-content\/uploads\/2022\/04\/dental_high_speed_handpiece-02.png 1200w, https:\/\/cicadamedical.com\/wp-content\/uploads\/2022\/04\/dental_high_speed_handpiece-02-600x250.png 600w, https:\/\/cicadamedical.com\/wp-content\/uploads\/2022\/04\/dental_high_speed_handpiece-02-768x320.png 768w\" sizes=\"(max-width: 1200px) 100vw, 1200px\" \/><\/p>","protected":false},"excerpt":{"rendered":"<p><strong>Funci\u00f3n clave:<\/strong><br \/>\n1 Tome el tipo de prensa de m\u00e9todo de aguja<br \/>\nPresi\u00f3n de trabajo: 0.25Mpa-0.3Mpa<br \/>\nVelocidad: 350000-420000 RPM<br \/>\nPulverizaci\u00f3n de agua: 3 pulverizaci\u00f3n de agua<br \/>\nUsar aguja: \u03a61.595-\u03a61.600<br \/>\nRuido: \u226470db<br \/>\nEl brillo de la l\u00e1mpara LED: &gt;1500 lux<br \/>\nVida \u00fatil de la bombilla LED: &gt; 5000 horas dos\/cuatro orificios<\/p>","protected":false},"featured_media":440,"comment_status":"open","ping_status":"closed","template":"","meta":[],"product_cat":[45],"product_tag":[],"_links":{"self":[{"href":"https:\/\/cicadamedical.com\/es\/wp-json\/wp\/v3\/product\/431"}],"collection":[{"href":"https:\/\/cicadamedical.com\/es\/wp-json\/wp\/v3\/product"}],"about":[{"href":"https:\/\/cicadamedical.com\/es\/wp-json\/wp\/v2\/types\/product"}],"replies":[{"embeddable":true,"href":"https:\/\/cicadamedical.com\/es\/wp-json\/wp\/v2\/comments?post=431"}],"wp:featuredmedia":[{"embeddable":true,"href":"https:\/\/cicadamedical.com\/es\/wp-json\/wp\/v2\/media\/440"}],"wp:attachment":[{"href":"https:\/\/cicadamedical.com\/es\/wp-json\/wp\/v2\/media?parent=431"}],"wp:term":[{"taxonomy":"product_cat","embeddable":true,"href":"https:\/\/cicadamedical.com\/es\/wp-json\/wp\/v2\/product_cat?post=431"},{"taxonomy":"product_tag","embeddable":true,"href":"https:\/\/cicadamedical.com\/es\/wp-json\/wp\/v2\/product_tag?post=431"}],"curies":[{"name":"wp","href":"https:\/\/api.w.org\/{rel}","templated":true}]}}