{"id":441,"date":"2023-06-21T17:59:09","date_gmt":"2023-06-21T09:59:09","guid":{"rendered":"http:\/\/cicadamedical.com\/?post_type=product&#038;p=441"},"modified":"2023-06-22T21:06:36","modified_gmt":"2023-06-22T13:06:36","slug":"dental-high-speed-handpiece-5-sprays-cv-gx-sbe-m4","status":"publish","type":"product","link":"https:\/\/cicadamedical.com\/es\/producto\/dental-alta-velocidad-handpiece-5-sprays-cv-gx-sbe-m4\/","title":{"rendered":"Pieza de mano dental de alta velocidad 5 pulverizaciones CV\/GX SBE M4"},"content":{"rendered":"<p><strong>Ventaja de la pieza de mano de alta velocidad 5 pulverizaciones:\u00a0<\/strong><br \/>\n1. Spray de 5 v\u00edas, enfriamiento r\u00e1pido.<br \/>\n2. L\u00e1mpara sin sombras de 5 LED.<br \/>\n3. Uso de rodamientos de larga duraci\u00f3n.<\/p>\n<p>&nbsp;<\/p>\n<p>Pieza de mano de alta velocidad 5 sprays y 5 l\u00e1mparas LED<br \/>\nPresi\u00f3n de aire: 0.25-0.27Mpa (6 orificios)<br \/>\nVelocidad de rotaci\u00f3n: m\u00e1s de 300.000 rpm<br \/>\nTipo de mandril: bot\u00f3n de torsi\u00f3n<br \/>\nFresa aplicable: \u03a61,59 mm ~ \u03a61,6 mm \u00d7 21 mm ~ 23 mm (di\u00e1metro \u00d7 longitud)<br \/>\nRuido: menos de 68dB<br \/>\nPulverizaci\u00f3n: pulverizaci\u00f3n de 5 v\u00edas<\/p>\n<p>&nbsp;<\/p>\n<h2><strong><span style=\"font-family: Calibri;\">T\u00e9cnico<\/span><\/strong><span style=\"font-family: Calibri;\"> Especificaciones<\/span><span style=\"font-family: Calibri;\">ificaci\u00f3n:<\/span><\/h2>\n<div class=\"table-responsive\">\n<table class=\"Table\" align=\"center\">\n<tbody>\n<tr>\n<td>Modelo<\/td>\n<td>C-SMART-D<\/td>\n<\/tr>\n<tr>\n<td>Amplio espectro<\/td>\n<td>430nm-490nm (luz azul)<\/p>\n<p>620nm-640nm (Luz roja)<\/p>\n<p>380nm-400nm (Luz P\u00farpura)<\/td>\n<\/tr>\n<tr>\n<td>Voltaje<\/td>\n<td>CA100V-240V, 50\/60Hz<\/td>\n<\/tr>\n<tr>\n<td>Fuente de luz<\/td>\n<td>4-5w\/pc (luz azul)<\/p>\n<p>2-3w\/pc (luz roja)<\/p>\n<p>1 w\/pcs (luz p\u00farpura)<\/td>\n<\/tr>\n<tr>\n<td>Longitud total del brazo<\/td>\n<td>90cm<\/td>\n<\/tr>\n<tr>\n<td>Altura total<\/td>\n<td>120cm<\/td>\n<\/tr>\n<\/tbody>\n<\/table>\n<\/div>\n<p>&nbsp;<\/p>\n<h2><strong>Estructura y<\/strong> Componentes:<\/h2>\n<ul>\n<li>Anfitri\u00f3n 1pc<\/li>\n<li>Cable de alimentaci\u00f3n 1pc<\/li>\n<li>Gafas 1pc<\/li>\n<li>Funda 20 piezas<\/li>\n<li>Retractor de boca 1pc<\/li>\n<li>Manual de usuario 1 Uds.<\/li>\n<\/ul>\n<p>&nbsp;<\/p>\n<h2><strong>Operaci\u00f3n<\/strong> Condiciones:<\/h2>\n<ul>\n<li>Potencia de entrada: CA 100-240 V, 50\/60 Hz<\/li>\n<li>Recurso de luz: 6 uds LED de alta potencia<\/li>\n<li>Longitud de onda: 420nm-490nm<\/li>\n<li>Intensidad de la luz: 6 intensidades, m\u00e1ximo&gt;6000 mW\/cm\u00b2<\/li>\n<li>Tiempo ajustable: 10s-30s. 1m-30m<\/li>\n<\/ul>\n<p>Bienvenido a Cicada Medical, su socio de confianza en equipos dentales. Nos complace presentar nuestra pieza de mano dental de alta velocidad con 5 pulverizadores CV\/GX SBE M4, un punto de inflexi\u00f3n en el campo de la odontolog\u00eda. Este producto est\u00e1 dise\u00f1ado teniendo en cuenta la precisi\u00f3n y la eficiencia, lo que garantiza una experiencia de procedimiento dental perfecta tanto para el dentista como para el paciente.<\/p>\n<h2>Caracter\u00edsticas clave<\/h2>\n<p>La pieza de mano dental de alta velocidad con 5 pulverizadores CV\/GX SBE M4 es un nuevo tipo de pieza de mano dental que viene con 5 pulverizadores y 5 luces LED. Estas son algunas de sus caracter\u00edsticas clave:<\/p>\n<ul>\n<li><strong>rociador de 5 v\u00edas<\/strong>: Esta caracter\u00edstica asegura un enfriamiento r\u00e1pido, lo cual es crucial durante los procedimientos dentales.<\/li>\n<li><strong>L\u00e1mpara sin sombras de 5 LED<\/strong>: Las luces LED brindan una excelente iluminaci\u00f3n, lo que facilita que los dentistas trabajen con precisi\u00f3n.<\/li>\n<li><strong>Cojinetes de larga duraci\u00f3n<\/strong>: La pieza de mano utiliza cojinetes de larga duraci\u00f3n, lo que garantiza durabilidad y longevidad.<\/li>\n<\/ul>\n<h2>Especificaciones de rendimiento<\/h2>\n<p>La pieza de mano dental de alta velocidad funciona con una presi\u00f3n de aire de 0,25-0,27 Mpa (6 orificios) y una velocidad de rotaci\u00f3n de m\u00e1s de 300.000 rpm. Utiliza un tipo de portabrocas con bot\u00f3n de torsi\u00f3n y es compatible con un tama\u00f1o de fresa de \u03a61,59 mm.<del>\u03a61.6mm\u00d721mm<\/del>23 mm (di\u00e1metro \u00d7 largo). El nivel de ruido es inferior a 68 dB, lo que la convierte en una herramienta silenciosa que no molestar\u00e1 a los pacientes.<\/p>\n<h2>\u00bfPor qu\u00e9 elegir nuestra pieza de mano dental de alta velocidad?<\/h2>\n<p>En Cicada Medical, entendemos la importancia de los dispositivos de precisi\u00f3n en los procedimientos dentales. Nuestra pieza de mano dental de alta velocidad est\u00e1 dise\u00f1ada para eliminar sin problemas el tejido dental, lo que la convierte en una de las mejores piezas de mano dentales de alta velocidad del mercado. Tambi\u00e9n es perfecto para los ni\u00f1os, gracias a su bajo nivel de ruido y su eficiente funcionamiento.<\/p>\n<p>Ya sea que est\u00e9 buscando una pieza de mano dental de alta velocidad con un adaptador, una pieza de mano dental de alta velocidad con 4 orificios o una pieza de mano dental de alta velocidad con baja velocidad, lo tenemos cubierto. Nuestra pieza de mano dental de alta velocidad tiene un precio competitivo y ofrece una excelente relaci\u00f3n calidad-precio sin comprometer la calidad.<\/p>\n<h2>Otros productos que te pueden interesar<\/h2>\n<p>Tambi\u00e9n ofrecemos una gama de otros productos dentales que pueden resultarle interesantes. Echa un vistazo a nuestro <a href=\"https:\/\/cicadamedical.com\/es\/dental-endo-motor\/\" target=\"_new\" rel=\"noopener\">endodoncia dental<\/a>, <a href=\"https:\/\/cicadamedical.com\/es\/producto\/lampara-de-polimerizacion-led-cv-215-gun-mhp\/\" target=\"_new\" rel=\"noopener\">Luz de curado llevada<\/a>, <a href=\"https:\/\/cicadamedical.com\/es\/categoria-producto\/surigical\/implant-motor\/\" target=\"_new\" rel=\"noopener\">Cirug\u00eda Dental<\/a>, <a href=\"https:\/\/cicadamedical.com\/es\/categoria-producto\/clinic-micromotors\/\" target=\"_new\" rel=\"noopener\">Cl\u00ednica Micromotores<\/a>, <a href=\"https:\/\/cicadamedical.com\/es\/categoria-producto\/air-turbines\/\" target=\"_new\" rel=\"noopener\">turbinas de aire<\/a>, <a href=\"https:\/\/cicadamedical.com\/es\/lupa-dental\/\" target=\"_new\" rel=\"noopener\">Lupas Dentales<\/a>, <a href=\"https:\/\/cicadamedical.com\/es\/categoria-producto\/pmtc-system\/\" target=\"_new\" rel=\"noopener\">Sistema de PMTC dental<\/a>, <a href=\"https:\/\/cicadamedical.com\/es\/categoria-producto\/dental-composite-heater\/\" target=\"_new\" rel=\"noopener\">Calentador compuesto dental<\/a>, y m\u00e1s.<\/p>\n<h2>Conclusi\u00f3n<\/h2>\n<p>Invertir en equipos dentales de alta calidad como nuestra pieza de mano dental de alta velocidad con 5 pulverizadores CV\/GX SBE M4 puede mejorar significativamente su pr\u00e1ctica dental. Con Cicada Medical, tiene la seguridad de contar con productos de primera categor\u00eda, un excelente servicio al cliente y una entrega oportuna. <a href=\"https:\/\/cicadamedical.com\/es\/\" target=\"_new\" rel=\"noopener\">Cont\u00e1ctenos<\/a> hoy para obtener m\u00e1s informaci\u00f3n sobre nuestros productos y servicios.<\/p>","protected":false},"excerpt":{"rendered":"<h4 id=\"c59d0703-7001-b885-e26b-cb9bc40339e2\">Modelo: CV\/GX SBE M4<\/h4>\n<div class=\"txt\">\n<p><strong>Funci\u00f3n clave:<\/strong><br \/>\nNuevo tipo de pieza de mano dental de alta velocidad 5 aerosoles y 5 LED<\/p>\n<\/div>","protected":false},"featured_media":446,"comment_status":"open","ping_status":"closed","template":"","meta":[],"product_cat":[45],"product_tag":[],"_links":{"self":[{"href":"https:\/\/cicadamedical.com\/es\/wp-json\/wp\/v3\/product\/441"}],"collection":[{"href":"https:\/\/cicadamedical.com\/es\/wp-json\/wp\/v3\/product"}],"about":[{"href":"https:\/\/cicadamedical.com\/es\/wp-json\/wp\/v2\/types\/product"}],"replies":[{"embeddable":true,"href":"https:\/\/cicadamedical.com\/es\/wp-json\/wp\/v2\/comments?post=441"}],"wp:featuredmedia":[{"embeddable":true,"href":"https:\/\/cicadamedical.com\/es\/wp-json\/wp\/v2\/media\/446"}],"wp:attachment":[{"href":"https:\/\/cicadamedical.com\/es\/wp-json\/wp\/v2\/media?parent=441"}],"wp:term":[{"taxonomy":"product_cat","embeddable":true,"href":"https:\/\/cicadamedical.com\/es\/wp-json\/wp\/v2\/product_cat?post=441"},{"taxonomy":"product_tag","embeddable":true,"href":"https:\/\/cicadamedical.com\/es\/wp-json\/wp\/v2\/product_tag?post=441"}],"curies":[{"name":"wp","href":"https:\/\/api.w.org\/{rel}","templated":true}]}}