{"id":448,"date":"2023-06-21T18:13:03","date_gmt":"2023-06-21T10:13:03","guid":{"rendered":"http:\/\/cicadamedical.com\/?post_type=product&#038;p=448"},"modified":"2023-06-22T11:33:58","modified_gmt":"2023-06-22T03:33:58","slug":"dental-high-speed-handpiece-for-children-cv-gx-mm4","status":"publish","type":"product","link":"https:\/\/cicadamedical.com\/es\/producto\/pieza-de-mano-dental-de-alta-velocidad-para-ninos-cv-gx-mm4\/","title":{"rendered":"Pieza de mano dental de alta velocidad para ni\u00f1os CV\/GX MM4"},"content":{"rendered":"<pre><strong>Modelo<\/strong>: CV\/GX MM4<\/pre>\n<h2>Pieza de mano de alta velocidad para ni\u00f1os<\/h2>\n<ul>\n<li>Hay una ranura en cada rodamiento de bolas, que puede hacer contacto con la junta t\u00f3rica para hacer que el cartucho quede apretado. La fresa no se mover\u00e1 y ser\u00e1 m\u00e1s segura para el paciente.<\/li>\n<li>El rodamiento de bolas est\u00e1 cerrado anticorrosi\u00f3n para tener una vida \u00fatil m\u00e1s larga.<\/li>\n<li>perfecto rendimiento estable y fiable;<\/li>\n<li>135\u00b0C Autoclavable.<\/li>\n<li>material de alta calidad con un dise\u00f1o elegante.<\/li>\n<\/ul>\n<p><img loading=\"lazy\" decoding=\"async\" class=\"alignnone size-full wp-image-457\" src=\"http:\/\/cicadamedical.com\/wp-content\/uploads\/2022\/04\/highspeed_handpiece_for_children_02.png\" alt=\"135\u00b0C Esterilizable en autoclave\" width=\"1200\" height=\"500\" srcset=\"https:\/\/cicadamedical.com\/wp-content\/uploads\/2022\/04\/highspeed_handpiece_for_children_02.png 1200w, https:\/\/cicadamedical.com\/wp-content\/uploads\/2022\/04\/highspeed_handpiece_for_children_02-600x250.png 600w, https:\/\/cicadamedical.com\/wp-content\/uploads\/2022\/04\/highspeed_handpiece_for_children_02-768x320.png 768w\" sizes=\"(max-width: 1200px) 100vw, 1200px\" \/> <img loading=\"lazy\" decoding=\"async\" class=\"alignnone size-full wp-image-456\" src=\"http:\/\/cicadamedical.com\/wp-content\/uploads\/2022\/04\/highspeed_handpiece_for_children_03.jpg\" alt=\"Interfaz universal\" width=\"1200\" height=\"500\" srcset=\"https:\/\/cicadamedical.com\/wp-content\/uploads\/2022\/04\/highspeed_handpiece_for_children_03.jpg 1200w, https:\/\/cicadamedical.com\/wp-content\/uploads\/2022\/04\/highspeed_handpiece_for_children_03-600x250.jpg 600w, https:\/\/cicadamedical.com\/wp-content\/uploads\/2022\/04\/highspeed_handpiece_for_children_03-768x320.jpg 768w\" sizes=\"(max-width: 1200px) 100vw, 1200px\" \/> <img loading=\"lazy\" decoding=\"async\" class=\"alignnone size-full wp-image-455\" src=\"http:\/\/cicadamedical.com\/wp-content\/uploads\/2022\/04\/highspeed_handpiece_for_children_04.jpg\" alt=\"Patr\u00f3n 3D antideslizante\" width=\"1200\" height=\"500\" srcset=\"https:\/\/cicadamedical.com\/wp-content\/uploads\/2022\/04\/highspeed_handpiece_for_children_04.jpg 1200w, https:\/\/cicadamedical.com\/wp-content\/uploads\/2022\/04\/highspeed_handpiece_for_children_04-600x250.jpg 600w, https:\/\/cicadamedical.com\/wp-content\/uploads\/2022\/04\/highspeed_handpiece_for_children_04-768x320.jpg 768w\" sizes=\"(max-width: 1200px) 100vw, 1200px\" \/> <img loading=\"lazy\" decoding=\"async\" class=\"alignnone size-full wp-image-454\" src=\"http:\/\/cicadamedical.com\/wp-content\/uploads\/2022\/04\/highspeed_handpiece_for_children.png\" alt=\"Tome el tipo de prensa de m\u00e9todo de aguja\" width=\"1200\" height=\"500\" srcset=\"https:\/\/cicadamedical.com\/wp-content\/uploads\/2022\/04\/highspeed_handpiece_for_children.png 1200w, https:\/\/cicadamedical.com\/wp-content\/uploads\/2022\/04\/highspeed_handpiece_for_children-600x250.png 600w, https:\/\/cicadamedical.com\/wp-content\/uploads\/2022\/04\/highspeed_handpiece_for_children-768x320.png 768w\" sizes=\"(max-width: 1200px) 100vw, 1200px\" \/><\/p>\n<p>En Cicada Medical, estamos orgullosos de ofrecer la <a href=\"https:\/\/cicadamedical.com\/es\/producto\/pieza-de-mano-dental-de-alta-velocidad-para-ninos-cv-gx-mm4\/\" target=\"_new\" rel=\"noopener\">Pieza de mano dental de alta velocidad para ni\u00f1os CV\/GX MM4<\/a>, una herramienta revolucionaria que est\u00e1 transformando los procedimientos dentales pedi\u00e1tricos. Esta pieza de mano cambia las reglas del juego en la industria dental y ofrece rendimiento, eficiencia y comodidad incomparables para los ni\u00f1os.<\/p>\n<h3>Caracter\u00edsticas clave<\/h3>\n<ul>\n<li><strong>Alta velocidad:<\/strong> Con una operaci\u00f3n de alta velocidad de hasta 420 000 rpm, esta pieza de mano garantiza procedimientos r\u00e1pidos y eficientes, reduce el tiempo de sill\u00f3n y mejora la comodidad del paciente.<\/li>\n<li><strong>Mini dise\u00f1o de cabeza:<\/strong> El dise\u00f1o de minicabezal es perfecto para las bocas m\u00e1s peque\u00f1as de los ni\u00f1os, ya que permite un acceso y una visibilidad \u00f3ptimos, especialmente durante los procedimientos quir\u00fargicos.<\/li>\n<li><strong>Par bajo:<\/strong> El par relativamente bajo hace que la fresa disminuya la velocidad cuando se ve obligada a soportar cargas pesadas, lo que garantiza la seguridad y la comodidad del ni\u00f1o.<\/li>\n<li><strong>Duradero y fiable:<\/strong> Fabricada con materiales de alta calidad, esta pieza de mano est\u00e1 dise\u00f1ada para soportar los rigores del uso diario en una pr\u00e1ctica dental ocupada. Ofrece un rendimiento estable y fiable perfecto.<\/li>\n<li><strong>Esterilizable en autoclave:<\/strong> La pieza de mano se puede esterilizar en autoclave a 135 \u00b0C, lo que garantiza que se pueda limpiar y esterilizar a fondo entre usos.<\/li>\n<\/ul>\n<h3>\u00bfPor qu\u00e9 elegir la pieza de mano dental de alta velocidad para ni\u00f1os?<\/h3>\n<p>Esta pieza de mano no es s\u00f3lo una herramienta; es una soluci\u00f3n a muchos desaf\u00edos que enfrentan los dentistas pedi\u00e1tricos hoy en d\u00eda. He aqu\u00ed por qu\u00e9 es una valiosa adici\u00f3n a cualquier pr\u00e1ctica dental:<\/p>\n<ul>\n<li><strong>Versatilidad:<\/strong> Ya sea que est\u00e9 realizando una limpieza de rutina o un procedimiento quir\u00fargico complejo, esta pieza de mano est\u00e1 a la altura de la tarea. Su funcionamiento de alta velocidad y su dise\u00f1o de minicabezal lo hacen adecuado para una amplia gama de procedimientos dentales pedi\u00e1tricos.<\/li>\n<li><strong>Eficiencia:<\/strong> Con su operaci\u00f3n de alta velocidad, esta pieza de mano asegura procedimientos eficientes, ahorr\u00e1ndole tiempo y esfuerzo.<\/li>\n<li><strong>Comodidad:<\/strong> El dise\u00f1o de minicabezal y el par bajo de esta pieza de mano mejoran la comodidad del paciente al reducir el tiempo del procedimiento y garantizar la seguridad.<\/li>\n<li><strong>Durabilidad:<\/strong> Fabricada con materiales de alta calidad, esta pieza de mano est\u00e1 dise\u00f1ada para soportar los rigores del uso diario en una pr\u00e1ctica dental ocupada.<\/li>\n<\/ul>\n<h3>Conclusi\u00f3n<\/h3>\n<p>La pieza de mano dental de alta velocidad para ni\u00f1os CV\/GX MM4 es m\u00e1s que una simple herramienta dental. Es una soluci\u00f3n dise\u00f1ada para mejorar la eficiencia, la comodidad y los resultados en los procedimientos dentales pedi\u00e1tricos. Ya sea usted un dentista experimentado o un estudiante de odontolog\u00eda, esta pieza de mano es una valiosa adici\u00f3n a su kit de herramientas.<\/p>\n<p>En Cicada Medical, estamos comprometidos a brindar soluciones dentales innovadoras y de alta calidad. Explore nuestra amplia gama de productos, incluidos <a href=\"https:\/\/cicadamedical.com\/es\/dental-endo-motor\/\" target=\"_new\" rel=\"noopener\">endodoncia dental<\/a>, <a href=\"https:\/\/cicadamedical.com\/es\/producto\/lampara-de-polimerizacion-led-cv-215-gun-mhp\/\" target=\"_new\" rel=\"noopener\">Luz de curado llevada<\/a>, <a href=\"https:\/\/cicadamedical.com\/es\/categoria-producto\/surigical\/implant-motor\/\" target=\"_new\" rel=\"noopener\">Cirug\u00eda Dental<\/a>, <a href=\"https:\/\/cicadamedical.com\/es\/categoria-producto\/clinic-micromotors\/\" target=\"_new\" rel=\"noopener\">Cl\u00ednica Micromotores<\/a>, <a href=\"https:\/\/cicadamedical.com\/es\/categoria-producto\/air-turbines\/\" target=\"_new\" rel=\"noopener\">turbinas de aire<\/a>, <a href=\"https:\/\/cicadamedical.com\/es\/lupa-dental\/\" target=\"_new\" rel=\"noopener\">Lupas Dentales<\/a>, <a href=\"https:\/\/cicadamedical.com\/es\/categoria-producto\/pmtc-system\/\" target=\"_new\" rel=\"noopener\">Sistema de PMTC dental<\/a>, <a href=\"https:\/\/cicadamedical.com\/es\/categoria-producto\/dental-composite-heater\/\" target=\"_new\" rel=\"noopener\">Calentador compuesto dental<\/a>, y m\u00e1s.<\/p>","protected":false},"excerpt":{"rendered":"<ul>\n<li>Tome el tipo de prensa de m\u00e9todo de aguja<\/li>\n<li>Presi\u00f3n de trabajo 0.25Mpa-0.3Mpa<\/li>\n<li>Velocidad 350000-420000 RPM<\/li>\n<li>Usar aguja \u03a61.595-\u03a61.600<\/li>\n<li>Ruido \u226470db<\/li>\n<\/ul>","protected":false},"featured_media":450,"comment_status":"open","ping_status":"closed","template":"","meta":[],"product_cat":[45],"product_tag":[],"_links":{"self":[{"href":"https:\/\/cicadamedical.com\/es\/wp-json\/wp\/v3\/product\/448"}],"collection":[{"href":"https:\/\/cicadamedical.com\/es\/wp-json\/wp\/v3\/product"}],"about":[{"href":"https:\/\/cicadamedical.com\/es\/wp-json\/wp\/v2\/types\/product"}],"replies":[{"embeddable":true,"href":"https:\/\/cicadamedical.com\/es\/wp-json\/wp\/v2\/comments?post=448"}],"wp:featuredmedia":[{"embeddable":true,"href":"https:\/\/cicadamedical.com\/es\/wp-json\/wp\/v2\/media\/450"}],"wp:attachment":[{"href":"https:\/\/cicadamedical.com\/es\/wp-json\/wp\/v2\/media?parent=448"}],"wp:term":[{"taxonomy":"product_cat","embeddable":true,"href":"https:\/\/cicadamedical.com\/es\/wp-json\/wp\/v2\/product_cat?post=448"},{"taxonomy":"product_tag","embeddable":true,"href":"https:\/\/cicadamedical.com\/es\/wp-json\/wp\/v2\/product_tag?post=448"}],"curies":[{"name":"wp","href":"https:\/\/api.w.org\/{rel}","templated":true}]}}