{"id":470,"date":"2023-06-21T20:30:56","date_gmt":"2023-06-21T12:30:56","guid":{"rendered":"http:\/\/cicadamedical.com\/?post_type=product&#038;p=470"},"modified":"2023-06-22T11:27:02","modified_gmt":"2023-06-22T03:27:02","slug":"reduction-speed-handpiece-641-cv-dx-e64","status":"publish","type":"product","link":"https:\/\/cicadamedical.com\/es\/producto\/pieza-de-mano-reductor-de-velocidad-641-cv-dx-e64\/","title":{"rendered":"Pieza de mano de velocidad de reducci\u00f3n dental 64:1 CV-DX E64"},"content":{"rendered":"<table align=\"center\">\n<tbody>\n<tr>\n<td>N\u00famero de modelo<\/td>\n<td>CV\/DX E64<\/td>\n<\/tr>\n<tr>\n<td>m\u00e1xima velocidad<\/td>\n<td>40,00rpm\/min<\/td>\n<\/tr>\n<tr>\n<td>Funci\u00f3n<\/td>\n<td>Tratamiento de ortodoncia<\/td>\n<\/tr>\n<tr>\n<td>Presi\u00f3n del aire<\/td>\n<td>0.3MKPa<\/td>\n<\/tr>\n<tr>\n<td>Relaci\u00f3n de transmisi\u00f3n<\/td>\n<td>64:1<\/td>\n<\/tr>\n<tr>\n<td>Tipo de fresa<\/td>\n<td>Fresa CA de \u00f82,35 mm<\/td>\n<\/tr>\n<tr>\n<td>Tipo de mandril<\/td>\n<td>Presionar el bot\u00f3n<\/td>\n<\/tr>\n<tr>\n<td>Cojinete<\/td>\n<td>Cojinete de cer\u00e1mica<\/td>\n<\/tr>\n<tr>\n<td>Camino ligero<\/td>\n<td>Sin luz<\/td>\n<\/tr>\n<tr>\n<td>Tipo de rociado de agua<\/td>\n<td>0,08-0,20 MPa (0,8-2,0 kgf\/cm)<\/td>\n<\/tr>\n<\/tbody>\n<\/table>\n<p><img loading=\"lazy\" decoding=\"async\" class=\"alignnone size-full wp-image-479\" src=\"http:\/\/cicadamedical.com\/wp-content\/uploads\/2022\/04\/e64_reduction_speed_handpiece_02.png\" alt=\"Presionar el bot\u00f3n\" width=\"1200\" height=\"500\" srcset=\"https:\/\/cicadamedical.com\/wp-content\/uploads\/2022\/04\/e64_reduction_speed_handpiece_02.png 1200w, https:\/\/cicadamedical.com\/wp-content\/uploads\/2022\/04\/e64_reduction_speed_handpiece_02-600x250.png 600w, https:\/\/cicadamedical.com\/wp-content\/uploads\/2022\/04\/e64_reduction_speed_handpiece_02-768x320.png 768w\" sizes=\"(max-width: 1200px) 100vw, 1200px\" \/> <img loading=\"lazy\" decoding=\"async\" class=\"alignnone size-full wp-image-478\" src=\"http:\/\/cicadamedical.com\/wp-content\/uploads\/2022\/04\/e64_reduction_speed_handpiece_03.jpg\" alt=\"Interfaz universal\" width=\"1200\" height=\"500\" srcset=\"https:\/\/cicadamedical.com\/wp-content\/uploads\/2022\/04\/e64_reduction_speed_handpiece_03.jpg 1200w, https:\/\/cicadamedical.com\/wp-content\/uploads\/2022\/04\/e64_reduction_speed_handpiece_03-600x250.jpg 600w, https:\/\/cicadamedical.com\/wp-content\/uploads\/2022\/04\/e64_reduction_speed_handpiece_03-768x320.jpg 768w\" sizes=\"(max-width: 1200px) 100vw, 1200px\" \/> <img loading=\"lazy\" decoding=\"async\" class=\"alignnone size-full wp-image-477\" src=\"http:\/\/cicadamedical.com\/wp-content\/uploads\/2022\/04\/e64_reduction_speed_handpiece_04.jpg\" alt=\"Patr\u00f3n 3D antideslizante\" width=\"1200\" height=\"500\" srcset=\"https:\/\/cicadamedical.com\/wp-content\/uploads\/2022\/04\/e64_reduction_speed_handpiece_04.jpg 1200w, https:\/\/cicadamedical.com\/wp-content\/uploads\/2022\/04\/e64_reduction_speed_handpiece_04-600x250.jpg 600w, https:\/\/cicadamedical.com\/wp-content\/uploads\/2022\/04\/e64_reduction_speed_handpiece_04-768x320.jpg 768w\" sizes=\"(max-width: 1200px) 100vw, 1200px\" \/> <img loading=\"lazy\" decoding=\"async\" class=\"alignnone size-full wp-image-476\" src=\"http:\/\/cicadamedical.com\/wp-content\/uploads\/2022\/04\/e64_reduction_speed_handpiece_01.png\" alt=\"Dise\u00f1o cl\u00e1sico\" width=\"1200\" height=\"500\" srcset=\"https:\/\/cicadamedical.com\/wp-content\/uploads\/2022\/04\/e64_reduction_speed_handpiece_01.png 1200w, https:\/\/cicadamedical.com\/wp-content\/uploads\/2022\/04\/e64_reduction_speed_handpiece_01-600x250.png 600w, https:\/\/cicadamedical.com\/wp-content\/uploads\/2022\/04\/e64_reduction_speed_handpiece_01-768x320.png 768w\" sizes=\"(max-width: 1200px) 100vw, 1200px\" \/><\/p>\n<p>En Cicada Medical, estamos orgullosos de presentar nuestra \u00faltima innovaci\u00f3n en equipos dentales: la pieza de mano de velocidad de reducci\u00f3n dental 64:1 CV-DX E64. Esta pieza de mano dental de alta calidad cambia las reglas del juego en el campo de la odontolog\u00eda y ofrece una combinaci\u00f3n \u00fanica de velocidad, precisi\u00f3n y asequibilidad.<\/p>\n<h3><strong>Caracter\u00edsticas clave<\/strong><\/h3>\n<ul>\n<li><strong>Alta velocidad<\/strong>: Con una velocidad m\u00e1xima de 40.000 rpm, esta pieza de mano dental est\u00e1 dise\u00f1ada para un tratamiento de ortodoncia eficiente y eficaz. Se prev\u00e9 que el segmento de taladros dentales de alta velocidad crecer\u00e1 significativamente y nuestro producto est\u00e1 a la vanguardia de esta tendencia.<\/li>\n<li><strong>Presi\u00f3n de aire \u00f3ptima<\/strong>: Operando a una presi\u00f3n de aire de 0.3MKPa, la pieza de mano asegura una experiencia suave y c\u00f3moda tanto para el dentista como para el paciente.<\/li>\n<li><strong>Relaci\u00f3n de engranajes 64:1<\/strong>: La relaci\u00f3n de transmisi\u00f3n de 64:1 garantiza que la pieza de mano funcione a menos rpm que el motor, lo que proporciona un control y una precisi\u00f3n \u00f3ptimos durante los procedimientos.<\/li>\n<li><strong>Tipo de mandril de bot\u00f3n pulsador<\/strong>: El tipo de portabrocas con bot\u00f3n permite cambiar f\u00e1cil y r\u00e1pidamente la fresa CA de \u00f82,35 mm, lo que mejora la eficiencia de los procedimientos dentales.<\/li>\n<li><strong>Cojinete de cer\u00e1mica<\/strong>: El cojinete de cer\u00e1mica garantiza un funcionamiento suave, lo que reduce el riesgo de sobrecalentamiento y prolonga la vida \u00fatil de la pieza de mano.<\/li>\n<li><strong>Tipo de rociado de agua<\/strong>: El tipo de rociado de agua de 0.08-0.20MPa (0.8-2.0kgf\/cm) ayuda a enfriar el \u00e1rea a tratar, proporcionando comodidad al paciente y protegiendo el diente.<\/li>\n<\/ul>\n<h3><strong>Beneficios de usar la pieza de mano de velocidad de reducci\u00f3n dental 64:1 CV-DX E64<\/strong><\/h3>\n<p>La pieza de mano de velocidad de reducci\u00f3n dental 64:1 CV-DX E64 no es solo una pieza de mano de turbina de aire dental; Es una soluci\u00f3n integral para diversos procedimientos dentales. \u00c9stos son algunos de los beneficios de utilizar esta pieza de mano:<\/p>\n<ul>\n<li><strong>Eficiencia mejorada<\/strong>: Con velocidades de hasta 200.000 rpm, esta pieza de mano permite a los dentistas realizar procedimientos de manera m\u00e1s r\u00e1pida y eficiente.<\/li>\n<li><strong>Versatilidad<\/strong>: Ya sea que est\u00e9 realizando un procedimiento de taladro dental simple o un implante dental complejo, esta pieza de mano est\u00e1 a la altura de la tarea. Es un equipo dental vers\u00e1til que puede manejar una amplia gama de procedimientos.<\/li>\n<li><strong>asequibilidad<\/strong>: A pesar de sus funciones avanzadas y su alto rendimiento, la pieza de mano de velocidad de reducci\u00f3n dental 64:1 CV-DX E64 tiene un precio competitivo, lo que la convierte en una opci\u00f3n rentable para las cl\u00ednicas dentales.<\/li>\n<li><strong>Calidad y Durabilidad<\/strong>: Fabricada con materiales de alta calidad y dise\u00f1ada para un rendimiento duradero, esta pieza de mano es un complemento fiable para cualquier cl\u00ednica dental.<\/li>\n<\/ul>\n<h3><strong>\u00bfPor qu\u00e9 elegir cigarra m\u00e9dica?<\/strong><\/h3>\n<p>En Cicada Medical, estamos comprometidos a proporcionar equipos dentales asequibles y de alta calidad. Ofrecemos una amplia gama de productos, desde <a href=\"https:\/\/cicadamedical.com\/es\/categoria-producto\/endodontic\/\" target=\"_new\" rel=\"noopener\">equipo de endodoncia dental<\/a> y <a href=\"https:\/\/cicadamedical.com\/es\/categoria-producto\/led-curing-light\/\" target=\"_new\" rel=\"noopener\">L\u00e1mparas de polimerizaci\u00f3n LED<\/a> a <a href=\"https:\/\/cicadamedical.com\/es\/categoria-producto\/surigical\/\" target=\"_new\" rel=\"noopener\">instrumentos quir\u00fargicos dentales<\/a> y <a href=\"https:\/\/cicadamedical.com\/es\/categoria-producto\/clinic-micromotors\/\" target=\"_new\" rel=\"noopener\">micromotores clinicos<\/a>. Nuestros productos est\u00e1n dise\u00f1ados teniendo en cuenta las necesidades de las cl\u00ednicas dentales modernas, combinando tecnolog\u00eda de punta con un dise\u00f1o f\u00e1cil de usar.<\/p>\n<h3><strong>Conclusi\u00f3n<\/strong><\/h3>\n<p>La pieza de mano de velocidad de reducci\u00f3n dental 64:1 CV-DX E64 es un testimonio de nuestro compromiso con la innovaci\u00f3n y la calidad. Ya sea usted un dentista experimentado o un estudiante de odontolog\u00eda, esta pieza de mano es una herramienta valiosa que puede mejorar su pr\u00e1ctica y los resultados de sus pacientes. Entonces, \u00bfpor qu\u00e9 esperar? <a href=\"https:\/\/cicadamedical.com\/es\/sobre-nosotros\/\" target=\"_new\" rel=\"noopener\">P\u00f3ngase en contacto con nosotros<\/a> \u00a1Hoy y descubra la diferencia que Cicada Medical puede hacer en su pr\u00e1ctica!<\/p>\n<p><strong>preguntas frecuentes<\/strong><\/p>\n<p><strong>P1: \u00bfCu\u00e1l es la velocidad m\u00e1xima de la pieza de mano de velocidad de reducci\u00f3n dental 64:1 CV-DX E64?<\/strong><\/p>\n<p>R1: La velocidad m\u00e1xima de la pieza de mano de velocidad de reducci\u00f3n dental 64:1 CV-DX E64 es de 40 000 rpm.<\/p>\n<p><strong>P2: \u00bfQu\u00e9 tipo de fresa utiliza la pieza de mano de velocidad de reducci\u00f3n dental 64:1 CV-DX E64?<\/strong><\/p>\n<p>A2: La pieza de mano de velocidad de reducci\u00f3n dental 64:1 CV-DX E64 utiliza una fresa CA de \u00f82,35 mm.<\/p>\n<p><strong>P3: \u00bfCu\u00e1l es la relaci\u00f3n de transmisi\u00f3n de la pieza de mano de velocidad de reducci\u00f3n dental 64:1 CV-DX E64?<\/strong><\/p>\n<p>A3: La relaci\u00f3n de transmisi\u00f3n de la pieza de mano de velocidad de reducci\u00f3n dental 64:1 CV-DX E64 es 64:1.<\/p>\n<p><strong>P4: \u00bfQu\u00e9 tipo de cojinete tiene la pieza de mano de velocidad de reducci\u00f3n dental 64:1 CV-DX E64?<\/strong><\/p>\n<p>A4: La pieza de mano de velocidad de reducci\u00f3n dental 64:1 CV-DX E64 cuenta con un cojinete cer\u00e1mico.<\/p>","protected":false},"excerpt":{"rendered":"<ul>\n<li>Tipo pulsador, riego externo.<\/li>\n<li>Cojinetes de cer\u00e1mica y engranajes de acero, buena calidad.<\/li>\n<li>Dise\u00f1o cl\u00e1sico, buena estabilidad, ruido suave.<\/li>\n<li>Se adapta a todos los conectores tipo E.<\/li>\n<li>Conector de 4\/2 orificios, compatibilidad eficiente.<\/li>\n<\/ul>","protected":false},"featured_media":471,"comment_status":"open","ping_status":"closed","template":"","meta":[],"product_cat":[44],"product_tag":[],"_links":{"self":[{"href":"https:\/\/cicadamedical.com\/es\/wp-json\/wp\/v3\/product\/470"}],"collection":[{"href":"https:\/\/cicadamedical.com\/es\/wp-json\/wp\/v3\/product"}],"about":[{"href":"https:\/\/cicadamedical.com\/es\/wp-json\/wp\/v2\/types\/product"}],"replies":[{"embeddable":true,"href":"https:\/\/cicadamedical.com\/es\/wp-json\/wp\/v2\/comments?post=470"}],"wp:featuredmedia":[{"embeddable":true,"href":"https:\/\/cicadamedical.com\/es\/wp-json\/wp\/v2\/media\/471"}],"wp:attachment":[{"href":"https:\/\/cicadamedical.com\/es\/wp-json\/wp\/v2\/media?parent=470"}],"wp:term":[{"taxonomy":"product_cat","embeddable":true,"href":"https:\/\/cicadamedical.com\/es\/wp-json\/wp\/v2\/product_cat?post=470"},{"taxonomy":"product_tag","embeddable":true,"href":"https:\/\/cicadamedical.com\/es\/wp-json\/wp\/v2\/product_tag?post=470"}],"curies":[{"name":"wp","href":"https:\/\/api.w.org\/{rel}","templated":true}]}}