{"id":480,"date":"2023-06-21T20:35:07","date_gmt":"2023-06-21T12:35:07","guid":{"rendered":"http:\/\/cicadamedical.com\/?post_type=product&#038;p=480"},"modified":"2023-06-22T21:09:54","modified_gmt":"2023-06-22T13:09:54","slug":"reduction-speed-handpiece-201-cv-dx-e20","status":"publish","type":"product","link":"https:\/\/cicadamedical.com\/es\/producto\/pieza-de-mano-reductor-velocidad-201-cv-dx-e20\/","title":{"rendered":"Pieza de mano de velocidad de reducci\u00f3n dental 20:1 CV-DX E20"},"content":{"rendered":"<table align=\"center\">\n<tbody>\n<tr>\n<td>N\u00famero de modelo<\/td>\n<td>CV\/DX E20<\/td>\n<\/tr>\n<tr>\n<td>velocidad de rotaci\u00f3n<\/td>\n<td>14.000-20.000 RPM<\/td>\n<\/tr>\n<tr>\n<td>Funci\u00f3n<\/td>\n<td>tratamiento de endodoncia<\/td>\n<\/tr>\n<tr>\n<td>Presi\u00f3n del aire<\/td>\n<td>0.3MKPa<\/td>\n<\/tr>\n<tr>\n<td>Relaci\u00f3n de transmisi\u00f3n<\/td>\n<td>20:1<\/td>\n<\/tr>\n<tr>\n<td>Tipo de fresa<\/td>\n<td>Fresa CA de \u00f82,35 mm<\/td>\n<\/tr>\n<tr>\n<td>Tipo de mandril<\/td>\n<td>Presionar el bot\u00f3n<\/td>\n<\/tr>\n<tr>\n<td>Cojinete<\/td>\n<td>Cojinete de cer\u00e1mica<\/td>\n<\/tr>\n<tr>\n<td>Camino ligero<\/td>\n<td>Sin luz<\/td>\n<\/tr>\n<tr>\n<td>Tipo de rociado de agua<\/td>\n<td>0,08-0,20 MPa (0,8-2,0 kgf\/cm)<\/td>\n<\/tr>\n<\/tbody>\n<\/table>\n<p>&nbsp;<\/p>\n<p><img loading=\"lazy\" decoding=\"async\" class=\"alignnone size-full wp-image-479\" src=\"http:\/\/cicadamedical.com\/wp-content\/uploads\/2022\/04\/e64_reduction_speed_handpiece_02.png\" alt=\"Presionar el bot\u00f3n\" width=\"1200\" height=\"500\" srcset=\"https:\/\/cicadamedical.com\/wp-content\/uploads\/2022\/04\/e64_reduction_speed_handpiece_02.png 1200w, https:\/\/cicadamedical.com\/wp-content\/uploads\/2022\/04\/e64_reduction_speed_handpiece_02-600x250.png 600w, https:\/\/cicadamedical.com\/wp-content\/uploads\/2022\/04\/e64_reduction_speed_handpiece_02-768x320.png 768w\" sizes=\"(max-width: 1200px) 100vw, 1200px\" \/> <img loading=\"lazy\" decoding=\"async\" class=\"alignnone size-full wp-image-476\" src=\"http:\/\/cicadamedical.com\/wp-content\/uploads\/2022\/04\/e64_reduction_speed_handpiece_01.png\" alt=\"Dise\u00f1o cl\u00e1sico\" width=\"1200\" height=\"500\" srcset=\"https:\/\/cicadamedical.com\/wp-content\/uploads\/2022\/04\/e64_reduction_speed_handpiece_01.png 1200w, https:\/\/cicadamedical.com\/wp-content\/uploads\/2022\/04\/e64_reduction_speed_handpiece_01-600x250.png 600w, https:\/\/cicadamedical.com\/wp-content\/uploads\/2022\/04\/e64_reduction_speed_handpiece_01-768x320.png 768w\" sizes=\"(max-width: 1200px) 100vw, 1200px\" \/> <img loading=\"lazy\" decoding=\"async\" class=\"alignnone size-full wp-image-477\" src=\"http:\/\/cicadamedical.com\/wp-content\/uploads\/2022\/04\/e64_reduction_speed_handpiece_04.jpg\" alt=\"Patr\u00f3n 3D antideslizante\" width=\"1200\" height=\"500\" srcset=\"https:\/\/cicadamedical.com\/wp-content\/uploads\/2022\/04\/e64_reduction_speed_handpiece_04.jpg 1200w, https:\/\/cicadamedical.com\/wp-content\/uploads\/2022\/04\/e64_reduction_speed_handpiece_04-600x250.jpg 600w, https:\/\/cicadamedical.com\/wp-content\/uploads\/2022\/04\/e64_reduction_speed_handpiece_04-768x320.jpg 768w\" sizes=\"(max-width: 1200px) 100vw, 1200px\" \/> <img loading=\"lazy\" decoding=\"async\" class=\"alignnone size-full wp-image-478\" src=\"http:\/\/cicadamedical.com\/wp-content\/uploads\/2022\/04\/e64_reduction_speed_handpiece_03.jpg\" alt=\"Interfaz universal\" width=\"1200\" height=\"500\" srcset=\"https:\/\/cicadamedical.com\/wp-content\/uploads\/2022\/04\/e64_reduction_speed_handpiece_03.jpg 1200w, https:\/\/cicadamedical.com\/wp-content\/uploads\/2022\/04\/e64_reduction_speed_handpiece_03-600x250.jpg 600w, https:\/\/cicadamedical.com\/wp-content\/uploads\/2022\/04\/e64_reduction_speed_handpiece_03-768x320.jpg 768w\" sizes=\"(max-width: 1200px) 100vw, 1200px\" \/><\/p>\n<p>En Cicada Medical, estamos orgullosos de presentar nuestra pieza de mano de velocidad de reducci\u00f3n dental 20:1 CV-DX E20, una herramienta dental de primer nivel dise\u00f1ada para brindar precisi\u00f3n y eficiencia. Esta pieza de mano es imprescindible para cualquier profesional dental y ofrece una gama de caracter\u00edsticas que la hacen destacar en el mercado.<\/p>\n<h2>Caracter\u00edsticas clave<\/h2>\n<p>El CV-DX E20 es una pieza de mano dental con una relaci\u00f3n de reducci\u00f3n de 20:1, lo que la convierte en una herramienta ideal para el tratamiento de endodoncia. Estas son algunas de sus caracter\u00edsticas clave:<\/p>\n<ul>\n<li><strong>N\u00famero de modelo<\/strong>: CV\/DX E20<\/li>\n<li><strong>Velocidad de rotaci\u00f3n<\/strong>: 14.000-20.000 RPM<\/li>\n<li><strong>Funci\u00f3n<\/strong>: Tratamiento de endodoncia<\/li>\n<li><strong>Presi\u00f3n del aire<\/strong>: 0.3MKPa<\/li>\n<li><strong>Relaci\u00f3n de transmisi\u00f3n<\/strong>: 20:1<\/li>\n<li><strong>Tipo de fresa<\/strong>: Fresa CA de \u00f82,35 mm<\/li>\n<li><strong>Tipo de mandril<\/strong>: Presionar el bot\u00f3n<\/li>\n<li><strong>Cojinete<\/strong>: Cojinete cer\u00e1mico<\/li>\n<li><strong>Camino ligero<\/strong>: Sin luz<\/li>\n<li><strong>Tipo de rociado de agua<\/strong>: 0,08-0,20 MPa (0,8-2,0 kgf\/cm)<\/li>\n<\/ul>\n<h2>Calidad y dise\u00f1o inigualables<\/h2>\n<p>Esta pieza de mano dental est\u00e1 dise\u00f1ada con cojinetes cer\u00e1micos y un engranaje de acero, lo que garantiza un rendimiento y durabilidad de alta calidad. Su dise\u00f1o cl\u00e1sico ofrece buena estabilidad y un nivel de ruido suave, lo que la convierte en una herramienta c\u00f3moda tanto para el dentista como para el paciente. La pieza de mano se adapta a todos los conectores tipo E y viene con un conector de 4\/2 orificios para una compatibilidad eficiente.<\/p>\n<h2>\u00bfPor qu\u00e9 elegir cigarra m\u00e9dica?<\/h2>\n<p>En <a href=\"https:\/\/cicadamedical.com\/es\/\" target=\"_new\" rel=\"noopener\">cigarra medica<\/a>, estamos dedicados a proporcionar productos de la mejor calidad a nuestros clientes. Somos reconocidos como un nombre pionero y bien establecido en el mercado chino, que ofrece una amplia gama de equipos dentales internacionales que cumplen con los est\u00e1ndares globales. De <a href=\"https:\/\/cicadamedical.com\/es\/dental-endo-motor\/\" target=\"_new\" rel=\"noopener\">endodoncia dental<\/a> a <a href=\"https:\/\/cicadamedical.com\/es\/producto\/lampara-de-polimerizacion-led-cv-215-gun-mhp\/\" target=\"_new\" rel=\"noopener\">Luz de curado llevada<\/a>, <a href=\"https:\/\/cicadamedical.com\/es\/categoria-producto\/surigical\/implant-motor\/\" target=\"_new\" rel=\"noopener\">Cirug\u00eda Dental<\/a> a <a href=\"https:\/\/cicadamedical.com\/es\/categoria-producto\/air-turbines\/\" target=\"_new\" rel=\"noopener\">turbinas de aire<\/a>, te tenemos cubierto.<\/p>\n<h2>Conclusi\u00f3n<\/h2>\n<p>La pieza de mano de velocidad de reducci\u00f3n dental 20:1 CV-DX E20 es una herramienta confiable y eficiente para los profesionales dentales. Su dise\u00f1o y caracter\u00edsticas de alta calidad lo convierten en una valiosa incorporaci\u00f3n a cualquier cl\u00ednica dental. En Cicada Medical, estamos comprometidos a brindar el mejor equipo dental a nuestros clientes. Entonces, \u00bfpor qu\u00e9 esperar? <a href=\"https:\/\/cicadamedical.com\/es\/producto\/pieza-de-mano-reductor-velocidad-201-cv-dx-e20\/\" target=\"_new\" rel=\"noopener\">Preguntar ahora<\/a> y eleve su pr\u00e1ctica dental con nuestra pieza de mano dental de primera l\u00ednea.<\/p>\n<p><em>\u00a1UH oh!<\/em> \u00bfEncontraste \u00fatil esta revisi\u00f3n? \u00bfTiene alguna pregunta sobre nuestra pieza de mano de velocidad de reducci\u00f3n dental 20:1 CV-DX E20? No dude en <a href=\"https:\/\/cicadamedical.com\/es\/\" target=\"_new\" rel=\"noopener\">Cont\u00e1ctenos<\/a> para m\u00e1s informaci\u00f3n. \u00a1Estamos aqu\u00ed para ayudar!<\/p>","protected":false},"excerpt":{"rendered":"<ul>\n<li>Tipo pulsador, riego externo.<\/li>\n<li>Cojinetes de cer\u00e1mica y engranajes de acero, buena calidad.<\/li>\n<li>Dise\u00f1o cl\u00e1sico, buena estabilidad, ruido suave.<\/li>\n<li>Se adapta a todos los conectores tipo E.<\/li>\n<li>Conector de 4\/2 orificios, compatibilidad eficiente.<\/li>\n<\/ul>","protected":false},"featured_media":481,"comment_status":"open","ping_status":"closed","template":"","meta":[],"product_cat":[44],"product_tag":[],"_links":{"self":[{"href":"https:\/\/cicadamedical.com\/es\/wp-json\/wp\/v3\/product\/480"}],"collection":[{"href":"https:\/\/cicadamedical.com\/es\/wp-json\/wp\/v3\/product"}],"about":[{"href":"https:\/\/cicadamedical.com\/es\/wp-json\/wp\/v2\/types\/product"}],"replies":[{"embeddable":true,"href":"https:\/\/cicadamedical.com\/es\/wp-json\/wp\/v2\/comments?post=480"}],"wp:featuredmedia":[{"embeddable":true,"href":"https:\/\/cicadamedical.com\/es\/wp-json\/wp\/v2\/media\/481"}],"wp:attachment":[{"href":"https:\/\/cicadamedical.com\/es\/wp-json\/wp\/v2\/media?parent=480"}],"wp:term":[{"taxonomy":"product_cat","embeddable":true,"href":"https:\/\/cicadamedical.com\/es\/wp-json\/wp\/v2\/product_cat?post=480"},{"taxonomy":"product_tag","embeddable":true,"href":"https:\/\/cicadamedical.com\/es\/wp-json\/wp\/v2\/product_tag?post=480"}],"curies":[{"name":"wp","href":"https:\/\/api.w.org\/{rel}","templated":true}]}}