{"id":486,"date":"2023-06-21T20:41:03","date_gmt":"2023-06-21T12:41:03","guid":{"rendered":"http:\/\/cicadamedical.com\/?post_type=product&#038;p=486"},"modified":"2023-06-22T21:12:17","modified_gmt":"2023-06-22T13:12:17","slug":"reduction-speed-handpiece-161-cv-dx-s16","status":"publish","type":"product","link":"https:\/\/cicadamedical.com\/es\/producto\/reductor-velocidad-pieza-de-mano-161-cv-dx-s16\/","title":{"rendered":"Pieza de mano de velocidad de reducci\u00f3n dental 16:1 CV-DX S16"},"content":{"rendered":"<table align=\"center\">\n<tbody>\n<tr>\n<td>N\u00famero de modelo<\/td>\n<td>CV\/DX S16<\/td>\n<\/tr>\n<tr>\n<td>Velocidad de rotaci\u00f3n<\/td>\n<td>200.000 rpm<\/td>\n<\/tr>\n<tr>\n<td>Presi\u00f3n de aire de trabajo<\/td>\n<td>0.22-0.3Mpa<\/td>\n<\/tr>\n<tr>\n<td>Relaci\u00f3n<\/td>\n<td>16:1<\/td>\n<\/tr>\n<tr>\n<td>Esfuerzo de torsi\u00f3n<\/td>\n<td>64N cm<\/td>\n<\/tr>\n<tr>\n<td>conector<\/td>\n<td>Conector est\u00e1ndar ISO<\/td>\n<\/tr>\n<tr>\n<td>Cojinete<\/td>\n<td>rodamiento cer\u00e1mico<\/td>\n<\/tr>\n<tr>\n<td>conexi\u00f3n disponible<\/td>\n<td>Est\u00e1ndar internacional tipo E<\/td>\n<\/tr>\n<tr>\n<td>Ruido<\/td>\n<td>menos de 58dB<\/td>\n<\/tr>\n<tr>\n<td>Desinfecci\u00f3n<\/td>\n<td>Autoclave a 135 \u2103<\/td>\n<\/tr>\n<\/tbody>\n<\/table>\n<p><img loading=\"lazy\" decoding=\"async\" class=\"alignnone size-full wp-image-490\" src=\"http:\/\/cicadamedical.com\/wp-content\/uploads\/2022\/04\/reduction_speed_handpiece_03.jpg\" alt=\"Interfaz universal\" width=\"1200\" height=\"500\" srcset=\"https:\/\/cicadamedical.com\/wp-content\/uploads\/2022\/04\/reduction_speed_handpiece_03.jpg 1200w, https:\/\/cicadamedical.com\/wp-content\/uploads\/2022\/04\/reduction_speed_handpiece_03-600x250.jpg 600w, https:\/\/cicadamedical.com\/wp-content\/uploads\/2022\/04\/reduction_speed_handpiece_03-768x320.jpg 768w\" sizes=\"(max-width: 1200px) 100vw, 1200px\" \/> <img loading=\"lazy\" decoding=\"async\" class=\"alignnone size-full wp-image-489\" src=\"http:\/\/cicadamedical.com\/wp-content\/uploads\/2022\/04\/reduction_speed_handpiece_04.jpg\" alt=\"Patr\u00f3n 3D antideslizante\" width=\"1200\" height=\"500\" srcset=\"https:\/\/cicadamedical.com\/wp-content\/uploads\/2022\/04\/reduction_speed_handpiece_04.jpg 1200w, https:\/\/cicadamedical.com\/wp-content\/uploads\/2022\/04\/reduction_speed_handpiece_04-600x250.jpg 600w, https:\/\/cicadamedical.com\/wp-content\/uploads\/2022\/04\/reduction_speed_handpiece_04-768x320.jpg 768w\" sizes=\"(max-width: 1200px) 100vw, 1200px\" \/> <img loading=\"lazy\" decoding=\"async\" class=\"alignnone size-full wp-image-488\" src=\"http:\/\/cicadamedical.com\/wp-content\/uploads\/2022\/04\/reduction_speed_handpiece_01.png\" alt=\"El dise\u00f1o de la cerradura de seguridad\" width=\"1200\" height=\"500\" srcset=\"https:\/\/cicadamedical.com\/wp-content\/uploads\/2022\/04\/reduction_speed_handpiece_01.png 1200w, https:\/\/cicadamedical.com\/wp-content\/uploads\/2022\/04\/reduction_speed_handpiece_01-600x250.png 600w, https:\/\/cicadamedical.com\/wp-content\/uploads\/2022\/04\/reduction_speed_handpiece_01-768x320.png 768w\" sizes=\"(max-width: 1200px) 100vw, 1200px\" \/> <img loading=\"lazy\" decoding=\"async\" class=\"alignnone size-full wp-image-487\" src=\"http:\/\/cicadamedical.com\/wp-content\/uploads\/2022\/04\/reduction_speed_handpiece_02.png\" alt=\"Presionar el bot\u00f3n\" width=\"1200\" height=\"500\" srcset=\"https:\/\/cicadamedical.com\/wp-content\/uploads\/2022\/04\/reduction_speed_handpiece_02.png 1200w, https:\/\/cicadamedical.com\/wp-content\/uploads\/2022\/04\/reduction_speed_handpiece_02-600x250.png 600w, https:\/\/cicadamedical.com\/wp-content\/uploads\/2022\/04\/reduction_speed_handpiece_02-768x320.png 768w\" sizes=\"(max-width: 1200px) 100vw, 1200px\" \/><\/p>\n<p>El <strong>Pieza de mano de velocidad de reducci\u00f3n dental 16:1 CV-DX S16<\/strong> es una herramienta dental de \u00faltima generaci\u00f3n dise\u00f1ada para mejorar la eficiencia y precisi\u00f3n de los procedimientos dentales. Fabricada por Cicada Medical, un nombre l\u00edder en la industria de equipos dentales, esta pieza de mano es un testimonio del compromiso de la empresa con la calidad y la innovaci\u00f3n.<\/p>\n<h2>Caracter\u00edsticas clave<\/h2>\n<ul>\n<li><strong>Cuerpo de acero inoxidable<\/strong>: La pieza de mano est\u00e1 hecha de acero inoxidable, lo que garantiza durabilidad y resistencia a la esterilizaci\u00f3n a alta temperatura y presi\u00f3n.<\/li>\n<li><strong>Dise\u00f1o ergonomico<\/strong>: El dise\u00f1o del patr\u00f3n antideslizante garantiza un agarre firme, lo que reduce el riesgo de resbalones accidentales durante los procedimientos.<\/li>\n<li><strong>Dise\u00f1o de bloqueo de seguridad.<\/strong>: Esta caracter\u00edstica evita que la fresa se separe de la pieza de mano, lo que garantiza seguridad y confiabilidad durante el uso.<\/li>\n<li><strong>Alto par<\/strong>: Con un torque de 64N.cm, esta pieza de mano brinda un rendimiento poderoso para varios procedimientos dentales.<\/li>\n<li><strong>Ruido bajo<\/strong>: La pieza de mano funciona a menos de 58 dB, lo que garantiza un entorno c\u00f3modo tanto para el dentista como para el paciente.<\/li>\n<\/ul>\n<h2>Rendimiento superior<\/h2>\n<p>El <strong>Pieza de mano de velocidad de reducci\u00f3n dental 16:1 CV-DX S16<\/strong> opera a una velocidad de rotaci\u00f3n de 200,000rpm bajo una presi\u00f3n de aire de trabajo de 0.22-0.3Mpa. Cuenta con una relaci\u00f3n de 16:1, lo que proporciona una velocidad \u00f3ptima para una amplia gama de procedimientos dentales. La pieza de mano est\u00e1 equipada con un cojinete de cer\u00e1mica y un conector est\u00e1ndar ISO, lo que garantiza la compatibilidad con varios equipos dentales.<\/p>\n<h2>Facil mantenimiento<\/h2>\n<p>La pieza de mano est\u00e1 dise\u00f1ada para un f\u00e1cil mantenimiento y uso a largo plazo. Puede desinfectarse en autoclave a 135 \u2103, garantizando los m\u00e1s altos est\u00e1ndares de higiene y seguridad del paciente.<\/p>\n<h2>Una amplia gama de soluciones dentales<\/h2>\n<p>Cicada Medical ofrece una amplia gama de soluciones dentales, que incluyen <a href=\"https:\/\/cicadamedical.com\/es\/limas-dentales-endo-niti\/\" target=\"_new\" rel=\"noopener\">endodoncia dental<\/a>, <a href=\"https:\/\/cicadamedical.com\/es\/luz-cura-dental-led\/\" target=\"_new\" rel=\"noopener\">Luz de curado llevada<\/a>, <a href=\"https:\/\/cicadamedical.com\/es\/pieza-de-mano-dental-de-baja-velocidad\/\" target=\"_new\" rel=\"noopener\">Pieza de mano dental de baja velocidad<\/a>, <a href=\"https:\/\/cicadamedical.com\/es\/dental-alta-velocidad-handpiece-led\/\" target=\"_new\" rel=\"noopener\">Pieza de mano dental de alta velocidad LED<\/a>, y <a href=\"https:\/\/cicadamedical.com\/es\/proveedores-de-lamparas-de-polimerizacion-de-composite-dental\/\" target=\"_new\" rel=\"noopener\">Proveedores de L\u00e1mpara de polimerizaci\u00f3n compuesta dental<\/a>. Estos productos est\u00e1n dise\u00f1ados para satisfacer las diversas necesidades de las cl\u00ednicas dentales, asegurando la mejor atenci\u00f3n a los pacientes.<\/p>\n<h2>Conclusi\u00f3n<\/h2>\n<p>El <strong>Pieza de mano de velocidad de reducci\u00f3n dental 16:1 CV-DX S16<\/strong> es un testimonio del compromiso de Cicada Medical con la calidad y la innovaci\u00f3n. Con su rendimiento superior, dise\u00f1o ergon\u00f3mico y f\u00e1cil mantenimiento, esta pieza de mano es una valiosa incorporaci\u00f3n para cualquier cl\u00ednica dental. Explore hoy la amplia gama de soluciones dentales de Cicada Medical y experimente la diferencia en calidad y rendimiento.<\/p>\n<p><em>Nota: Para obtener m\u00e1s informaci\u00f3n sobre el producto, visite el <a href=\"https:\/\/cicadamedical.com\/es\/producto\/reductor-velocidad-pieza-de-mano-161-cv-dx-s16\/\" target=\"_new\" rel=\"noopener\">p\u00e1gina oficial del producto<\/a>.<\/em><\/p>","protected":false},"excerpt":{"rendered":"<ul>\n<li>El cuerpo est\u00e1 hecho de acero inoxidable, esterilizaci\u00f3n a alta temperatura y presi\u00f3n.<\/li>\n<li>El dise\u00f1o de patr\u00f3n ergon\u00f3mico antideslizante no es f\u00e1cil de caer.<\/li>\n<li>El dise\u00f1o de bloqueo de seguridad no har\u00e1 que la fresa se separe de la pieza de mano.<\/li>\n<li>Anillo el\u00e1stico antideslizante y agarre c\u00f3modo.<\/li>\n<\/ul>","protected":false},"featured_media":491,"comment_status":"open","ping_status":"closed","template":"","meta":[],"product_cat":[44],"product_tag":[],"_links":{"self":[{"href":"https:\/\/cicadamedical.com\/es\/wp-json\/wp\/v3\/product\/486"}],"collection":[{"href":"https:\/\/cicadamedical.com\/es\/wp-json\/wp\/v3\/product"}],"about":[{"href":"https:\/\/cicadamedical.com\/es\/wp-json\/wp\/v2\/types\/product"}],"replies":[{"embeddable":true,"href":"https:\/\/cicadamedical.com\/es\/wp-json\/wp\/v2\/comments?post=486"}],"wp:featuredmedia":[{"embeddable":true,"href":"https:\/\/cicadamedical.com\/es\/wp-json\/wp\/v2\/media\/491"}],"wp:attachment":[{"href":"https:\/\/cicadamedical.com\/es\/wp-json\/wp\/v2\/media?parent=486"}],"wp:term":[{"taxonomy":"product_cat","embeddable":true,"href":"https:\/\/cicadamedical.com\/es\/wp-json\/wp\/v2\/product_cat?post=486"},{"taxonomy":"product_tag","embeddable":true,"href":"https:\/\/cicadamedical.com\/es\/wp-json\/wp\/v2\/product_tag?post=486"}],"curies":[{"name":"wp","href":"https:\/\/api.w.org\/{rel}","templated":true}]}}