{"id":496,"date":"2023-06-21T20:47:31","date_gmt":"2023-06-21T12:47:31","guid":{"rendered":"http:\/\/cicadamedical.com\/?post_type=product&#038;p=496"},"modified":"2023-06-22T21:15:30","modified_gmt":"2023-06-22T13:15:30","slug":"reduction-speed-handpiece-161-cv-dx-e16","status":"publish","type":"product","link":"https:\/\/cicadamedical.com\/es\/producto\/pieza-de-mano-reductor-de-velocidad-161-cv-dx-e16\/","title":{"rendered":"Pieza de mano de velocidad de reducci\u00f3n dental 16:1 CV-DX E16"},"content":{"rendered":"<table align=\"center\">\n<tbody>\n<tr>\n<td>N\u00famero de modelo<\/td>\n<td>CV\/DX E16<\/td>\n<\/tr>\n<tr>\n<td>Velocidad m\u00e1xima de rotaci\u00f3n<\/td>\n<td>20.000 RPM<\/td>\n<\/tr>\n<tr>\n<td>Funci\u00f3n<\/td>\n<td>tratamiento de endodoncia<\/td>\n<\/tr>\n<tr>\n<td>Presi\u00f3n del aire<\/td>\n<td>0.3MKPa<\/td>\n<\/tr>\n<tr>\n<td>Relaci\u00f3n de transmisi\u00f3n<\/td>\n<td>16:1<\/td>\n<\/tr>\n<tr>\n<td>Tipo de fresa<\/td>\n<td>Fresa CA de \u00d81,59-1,6 mm<\/td>\n<\/tr>\n<tr>\n<td>Tipo de mandril<\/td>\n<td>Presionar el bot\u00f3n<\/td>\n<\/tr>\n<tr>\n<td>Cojinete<\/td>\n<td>Cojinete de cer\u00e1mica<\/td>\n<\/tr>\n<tr>\n<td>Camino ligero<\/td>\n<td>Sin luz<\/td>\n<\/tr>\n<tr>\n<td>Tipo de rociado de agua<\/td>\n<td>0,08-0,20 MPa (0,8-2,0 kgf\/cm)<\/td>\n<\/tr>\n<\/tbody>\n<\/table>\n<p><img loading=\"lazy\" decoding=\"async\" class=\"alignnone size-full wp-image-497\" src=\"http:\/\/cicadamedical.com\/wp-content\/uploads\/2022\/04\/reduction_speed_handpiece_16-1_cv-dx_e16_detailed__1.jpg\" alt=\"Interfaz universal\" width=\"1200\" height=\"500\" srcset=\"https:\/\/cicadamedical.com\/wp-content\/uploads\/2022\/04\/reduction_speed_handpiece_16-1_cv-dx_e16_detailed__1.jpg 1200w, https:\/\/cicadamedical.com\/wp-content\/uploads\/2022\/04\/reduction_speed_handpiece_16-1_cv-dx_e16_detailed__1-600x250.jpg 600w, https:\/\/cicadamedical.com\/wp-content\/uploads\/2022\/04\/reduction_speed_handpiece_16-1_cv-dx_e16_detailed__1-768x320.jpg 768w\" sizes=\"(max-width: 1200px) 100vw, 1200px\" \/> <img loading=\"lazy\" decoding=\"async\" class=\"alignnone size-full wp-image-498\" src=\"http:\/\/cicadamedical.com\/wp-content\/uploads\/2022\/04\/reduction_speed_handpiece_16-1_cv-dx_e16_detailed__4.png\" alt=\"Presionar el bot\u00f3n\" width=\"1200\" height=\"500\" srcset=\"https:\/\/cicadamedical.com\/wp-content\/uploads\/2022\/04\/reduction_speed_handpiece_16-1_cv-dx_e16_detailed__4.png 1200w, https:\/\/cicadamedical.com\/wp-content\/uploads\/2022\/04\/reduction_speed_handpiece_16-1_cv-dx_e16_detailed__4-600x250.png 600w, https:\/\/cicadamedical.com\/wp-content\/uploads\/2022\/04\/reduction_speed_handpiece_16-1_cv-dx_e16_detailed__4-768x320.png 768w\" sizes=\"(max-width: 1200px) 100vw, 1200px\" \/> <img loading=\"lazy\" decoding=\"async\" class=\"alignnone size-full wp-image-499\" src=\"http:\/\/cicadamedical.com\/wp-content\/uploads\/2022\/04\/reduction_speed_handpiece_16-1_cv-dx_e16_detailed__3.png\" alt=\"Dise\u00f1o cl\u00e1sico\" width=\"1200\" height=\"500\" srcset=\"https:\/\/cicadamedical.com\/wp-content\/uploads\/2022\/04\/reduction_speed_handpiece_16-1_cv-dx_e16_detailed__3.png 1200w, https:\/\/cicadamedical.com\/wp-content\/uploads\/2022\/04\/reduction_speed_handpiece_16-1_cv-dx_e16_detailed__3-600x250.png 600w, https:\/\/cicadamedical.com\/wp-content\/uploads\/2022\/04\/reduction_speed_handpiece_16-1_cv-dx_e16_detailed__3-768x320.png 768w\" sizes=\"(max-width: 1200px) 100vw, 1200px\" \/> <img loading=\"lazy\" decoding=\"async\" class=\"alignnone size-full wp-image-500\" src=\"http:\/\/cicadamedical.com\/wp-content\/uploads\/2022\/04\/reduction_speed_handpiece_16-1_cv-dx_e16_detailed__2.jpg\" alt=\"Patr\u00f3n 3D antideslizante\" width=\"1200\" height=\"500\" srcset=\"https:\/\/cicadamedical.com\/wp-content\/uploads\/2022\/04\/reduction_speed_handpiece_16-1_cv-dx_e16_detailed__2.jpg 1200w, https:\/\/cicadamedical.com\/wp-content\/uploads\/2022\/04\/reduction_speed_handpiece_16-1_cv-dx_e16_detailed__2-600x250.jpg 600w, https:\/\/cicadamedical.com\/wp-content\/uploads\/2022\/04\/reduction_speed_handpiece_16-1_cv-dx_e16_detailed__2-768x320.jpg 768w\" sizes=\"(max-width: 1200px) 100vw, 1200px\" \/><\/p>\n<p>En Cicada Medical, estamos orgullosos de presentar nuestra pieza de mano de velocidad de reducci\u00f3n dental 16:1 CV-DX E16. Esta herramienta dental de \u00faltima generaci\u00f3n est\u00e1 dise\u00f1ada para brindar la m\u00e1xima eficiencia y precisi\u00f3n en tratamientos de endodoncia, asegurando la mejor atenci\u00f3n posible a sus pacientes.<\/p>\n<h3>Caracter\u00edsticas clave<\/h3>\n<ul>\n<li><strong>Pulsador Tipo:<\/strong> El CV-DX E16 presenta un dise\u00f1o tipo bot\u00f3n, lo que lo hace f\u00e1cil de operar y controlar.<\/li>\n<li><strong>Riego Externo:<\/strong> Esta funci\u00f3n garantiza un entorno de trabajo limpio y est\u00e9ril durante los procedimientos dentales.<\/li>\n<li><strong>Cojinetes de cer\u00e1mica y engranajes de acero:<\/strong> El uso de materiales de alta calidad garantiza durabilidad y longevidad.<\/li>\n<li><strong>Dise\u00f1o cl\u00e1sico:<\/strong> El CV-DX E16 cuenta con un dise\u00f1o cl\u00e1sico que proporciona buena estabilidad y ruido suave, mejorando la comodidad del paciente durante el tratamiento.<\/li>\n<li><strong>Compatibilidad del conector tipo E:<\/strong> La pieza de mano encaja en todos los conectores tipo E y ofrece una compatibilidad eficaz.<\/li>\n<li><strong>Conector de 4\/2 orificios:<\/strong> Esta caracter\u00edstica mejora a\u00fan m\u00e1s la compatibilidad de la pieza de mano.<\/li>\n<\/ul>\n<h3>Especificaciones<\/h3>\n<p>La pieza de mano de velocidad de reducci\u00f3n dental 16:1 CV-DX E16 viene con las siguientes especificaciones:<\/p>\n<ul>\n<li>N\u00famero de modelo: CV\/DX E16<\/li>\n<li>Velocidad m\u00e1xima de rotaci\u00f3n: 20,000 RPM<\/li>\n<li>Funci\u00f3n: Tratamiento de endodoncia<\/li>\n<li>Presi\u00f3n de aire: 0.3MKPa<\/li>\n<li>Relaci\u00f3n de engranajes: 16: 1<\/li>\n<li>Tipo de fresa: fresa CA de \u00d81,59-1,6 mm<\/li>\n<li>Tipo de mandril: Bot\u00f3n pulsador<\/li>\n<li>Cojinete: Cojinete de cer\u00e1mica<\/li>\n<li>Camino ligero: sin luz<\/li>\n<li>Tipo de rociado de agua: 0.08-0.20MPa (0.8-2.0kgf\/cm)<\/li>\n<\/ul>\n<h3>\u00bfPor qu\u00e9 elegir cigarra m\u00e9dica?<\/h3>\n<p>Cicada Medical es un proveedor l\u00edder de equipos dentales, reconocido como pionero en el mercado de China. Ofrecemos una amplia gama de equipos dentales internacionales que cumplen con los est\u00e1ndares globales. Nuestros productos van desde <a href=\"https:\/\/cicadamedical.com\/es\/limas-dentales-endo-niti\/\" target=\"_new\" rel=\"noopener\">endodoncia dental<\/a> herramientas, <a href=\"https:\/\/cicadamedical.com\/es\/luz-cura-dental-led\/\" target=\"_new\" rel=\"noopener\">Luces de curado LED<\/a>, <a href=\"https:\/\/cicadamedical.com\/es\/pieza-de-mano-dental-de-baja-velocidad\/\" target=\"_new\" rel=\"noopener\">Piezas de mano dentales de baja velocidad<\/a>, a <a href=\"https:\/\/cicadamedical.com\/es\/dental-alta-velocidad-handpiece-led\/\" target=\"_new\" rel=\"noopener\">Piezas de mano dentales de alta velocidad con LED<\/a> y <a href=\"https:\/\/cicadamedical.com\/es\/proveedores-de-lamparas-de-polimerizacion-de-composite-dental\/\" target=\"_new\" rel=\"noopener\">Proveedores de L\u00e1mpara de polimerizaci\u00f3n compuesta dental<\/a>.<\/p>\n<p>En Cicada Medical, estamos comprometidos a entregar productos de la mejor calidad directamente a su cl\u00ednica. Elija Cicada Medical para sus necesidades de equipos dentales y experimente la diferencia en calidad y servicio.<\/p>\n<h3>Conclusi\u00f3n<\/h3>\n<p>La pieza de mano de velocidad de reducci\u00f3n dental 16:1 CV-DX E16 es un testimonio del compromiso de Cicada Medical de proporcionar equipos dentales de primera categor\u00eda. Con sus caracter\u00edsticas avanzadas y su construcci\u00f3n de alta calidad, es una valiosa adici\u00f3n a cualquier pr\u00e1ctica dental. No pierda esta oportunidad de mejorar sus procedimientos dentales. <a href=\"https:\/\/cicadamedical.com\/es\/\" target=\"_new\" rel=\"noopener\">Cont\u00e1ctenos<\/a> hoy para obtener m\u00e1s informaci\u00f3n sobre nuestros productos y servicios.<\/p>\n<p>Recuerde, en Cicada Medical, no nos dedicamos solo a vender productos; Nuestro objetivo es crear soluciones que marquen la diferencia en el cuidado dental.<\/p>","protected":false},"excerpt":{"rendered":"<ul>\n<li>Tipo pulsador, riego externo.<\/li>\n<li>Cojinetes de cer\u00e1mica y engranajes de acero, buena calidad.<\/li>\n<li>Dise\u00f1o cl\u00e1sico, buena estabilidad, ruido suave.<\/li>\n<li>Se adapta a todos los conectores tipo E.<\/li>\n<li>Conector de 4\/2 orificios, compatibilidad eficiente.<\/li>\n<\/ul>","protected":false},"featured_media":505,"comment_status":"open","ping_status":"closed","template":"","meta":[],"product_cat":[44],"product_tag":[],"_links":{"self":[{"href":"https:\/\/cicadamedical.com\/es\/wp-json\/wp\/v3\/product\/496"}],"collection":[{"href":"https:\/\/cicadamedical.com\/es\/wp-json\/wp\/v3\/product"}],"about":[{"href":"https:\/\/cicadamedical.com\/es\/wp-json\/wp\/v2\/types\/product"}],"replies":[{"embeddable":true,"href":"https:\/\/cicadamedical.com\/es\/wp-json\/wp\/v2\/comments?post=496"}],"wp:featuredmedia":[{"embeddable":true,"href":"https:\/\/cicadamedical.com\/es\/wp-json\/wp\/v2\/media\/505"}],"wp:attachment":[{"href":"https:\/\/cicadamedical.com\/es\/wp-json\/wp\/v2\/media?parent=496"}],"wp:term":[{"taxonomy":"product_cat","embeddable":true,"href":"https:\/\/cicadamedical.com\/es\/wp-json\/wp\/v2\/product_cat?post=496"},{"taxonomy":"product_tag","embeddable":true,"href":"https:\/\/cicadamedical.com\/es\/wp-json\/wp\/v2\/product_tag?post=496"}],"curies":[{"name":"wp","href":"https:\/\/api.w.org\/{rel}","templated":true}]}}