{"id":506,"date":"2023-06-21T20:59:48","date_gmt":"2023-06-21T12:59:48","guid":{"rendered":"http:\/\/cicadamedical.com\/?post_type=product&#038;p=506"},"modified":"2023-06-22T21:19:47","modified_gmt":"2023-06-22T13:19:47","slug":"reduction-speed-handpiece-101-cv-dx-e10","status":"publish","type":"product","link":"https:\/\/cicadamedical.com\/es\/producto\/reductor-velocidad-handpiece-101-cv-dx-e10\/","title":{"rendered":"Pieza de mano de velocidad de reducci\u00f3n dental 10:1 CV-DX E10"},"content":{"rendered":"<table align=\"center\">\n<tbody>\n<tr>\n<td>Nombre del producto<\/td>\n<td>Contra\u00e1ngulo de baja velocidad 10:1<\/td>\n<\/tr>\n<tr>\n<td>Velocidad de rotaci\u00f3n<\/td>\n<td>20-2000 rpm<\/td>\n<\/tr>\n<tr>\n<td>Presi\u00f3n de aire de trabajo<\/td>\n<td>0.22-0.3Mpa<\/td>\n<\/tr>\n<tr>\n<td>Movimienot<\/td>\n<td>Dobladora oscilante alternativa de 90\u00ba<\/td>\n<\/tr>\n<tr>\n<td>Herramientas aplicables<\/td>\n<td>Limadora \/ limadora manual<\/td>\n<\/tr>\n<tr>\n<td>conector<\/td>\n<td>Conector est\u00e1ndar ISO<\/td>\n<\/tr>\n<tr>\n<td>Cojinete<\/td>\n<td>Cojinete de cer\u00e1mica<\/td>\n<\/tr>\n<tr>\n<td>conexi\u00f3n disponible<\/td>\n<td>Est\u00e1ndar internacional tipo E<\/td>\n<\/tr>\n<tr>\n<td>Ruido<\/td>\n<td>menos de 65dB<\/td>\n<\/tr>\n<tr>\n<td>Desinfecci\u00f3n<\/td>\n<td>Autoclave a 135 \u2103<\/td>\n<\/tr>\n<\/tbody>\n<\/table>\n<p><img loading=\"lazy\" decoding=\"async\" class=\"alignnone size-full wp-image-507\" src=\"http:\/\/cicadamedical.com\/wp-content\/uploads\/2022\/04\/reduction_speed_handpiece_10-1_cv-dx_e10_detailed__1.jpg\" alt=\"Interfaz universal\" width=\"1200\" height=\"500\" srcset=\"https:\/\/cicadamedical.com\/wp-content\/uploads\/2022\/04\/reduction_speed_handpiece_10-1_cv-dx_e10_detailed__1.jpg 1200w, https:\/\/cicadamedical.com\/wp-content\/uploads\/2022\/04\/reduction_speed_handpiece_10-1_cv-dx_e10_detailed__1-600x250.jpg 600w, https:\/\/cicadamedical.com\/wp-content\/uploads\/2022\/04\/reduction_speed_handpiece_10-1_cv-dx_e10_detailed__1-768x320.jpg 768w\" sizes=\"(max-width: 1200px) 100vw, 1200px\" \/> <img loading=\"lazy\" decoding=\"async\" class=\"alignnone size-full wp-image-508\" src=\"http:\/\/cicadamedical.com\/wp-content\/uploads\/2022\/04\/reduction_speed_handpiece_10-1_cv-dx_e10_detailed__4.png\" alt=\"Presionar el bot\u00f3n\" width=\"1200\" height=\"500\" srcset=\"https:\/\/cicadamedical.com\/wp-content\/uploads\/2022\/04\/reduction_speed_handpiece_10-1_cv-dx_e10_detailed__4.png 1200w, https:\/\/cicadamedical.com\/wp-content\/uploads\/2022\/04\/reduction_speed_handpiece_10-1_cv-dx_e10_detailed__4-600x250.png 600w, https:\/\/cicadamedical.com\/wp-content\/uploads\/2022\/04\/reduction_speed_handpiece_10-1_cv-dx_e10_detailed__4-768x320.png 768w\" sizes=\"(max-width: 1200px) 100vw, 1200px\" \/> <img loading=\"lazy\" decoding=\"async\" class=\"alignnone size-full wp-image-509\" src=\"http:\/\/cicadamedical.com\/wp-content\/uploads\/2022\/04\/reduction_speed_handpiece_10-1_cv-dx_e10_detailed__3.png\" alt=\"Limadora manual\" width=\"1200\" height=\"500\" srcset=\"https:\/\/cicadamedical.com\/wp-content\/uploads\/2022\/04\/reduction_speed_handpiece_10-1_cv-dx_e10_detailed__3.png 1200w, https:\/\/cicadamedical.com\/wp-content\/uploads\/2022\/04\/reduction_speed_handpiece_10-1_cv-dx_e10_detailed__3-600x250.png 600w, https:\/\/cicadamedical.com\/wp-content\/uploads\/2022\/04\/reduction_speed_handpiece_10-1_cv-dx_e10_detailed__3-768x320.png 768w\" sizes=\"(max-width: 1200px) 100vw, 1200px\" \/> <img loading=\"lazy\" decoding=\"async\" class=\"alignnone size-full wp-image-510\" src=\"http:\/\/cicadamedical.com\/wp-content\/uploads\/2022\/04\/reduction_speed_handpiece_10-1_cv-dx_e10_detailed__2.jpg\" alt=\"Patr\u00f3n 3D antideslizante\" width=\"1200\" height=\"500\" srcset=\"https:\/\/cicadamedical.com\/wp-content\/uploads\/2022\/04\/reduction_speed_handpiece_10-1_cv-dx_e10_detailed__2.jpg 1200w, https:\/\/cicadamedical.com\/wp-content\/uploads\/2022\/04\/reduction_speed_handpiece_10-1_cv-dx_e10_detailed__2-600x250.jpg 600w, https:\/\/cicadamedical.com\/wp-content\/uploads\/2022\/04\/reduction_speed_handpiece_10-1_cv-dx_e10_detailed__2-768x320.jpg 768w\" sizes=\"(max-width: 1200px) 100vw, 1200px\" \/><\/p>\n<p>\u00a1Hola profesionales de la odontolog\u00eda! Estamos encantados de presentar nuestro \u00faltimo producto, el <strong>Pieza de mano de velocidad de reducci\u00f3n dental 10:1 CV-DX E10<\/strong>. Esta pieza de mano dental de \u00faltima generaci\u00f3n, presentada por Cicada Medical, est\u00e1 dise\u00f1ada para mejorar sus procedimientos dentales con sus funciones avanzadas y rendimiento superior. \u00a1Profundicemos en los detalles!<\/p>\n<h2>Caracter\u00edsticas clave<\/h2>\n<ul>\n<li><strong>Relaci\u00f3n de reducci\u00f3n 10:1<\/strong>: Esta pieza de mano funciona con una relaci\u00f3n de reducci\u00f3n de 10:1, lo que proporciona un control y una precisi\u00f3n \u00f3ptimos durante los procedimientos dentales.<\/li>\n<li><strong>Velocidad de rotaci\u00f3n<\/strong>: Con una velocidad de rotaci\u00f3n de 20-2000 rpm, garantiza un funcionamiento suave y eficiente.<\/li>\n<li><strong>Presi\u00f3n de aire de trabajo<\/strong>: La presi\u00f3n de aire de trabajo oscila entre 0,22 y 0,3 Mpa, lo que ofrece una experiencia c\u00f3moda y segura tanto para el dentista como para el paciente.<\/li>\n<li><strong>Movimienot<\/strong>: El movimiento alternativo de la m\u00e1quina dobladora oscilante de 90\u00ba permite un mejor acceso y maniobrabilidad.<\/li>\n<li><strong>Herramientas aplicables<\/strong>: Esta pieza de mano es compatible tanto con limadoras como con limadoras manuales, aportando versatilidad en su uso.<\/li>\n<li><strong>conector<\/strong>: El conector est\u00e1ndar ISO garantiza la compatibilidad con varios equipos dentales.<\/li>\n<li><strong>Cojinete de cer\u00e1mica<\/strong>: El cojinete cer\u00e1mico contribuye a la durabilidad y longevidad de la pieza de mano.<\/li>\n<li><strong>Nivel de ruido<\/strong>: Con un nivel de ruido inferior a 65 dB, garantiza un entorno tranquilo y confortable durante los procedimientos dentales.<\/li>\n<li><strong>Desinfecci\u00f3n<\/strong>: La pieza de mano se puede esterilizar en autoclave a 135 \u2103, lo que garantiza que est\u00e9 completamente desinfectada y sea segura de usar.<\/li>\n<\/ul>\n<h2>\u00bfPor qu\u00e9 elegir la pieza de mano de velocidad de reducci\u00f3n dental 10:1 CV-DX E10?<\/h2>\n<p>Esta pieza de mano no es s\u00f3lo una herramienta; es un punto de inflexi\u00f3n en el mundo de la odontolog\u00eda. Est\u00e1 dise\u00f1ado para ofrecer un rendimiento superior, facilidad de uso y durabilidad. Ya sea que est\u00e9 realizando un procedimiento dental de rutina o un tratamiento de endodoncia complejo, esta pieza de mano es su herramienta ideal.<\/p>\n<h2>\u00bfD\u00f3nde puedes encontrarlo?<\/h2>\n<p>Puede encontrar la pieza de mano de velocidad de reducci\u00f3n dental 10:1 CV-DX E10 y otros equipos dentales de alta calidad en <a href=\"https:\/\/cicadamedical.com\/es\/\" target=\"_new\" rel=\"noopener\">cigarra medica<\/a>. Tambi\u00e9n ofrecemos una amplia gama de otros productos dentales, que incluyen <a href=\"https:\/\/cicadamedical.com\/es\/categoria-producto\/endodontic\/\" target=\"_new\" rel=\"noopener\">endodoncia dental<\/a>, <a href=\"https:\/\/cicadamedical.com\/es\/categoria-producto\/led-curing-light\/\" target=\"_new\" rel=\"noopener\">Luz de curado llevada<\/a>, <a href=\"https:\/\/cicadamedical.com\/es\/categoria-producto\/surigical\/\" target=\"_new\" rel=\"noopener\">Cirug\u00eda Dental<\/a>, <a href=\"https:\/\/cicadamedical.com\/es\/categoria-producto\/clinic-micromotors\/\" target=\"_new\" rel=\"noopener\">Cl\u00ednica Micromotores<\/a>, <a href=\"https:\/\/cicadamedical.com\/es\/categoria-producto\/air-turbines\/\" target=\"_new\" rel=\"noopener\">turbinas de aire<\/a>, <a href=\"https:\/\/cicadamedical.com\/es\/lupa-dental\/\" target=\"_new\" rel=\"noopener\">Lupas Dentales<\/a>, <a href=\"https:\/\/cicadamedical.com\/es\/categoria-producto\/pmtc-system\/\" target=\"_new\" rel=\"noopener\">Sistema de PMTC dental<\/a>, y <a href=\"https:\/\/cicadamedical.com\/es\/categoria-producto\/dental-composite-heater\/\" target=\"_new\" rel=\"noopener\">Calentador compuesto dental<\/a>.<\/p>\n<h2>Conclusi\u00f3n<\/h2>\n<p>La pieza de mano de velocidad de reducci\u00f3n dental 10:1 CV-DX E10 es un testimonio del compromiso de Cicada Medical de proporcionar equipos dentales eficientes, confiables y de alta calidad. Con sus funciones avanzadas y rendimiento superior, est\u00e1 dise\u00f1ado para mejorar sus procedimientos dentales y brindar una experiencia c\u00f3moda a sus pacientes. Entonces, \u00bfpor qu\u00e9 esperar? \u00a1Mejore su pr\u00e1ctica dental con la pieza de mano de velocidad de reducci\u00f3n dental 10:1 CV-DX E10 hoy!<\/p>","protected":false},"excerpt":{"rendered":"<ul>\n<li>Pulsador, la fresa se quita f\u00e1cilmente y se instala herm\u00e9ticamente<\/li>\n<li>Cuerpo cromado, fuerte resistente.<\/li>\n<li>Cojinetes de cer\u00e1mica<\/li>\n<li>Cartucho potente, silencioso y de par grande<\/li>\n<\/ul>","protected":false},"featured_media":515,"comment_status":"open","ping_status":"closed","template":"","meta":[],"product_cat":[44],"product_tag":[],"_links":{"self":[{"href":"https:\/\/cicadamedical.com\/es\/wp-json\/wp\/v3\/product\/506"}],"collection":[{"href":"https:\/\/cicadamedical.com\/es\/wp-json\/wp\/v3\/product"}],"about":[{"href":"https:\/\/cicadamedical.com\/es\/wp-json\/wp\/v2\/types\/product"}],"replies":[{"embeddable":true,"href":"https:\/\/cicadamedical.com\/es\/wp-json\/wp\/v2\/comments?post=506"}],"wp:featuredmedia":[{"embeddable":true,"href":"https:\/\/cicadamedical.com\/es\/wp-json\/wp\/v2\/media\/515"}],"wp:attachment":[{"href":"https:\/\/cicadamedical.com\/es\/wp-json\/wp\/v2\/media?parent=506"}],"wp:term":[{"taxonomy":"product_cat","embeddable":true,"href":"https:\/\/cicadamedical.com\/es\/wp-json\/wp\/v2\/product_cat?post=506"},{"taxonomy":"product_tag","embeddable":true,"href":"https:\/\/cicadamedical.com\/es\/wp-json\/wp\/v2\/product_tag?post=506"}],"curies":[{"name":"wp","href":"https:\/\/api.w.org\/{rel}","templated":true}]}}