{"id":516,"date":"2023-06-28T21:07:47","date_gmt":"2023-06-28T13:07:47","guid":{"rendered":"http:\/\/cicadamedical.com\/?post_type=product&#038;p=516"},"modified":"2023-06-29T09:12:03","modified_gmt":"2023-06-29T01:12:03","slug":"low-speed-contra-angle-latch-type","status":"publish","type":"product","link":"https:\/\/cicadamedical.com\/es\/producto\/baja-velocidad-contra-angulo-tipo-pestillo\/","title":{"rendered":"Tipo de pestillo de contra\u00e1ngulo dental de baja velocidad"},"content":{"rendered":"<table align=\"center\">\n<tbody>\n<tr>\n<td>Nombre del producto<\/td>\n<td>Pieza de mano tipo traba de contra\u00e1ngulo 1:1<\/td>\n<\/tr>\n<tr>\n<td>cartucho<\/td>\n<td>serie EX<\/td>\n<\/tr>\n<tr>\n<td>m\u00e1xima velocidad<\/td>\n<td>25.000 min\/rpm<\/td>\n<\/tr>\n<tr>\n<td>Fuente de alimentaci\u00f3n<\/td>\n<td>Turbina<\/td>\n<\/tr>\n<tr>\n<td>Ruido<\/td>\n<td>\u226465dB<\/td>\n<\/tr>\n<tr>\n<td>Bur aplicable<\/td>\n<td>2,35 mm<\/td>\n<\/tr>\n<tr>\n<td>conector<\/td>\n<td>tipo E<\/td>\n<\/tr>\n<tr>\n<td>Tipo de mandril<\/td>\n<td>Tipo de pestillo<\/td>\n<\/tr>\n<tr>\n<td>Rociador de agua<\/td>\n<td>roc\u00edo de agua externo<\/td>\n<\/tr>\n<\/tbody>\n<\/table>\n<p><img loading=\"lazy\" decoding=\"async\" class=\"alignnone size-full wp-image-517\" src=\"http:\/\/cicadamedical.com\/wp-content\/uploads\/2022\/04\/contra_anglelatch_type.png\" alt=\"Tipo de mandril\" width=\"1200\" height=\"500\" srcset=\"https:\/\/cicadamedical.com\/wp-content\/uploads\/2022\/04\/contra_anglelatch_type.png 1200w, https:\/\/cicadamedical.com\/wp-content\/uploads\/2022\/04\/contra_anglelatch_type-600x250.png 600w, https:\/\/cicadamedical.com\/wp-content\/uploads\/2022\/04\/contra_anglelatch_type-768x320.png 768w\" sizes=\"(max-width: 1200px) 100vw, 1200px\" \/> <img loading=\"lazy\" decoding=\"async\" class=\"alignnone size-full wp-image-518\" src=\"http:\/\/cicadamedical.com\/wp-content\/uploads\/2022\/04\/contra_anglelatch_type_6.jpg\" alt=\"Est\u00e1ndar internacional tipo E\" width=\"1200\" height=\"500\" srcset=\"https:\/\/cicadamedical.com\/wp-content\/uploads\/2022\/04\/contra_anglelatch_type_6.jpg 1200w, https:\/\/cicadamedical.com\/wp-content\/uploads\/2022\/04\/contra_anglelatch_type_6-600x250.jpg 600w, https:\/\/cicadamedical.com\/wp-content\/uploads\/2022\/04\/contra_anglelatch_type_6-768x320.jpg 768w\" sizes=\"(max-width: 1200px) 100vw, 1200px\" \/> <img loading=\"lazy\" decoding=\"async\" class=\"alignnone size-full wp-image-519\" src=\"http:\/\/cicadamedical.com\/wp-content\/uploads\/2022\/04\/contra_anglelatch_type_2.png\" alt=\"Dise\u00f1o cl\u00e1sico\" width=\"1200\" height=\"500\" srcset=\"https:\/\/cicadamedical.com\/wp-content\/uploads\/2022\/04\/contra_anglelatch_type_2.png 1200w, https:\/\/cicadamedical.com\/wp-content\/uploads\/2022\/04\/contra_anglelatch_type_2-600x250.png 600w, https:\/\/cicadamedical.com\/wp-content\/uploads\/2022\/04\/contra_anglelatch_type_2-768x320.png 768w\" sizes=\"(max-width: 1200px) 100vw, 1200px\" \/><\/p>\n<p>La pieza de mano dental de tipo pestillo de contra\u00e1ngulo de baja velocidad, un producto de Cicada Medical, es una herramienta dental de primer nivel dise\u00f1ada para brindar una experiencia de procedimiento dental eficiente y sin inconvenientes. Esta pieza de mano se caracteriza por su dise\u00f1o tipo pestillo, que permite una f\u00e1cil extracci\u00f3n y una instalaci\u00f3n segura de las fresas.<\/p>\n<h3>Caracter\u00edsticas clave<\/h3>\n<ul>\n<li><strong>Dise\u00f1o tipo pestillo<\/strong>: Esta funci\u00f3n garantiza que la fresa se pueda quitar f\u00e1cilmente y se instale firmemente.<\/li>\n<li><strong>Dise\u00f1o de superficie lisa<\/strong>: La pieza de mano cuenta con un dise\u00f1o de superficie suave, que no solo mejora su atractivo est\u00e9tico sino que tambi\u00e9n garantiza una calidad confiable.<\/li>\n<li><strong>Cuerpo cromado<\/strong>: El cuerpo de la pieza de mano est\u00e1 cromado, lo que la hace fuerte y resistente.<\/li>\n<li><strong>Cojinetes de cer\u00e1mica y engranajes de acero<\/strong>: Estos componentes contribuyen a la potencia, el funcionamiento silencioso y el gran torque de la pieza de mano.<\/li>\n<li><strong>Mini cabeza<\/strong>: El mini cabezal proporciona una visi\u00f3n clara, mejorando la precisi\u00f3n durante los procedimientos dentales.<\/li>\n<li><strong>Fuente de alimentaci\u00f3n<\/strong>: La pieza de mano es accionada por una turbina.<\/li>\n<li><strong>Nivel de ruido<\/strong>: El nivel de ruido de la pieza de mano es \u226465 dB, lo que garantiza un ambiente confortable tanto para el dentista como para el paciente.<\/li>\n<li><strong>Fresa aplicable<\/strong>: La pieza de mano es compatible con una fresa de 2,35 mm.<\/li>\n<li><strong>conector<\/strong>: La pieza de mano cuenta con un conector tipo E.<\/li>\n<li><strong>Tipo de mandril<\/strong>: El tipo de mandril de la pieza de mano es de tipo pestillo.<\/li>\n<li><strong>Rociador de agua<\/strong>: La pieza de mano viene con una funci\u00f3n de rociado de agua externo.<\/li>\n<\/ul>\n<h3>\u00bfPor qu\u00e9 elegir cigarra m\u00e9dica?<\/h3>\n<p>Cicada Medical es un proveedor l\u00edder de equipos dentales reconocido como pionero en el mercado de China. Ofrecen una amplia gama de equipos dentales internacionales que cumplen con los est\u00e1ndares globales. Ya sea que est\u00e9s buscando <a href=\"https:\/\/cicadamedical.com\/es\/limas-dentales-endo-niti\/\" target=\"_new\" rel=\"noopener\">endodoncia dental<\/a> herramientas, <a href=\"https:\/\/cicadamedical.com\/es\/luz-cura-dental-led\/\" target=\"_new\" rel=\"noopener\">Luz de curado llevada<\/a>, <a href=\"https:\/\/cicadamedical.com\/es\/instrumental-quirurgico-dental-con-cigarra-medical\/\" target=\"_new\" rel=\"noopener\">Cirug\u00eda Dental<\/a> instrumentos, o <a href=\"https:\/\/cicadamedical.com\/es\/categoria-producto\/air-turbines\/\" target=\"_new\" rel=\"noopener\">Turbinas de aire dentales<\/a>, Cicada Medical lo tiene cubierto.<\/p>\n<h3>Conclusi\u00f3n<\/h3>\n<p>La pieza de mano dental de tipo pestillo de contra\u00e1ngulo de baja velocidad es un testimonio del compromiso de Cicada Medical de proporcionar equipos dentales de alta calidad. Sus caracter\u00edsticas y dise\u00f1o \u00fanicos lo convierten en una herramienta imprescindible para cualquier profesional dental. Entonces, \u00bfpor qu\u00e9 esperar? <a href=\"https:\/\/cicadamedical.com\/es\/producto\/baja-velocidad-contra-angulo-tipo-pestillo\/\" target=\"_new\" rel=\"noopener\">Preguntar ahora<\/a> y mejore su pr\u00e1ctica dental con el equipo dental de primera categor\u00eda de Cicada Medical.<\/p>","protected":false},"excerpt":{"rendered":"<ul>\n<li>Tipo pestillo, la fresa se quita f\u00e1cilmente y se instala herm\u00e9ticamente.<\/li>\n<li>Dise\u00f1o de superficie lisa con calidad confiable.<\/li>\n<li>Cuerpo cromado, fuerte resistente.<\/li>\n<li>Cojinetes cer\u00e1micos y engranajes de acero.<\/li>\n<li>Cartucho potente, silencioso y de gran par.<\/li>\n<li>La mini cabeza proporciona una visi\u00f3n clara.<\/li>\n<\/ul>","protected":false},"featured_media":524,"comment_status":"open","ping_status":"closed","template":"","meta":[],"product_cat":[43],"product_tag":[],"_links":{"self":[{"href":"https:\/\/cicadamedical.com\/es\/wp-json\/wp\/v3\/product\/516"}],"collection":[{"href":"https:\/\/cicadamedical.com\/es\/wp-json\/wp\/v3\/product"}],"about":[{"href":"https:\/\/cicadamedical.com\/es\/wp-json\/wp\/v2\/types\/product"}],"replies":[{"embeddable":true,"href":"https:\/\/cicadamedical.com\/es\/wp-json\/wp\/v2\/comments?post=516"}],"wp:featuredmedia":[{"embeddable":true,"href":"https:\/\/cicadamedical.com\/es\/wp-json\/wp\/v2\/media\/524"}],"wp:attachment":[{"href":"https:\/\/cicadamedical.com\/es\/wp-json\/wp\/v2\/media?parent=516"}],"wp:term":[{"taxonomy":"product_cat","embeddable":true,"href":"https:\/\/cicadamedical.com\/es\/wp-json\/wp\/v2\/product_cat?post=516"},{"taxonomy":"product_tag","embeddable":true,"href":"https:\/\/cicadamedical.com\/es\/wp-json\/wp\/v2\/product_tag?post=516"}],"curies":[{"name":"wp","href":"https:\/\/api.w.org\/{rel}","templated":true}]}}