{"id":525,"date":"2023-06-28T21:13:05","date_gmt":"2023-06-28T13:13:05","guid":{"rendered":"http:\/\/cicadamedical.com\/?post_type=product&#038;p=525"},"modified":"2023-06-29T09:10:57","modified_gmt":"2023-06-29T01:10:57","slug":"low-speed-contra-angle-push-button-type","status":"publish","type":"product","link":"https:\/\/cicadamedical.com\/es\/producto\/baja-velocidad-contra-angulo-pulsador-tipo\/","title":{"rendered":"Tipo de bot\u00f3n pulsador de contra\u00e1ngulo dental de baja velocidad"},"content":{"rendered":"<table class=\"Table\" align=\"center\">\n<tbody>\n<tr>\n<td>m\u00e1xima velocidad<\/td>\n<td>40.000 rpm<\/td>\n<\/tr>\n<tr>\n<td>Presi\u00f3n de aire de trabajo<\/td>\n<td>245-392Kpa<\/td>\n<\/tr>\n<tr>\n<td>agua de refrigeraci\u00f3n<\/td>\n<td>roc\u00edo de agua externo<\/td>\n<\/tr>\n<tr>\n<td>Relaci\u00f3n<\/td>\n<td>1:1<\/td>\n<\/tr>\n<tr>\n<td>Tama\u00f1o aplicable de la fresa<\/td>\n<td>CA de 2,35 mm<\/td>\n<\/tr>\n<tr>\n<td>Ruido<\/td>\n<td>\u226468dB<\/td>\n<\/tr>\n<tr>\n<td>fresa de mandril<\/td>\n<td>presionar el bot\u00f3n<\/td>\n<\/tr>\n<tr>\n<td>Cojinete<\/td>\n<td>rodamiento cer\u00e1mico<\/td>\n<\/tr>\n<tr>\n<td>conexi\u00f3n disponible<\/td>\n<td>Est\u00e1ndar internacional tipo E<\/td>\n<\/tr>\n<\/tbody>\n<\/table>\n<p><img loading=\"lazy\" decoding=\"async\" class=\"alignnone size-full wp-image-526\" src=\"http:\/\/cicadamedical.com\/wp-content\/uploads\/2022\/04\/contra_angle_detailed__1.jpg\" alt=\"Est\u00e1ndar internacional tipo E\" width=\"1200\" height=\"500\" srcset=\"https:\/\/cicadamedical.com\/wp-content\/uploads\/2022\/04\/contra_angle_detailed__1.jpg 1200w, https:\/\/cicadamedical.com\/wp-content\/uploads\/2022\/04\/contra_angle_detailed__1-600x250.jpg 600w, https:\/\/cicadamedical.com\/wp-content\/uploads\/2022\/04\/contra_angle_detailed__1-768x320.jpg 768w\" sizes=\"(max-width: 1200px) 100vw, 1200px\" \/> <img loading=\"lazy\" decoding=\"async\" class=\"alignnone size-full wp-image-527\" src=\"http:\/\/cicadamedical.com\/wp-content\/uploads\/2022\/04\/contra_angle_detailed__3.png\" alt=\"Dise\u00f1o cl\u00e1sico\" width=\"1200\" height=\"500\" srcset=\"https:\/\/cicadamedical.com\/wp-content\/uploads\/2022\/04\/contra_angle_detailed__3.png 1200w, https:\/\/cicadamedical.com\/wp-content\/uploads\/2022\/04\/contra_angle_detailed__3-600x250.png 600w, https:\/\/cicadamedical.com\/wp-content\/uploads\/2022\/04\/contra_angle_detailed__3-768x320.png 768w\" sizes=\"(max-width: 1200px) 100vw, 1200px\" \/> <img loading=\"lazy\" decoding=\"async\" class=\"alignnone size-full wp-image-528\" src=\"http:\/\/cicadamedical.com\/wp-content\/uploads\/2022\/04\/contra_angle_detailed__2.png\" alt=\"Tipo de pulsador\" width=\"1200\" height=\"500\" srcset=\"https:\/\/cicadamedical.com\/wp-content\/uploads\/2022\/04\/contra_angle_detailed__2.png 1200w, https:\/\/cicadamedical.com\/wp-content\/uploads\/2022\/04\/contra_angle_detailed__2-600x250.png 600w, https:\/\/cicadamedical.com\/wp-content\/uploads\/2022\/04\/contra_angle_detailed__2-768x320.png 768w\" sizes=\"(max-width: 1200px) 100vw, 1200px\" \/><\/p>\n<p>Bienvenido a Cicada Medical, su socio de confianza para equipos dentales de alta calidad. Hoy, nos centramos en nuestra pieza de mano tipo bot\u00f3n pulsador de contra\u00e1ngulo dental de baja velocidad. Esta herramienta cambia las reglas del juego en la industria dental y ofrece una combinaci\u00f3n de eficiencia, comodidad y precisi\u00f3n dif\u00edcil de igualar.<\/p>\n<h2>Caracter\u00edsticas clave<\/h2>\n<p>Nuestra pieza de mano tipo bot\u00f3n pulsador de contra\u00e1ngulo dental de baja velocidad viene con una serie de caracter\u00edsticas dise\u00f1adas para mejorar sus procedimientos dentales:<\/p>\n<ul>\n<li><strong>Tipo de bot\u00f3n pulsador<\/strong>: Esta caracter\u00edstica permite cambios de fresa f\u00e1ciles y r\u00e1pidos, mejorando la eficiencia en sus procedimientos dentales.<\/li>\n<li><strong>Riego Externo<\/strong>: Esto asegura una superficie de trabajo fr\u00eda, lo cual es crucial para la comodidad del paciente y la longevidad de la fresa dental.<\/li>\n<li><strong>Compatibilidad<\/strong>: El contra\u00e1ngulo es compatible con NSK FPB-EC, ofreciendo una excelente calidad y fiabilidad.<\/li>\n<li><strong>Dise\u00f1o y Estabilidad<\/strong>: Con su dise\u00f1o cl\u00e1sico, nuestra pieza de mano ofrece buena estabilidad y un ruido suave, lo que hace que los procedimientos dentales sean m\u00e1s c\u00f3modos tanto para el dentista como para el paciente.<\/li>\n<li><strong>Conector tipo E<\/strong>: Nuestra pieza de mano encaja en todos los conectores tipo E, lo que la convierte en una adici\u00f3n vers\u00e1til a su juego de herramientas dentales.<\/li>\n<\/ul>\n<h2>Especificaciones t\u00e9cnicas<\/h2>\n<p>Estos son los detalles t\u00e9cnicos de nuestra pieza de mano tipo bot\u00f3n pulsador de contra\u00e1ngulo dental de baja velocidad:<\/p>\n<ul>\n<li>Velocidad m\u00e1xima: 40.000 rpm<\/li>\n<li>Presi\u00f3n de aire de trabajo: 245-392Kpa<\/li>\n<li>Agua de refrigeraci\u00f3n: Pulverizaci\u00f3n de agua externa<\/li>\n<li>Relaci\u00f3n: 1:1<\/li>\n<li>Tama\u00f1o aplicable de la fresa: 2,35 mm CA<\/li>\n<li>Ruido: \u226468db<\/li>\n<li>Portabrocas: Pulsador<\/li>\n<li>Cojinete: Cojinete de cer\u00e1mica<\/li>\n<li>Conexi\u00f3n disponible: est\u00e1ndar internacional tipo E<\/li>\n<\/ul>\n<h2>\u00bfPor qu\u00e9 elegir cigarra m\u00e9dica?<\/h2>\n<p>En <a href=\"https:\/\/cicadamedical.com\/es\/\" target=\"_new\" rel=\"noopener\">cigarra medica<\/a>, somos reconocidos como un nombre pionero y bien establecido en el mercado de China, que ofrece una amplia gama de equipos dentales internacionales con est\u00e1ndares globales. Ya sea que est\u00e9s buscando <a href=\"https:\/\/cicadamedical.com\/es\/dental-endo-motor\/\" target=\"_new\" rel=\"noopener\">endodoncia dental<\/a> herramientas, <a href=\"https:\/\/cicadamedical.com\/es\/producto\/lampara-de-polimerizacion-led-cv-215-gun-mhp\/\" target=\"_new\" rel=\"noopener\">Luces de curado LED<\/a>, <a href=\"https:\/\/cicadamedical.com\/es\/categoria-producto\/surigical\/implant-motor\/\" target=\"_new\" rel=\"noopener\">Cirug\u00eda Dental<\/a> instrumentos, o <a href=\"https:\/\/cicadamedical.com\/es\/categoria-producto\/air-turbines\/\" target=\"_new\" rel=\"noopener\">turbinas de aire<\/a>, te tenemos cubierto.<\/p>\n<h2>Conclusi\u00f3n<\/h2>\n<p>La pieza de mano tipo bot\u00f3n pulsador de contra\u00e1ngulo dental de baja velocidad es una herramienta esencial para cualquier pr\u00e1ctica dental. Sus caracter\u00edsticas y especificaciones t\u00e9cnicas \u00fanicas lo convierten en una herramienta confiable y eficiente para diversos procedimientos dentales. En Cicada Medical, estamos comprometidos a brindarle el mejor equipo dental que cumpla con los est\u00e1ndares internacionales. Para m\u00e1s informaci\u00f3n o para realizar un pedido, <a href=\"https:\/\/cicadamedical.com\/es\/\" target=\"_new\" rel=\"noopener\">Cont\u00e1ctenos<\/a> \u00a1hoy!<\/p>\n<h2>Productos relacionados<\/h2>\n<p>Si est\u00e1 interesado en nuestra pieza de mano tipo bot\u00f3n pulsador de contra\u00e1ngulo dental de baja velocidad, es posible que tambi\u00e9n desee consultar estos productos relacionados:<\/p>\n<ul>\n<li><a href=\"https:\/\/cicadamedical.com\/es\/producto\/rociador-de-agua-externo-pieza-de-mano-baja-velocidad-cv-dx-em4-kt-1\/\" target=\"_new\" rel=\"noopener\">Pulverizador de agua externo Pieza de mano de baja velocidad CV-DX EM4 KT-1<\/a><\/li>\n<li><a href=\"https:\/\/cicadamedical.com\/es\/producto\/rociador-de-agua-externo-pieza-de-mano-baja-velocidad-cv-dx-em4-kt-1fx\/\" target=\"_new\" rel=\"noopener\">Pulverizador de agua externo Pieza de mano de baja velocidad CV-DX EM4 KT-1(Fx)<\/a><\/li>\n<li><a href=\"https:\/\/cicadamedical.com\/es\/producto\/baja-velocidad-contra-angulo-tipo-pestillo\/\" target=\"_new\" rel=\"noopener\">Tipo de pestillo de contra\u00e1ngulo dental de baja velocidad<\/a><\/li>\n<\/ul>\n<p>Recuerde, en Cicada Medical no solo nos dedicamos a vender productos; Nuestro objetivo es brindar soluciones que mejoren la calidad de la atenci\u00f3n dental. Entonces, ya sea que sea un odont\u00f3logo que busca actualizar su kit de herramientas o un distribuidor de suministros dentales que busca productos confiables, estamos aqu\u00ed para servirle.<\/p>\n<h2>Una palabra sobre Cicada Medical<\/h2>\n<p>Cicada Medical es un proveedor l\u00edder de equipos dentales, reconocido por su presencia pionera y bien establecida en el mercado chino. Ofrecemos una amplia gama de equipos dentales internacionales que cumplen con los est\u00e1ndares globales. Nuestro compromiso con la calidad y la satisfacci\u00f3n del cliente nos ha ganado la reputaci\u00f3n de ser un socio confiable para los profesionales dentales en todo el mundo.<\/p>\n<h2>Equipos dentales en Cicada Medical<\/h2>\n<p>En Cicada Medical, ofrecemos una amplia gama de equipos dentales para satisfacer las diversas necesidades de los profesionales de la odontolog\u00eda. Estas son algunas de las categor\u00edas que puede explorar:<\/p>\n<ul>\n<li><a href=\"https:\/\/cicadamedical.com\/es\/dental-endo-motor\/\" target=\"_new\" rel=\"noopener\">endodoncia dental<\/a><\/li>\n<li><a href=\"https:\/\/cicadamedical.com\/es\/producto\/lampara-de-polimerizacion-led-cv-215-gun-mhp\/\" target=\"_new\" rel=\"noopener\">Luz de curado llevada<\/a><\/li>\n<li><a href=\"https:\/\/cicadamedical.com\/es\/categoria-producto\/surigical\/implant-motor\/\" target=\"_new\" rel=\"noopener\">Cirug\u00eda Dental<\/a><\/li>\n<li><a href=\"https:\/\/cicadamedical.com\/es\/categoria-producto\/air-turbines\/\" target=\"_new\" rel=\"noopener\">Turbinas de aire dentales<\/a><\/li>\n<li><a href=\"https:\/\/cicadamedical.com\/es\/pieza-de-mano-dental-de-baja-velocidad\/\" target=\"_new\" rel=\"noopener\">Pieza de mano dental de baja velocidad<\/a><\/li>\n<\/ul>\n<h2>Cont\u00e1ctenos<\/h2>\n<p>Para obtener m\u00e1s informaci\u00f3n sobre nuestros productos o realizar un pedido, comun\u00edquese con nosotros al +86-0757-85775667 o env\u00edenos un correo electr\u00f3nico a <a href=\"mailto:info@cicadamedical.com\" target=\"_new\" rel=\"noopener\">info@cicadamedical.com<\/a>. Tambi\u00e9n puede visitarnos en Nanhai, Foshan, Guangdong, China.<\/p>\n<h2>Terminando<\/h2>\n<p>En conclusi\u00f3n, la pieza de mano tipo bot\u00f3n pulsador de contra\u00e1ngulo dental de baja velocidad es una herramienta vers\u00e1til y eficiente que puede mejorar significativamente la calidad del cuidado dental. Con sus caracter\u00edsticas \u00fanicas y su dise\u00f1o de alta calidad, es una valiosa adici\u00f3n a cualquier consulta dental. En Cicada Medical, estamos comprometidos a brindarle el mejor equipo dental que cumpla con los est\u00e1ndares internacionales. Cont\u00e1ctenos hoy para obtener m\u00e1s informaci\u00f3n sobre nuestros productos y c\u00f3mo podemos ayudarlo a mejorar su pr\u00e1ctica dental.<\/p>\n<p>Recuerde, en Cicada Medical, no nos dedicamos solo a vender productos; Nuestro objetivo es brindar soluciones que mejoren la calidad de la atenci\u00f3n dental. Entonces, ya sea que sea un odont\u00f3logo que busca actualizar su kit de herramientas o un distribuidor de suministros dentales que busca productos confiables, estamos aqu\u00ed para servirle.<\/p>\n<p>\u00a1Uf! Es mucha informaci\u00f3n, pero esperamos que haya sido \u00fatil. Si tiene alguna pregunta, no dude en comunicarse. \u00a1Estamos aqu\u00ed para ayudar!<\/p>","protected":false},"excerpt":{"rendered":"<ul>\n<li>Tipo pulsador, riego externo.<\/li>\n<li>El contra\u00e1ngulo es compatible con NSK FPB-EC, Excelente calidad.<\/li>\n<li>Dise\u00f1o cl\u00e1sico, buena estabilidad, ruido suave.<\/li>\n<li>Se adapta a todos los conectores tipo E.<\/li>\n<\/ul>","protected":false},"featured_media":533,"comment_status":"open","ping_status":"closed","template":"","meta":[],"product_cat":[43],"product_tag":[],"_links":{"self":[{"href":"https:\/\/cicadamedical.com\/es\/wp-json\/wp\/v3\/product\/525"}],"collection":[{"href":"https:\/\/cicadamedical.com\/es\/wp-json\/wp\/v3\/product"}],"about":[{"href":"https:\/\/cicadamedical.com\/es\/wp-json\/wp\/v2\/types\/product"}],"replies":[{"embeddable":true,"href":"https:\/\/cicadamedical.com\/es\/wp-json\/wp\/v2\/comments?post=525"}],"wp:featuredmedia":[{"embeddable":true,"href":"https:\/\/cicadamedical.com\/es\/wp-json\/wp\/v2\/media\/533"}],"wp:attachment":[{"href":"https:\/\/cicadamedical.com\/es\/wp-json\/wp\/v2\/media?parent=525"}],"wp:term":[{"taxonomy":"product_cat","embeddable":true,"href":"https:\/\/cicadamedical.com\/es\/wp-json\/wp\/v2\/product_cat?post=525"},{"taxonomy":"product_tag","embeddable":true,"href":"https:\/\/cicadamedical.com\/es\/wp-json\/wp\/v2\/product_tag?post=525"}],"curies":[{"name":"wp","href":"https:\/\/api.w.org\/{rel}","templated":true}]}}