{"id":534,"date":"2023-06-28T21:21:23","date_gmt":"2023-06-28T13:21:23","guid":{"rendered":"http:\/\/cicadamedical.com\/?post_type=product&#038;p=534"},"modified":"2023-06-29T09:14:29","modified_gmt":"2023-06-29T01:14:29","slug":"external-water-spray-low-speed-handpiece-cv-dx-em4-kt-1fx","status":"publish","type":"product","link":"https:\/\/cicadamedical.com\/es\/producto\/rociador-de-agua-externo-pieza-de-mano-baja-velocidad-cv-dx-em4-kt-1fx\/","title":{"rendered":"Pulverizador de agua externo Pieza de mano de baja velocidad CV-DX EM4 KT-1(Fx)"},"content":{"rendered":"<p>La pieza de mano de baja velocidad con pulverizaci\u00f3n de agua externa CV-DX EM4 KT-1(Fx) es una herramienta dental de \u00faltima generaci\u00f3n dise\u00f1ada para mejorar la eficiencia y la comodidad de los procedimientos dentales. Esta pieza de mano, presentada por Cicada Medical, es reconocida por su rendimiento de alta calidad y dise\u00f1o ergon\u00f3mico.<\/p>\n<h3>Caracter\u00edsticas clave<\/h3>\n<ul>\n<li><strong>Cabeza delgada y cuerpo m\u00e1s largo<\/strong>: La pieza de mano est\u00e1 dise\u00f1ada con una cabeza delgada y un cuerpo m\u00e1s largo, lo que proporciona una amplia visi\u00f3n del diente posterior. Esta funci\u00f3n facilita a los dentistas la realizaci\u00f3n de procedimientos dentales precisos.<\/li>\n<li><strong>Liviano y Ergon\u00f3mico<\/strong>: La pieza de mano es liviana, lo que garantiza un equilibrio c\u00f3modo para el dentista durante los procedimientos. El dise\u00f1o de patr\u00f3n ergon\u00f3mico antideslizante evita que la pieza de mano se deslice y el dise\u00f1o de bloqueo de seguridad garantiza que la fresa no se separe de la pieza de mano.<\/li>\n<li><strong>Tipo de bot\u00f3n pulsador<\/strong>: La pieza de mano es de tipo pulsador, lo que facilita la carga y descarga de la fresa.<\/li>\n<li><strong>minimotor de aire<\/strong>: La pieza de mano viene con un mini motor neum\u00e1tico. Su peso ligero y su minicuerpo permiten una operaci\u00f3n m\u00e1s conveniente. La direcci\u00f3n de rotaci\u00f3n (adelante\/atr\u00e1s) y la parada se pueden ajustar con la perilla.<\/li>\n<li><strong>Pulverizaci\u00f3n de agua externa<\/strong>: La pieza de mano cuenta con un solo rociador de agua externo, que ayuda a enfriar el \u00e1rea en la que se trabaja, evitando un da\u00f1o iatrog\u00e9nico debido al calor friccional.<\/li>\n<\/ul>\n<h3>Especificaciones<\/h3>\n<ul>\n<li>Modelo: CV\/DX EM4 KT-1(FX)<\/li>\n<li>Tipo de mandril: Bot\u00f3n pulsador<\/li>\n<li>Velocidad: 30,000-40,000rmp\/min<\/li>\n<li>Ruido: \u226468dB<\/li>\n<li>Rodamientos: rodamiento de bolas<\/li>\n<li>Pulverizaci\u00f3n de agua: Pulverizaci\u00f3n de agua individual (externa)<\/li>\n<li>Presi\u00f3n de aire: 0,25-0,30 mapa<\/li>\n<li>Cartucho: Cartucho de importaci\u00f3n<\/li>\n<\/ul>\n<h3>Accesorios<\/h3>\n<ul>\n<li>Minimotor: 1 ud.<\/li>\n<li>Contra\u00e1ngulo: 1pc<\/li>\n<li>Pieza de mano recta: 1pc<\/li>\n<\/ul>\n<h3>Una palabra sobre Cicada Medical<\/h3>\n<p>Cicada Medical es un proveedor l\u00edder de equipos dentales, reconocido como un nombre pionero y bien establecido en el mercado de China. Ofrecen una amplia gama de equipos dentales internacionales que cumplen con los est\u00e1ndares globales. Ya sea que est\u00e9s buscando <a href=\"https:\/\/cicadamedical.com\/es\/dental-endo-motor\/\" target=\"_new\" rel=\"noopener\">endodoncia dental<\/a>, <a href=\"https:\/\/cicadamedical.com\/es\/producto\/lampara-de-polimerizacion-led-cv-215-gun-mhp\/\" target=\"_new\" rel=\"noopener\">Luz de curado llevada<\/a>, <a href=\"https:\/\/cicadamedical.com\/es\/categoria-producto\/surigical\/implant-motor\/\" target=\"_new\" rel=\"noopener\">Cirug\u00eda Dental<\/a>, <a href=\"https:\/\/cicadamedical.com\/es\/categoria-producto\/air-turbines\/\" target=\"_new\" rel=\"noopener\">turbinas de aire<\/a>, o <a href=\"https:\/\/cicadamedical.com\/es\/pieza-de-mano-dental-de-baja-velocidad\/\" target=\"_new\" rel=\"noopener\">Pieza de mano dental de baja velocidad<\/a>, Cicada Medical lo tiene cubierto.<\/p>\n<h3>En conclusi\u00f3n<\/h3>\n<p>La pieza de mano de baja velocidad con pulverizaci\u00f3n de agua externa CV-DX EM4 KT-1(Fx) es un testimonio del compromiso de Cicada Medical de proporcionar equipos dentales de alta calidad. Su dise\u00f1o ergon\u00f3mico y sus funciones avanzadas lo convierten en una herramienta imprescindible para cualquier pr\u00e1ctica odontol\u00f3gica. Para obtener m\u00e1s informaci\u00f3n sobre este producto o realizar un pedido, visite el <a href=\"https:\/\/cicadamedical.com\/es\/producto\/rociador-de-agua-externo-pieza-de-mano-baja-velocidad-cv-dx-em4-kt-1fx\/\" target=\"_new\" rel=\"noopener\">p\u00e1gina del producto<\/a>.<\/p>\n<p>Recuerde, el equipo dental de alta calidad no se trata s\u00f3lo de eficiencia y precisi\u00f3n; tambi\u00e9n se trata de garantizar la comodidad y seguridad tanto del dentista como del paciente. Por lo tanto, no comprometa sus herramientas dentales. Elija Cicada Medical para obtener equipos dentales confiables y de alta calidad.<\/p>\n<p><img loading=\"lazy\" decoding=\"async\" class=\"alignnone size-full wp-image-535\" src=\"http:\/\/cicadamedical.com\/wp-content\/uploads\/2022\/04\/external_water_spray_low_speed_handpiece_cv-dx_em4_kt-1fx_detailed__1.jpg\" alt=\"El antideslizante\" width=\"1200\" height=\"500\" srcset=\"https:\/\/cicadamedical.com\/wp-content\/uploads\/2022\/04\/external_water_spray_low_speed_handpiece_cv-dx_em4_kt-1fx_detailed__1.jpg 1200w, https:\/\/cicadamedical.com\/wp-content\/uploads\/2022\/04\/external_water_spray_low_speed_handpiece_cv-dx_em4_kt-1fx_detailed__1-600x250.jpg 600w, https:\/\/cicadamedical.com\/wp-content\/uploads\/2022\/04\/external_water_spray_low_speed_handpiece_cv-dx_em4_kt-1fx_detailed__1-768x320.jpg 768w\" sizes=\"(max-width: 1200px) 100vw, 1200px\" \/> <img loading=\"lazy\" decoding=\"async\" class=\"alignnone size-full wp-image-536\" src=\"http:\/\/cicadamedical.com\/wp-content\/uploads\/2022\/04\/external_water_spray_low_speed_handpiece_cv-dx_em4_kt-1fx_detailed__4.png\" alt=\"Tipo de pulsador\" width=\"1200\" height=\"500\" srcset=\"https:\/\/cicadamedical.com\/wp-content\/uploads\/2022\/04\/external_water_spray_low_speed_handpiece_cv-dx_em4_kt-1fx_detailed__4.png 1200w, https:\/\/cicadamedical.com\/wp-content\/uploads\/2022\/04\/external_water_spray_low_speed_handpiece_cv-dx_em4_kt-1fx_detailed__4-600x250.png 600w, https:\/\/cicadamedical.com\/wp-content\/uploads\/2022\/04\/external_water_spray_low_speed_handpiece_cv-dx_em4_kt-1fx_detailed__4-768x320.png 768w\" sizes=\"(max-width: 1200px) 100vw, 1200px\" \/> <img loading=\"lazy\" decoding=\"async\" class=\"alignnone size-full wp-image-537\" src=\"http:\/\/cicadamedical.com\/wp-content\/uploads\/2022\/04\/external_water_spray_low_speed_handpiece_cv-dx_em4_kt-1fx_detailed__3.png\" alt=\"El peso ligero ofrece\" width=\"1200\" height=\"500\" srcset=\"https:\/\/cicadamedical.com\/wp-content\/uploads\/2022\/04\/external_water_spray_low_speed_handpiece_cv-dx_em4_kt-1fx_detailed__3.png 1200w, https:\/\/cicadamedical.com\/wp-content\/uploads\/2022\/04\/external_water_spray_low_speed_handpiece_cv-dx_em4_kt-1fx_detailed__3-600x250.png 600w, https:\/\/cicadamedical.com\/wp-content\/uploads\/2022\/04\/external_water_spray_low_speed_handpiece_cv-dx_em4_kt-1fx_detailed__3-768x320.png 768w\" sizes=\"(max-width: 1200px) 100vw, 1200px\" \/> <img loading=\"lazy\" decoding=\"async\" class=\"alignnone size-full wp-image-538\" src=\"http:\/\/cicadamedical.com\/wp-content\/uploads\/2022\/04\/external_water_spray_low_speed_handpiece_cv-dx_em4_kt-1fx_detailed__2.jpg\" alt=\"Mini motor de aire\" width=\"1200\" height=\"500\" srcset=\"https:\/\/cicadamedical.com\/wp-content\/uploads\/2022\/04\/external_water_spray_low_speed_handpiece_cv-dx_em4_kt-1fx_detailed__2.jpg 1200w, https:\/\/cicadamedical.com\/wp-content\/uploads\/2022\/04\/external_water_spray_low_speed_handpiece_cv-dx_em4_kt-1fx_detailed__2-600x250.jpg 600w, https:\/\/cicadamedical.com\/wp-content\/uploads\/2022\/04\/external_water_spray_low_speed_handpiece_cv-dx_em4_kt-1fx_detailed__2-768x320.jpg 768w\" sizes=\"(max-width: 1200px) 100vw, 1200px\" \/><\/p>\n<p>&nbsp;<\/p>","protected":false},"excerpt":{"rendered":"<ul>\n<li>La cabeza delgada y el cuerpo m\u00e1s largo brindan una amplia visi\u00f3n del diente posterior.<\/li>\n<li>El peso ligero ofrece un equilibrio ergon\u00f3mico c\u00f3modo para el dentista.<\/li>\n<li>Tipo de bot\u00f3n pulsador, m\u00e1s f\u00e1cil de cargar y descargar la fresa.<\/li>\n<li>El dise\u00f1o de patr\u00f3n ergon\u00f3mico antideslizante no es f\u00e1cil de caer y el dise\u00f1o de bloqueo de seguridad no har\u00e1 que la fresa se separe de la pieza de mano.<\/li>\n<li>Mini motor de aire, peso ligero y mini cuerpo operaci\u00f3n m\u00e1s conveniente.<\/li>\n<li>El avance\/retroceso y la parada se pueden ajustar con la perilla.<\/li>\n<\/ul>","protected":false},"featured_media":543,"comment_status":"open","ping_status":"closed","template":"","meta":[],"product_cat":[43],"product_tag":[],"_links":{"self":[{"href":"https:\/\/cicadamedical.com\/es\/wp-json\/wp\/v3\/product\/534"}],"collection":[{"href":"https:\/\/cicadamedical.com\/es\/wp-json\/wp\/v3\/product"}],"about":[{"href":"https:\/\/cicadamedical.com\/es\/wp-json\/wp\/v2\/types\/product"}],"replies":[{"embeddable":true,"href":"https:\/\/cicadamedical.com\/es\/wp-json\/wp\/v2\/comments?post=534"}],"wp:featuredmedia":[{"embeddable":true,"href":"https:\/\/cicadamedical.com\/es\/wp-json\/wp\/v2\/media\/543"}],"wp:attachment":[{"href":"https:\/\/cicadamedical.com\/es\/wp-json\/wp\/v2\/media?parent=534"}],"wp:term":[{"taxonomy":"product_cat","embeddable":true,"href":"https:\/\/cicadamedical.com\/es\/wp-json\/wp\/v2\/product_cat?post=534"},{"taxonomy":"product_tag","embeddable":true,"href":"https:\/\/cicadamedical.com\/es\/wp-json\/wp\/v2\/product_tag?post=534"}],"curies":[{"name":"wp","href":"https:\/\/api.w.org\/{rel}","templated":true}]}}