{"id":544,"date":"2023-06-28T21:27:33","date_gmt":"2023-06-28T13:27:33","guid":{"rendered":"http:\/\/cicadamedical.com\/?post_type=product&#038;p=544"},"modified":"2023-06-29T09:17:03","modified_gmt":"2023-06-29T01:17:03","slug":"external-water-spray-low-speed-handpiece-cv-dx-em4-kt-1","status":"publish","type":"product","link":"https:\/\/cicadamedical.com\/es\/producto\/rociador-de-agua-externo-pieza-de-mano-baja-velocidad-cv-dx-em4-kt-1\/","title":{"rendered":"Pulverizador de agua externo Pieza de mano de baja velocidad CV-DX EM4 KT-1"},"content":{"rendered":"<p><img loading=\"lazy\" decoding=\"async\" class=\"alignnone size-full wp-image-545\" src=\"http:\/\/cicadamedical.com\/wp-content\/uploads\/2022\/04\/external_water_spray_low_speed_handpiece_01.png\" alt=\"El peso ligero ofrece\" width=\"1200\" height=\"500\" srcset=\"https:\/\/cicadamedical.com\/wp-content\/uploads\/2022\/04\/external_water_spray_low_speed_handpiece_01.png 1200w, https:\/\/cicadamedical.com\/wp-content\/uploads\/2022\/04\/external_water_spray_low_speed_handpiece_01-600x250.png 600w, https:\/\/cicadamedical.com\/wp-content\/uploads\/2022\/04\/external_water_spray_low_speed_handpiece_01-768x320.png 768w\" sizes=\"(max-width: 1200px) 100vw, 1200px\" \/> <img loading=\"lazy\" decoding=\"async\" class=\"alignnone size-full wp-image-546\" src=\"http:\/\/cicadamedical.com\/wp-content\/uploads\/2022\/04\/external_water_spray_low_speed_handpiece_04.jpg\" alt=\"Mini motor de aire\" width=\"1200\" height=\"500\" srcset=\"https:\/\/cicadamedical.com\/wp-content\/uploads\/2022\/04\/external_water_spray_low_speed_handpiece_04.jpg 1200w, https:\/\/cicadamedical.com\/wp-content\/uploads\/2022\/04\/external_water_spray_low_speed_handpiece_04-600x250.jpg 600w, https:\/\/cicadamedical.com\/wp-content\/uploads\/2022\/04\/external_water_spray_low_speed_handpiece_04-768x320.jpg 768w\" sizes=\"(max-width: 1200px) 100vw, 1200px\" \/> <img loading=\"lazy\" decoding=\"async\" class=\"alignnone size-full wp-image-547\" src=\"http:\/\/cicadamedical.com\/wp-content\/uploads\/2022\/04\/external_water_spray_low_speed_handpiece_03.jpg\" alt=\"El antideslizante\" width=\"1200\" height=\"500\" srcset=\"https:\/\/cicadamedical.com\/wp-content\/uploads\/2022\/04\/external_water_spray_low_speed_handpiece_03.jpg 1200w, https:\/\/cicadamedical.com\/wp-content\/uploads\/2022\/04\/external_water_spray_low_speed_handpiece_03-600x250.jpg 600w, https:\/\/cicadamedical.com\/wp-content\/uploads\/2022\/04\/external_water_spray_low_speed_handpiece_03-768x320.jpg 768w\" sizes=\"(max-width: 1200px) 100vw, 1200px\" \/> <img loading=\"lazy\" decoding=\"async\" class=\"alignnone size-full wp-image-548\" src=\"http:\/\/cicadamedical.com\/wp-content\/uploads\/2022\/04\/external_water_spray_low_speed_handpiece_02.png\" alt=\"Tipo de mandril\" width=\"1200\" height=\"500\" srcset=\"https:\/\/cicadamedical.com\/wp-content\/uploads\/2022\/04\/external_water_spray_low_speed_handpiece_02.png 1200w, https:\/\/cicadamedical.com\/wp-content\/uploads\/2022\/04\/external_water_spray_low_speed_handpiece_02-600x250.png 600w, https:\/\/cicadamedical.com\/wp-content\/uploads\/2022\/04\/external_water_spray_low_speed_handpiece_02-768x320.png 768w\" sizes=\"(max-width: 1200px) 100vw, 1200px\" \/><\/p>\n<p>En Cicada Medical, entendemos la importancia de la precisi\u00f3n y la confiabilidad en los procedimientos dentales. Es por eso que estamos orgullosos de presentar el <strong>Pulverizador de agua externo Pieza de mano de baja velocidad CV-DX EM4 KT-1<\/strong>. Esta pieza de mano est\u00e1 dise\u00f1ada para proporcionar un rendimiento \u00f3ptimo, asegurando que sus procedimientos dentales se lleven a cabo con la m\u00e1xima eficiencia y comodidad.<\/p>\n<h2>Caracter\u00edsticas clave<\/h2>\n<p>La pieza de mano de baja velocidad con pulverizaci\u00f3n de agua externa CV-DX EM4 KT-1 est\u00e1 repleta de caracter\u00edsticas que la convierten en una opci\u00f3n destacada para los profesionales dentales:<\/p>\n<ul>\n<li><strong>Dise\u00f1o tipo pestillo<\/strong>: La pieza de mano cuenta con un dise\u00f1o de tipo pestillo, lo que facilita la extracci\u00f3n e instalaci\u00f3n de la fresa.<\/li>\n<li><strong>Cuerpo cromado<\/strong>: El cuerpo est\u00e1 cromado, lo que ofrece una gran resistencia al desgaste.<\/li>\n<li><strong>Cojinetes de cer\u00e1mica<\/strong>: Los cojinetes cer\u00e1micos de alta calidad garantizan un funcionamiento suave y una larga vida \u00fatil.<\/li>\n<li><strong>Potente y Silencioso<\/strong>: La pieza de mano est\u00e1 equipada con un cartucho de torque potente, silencioso y grande con engranajes de acero.<\/li>\n<li><strong>Conector de 4 orificios<\/strong>: El conector de 4 orificios mejora la compatibilidad, lo que lo convierte en una adici\u00f3n vers\u00e1til a su kit de herramientas dentales.<\/li>\n<\/ul>\n<h2>Especificaciones<\/h2>\n<p>Estas son las especificaciones detalladas de la pieza de mano de baja velocidad con rociador de agua externo CV-DX EM4 KT-1:<\/p>\n<ul>\n<li>Modelo: CV\/DX EM4 KT-1<\/li>\n<li>Agujero: Motor neum\u00e1tico: 2 o 4 agujeros<\/li>\n<li>Fresa: CA de 2,35 mm<\/li>\n<li>Cojinetes: Cojinetes cer\u00e1micos de alta calidad.<\/li>\n<li>Pulverizaci\u00f3n de agua: Pulverizaci\u00f3n de agua individual (externa)<\/li>\n<li>Tipo de portabrocas: Bot\u00f3n de pestillo<\/li>\n<li>Ruido: \u226468db<\/li>\n<li>Presi\u00f3n de aire: 0.25-0.30MPA (se prefiere 0.25MPA)<\/li>\n<li>Revolution: Motor neum\u00e1tico: 20 000 RPM, pieza de mano recta: 40 000 RPM, contra\u00e1ngulo: 40 000 RPM<\/li>\n<li>Presi\u00f3n de agua: 0.2Mpa (2Kgf)<\/li>\n<\/ul>\n<h2>Accesorios<\/h2>\n<p>La pieza de mano viene con los siguientes accesorios:<\/p>\n<ul>\n<li>Minimotor 1 pieza<\/li>\n<li>Contra\u00e1ngulo (tipo pestillo) 1pc<\/li>\n<li>Pieza de mano recta 1pc<\/li>\n<\/ul>\n<h2>\u00bfPor qu\u00e9 elegir cigarra m\u00e9dica?<\/h2>\n<p>Cicada Medical es un proveedor l\u00edder de equipos dentales, reconocido por ofrecer una amplia gama de equipos dentales internacionales que cumplen con los est\u00e1ndares globales. Ya sea que est\u00e9s buscando <a href=\"https:\/\/cicadamedical.com\/es\/dental-endo-motor\/\" target=\"_new\" rel=\"noopener\">endodoncia dental<\/a>, <a href=\"https:\/\/cicadamedical.com\/es\/producto\/lampara-de-polimerizacion-led-cv-215-gun-mhp\/\" target=\"_new\" rel=\"noopener\">Luz de curado llevada<\/a>, <a href=\"https:\/\/cicadamedical.com\/es\/categoria-producto\/surigical\/implant-motor\/\" target=\"_new\" rel=\"noopener\">Cirug\u00eda Dental<\/a>, <a href=\"https:\/\/cicadamedical.com\/es\/categoria-producto\/air-turbines\/\" target=\"_new\" rel=\"noopener\">turbinas de aire<\/a>, o <a href=\"https:\/\/cicadamedical.com\/es\/lupa-dental\/\" target=\"_new\" rel=\"noopener\">Lupas Dentales<\/a>, te tenemos cubierto.<\/p>\n<h2>Conclusi\u00f3n<\/h2>\n<p>La pieza de mano de baja velocidad con pulverizaci\u00f3n de agua externa CV-DX EM4 KT-1 es un testimonio del compromiso de Cicada Medical con la calidad y la innovaci\u00f3n. Est\u00e1 dise\u00f1ado para ofrecer un rendimiento superior, lo que lo convierte en una herramienta esencial para cualquier profesional dental. Entonces, \u00bfpor qu\u00e9 esperar? <a href=\"https:\/\/cicadamedical.com\/es\/\" target=\"_new\" rel=\"noopener\">Cont\u00e1ctenos<\/a> hoy para obtener m\u00e1s informaci\u00f3n sobre este producto y c\u00f3mo puede mejorar su pr\u00e1ctica dental.<\/p>\n<p>Recuerde, en Cicada Medical, no nos dedicamos solo a vender productos. Nuestro objetivo es brindar soluciones que marquen la diferencia en su pr\u00e1ctica. Entonces, \u00a1trabajemos juntos para crear sonrisas que duren toda la vida!<\/p>\n<p>\u00a1UH oh! No olvides consultar nuestro <a href=\"https:\/\/cicadamedical.com\/es\/distribuidor-de-suministros-odontologicos\/\" target=\"_new\" rel=\"noopener\">otros productos<\/a> tambi\u00e9n. Tenemos una amplia gama de equipos dentales que pueden satisfacer todas sus necesidades dentales.<\/p>\n<h2>Productos relacionados<\/h2>\n<p>Tambi\u00e9n te pueden interesar estos productos relacionados:<\/p>\n<ul>\n<li><a href=\"https:\/\/cicadamedical.com\/es\/producto\/rociador-de-agua-externo-pieza-de-mano-baja-velocidad-cv-dx-em4-kt-1fx\/\" target=\"_new\" rel=\"noopener\">Pulverizador de agua externo Pieza de mano de baja velocidad CV-DX EM4 KT-1(Fx)<\/a><\/li>\n<li><a href=\"https:\/\/cicadamedical.com\/es\/producto\/baja-velocidad-contra-angulo-pulsador-tipo\/\" target=\"_new\" rel=\"noopener\">Tipo de bot\u00f3n pulsador de contra\u00e1ngulo dental de baja velocidad<\/a><\/li>\n<li><a href=\"https:\/\/cicadamedical.com\/es\/producto\/baja-velocidad-contra-angulo-tipo-pestillo\/\" target=\"_new\" rel=\"noopener\">Tipo de pestillo de contra\u00e1ngulo dental de baja velocidad<\/a><\/li>\n<\/ul>\n<p>\u00a1Uf! Esa es mucha informaci\u00f3n. Pero recuerde, las herramientas adecuadas pueden marcar la diferencia en su pr\u00e1ctica. As\u00ed que no dudes en invertir en calidad. Despu\u00e9s de todo, \u00a1sus pacientes merecen lo mejor!<\/p>","protected":false},"excerpt":{"rendered":"<ul>\n<li>Tipo pestillo, la fresa se quita f\u00e1cilmente y se instala herm\u00e9ticamente.<\/li>\n<li>Cuerpo cromado, fuerte resistente.<\/li>\n<li>Cojinetes de cer\u00e1mica.<\/li>\n<li>Cartucho de par potente, silencioso y grande. Engranaje de acero.<\/li>\n<li>Conector de 4 orificios, compatibilidad eficiente.<\/li>\n<\/ul>","protected":false},"featured_media":553,"comment_status":"open","ping_status":"closed","template":"","meta":[],"product_cat":[43],"product_tag":[],"_links":{"self":[{"href":"https:\/\/cicadamedical.com\/es\/wp-json\/wp\/v3\/product\/544"}],"collection":[{"href":"https:\/\/cicadamedical.com\/es\/wp-json\/wp\/v3\/product"}],"about":[{"href":"https:\/\/cicadamedical.com\/es\/wp-json\/wp\/v2\/types\/product"}],"replies":[{"embeddable":true,"href":"https:\/\/cicadamedical.com\/es\/wp-json\/wp\/v2\/comments?post=544"}],"wp:featuredmedia":[{"embeddable":true,"href":"https:\/\/cicadamedical.com\/es\/wp-json\/wp\/v2\/media\/553"}],"wp:attachment":[{"href":"https:\/\/cicadamedical.com\/es\/wp-json\/wp\/v2\/media?parent=544"}],"wp:term":[{"taxonomy":"product_cat","embeddable":true,"href":"https:\/\/cicadamedical.com\/es\/wp-json\/wp\/v2\/product_cat?post=544"},{"taxonomy":"product_tag","embeddable":true,"href":"https:\/\/cicadamedical.com\/es\/wp-json\/wp\/v2\/product_tag?post=544"}],"curies":[{"name":"wp","href":"https:\/\/api.w.org\/{rel}","templated":true}]}}