{"id":554,"date":"2023-06-28T21:41:14","date_gmt":"2023-06-28T13:41:14","guid":{"rendered":"http:\/\/cicadamedical.com\/?post_type=product&#038;p=554"},"modified":"2023-06-29T09:20:50","modified_gmt":"2023-06-29T01:20:50","slug":"11-inner-water-spray-low-speed-handpiece-set","status":"publish","type":"product","link":"https:\/\/cicadamedical.com\/es\/producto\/11-interior-spray-de-agua-baja-velocidad-handpiece-set\/","title":{"rendered":"Juego de pieza de mano de baja velocidad con rociador de agua interno 1:1"},"content":{"rendered":"<p><img loading=\"lazy\" decoding=\"async\" class=\"alignnone size-full wp-image-555\" src=\"http:\/\/cicadamedical.com\/wp-content\/uploads\/2022\/04\/inner_water_spray_low_speed_handpiece_set_detailed___1.jpg\" alt=\"El antideslizante\" width=\"1200\" height=\"500\" srcset=\"https:\/\/cicadamedical.com\/wp-content\/uploads\/2022\/04\/inner_water_spray_low_speed_handpiece_set_detailed___1.jpg 1200w, https:\/\/cicadamedical.com\/wp-content\/uploads\/2022\/04\/inner_water_spray_low_speed_handpiece_set_detailed___1-600x250.jpg 600w, https:\/\/cicadamedical.com\/wp-content\/uploads\/2022\/04\/inner_water_spray_low_speed_handpiece_set_detailed___1-768x320.jpg 768w\" sizes=\"(max-width: 1200px) 100vw, 1200px\" \/> <img loading=\"lazy\" decoding=\"async\" class=\"alignnone size-full wp-image-556\" src=\"http:\/\/cicadamedical.com\/wp-content\/uploads\/2022\/04\/inner_water_spray_low_speed_handpiece_set_detailed___4.png\" alt=\"Tipo de pulsador\" width=\"1200\" height=\"500\" srcset=\"https:\/\/cicadamedical.com\/wp-content\/uploads\/2022\/04\/inner_water_spray_low_speed_handpiece_set_detailed___4.png 1200w, https:\/\/cicadamedical.com\/wp-content\/uploads\/2022\/04\/inner_water_spray_low_speed_handpiece_set_detailed___4-600x250.png 600w, https:\/\/cicadamedical.com\/wp-content\/uploads\/2022\/04\/inner_water_spray_low_speed_handpiece_set_detailed___4-768x320.png 768w\" sizes=\"(max-width: 1200px) 100vw, 1200px\" \/> <img loading=\"lazy\" decoding=\"async\" class=\"alignnone size-full wp-image-557\" src=\"http:\/\/cicadamedical.com\/wp-content\/uploads\/2022\/04\/inner_water_spray_low_speed_handpiece_set_detailed___3.png\" alt=\"El peso ligero ofrece\" width=\"1200\" height=\"500\" srcset=\"https:\/\/cicadamedical.com\/wp-content\/uploads\/2022\/04\/inner_water_spray_low_speed_handpiece_set_detailed___3.png 1200w, https:\/\/cicadamedical.com\/wp-content\/uploads\/2022\/04\/inner_water_spray_low_speed_handpiece_set_detailed___3-600x250.png 600w, https:\/\/cicadamedical.com\/wp-content\/uploads\/2022\/04\/inner_water_spray_low_speed_handpiece_set_detailed___3-768x320.png 768w\" sizes=\"(max-width: 1200px) 100vw, 1200px\" \/> <img loading=\"lazy\" decoding=\"async\" class=\"alignnone size-full wp-image-558\" src=\"http:\/\/cicadamedical.com\/wp-content\/uploads\/2022\/04\/inner_water_spray_low_speed_handpiece_set_detailed___2.jpg\" alt=\"Mini motor de aire\" width=\"1200\" height=\"500\" srcset=\"https:\/\/cicadamedical.com\/wp-content\/uploads\/2022\/04\/inner_water_spray_low_speed_handpiece_set_detailed___2.jpg 1200w, https:\/\/cicadamedical.com\/wp-content\/uploads\/2022\/04\/inner_water_spray_low_speed_handpiece_set_detailed___2-600x250.jpg 600w, https:\/\/cicadamedical.com\/wp-content\/uploads\/2022\/04\/inner_water_spray_low_speed_handpiece_set_detailed___2-768x320.jpg 768w\" sizes=\"(max-width: 1200px) 100vw, 1200px\" \/><\/p>\n<p>En Cicada Medical, estamos orgullosos de presentar nuestro juego de piezas de mano de baja velocidad con rociador de agua interno 1:1. Esta herramienta dental de alta calidad est\u00e1 dise\u00f1ada pensando en el profesional y ofrece una variedad de caracter\u00edsticas que la convierten en un complemento esencial para cualquier consulta dental.<\/p>\n<h2>Caracter\u00edsticas clave<\/h2>\n<p>El juego de piezas de mano de baja velocidad con rociador de agua interno 1:1 est\u00e1 fabricado con acero inoxidable duradero y funciona con una relaci\u00f3n de transmisi\u00f3n de 1:1. Cuenta con una velocidad de rotaci\u00f3n m\u00e1xima de 20.000 rpm\/min, lo que garantiza un rendimiento eficiente y eficaz durante los procedimientos dentales.<\/p>\n<p>Estas son algunas de las caracter\u00edsticas clave de este juego de piezas de mano:<\/p>\n<ul>\n<li><strong>Material<\/strong>: Acero inoxidable<\/li>\n<li><strong>Relaci\u00f3n de transmisi\u00f3n<\/strong>: 1:1<\/li>\n<li><strong>Velocidad m\u00e1xima de rotaci\u00f3n<\/strong>: 20.000 rpm\/min<\/li>\n<li><strong>Temperatura de esterilizaci\u00f3n<\/strong>: 135\u2103<\/li>\n<li><strong>Presi\u00f3n laboral<\/strong>: 0.28-0.3Mpa<\/li>\n<li><strong>Ruido<\/strong>: \u226468dB<\/li>\n<li><strong>Bur aplicable<\/strong>: \u03a62.35mm<\/li>\n<li><strong>Luz<\/strong>: Sin luz<\/li>\n<li><strong>Rociar<\/strong>: Interno<\/li>\n<li><strong>conector<\/strong>: tipo E<\/li>\n<li><strong>Tipo de mandril<\/strong>: Presionar el bot\u00f3n<\/li>\n<li><strong>Agujeros<\/strong>: 2 agujeros\/ 4 agujeros<\/li>\n<\/ul>\n<p>El set tambi\u00e9n incluye los siguientes accesorios:<\/p>\n<ul>\n<li>Minimotor 1 pieza<\/li>\n<li>Contra\u00e1ngulo (tipo pestillo) 1pc<\/li>\n<li>Pieza de mano recta 1pc<\/li>\n<\/ul>\n<h2>\u00danicos puntos de venta<\/h2>\n<p>Lo que distingue a nuestro juego de pieza de mano de baja velocidad con rociador de agua interno 1:1 es su funci\u00f3n de rociado interno. Esto proporciona tuber\u00edas de suministro de agua y aire separadas, lo que resulta en un sistema de enfriamiento superior. Esta caracter\u00edstica es particularmente beneficiosa durante procedimientos prolongados, ya que ayuda a prevenir el sobrecalentamiento y garantiza la comodidad del paciente.<\/p>\n<p>El juego de piezas de mano tambi\u00e9n est\u00e1 dise\u00f1ado para facilitar su uso. Es f\u00e1cil de operar y r\u00e1pido de conectar, lo que lo convierte en una opci\u00f3n pr\u00e1ctica para consultorios dentales ocupados. El juego de piezas de mano tambi\u00e9n cuenta con una tapa antipolvo en el cabezal de la pieza de mano recta, lo que favorece la higiene y la limpieza.<\/p>\n<h2>\u00bfPor qu\u00e9 elegir cigarra m\u00e9dica?<\/h2>\n<p>En Cicada Medical, estamos comprometidos a proporcionar equipos dentales de alta calidad que satisfagan las necesidades de los profesionales de todo el mundo. Nuestros productos, incluido el <a href=\"https:\/\/cicadamedical.com\/es\/dental-endo-motor\/\" target=\"_new\" rel=\"noopener\">endodoncia dental<\/a>, <a href=\"https:\/\/cicadamedical.com\/es\/producto\/lampara-de-polimerizacion-led-cv-215-gun-mhp\/\" target=\"_new\" rel=\"noopener\">Luz de curado llevada<\/a>, <a href=\"https:\/\/cicadamedical.com\/es\/categoria-producto\/surigical\/implant-motor\/\" target=\"_new\" rel=\"noopener\">Cirug\u00eda Dental<\/a>, <a href=\"https:\/\/cicadamedical.com\/es\/categoria-producto\/air-turbines\/\" target=\"_new\" rel=\"noopener\">turbinas de aire<\/a>, y <a href=\"https:\/\/cicadamedical.com\/es\/lupa-dental\/\" target=\"_new\" rel=\"noopener\">Lupas Dentales<\/a>, son reconocidos por su calidad y desempe\u00f1o.<\/p>\n<p>Estamos orgullosos de ser un proveedor l\u00edder de equipos dentales, reconocido como pionero en el mercado chino. Ofrecemos una amplia gama de equipos dentales internacionales con est\u00e1ndares globales. Para obtener m\u00e1s informaci\u00f3n sobre nuestros productos y servicios, visite nuestro <a href=\"https:\/\/cicadamedical.com\/es\/\" target=\"_new\" rel=\"noopener\">sitio web<\/a>.<\/p>\n<h2>Conclusi\u00f3n<\/h2>\n<p>El juego de piezas de mano de baja velocidad con rociador de agua interno 1:1 es un testimonio del compromiso de Cicada Medical con la calidad, la innovaci\u00f3n y la satisfacci\u00f3n profesional. Con sus caracter\u00edsticas \u00fanicas y su construcci\u00f3n de alta calidad, es una inversi\u00f3n que ser\u00e1 \u00fatil para su consulta dental en los a\u00f1os venideros.<\/p>\n<p>Para obtener m\u00e1s informaci\u00f3n o realizar un pedido, por favor <a href=\"https:\/\/cicadamedical.com\/es\/contactenos\/\" target=\"_new\" rel=\"noopener\">Cont\u00e1ctenos<\/a>. Esperamos atender sus necesidades de equipos dentales.<\/p>","protected":false},"excerpt":{"rendered":"<ul>\n<li>Rociador interno, tuber\u00eda de suministro de agua y aire separada, mejor sistema de enfriamiento. Simple de operar, r\u00e1pido de conectar.<\/li>\n<li>Larga vida \u00fatil gracias al rodamiento de bolas de cer\u00e1mica japon\u00e9s y al sistema autolubricado en el motor neum\u00e1tico, de bajo mantenimiento.<\/li>\n<li>Aspecto excepcional, forma ergon\u00f3mica.<\/li>\n<li>Tapa libre de polvo en la cabeza de la pieza de mano recta, amigable con la higiene.<\/li>\n<li>Conducci\u00f3n adelante\/atr\u00e1s.<\/li>\n<li>Rango de velocidad de 18.000 a 20.000 rpm.<\/li>\n<\/ul>","protected":false},"featured_media":563,"comment_status":"open","ping_status":"closed","template":"","meta":[],"product_cat":[42],"product_tag":[],"_links":{"self":[{"href":"https:\/\/cicadamedical.com\/es\/wp-json\/wp\/v3\/product\/554"}],"collection":[{"href":"https:\/\/cicadamedical.com\/es\/wp-json\/wp\/v3\/product"}],"about":[{"href":"https:\/\/cicadamedical.com\/es\/wp-json\/wp\/v2\/types\/product"}],"replies":[{"embeddable":true,"href":"https:\/\/cicadamedical.com\/es\/wp-json\/wp\/v2\/comments?post=554"}],"wp:featuredmedia":[{"embeddable":true,"href":"https:\/\/cicadamedical.com\/es\/wp-json\/wp\/v2\/media\/563"}],"wp:attachment":[{"href":"https:\/\/cicadamedical.com\/es\/wp-json\/wp\/v2\/media?parent=554"}],"wp:term":[{"taxonomy":"product_cat","embeddable":true,"href":"https:\/\/cicadamedical.com\/es\/wp-json\/wp\/v2\/product_cat?post=554"},{"taxonomy":"product_tag","embeddable":true,"href":"https:\/\/cicadamedical.com\/es\/wp-json\/wp\/v2\/product_tag?post=554"}],"curies":[{"name":"wp","href":"https:\/\/api.w.org\/{rel}","templated":true}]}}