{"id":564,"date":"2023-06-28T21:58:45","date_gmt":"2023-06-28T13:58:45","guid":{"rendered":"http:\/\/cicadamedical.com\/?post_type=product&#038;p=564"},"modified":"2023-06-29T09:22:58","modified_gmt":"2023-06-29T01:22:58","slug":"internal-water-spray-handpiece-11","status":"publish","type":"product","link":"https:\/\/cicadamedical.com\/es\/producto\/pieza-de-mano-spray-de-agua-interna-11\/","title":{"rendered":"Pieza de mano de pulverizaci\u00f3n de agua interna dental 1:1"},"content":{"rendered":"<table align=\"center\">\n<tbody>\n<tr>\n<td>Velocidad de rotaci\u00f3n<\/td>\n<td>menos de 10.000 rpm<\/td>\n<\/tr>\n<tr>\n<td>Presi\u00f3n de aire de trabajo<\/td>\n<td>0.22-0.3Mpa<\/td>\n<\/tr>\n<tr>\n<td>agua de refrigeraci\u00f3n<\/td>\n<td>rociadores de agua interior<\/td>\n<\/tr>\n<tr>\n<td>Tama\u00f1o aplicable de la fresa<\/td>\n<td>Fresa CA de \u00f82,35 mm<\/td>\n<\/tr>\n<tr>\n<td>Relaci\u00f3n<\/td>\n<td>4:1<\/td>\n<\/tr>\n<tr>\n<td>fuente de luz<\/td>\n<td>fibra \u00f3ptica<\/td>\n<\/tr>\n<tr>\n<td>Rociar<\/td>\n<td>Pulverizador de agua individual<\/td>\n<\/tr>\n<tr>\n<td>fresa de mandril<\/td>\n<td>presionar el bot\u00f3n<\/td>\n<\/tr>\n<tr>\n<td>Cojinete<\/td>\n<td>rodamiento cer\u00e1mico<\/td>\n<\/tr>\n<tr>\n<td>conexi\u00f3n disponible<\/td>\n<td>Est\u00e1ndar internacional tipo E<\/td>\n<\/tr>\n<tr>\n<td>Ruido<\/td>\n<td>menos de 65dB<\/td>\n<\/tr>\n<tr>\n<td>Desinfecci\u00f3n<\/td>\n<td>Autoclave a 135 \u2103<\/td>\n<\/tr>\n<\/tbody>\n<\/table>\n<p><img loading=\"lazy\" decoding=\"async\" class=\"alignnone size-full wp-image-565\" src=\"http:\/\/cicadamedical.com\/wp-content\/uploads\/2022\/04\/internal_water_spray_handpiece__detailed__1.jpg\" alt=\"Interfaz universal\" width=\"1200\" height=\"500\" srcset=\"https:\/\/cicadamedical.com\/wp-content\/uploads\/2022\/04\/internal_water_spray_handpiece__detailed__1.jpg 1200w, https:\/\/cicadamedical.com\/wp-content\/uploads\/2022\/04\/internal_water_spray_handpiece__detailed__1-600x250.jpg 600w, https:\/\/cicadamedical.com\/wp-content\/uploads\/2022\/04\/internal_water_spray_handpiece__detailed__1-768x320.jpg 768w\" sizes=\"(max-width: 1200px) 100vw, 1200px\" \/> <img loading=\"lazy\" decoding=\"async\" class=\"alignnone size-full wp-image-566\" src=\"http:\/\/cicadamedical.com\/wp-content\/uploads\/2022\/04\/internal_water_spray_handpiece__detailed__4.png\" alt=\"Presionar el bot\u00f3n\" width=\"1200\" height=\"500\" srcset=\"https:\/\/cicadamedical.com\/wp-content\/uploads\/2022\/04\/internal_water_spray_handpiece__detailed__4.png 1200w, https:\/\/cicadamedical.com\/wp-content\/uploads\/2022\/04\/internal_water_spray_handpiece__detailed__4-600x250.png 600w, https:\/\/cicadamedical.com\/wp-content\/uploads\/2022\/04\/internal_water_spray_handpiece__detailed__4-768x320.png 768w\" sizes=\"(max-width: 1200px) 100vw, 1200px\" \/> <img loading=\"lazy\" decoding=\"async\" class=\"alignnone size-full wp-image-567\" src=\"http:\/\/cicadamedical.com\/wp-content\/uploads\/2022\/04\/internal_water_spray_handpiece__detailed__3.png\" alt=\"Alta precisi\u00f3n\" width=\"1200\" height=\"500\" srcset=\"https:\/\/cicadamedical.com\/wp-content\/uploads\/2022\/04\/internal_water_spray_handpiece__detailed__3.png 1200w, https:\/\/cicadamedical.com\/wp-content\/uploads\/2022\/04\/internal_water_spray_handpiece__detailed__3-600x250.png 600w, https:\/\/cicadamedical.com\/wp-content\/uploads\/2022\/04\/internal_water_spray_handpiece__detailed__3-768x320.png 768w\" sizes=\"(max-width: 1200px) 100vw, 1200px\" \/> <img loading=\"lazy\" decoding=\"async\" class=\"alignnone size-full wp-image-568\" src=\"http:\/\/cicadamedical.com\/wp-content\/uploads\/2022\/04\/internal_water_spray_handpiece__detailed__2.jpg\" alt=\"Patr\u00f3n 3D antideslizante\" width=\"1200\" height=\"500\" srcset=\"https:\/\/cicadamedical.com\/wp-content\/uploads\/2022\/04\/internal_water_spray_handpiece__detailed__2.jpg 1200w, https:\/\/cicadamedical.com\/wp-content\/uploads\/2022\/04\/internal_water_spray_handpiece__detailed__2-600x250.jpg 600w, https:\/\/cicadamedical.com\/wp-content\/uploads\/2022\/04\/internal_water_spray_handpiece__detailed__2-768x320.jpg 768w\" sizes=\"(max-width: 1200px) 100vw, 1200px\" \/><\/p>\n<p>Cuando se trata de procedimientos dentales, la precisi\u00f3n y la comodidad son primordiales. Ah\u00ed es donde entra en juego la pieza de mano Dental Internal Water Spray 1:1. Este producto innovador, presentado por Cicada Medical, est\u00e1 dise\u00f1ado para mejorar la eficiencia de los procedimientos dentales y al mismo tiempo garantizar la comodidad del paciente.<\/p>\n<h3>Caracter\u00edsticas y especificaciones clave<\/h3>\n<p>La pieza de mano Dental Internal Water Spray 1:1 cuenta con una gama de caracter\u00edsticas impresionantes:<\/p>\n<ul>\n<li><strong>Velocidad de rotaci\u00f3n:<\/strong> La pieza de mano funciona a una velocidad de menos de 10.000 rpm, lo que garantiza precisi\u00f3n y control durante los procedimientos.<\/li>\n<li><strong>Presi\u00f3n de aire de trabajo:<\/strong> La presi\u00f3n de aire de trabajo oscila entre 0,22 y 0,3 Mpa, lo que proporciona un rendimiento \u00f3ptimo.<\/li>\n<li><strong>Agua de refrigeraci\u00f3n:<\/strong> La pieza de mano cuenta con un sistema de rociado de agua interno, que ayuda a mantener la fresa fr\u00eda durante los procedimientos, evitando as\u00ed un da\u00f1o iatrog\u00e9nico debido al calor por fricci\u00f3n.<\/li>\n<li><strong>Tama\u00f1o aplicable de la fresa:<\/strong> La pieza de mano es compatible con fresa CA de \u00f82,35 mm.<\/li>\n<li><strong>Relaci\u00f3n:<\/strong> La pieza de mano funciona en una proporci\u00f3n de 4:1, proporcionando el equilibrio perfecto entre velocidad y par.<\/li>\n<li><strong>Fuente de luz:<\/strong> La pieza de mano est\u00e1 equipada con una fuente de luz de fibra \u00f3ptica, lo que mejora la visibilidad durante los procedimientos.<\/li>\n<li><strong>Rociar:<\/strong> La pieza de mano cuenta con un \u00fanico sistema de rociado de agua, lo que garantiza una refrigeraci\u00f3n eficiente.<\/li>\n<li><strong>Chuck Bur:<\/strong> La pieza de mano cuenta con una fresa de mandril con bot\u00f3n pulsador, lo que facilita el cambio de fresas.<\/li>\n<li><strong>Cojinete:<\/strong> La pieza de mano est\u00e1 equipada con un cojinete de cer\u00e1mica, lo que garantiza durabilidad y longevidad.<\/li>\n<li><strong>Conexi\u00f3n disponible:<\/strong> La pieza de mano es compatible con las conexiones est\u00e1ndar internacionales de tipo E.<\/li>\n<li><strong>Ruido:<\/strong> La pieza de mano funciona a menos de 65 dB, lo que garantiza un entorno tranquilo y c\u00f3modo tanto para el dentista como para el paciente.<\/li>\n<li><strong>Desinfecci\u00f3n:<\/strong> La pieza de mano se puede esterilizar en autoclave a 135 \u2103, lo que garantiza una higiene \u00f3ptima y la seguridad del paciente.<\/li>\n<\/ul>\n<h3>\u00bfPor qu\u00e9 elegir la pieza de mano de pulverizaci\u00f3n de agua interna dental 1:1?<\/h3>\n<p>La pieza de mano Dental Internal Water Spray 1:1 es una herramienta vers\u00e1til y confiable para cualquier pr\u00e1ctica dental. Est\u00e1 dise\u00f1ado para proporcionar un rendimiento \u00f3ptimo, ya sea que est\u00e9 realizando una limpieza de rutina o un procedimiento m\u00e1s complejo. Adem\u00e1s, con su sistema interno de pulverizaci\u00f3n de agua, ayuda a prevenir el sobrecalentamiento, garantizando la comodidad del paciente durante todo el procedimiento.<\/p>\n<p>Pero eso no es todo. La pieza de mano Dental Internal Water Spray 1:1 tambi\u00e9n est\u00e1 dise\u00f1ada para facilitar su uso. Con su fresa de portabrocas con bot\u00f3n, cambiar las fresas nunca ha sido tan f\u00e1cil. Y con su bajo nivel de ruido, ayuda a crear un ambiente tranquilo y confortable tanto para el dentista como para el paciente.<\/p>\n<h3>Una palabra de precauci\u00f3n<\/h3>\n<p>Si bien la pieza de mano con rociador de agua interno dental 1:1 est\u00e1 dise\u00f1ada para brindar durabilidad y longevidad, es importante tener en cuenta que las piezas de mano dentales nunca deben sumergirse en ning\u00fan tipo de l\u00edquido, ya que podr\u00eda provocar da\u00f1os. En su lugar, siga las instrucciones de limpieza proporcionadas para garantizar la longevidad de su pieza de mano.<\/p>\n<h3>Conclusi\u00f3n<\/h3>\n<p>La pieza de mano dental interna con rociador de agua 1:1 es una adici\u00f3n vers\u00e1til y confiable a cualquier pr\u00e1ctica dental. Con su gama de caracter\u00edsticas y especificaciones impresionantes, est\u00e1 dise\u00f1ado para mejorar la eficiencia de los procedimientos dentales y al mismo tiempo garantizar la comodidad del paciente. Entonces, \u00bfpor qu\u00e9 esperar? \u00a1Agregue la pieza de mano dental interna con rociador de agua 1:1 a su consulta hoy!<\/p>","protected":false},"excerpt":{"rendered":"<ul>\n<li>Importaci\u00f3n de rodamientos de cer\u00e1mica duraderos y de larga duraci\u00f3n.<\/li>\n<li>Tipo pulsador.<\/li>\n<li>Con fibra \u00f3ptica.<\/li>\n<li>Engranaje de alta precisi\u00f3n de bajo ruido.<\/li>\n<li>Riego externo e interno mejor enfriamiento.<\/li>\n<li>Conector est\u00e1ndar ISO f\u00e1cil compatible con diferentes motores.<\/li>\n<li>Desinfecci\u00f3n a alta temperatura de 135 \u2103.<\/li>\n<\/ul>","protected":false},"featured_media":573,"comment_status":"open","ping_status":"closed","template":"","meta":[],"product_cat":[42],"product_tag":[],"_links":{"self":[{"href":"https:\/\/cicadamedical.com\/es\/wp-json\/wp\/v3\/product\/564"}],"collection":[{"href":"https:\/\/cicadamedical.com\/es\/wp-json\/wp\/v3\/product"}],"about":[{"href":"https:\/\/cicadamedical.com\/es\/wp-json\/wp\/v2\/types\/product"}],"replies":[{"embeddable":true,"href":"https:\/\/cicadamedical.com\/es\/wp-json\/wp\/v2\/comments?post=564"}],"wp:featuredmedia":[{"embeddable":true,"href":"https:\/\/cicadamedical.com\/es\/wp-json\/wp\/v2\/media\/573"}],"wp:attachment":[{"href":"https:\/\/cicadamedical.com\/es\/wp-json\/wp\/v2\/media?parent=564"}],"wp:term":[{"taxonomy":"product_cat","embeddable":true,"href":"https:\/\/cicadamedical.com\/es\/wp-json\/wp\/v2\/product_cat?post=564"},{"taxonomy":"product_tag","embeddable":true,"href":"https:\/\/cicadamedical.com\/es\/wp-json\/wp\/v2\/product_tag?post=564"}],"curies":[{"name":"wp","href":"https:\/\/api.w.org\/{rel}","templated":true}]}}