{"id":584,"date":"2023-06-29T22:09:06","date_gmt":"2023-06-29T14:09:06","guid":{"rendered":"http:\/\/cicadamedical.com\/?post_type=product&#038;p=584"},"modified":"2023-06-30T09:03:16","modified_gmt":"2023-06-30T01:03:16","slug":"internal-water-spray-handpiece-41","status":"publish","type":"product","link":"https:\/\/cicadamedical.com\/es\/producto\/pieza-de-mano-spray-de-agua-interna-41\/","title":{"rendered":"Pulverizador de agua interno dental Pieza de mano 4:1"},"content":{"rendered":"<table align=\"center\">\n<tbody>\n<tr>\n<td>Velocidad de rotaci\u00f3n<\/td>\n<td>menos de 10.000 rpm<\/td>\n<\/tr>\n<tr>\n<td>Presi\u00f3n de aire de trabajo<\/td>\n<td>0.22-0.3Mpa<\/td>\n<\/tr>\n<tr>\n<td>agua de refrigeraci\u00f3n<\/td>\n<td>rociadores de agua interior<\/td>\n<\/tr>\n<tr>\n<td>Tama\u00f1o aplicable de la fresa<\/td>\n<td>CA 2,35 mm<\/td>\n<\/tr>\n<tr>\n<td>Relaci\u00f3n<\/td>\n<td>4:1<\/td>\n<\/tr>\n<tr>\n<td>fuente de luz<\/td>\n<td>fibra \u00f3ptica<\/td>\n<\/tr>\n<tr>\n<td>Rociar<\/td>\n<td>Pulverizador de agua individual<\/td>\n<\/tr>\n<tr>\n<td>fresa de mandril<\/td>\n<td>presionar el bot\u00f3n<\/td>\n<\/tr>\n<tr>\n<td>Cojinete<\/td>\n<td>rodamiento cer\u00e1mico<\/td>\n<\/tr>\n<tr>\n<td>conexi\u00f3n disponible<\/td>\n<td>Est\u00e1ndar internacional tipo E<\/td>\n<\/tr>\n<tr>\n<td>Ruido<\/td>\n<td>menos de 65dB<\/td>\n<\/tr>\n<tr>\n<td>Desinfecci\u00f3n<\/td>\n<td>Autoclave a 135 \u2103<\/td>\n<\/tr>\n<\/tbody>\n<\/table>\n<p><img loading=\"lazy\" decoding=\"async\" class=\"alignnone size-full wp-image-585\" src=\"http:\/\/cicadamedical.com\/wp-content\/uploads\/2022\/04\/internal_water_spray_handpiece_4-1__detailed__1.jpg\" alt=\"Interfaz universal\" width=\"1200\" height=\"500\" srcset=\"https:\/\/cicadamedical.com\/wp-content\/uploads\/2022\/04\/internal_water_spray_handpiece_4-1__detailed__1.jpg 1200w, https:\/\/cicadamedical.com\/wp-content\/uploads\/2022\/04\/internal_water_spray_handpiece_4-1__detailed__1-600x250.jpg 600w, https:\/\/cicadamedical.com\/wp-content\/uploads\/2022\/04\/internal_water_spray_handpiece_4-1__detailed__1-768x320.jpg 768w\" sizes=\"(max-width: 1200px) 100vw, 1200px\" \/> <img loading=\"lazy\" decoding=\"async\" class=\"alignnone size-full wp-image-586\" src=\"http:\/\/cicadamedical.com\/wp-content\/uploads\/2022\/04\/internal_water_spray_handpiece_4-1__detailed__3.png\" alt=\"Alta precisi\u00f3n\" width=\"1200\" height=\"500\" srcset=\"https:\/\/cicadamedical.com\/wp-content\/uploads\/2022\/04\/internal_water_spray_handpiece_4-1__detailed__3.png 1200w, https:\/\/cicadamedical.com\/wp-content\/uploads\/2022\/04\/internal_water_spray_handpiece_4-1__detailed__3-600x250.png 600w, https:\/\/cicadamedical.com\/wp-content\/uploads\/2022\/04\/internal_water_spray_handpiece_4-1__detailed__3-768x320.png 768w\" sizes=\"(max-width: 1200px) 100vw, 1200px\" \/> <img loading=\"lazy\" decoding=\"async\" class=\"alignnone size-full wp-image-587\" src=\"http:\/\/cicadamedical.com\/wp-content\/uploads\/2022\/04\/internal_water_spray_handpiece_4-1__detailed__4.png\" alt=\"Presionar el bot\u00f3n\" width=\"1200\" height=\"500\" srcset=\"https:\/\/cicadamedical.com\/wp-content\/uploads\/2022\/04\/internal_water_spray_handpiece_4-1__detailed__4.png 1200w, https:\/\/cicadamedical.com\/wp-content\/uploads\/2022\/04\/internal_water_spray_handpiece_4-1__detailed__4-600x250.png 600w, https:\/\/cicadamedical.com\/wp-content\/uploads\/2022\/04\/internal_water_spray_handpiece_4-1__detailed__4-768x320.png 768w\" sizes=\"(max-width: 1200px) 100vw, 1200px\" \/> <img loading=\"lazy\" decoding=\"async\" class=\"alignnone size-full wp-image-588\" src=\"http:\/\/cicadamedical.com\/wp-content\/uploads\/2022\/04\/internal_water_spray_handpiece_4-1__detailed__2.jpg\" alt=\"Patr\u00f3n 3D antideslizante\" width=\"1200\" height=\"500\" srcset=\"https:\/\/cicadamedical.com\/wp-content\/uploads\/2022\/04\/internal_water_spray_handpiece_4-1__detailed__2.jpg 1200w, https:\/\/cicadamedical.com\/wp-content\/uploads\/2022\/04\/internal_water_spray_handpiece_4-1__detailed__2-600x250.jpg 600w, https:\/\/cicadamedical.com\/wp-content\/uploads\/2022\/04\/internal_water_spray_handpiece_4-1__detailed__2-768x320.jpg 768w\" sizes=\"(max-width: 1200px) 100vw, 1200px\" \/><\/p>\n<p>En Cicada Medical, estamos orgullosos de presentar nuestra \u00faltima innovaci\u00f3n en tecnolog\u00eda dental: la pieza de mano dental interna con rociador de agua 4:1. Esta pieza de mano dental de \u00faltima generaci\u00f3n est\u00e1 dise\u00f1ada para proporcionar un rendimiento, comodidad y eficiencia \u00f3ptimos para los profesionales dentales y sus pacientes.<\/p>\n<h2>Caracter\u00edsticas clave<\/h2>\n<p>La pieza de mano Dental Internal Water Spray 4:1 est\u00e1 repleta de caracter\u00edsticas que la convierten en una opci\u00f3n destacada para los odont\u00f3logos. Estas son algunas de las caracter\u00edsticas clave:<\/p>\n<ul>\n<li><strong>Velocidad de rotaci\u00f3n<\/strong>: La pieza de mano funciona a una velocidad de rotaci\u00f3n de menos de 10 000 rpm, lo que garantiza un control preciso durante los procedimientos dentales.<\/li>\n<li><strong>Presi\u00f3n de aire de trabajo<\/strong>: Funciona a una presi\u00f3n de aire de trabajo de 0,22-0,3 Mpa, proporcionando un rendimiento \u00f3ptimo.<\/li>\n<li><strong>Agua de refrigeraci\u00f3n<\/strong>: La pieza de mano cuenta con un sistema de rociado de agua interno, que ayuda a prevenir da\u00f1os iatrog\u00e9nicos debido al calor por fricci\u00f3n.<\/li>\n<li><strong>Tama\u00f1o aplicable de la fresa<\/strong>: La pieza de mano es compatible con un tama\u00f1o de fresa CA de 2,35 mm.<\/li>\n<li><strong>Relaci\u00f3n<\/strong>: La pieza de mano funciona con una relaci\u00f3n de 4:1, lo que proporciona el equilibrio perfecto entre velocidad y par.<\/li>\n<li><strong>Fuente de luz<\/strong>: La pieza de mano est\u00e1 equipada con una fuente de luz de fibra \u00f3ptica, lo que mejora la visibilidad durante los procedimientos.<\/li>\n<li><strong>Rociar<\/strong>: La pieza de mano cuenta con un solo rociador de agua, lo que garantiza una refrigeraci\u00f3n eficaz.<\/li>\n<li><strong>mandril bur<\/strong>: La pieza de mano utiliza una fresa de mandril con bot\u00f3n pulsador, lo que permite cambios de fresa f\u00e1ciles y r\u00e1pidos.<\/li>\n<li><strong>Cojinete<\/strong>: La pieza de mano est\u00e1 equipada con un cojinete de cer\u00e1mica, lo que garantiza durabilidad y longevidad.<\/li>\n<li><strong>Conexi\u00f3n disponible<\/strong>: La pieza de mano est\u00e1 dise\u00f1ada con una conexi\u00f3n est\u00e1ndar internacional tipo E, lo que la hace compatible con varios equipos dentales.<\/li>\n<li><strong>Ruido<\/strong>: La pieza de mano funciona a menos de 65 dB, lo que garantiza un entorno tranquilo y c\u00f3modo tanto para el dentista como para el paciente.<\/li>\n<li><strong>Desinfecci\u00f3n<\/strong>: La pieza de mano se puede esterilizar en autoclave a 135 \u2103, lo que garantiza una esterilizaci\u00f3n completa y la seguridad del paciente.<\/li>\n<\/ul>\n<h2>\u00bfPor qu\u00e9 elegir nuestra pieza de mano de rociado de agua interno dental 4:1?<\/h2>\n<p>Elegir la pieza de mano dental adecuada puede ser una tarea desalentadora, pero nuestra pieza de mano con rociador de agua interno dental 4:1 facilita la decisi\u00f3n. Este es el por qu\u00e9:<\/p>\n<ul>\n<li><strong>Versatilidad<\/strong>: Ya sea que est\u00e9 realizando una limpieza dental de rutina o un procedimiento m\u00e1s complejo, nuestra pieza de mano est\u00e1 dise\u00f1ada para manejar una amplia gama de tareas dentales.<\/li>\n<li><strong>Durabilidad<\/strong>: Nuestra pieza de mano est\u00e1 hecha para durar, con una construcci\u00f3n robusta y materiales de alta calidad.<\/li>\n<li><strong>Facilidad de uso<\/strong>: Con su dise\u00f1o ergon\u00f3mico y caracter\u00edsticas intuitivas, nuestra pieza de mano es f\u00e1cil de usar, reduce la fatiga de la mano y aumenta la eficiencia.<\/li>\n<li><strong>Seguridad<\/strong>: Nuestra pieza de mano est\u00e1 dise\u00f1ada pensando en la seguridad del paciente. El sistema de rociado de agua interno ayuda a evitar el sobrecalentamiento, mientras que el dise\u00f1o apto para autoclave garantiza una esterilizaci\u00f3n completa.<\/li>\n<\/ul>\n<h2>Conclusi\u00f3n<\/h2>\n<p>En Cicada Medical, estamos comprometidos a brindar a los profesionales dentales las herramientas que necesitan para brindar la mejor atenci\u00f3n posible a sus pacientes. Nuestra pieza de mano dental con rociador de agua interno 4:1 es solo un ejemplo de nuestro compromiso con la calidad, la innovaci\u00f3n y la excelencia.<\/p>\n<p>Para obtener m\u00e1s informaci\u00f3n sobre nuestra gama de productos dentales, visite nuestro <a href=\"https:\/\/cicadamedical.com\/es\/distribuidor-de-suministros-odontologicos\/\" target=\"_new\" rel=\"noopener\">Distribuidor de suministros dentales<\/a> p\u00e1gina. Para obtener m\u00e1s informaci\u00f3n sobre nuestra pieza de mano de rociado de agua interno dental 4:1, visite nuestro <a href=\"https:\/\/cicadamedical.com\/es\/producto\/pieza-de-mano-spray-de-agua-interna-201-cv-dx-im20l\/\" target=\"_new\" rel=\"noopener\">p\u00e1gina del producto<\/a>.<\/p>\n<p>Recuerde, una buena pieza de mano es una inversi\u00f3n en su consulta y en la salud de sus pacientes. Elija sabiamente, elija Cicada Medical.<\/p>","protected":false},"excerpt":{"rendered":"<ul>\n<li>Importaci\u00f3n de rodamientos de cer\u00e1mica duraderos y de larga duraci\u00f3n.<\/li>\n<li>Tipo pulsador.<\/li>\n<li>Con fibra \u00f3ptica.<\/li>\n<li>Engranaje de alta precisi\u00f3n de bajo ruido.<\/li>\n<li>Riego externo e interno mejor enfriamiento.<\/li>\n<li>Conector est\u00e1ndar ISO f\u00e1cil compatible con diferentes motores.<\/li>\n<li>Desinfecci\u00f3n a alta temperatura de 135 \u2103.<\/li>\n<\/ul>","protected":false},"featured_media":593,"comment_status":"open","ping_status":"closed","template":"","meta":[],"product_cat":[42],"product_tag":[],"_links":{"self":[{"href":"https:\/\/cicadamedical.com\/es\/wp-json\/wp\/v3\/product\/584"}],"collection":[{"href":"https:\/\/cicadamedical.com\/es\/wp-json\/wp\/v3\/product"}],"about":[{"href":"https:\/\/cicadamedical.com\/es\/wp-json\/wp\/v2\/types\/product"}],"replies":[{"embeddable":true,"href":"https:\/\/cicadamedical.com\/es\/wp-json\/wp\/v2\/comments?post=584"}],"wp:featuredmedia":[{"embeddable":true,"href":"https:\/\/cicadamedical.com\/es\/wp-json\/wp\/v2\/media\/593"}],"wp:attachment":[{"href":"https:\/\/cicadamedical.com\/es\/wp-json\/wp\/v2\/media?parent=584"}],"wp:term":[{"taxonomy":"product_cat","embeddable":true,"href":"https:\/\/cicadamedical.com\/es\/wp-json\/wp\/v2\/product_cat?post=584"},{"taxonomy":"product_tag","embeddable":true,"href":"https:\/\/cicadamedical.com\/es\/wp-json\/wp\/v2\/product_tag?post=584"}],"curies":[{"name":"wp","href":"https:\/\/api.w.org\/{rel}","templated":true}]}}