{"id":594,"date":"2023-06-29T22:17:14","date_gmt":"2023-06-29T14:17:14","guid":{"rendered":"http:\/\/cicadamedical.com\/?post_type=product&#038;p=594"},"modified":"2023-06-30T09:05:21","modified_gmt":"2023-06-30T01:05:21","slug":"internal-water-spray-handpiece-161-cv-dx-r16l","status":"publish","type":"product","link":"https:\/\/cicadamedical.com\/es\/producto\/pieza-de-mano-spray-de-agua-interna-161-cv-dx-r16l\/","title":{"rendered":"Pulverizador de agua interno dental Pieza de mano 16:1 CV\/DX R16L"},"content":{"rendered":"<table align=\"center\">\n<tbody>\n<tr>\n<td>N\u00famero de modelo:<\/td>\n<td>CV\/DX R16L<\/td>\n<\/tr>\n<tr>\n<td>M\u00e1xima velocidad:<\/td>\n<td>2500min-1<\/td>\n<\/tr>\n<tr>\n<td>Conector:<\/td>\n<td>Motor el\u00e9ctrico<\/td>\n<\/tr>\n<tr>\n<td>Relaci\u00f3n de transmisi\u00f3n:<\/td>\n<td>16:1<\/td>\n<\/tr>\n<tr>\n<td>Tipo de fresa:<\/td>\n<td>Fresa CA de \u00f82,35 mm<\/td>\n<\/tr>\n<tr>\n<td>Ruido<\/td>\n<td>\u226468dB<\/td>\n<\/tr>\n<tr>\n<td>\u00d3ptico:<\/td>\n<td>con varilla de vidrio<\/td>\n<\/tr>\n<tr>\n<td>Rociador de agua<\/td>\n<td>Pulverizador de agua individual<\/td>\n<\/tr>\n<\/tbody>\n<\/table>\n<p><img loading=\"lazy\" decoding=\"async\" class=\"alignnone size-full wp-image-595\" src=\"http:\/\/cicadamedical.com\/wp-content\/uploads\/2022\/04\/internal_water_spray_handpiece_16-1_detailed__1.jpg\" alt=\"Interfaz universal\" width=\"1200\" height=\"500\" srcset=\"https:\/\/cicadamedical.com\/wp-content\/uploads\/2022\/04\/internal_water_spray_handpiece_16-1_detailed__1.jpg 1200w, https:\/\/cicadamedical.com\/wp-content\/uploads\/2022\/04\/internal_water_spray_handpiece_16-1_detailed__1-600x250.jpg 600w, https:\/\/cicadamedical.com\/wp-content\/uploads\/2022\/04\/internal_water_spray_handpiece_16-1_detailed__1-768x320.jpg 768w\" sizes=\"(max-width: 1200px) 100vw, 1200px\" \/> <img loading=\"lazy\" decoding=\"async\" class=\"alignnone size-full wp-image-596\" src=\"http:\/\/cicadamedical.com\/wp-content\/uploads\/2022\/04\/internal_water_spray_handpiece_16-1_detailed__4.png\" alt=\"Presionar el bot\u00f3n\" width=\"1200\" height=\"500\" srcset=\"https:\/\/cicadamedical.com\/wp-content\/uploads\/2022\/04\/internal_water_spray_handpiece_16-1_detailed__4.png 1200w, https:\/\/cicadamedical.com\/wp-content\/uploads\/2022\/04\/internal_water_spray_handpiece_16-1_detailed__4-600x250.png 600w, https:\/\/cicadamedical.com\/wp-content\/uploads\/2022\/04\/internal_water_spray_handpiece_16-1_detailed__4-768x320.png 768w\" sizes=\"(max-width: 1200px) 100vw, 1200px\" \/> <img loading=\"lazy\" decoding=\"async\" class=\"alignnone size-full wp-image-597\" src=\"http:\/\/cicadamedical.com\/wp-content\/uploads\/2022\/04\/internal_water_spray_handpiece_16-1_detailed__3.png\" alt=\"Alta precisi\u00f3n\" width=\"1200\" height=\"500\" srcset=\"https:\/\/cicadamedical.com\/wp-content\/uploads\/2022\/04\/internal_water_spray_handpiece_16-1_detailed__3.png 1200w, https:\/\/cicadamedical.com\/wp-content\/uploads\/2022\/04\/internal_water_spray_handpiece_16-1_detailed__3-600x250.png 600w, https:\/\/cicadamedical.com\/wp-content\/uploads\/2022\/04\/internal_water_spray_handpiece_16-1_detailed__3-768x320.png 768w\" sizes=\"(max-width: 1200px) 100vw, 1200px\" \/> <img loading=\"lazy\" decoding=\"async\" class=\"alignnone size-full wp-image-598\" src=\"http:\/\/cicadamedical.com\/wp-content\/uploads\/2022\/04\/internal_water_spray_handpiece_16-1_detailed__2.jpg\" alt=\"Patr\u00f3n 3D antideslizante\" width=\"1200\" height=\"500\" srcset=\"https:\/\/cicadamedical.com\/wp-content\/uploads\/2022\/04\/internal_water_spray_handpiece_16-1_detailed__2.jpg 1200w, https:\/\/cicadamedical.com\/wp-content\/uploads\/2022\/04\/internal_water_spray_handpiece_16-1_detailed__2-600x250.jpg 600w, https:\/\/cicadamedical.com\/wp-content\/uploads\/2022\/04\/internal_water_spray_handpiece_16-1_detailed__2-768x320.jpg 768w\" sizes=\"(max-width: 1200px) 100vw, 1200px\" \/><\/p>\n<p>El <strong>Pulverizador de agua interno dental Pieza de mano 16:1 CV\/DX R16L<\/strong> es una herramienta dental de \u00faltima generaci\u00f3n dise\u00f1ada para mejorar la eficiencia y comodidad de los procedimientos dentales. Fabricada por Cicada Medical, pionera en la industria de equipos dentales, esta pieza de mano es un testimonio del compromiso de la empresa con la calidad y la innovaci\u00f3n.<\/p>\n<h3>Caracter\u00edsticas clave<\/h3>\n<ul>\n<li><strong>Importaci\u00f3n de rodamientos de cer\u00e1mica:<\/strong> Esta caracter\u00edstica garantiza la durabilidad y una larga vida \u00fatil de la pieza de mano.<\/li>\n<li><strong>Pulsador Tipo:<\/strong> La pieza de mano est\u00e1 dise\u00f1ada con un bot\u00f3n para facilitar su uso.<\/li>\n<li><strong>Fibra \u00f3ptica:<\/strong> La pieza de mano viene con una funci\u00f3n de fibra \u00f3ptica, lo que mejora la visibilidad durante los procedimientos dentales.<\/li>\n<li><strong>Engranaje de alta precisi\u00f3n:<\/strong> El equipo est\u00e1 dise\u00f1ado para producir poco ruido, lo que garantiza una experiencia c\u00f3moda tanto para el dentista como para el paciente.<\/li>\n<li><strong>Riego Externo e Interno:<\/strong> Esta caracter\u00edstica proporciona un enfriamiento superior, que es crucial para prevenir da\u00f1os iatrog\u00e9nicos debido al calor por fricci\u00f3n.<\/li>\n<li><strong>Conector est\u00e1ndar ISO:<\/strong> La pieza de mano es compatible con diferentes motores, gracias a su conector est\u00e1ndar ISO.<\/li>\n<li><strong>Desinfecci\u00f3n a alta temperatura:<\/strong> La pieza de mano puede resistir la desinfecci\u00f3n a 135 \u2103, lo que garantiza que su uso siga siendo seguro e higi\u00e9nico.<\/li>\n<\/ul>\n<h3>Especificaciones<\/h3>\n<p>La pieza de mano de pulverizaci\u00f3n de agua interna dental 16:1 CV\/DX R16L viene con las siguientes especificaciones:<\/p>\n<ul>\n<li>N\u00famero de modelo: CV\/DX R16L<\/li>\n<li>Velocidad m\u00e1xima: 2500min-1<\/li>\n<li>Conector: Motor el\u00e9ctrico<\/li>\n<li>Relaci\u00f3n de engranajes: 16: 1<\/li>\n<li>Tipo de fresa: fresa CA de \u00f82,35 mm<\/li>\n<li>Ruido: \u226468dB<\/li>\n<li>\u00d3ptica: Con Varilla de Vidrio<\/li>\n<li>Pulverizaci\u00f3n de agua: Pulverizaci\u00f3n de agua individual<\/li>\n<\/ul>\n<h3>\u00bfPor qu\u00e9 elegir cigarra m\u00e9dica?<\/h3>\n<p>Cicada Medical es un proveedor l\u00edder de equipos dentales reconocido por su amplia gama de equipos dentales internacionales que cumplen con los est\u00e1ndares globales. De <a href=\"https:\/\/cicadamedical.com\/es\/categoria-producto\/endodontic\/\" target=\"_new\" rel=\"noopener\">endodoncia dental<\/a> a <a href=\"https:\/\/cicadamedical.com\/es\/categoria-producto\/led-curing-light\/\" target=\"_new\" rel=\"noopener\">Luz de curado llevada<\/a>, <a href=\"https:\/\/cicadamedical.com\/es\/categoria-producto\/surigical\/\" target=\"_new\" rel=\"noopener\">Cirug\u00eda Dental<\/a> a <a href=\"https:\/\/cicadamedical.com\/es\/categoria-producto\/air-turbines\/\" target=\"_new\" rel=\"noopener\">Turbinas de aire dentales<\/a>, Cicada Medical ofrece una amplia gama de productos para satisfacer todas sus necesidades dentales.<\/p>\n<h3>Conclusi\u00f3n<\/h3>\n<p>La pieza de mano dental con rociador de agua interno 16:1 CV\/DX R16L es una herramienta dental de primer nivel que combina funcionalidad, durabilidad y facilidad de uso. Es un testimonio del compromiso de Cicada Medical de proporcionar equipos dentales de alta calidad. Ya sea que sea un dentista que busca actualizar sus herramientas o una cl\u00ednica dental que busca invertir en equipos confiables, esta pieza de mano es una opci\u00f3n que vale la pena considerar.<\/p>\n<p>Recuerde, el mantenimiento de sus piezas de mano dentales es fundamental. Evite sumergirlos en cualquier tipo de l\u00edquido ya que podr\u00eda da\u00f1arlos. La lubricaci\u00f3n regular y una limpieza adecuada son claves para garantizar su longevidad y rendimiento. \u00a1As\u00ed que no esperes! \u00a1Mejore su pr\u00e1ctica dental con la pieza de mano dental interna con rociador de agua 16:1 CV\/DX R16L hoy!<\/p>","protected":false},"excerpt":{"rendered":"<ul>\n<li>Importaci\u00f3n de rodamientos de cer\u00e1mica duraderos y de larga duraci\u00f3n.<\/li>\n<li>Tipo pulsador.<\/li>\n<li>Con fibra \u00f3ptica.<\/li>\n<li>Engranaje de alta precisi\u00f3n de bajo ruido.<\/li>\n<li>Riego externo e interno mejor enfriamiento.<\/li>\n<li>Conector est\u00e1ndar ISO f\u00e1cil compatible con diferentes motores.<\/li>\n<li>Desinfecci\u00f3n a alta temperatura de 135 \u2103.<\/li>\n<\/ul>","protected":false},"featured_media":603,"comment_status":"open","ping_status":"closed","template":"","meta":[],"product_cat":[42],"product_tag":[],"_links":{"self":[{"href":"https:\/\/cicadamedical.com\/es\/wp-json\/wp\/v3\/product\/594"}],"collection":[{"href":"https:\/\/cicadamedical.com\/es\/wp-json\/wp\/v3\/product"}],"about":[{"href":"https:\/\/cicadamedical.com\/es\/wp-json\/wp\/v2\/types\/product"}],"replies":[{"embeddable":true,"href":"https:\/\/cicadamedical.com\/es\/wp-json\/wp\/v2\/comments?post=594"}],"wp:featuredmedia":[{"embeddable":true,"href":"https:\/\/cicadamedical.com\/es\/wp-json\/wp\/v2\/media\/603"}],"wp:attachment":[{"href":"https:\/\/cicadamedical.com\/es\/wp-json\/wp\/v2\/media?parent=594"}],"wp:term":[{"taxonomy":"product_cat","embeddable":true,"href":"https:\/\/cicadamedical.com\/es\/wp-json\/wp\/v2\/product_cat?post=594"},{"taxonomy":"product_tag","embeddable":true,"href":"https:\/\/cicadamedical.com\/es\/wp-json\/wp\/v2\/product_tag?post=594"}],"curies":[{"name":"wp","href":"https:\/\/api.w.org\/{rel}","templated":true}]}}