{"id":604,"date":"2023-06-29T22:22:16","date_gmt":"2023-06-29T14:22:16","guid":{"rendered":"http:\/\/cicadamedical.com\/?post_type=product&#038;p=604"},"modified":"2023-06-30T09:07:40","modified_gmt":"2023-06-30T01:07:40","slug":"internal-water-spray-handpiece-201-cv-dx-im20l","status":"publish","type":"product","link":"https:\/\/cicadamedical.com\/es\/producto\/pieza-de-mano-spray-de-agua-interna-201-cv-dx-im20l\/","title":{"rendered":"Pulverizador de agua interno dental Pieza de mano 20:1 CV\/DX IM20L"},"content":{"rendered":"<table align=\"center\">\n<tbody>\n<tr>\n<td>N\u00famero de modelo:<\/td>\n<td>CV\/DX IM20L<\/td>\n<\/tr>\n<tr>\n<td>M\u00e1xima velocidad:<\/td>\n<td>2.500 rpm\/min<\/td>\n<\/tr>\n<tr>\n<td>Conector:<\/td>\n<td>Motor el\u00e9ctrico<\/td>\n<\/tr>\n<tr>\n<td>Relaci\u00f3n de transmisi\u00f3n:<\/td>\n<td>20:1<\/td>\n<\/tr>\n<tr>\n<td>Tipo de fresa:<\/td>\n<td>Fresa CA de \u00f82,35 mm<\/td>\n<\/tr>\n<tr>\n<td>Longitud de la fresa:<\/td>\n<td>11,6 mm\u201325 mm<\/td>\n<\/tr>\n<tr>\n<td>\u00d3ptico:<\/td>\n<td>Con Fibra \u00d3ptica<\/td>\n<\/tr>\n<tr>\n<td>Tipo de rociado de agua:<\/td>\n<td>0,08-0,20 MPa (0,8-2,0 kgf\/cm)<\/td>\n<\/tr>\n<\/tbody>\n<\/table>\n<p><img loading=\"lazy\" decoding=\"async\" class=\"alignnone size-full wp-image-605\" src=\"http:\/\/cicadamedical.com\/wp-content\/uploads\/2022\/04\/internal_water_spray_handpiece_20-1_detailed__1.jpg\" alt=\"Interfaz universal\" width=\"1200\" height=\"500\" srcset=\"https:\/\/cicadamedical.com\/wp-content\/uploads\/2022\/04\/internal_water_spray_handpiece_20-1_detailed__1.jpg 1200w, https:\/\/cicadamedical.com\/wp-content\/uploads\/2022\/04\/internal_water_spray_handpiece_20-1_detailed__1-600x250.jpg 600w, https:\/\/cicadamedical.com\/wp-content\/uploads\/2022\/04\/internal_water_spray_handpiece_20-1_detailed__1-768x320.jpg 768w\" sizes=\"(max-width: 1200px) 100vw, 1200px\" \/> <img loading=\"lazy\" decoding=\"async\" class=\"alignnone size-full wp-image-606\" src=\"http:\/\/cicadamedical.com\/wp-content\/uploads\/2022\/04\/internal_water_spray_handpiece_20-1_detailed__4.png\" alt=\"Presionar el bot\u00f3n\" width=\"1200\" height=\"500\" srcset=\"https:\/\/cicadamedical.com\/wp-content\/uploads\/2022\/04\/internal_water_spray_handpiece_20-1_detailed__4.png 1200w, https:\/\/cicadamedical.com\/wp-content\/uploads\/2022\/04\/internal_water_spray_handpiece_20-1_detailed__4-600x250.png 600w, https:\/\/cicadamedical.com\/wp-content\/uploads\/2022\/04\/internal_water_spray_handpiece_20-1_detailed__4-768x320.png 768w\" sizes=\"(max-width: 1200px) 100vw, 1200px\" \/> <img loading=\"lazy\" decoding=\"async\" class=\"alignnone size-full wp-image-607\" src=\"http:\/\/cicadamedical.com\/wp-content\/uploads\/2022\/04\/internal_water_spray_handpiece_20-1_detailed__3.png\" alt=\"Alta precisi\u00f3n\" width=\"1200\" height=\"500\" srcset=\"https:\/\/cicadamedical.com\/wp-content\/uploads\/2022\/04\/internal_water_spray_handpiece_20-1_detailed__3.png 1200w, https:\/\/cicadamedical.com\/wp-content\/uploads\/2022\/04\/internal_water_spray_handpiece_20-1_detailed__3-600x250.png 600w, https:\/\/cicadamedical.com\/wp-content\/uploads\/2022\/04\/internal_water_spray_handpiece_20-1_detailed__3-768x320.png 768w\" sizes=\"(max-width: 1200px) 100vw, 1200px\" \/> <img loading=\"lazy\" decoding=\"async\" class=\"alignnone size-full wp-image-608\" src=\"http:\/\/cicadamedical.com\/wp-content\/uploads\/2022\/04\/internal_water_spray_handpiece_20-1_detailed__2.jpg\" alt=\"Patr\u00f3n 3D antideslizante\" width=\"1200\" height=\"500\" srcset=\"https:\/\/cicadamedical.com\/wp-content\/uploads\/2022\/04\/internal_water_spray_handpiece_20-1_detailed__2.jpg 1200w, https:\/\/cicadamedical.com\/wp-content\/uploads\/2022\/04\/internal_water_spray_handpiece_20-1_detailed__2-600x250.jpg 600w, https:\/\/cicadamedical.com\/wp-content\/uploads\/2022\/04\/internal_water_spray_handpiece_20-1_detailed__2-768x320.jpg 768w\" sizes=\"(max-width: 1200px) 100vw, 1200px\" \/><\/p>\n<p>La pieza de mano dental con rociador de agua interno 20:1 CV\/DX IM20L, presentada por Cicada Medical, es una herramienta revolucionaria que est\u00e1 transformando el campo del cuidado dental. Esta pieza de mano est\u00e1 dise\u00f1ada con un conjunto \u00fanico de caracter\u00edsticas que la convierten en un activo indispensable en cualquier cl\u00ednica dental.<\/p>\n<h2>Caracter\u00edsticas clave<\/h2>\n<p>La pieza de mano de pulverizaci\u00f3n de agua interna dental 20:1 CV\/DX IM20L cuenta con las siguientes caracter\u00edsticas:<\/p>\n<ul>\n<li><strong>N\u00famero de modelo<\/strong>: CV\/DX IM20L<\/li>\n<li><strong>M\u00e1xima velocidad<\/strong>: 2500 rpm\/min<\/li>\n<li><strong>conector<\/strong>: Motor el\u00e9ctrico<\/li>\n<li><strong>Relaci\u00f3n de transmisi\u00f3n<\/strong>: 20:1<\/li>\n<li><strong>Tipo de fresa<\/strong>: Fresa CA de \u00f82,35 mm<\/li>\n<li><strong>Longitud de la fresa<\/strong>: 11,6 mm\u201325 mm<\/li>\n<li><strong>\u00d3ptico<\/strong>: Con Fibra \u00d3ptica<\/li>\n<li><strong>Tipo de rociado de agua<\/strong>: 0,08-0,20 MPa (0,8-2,0 kgf\/cm)<\/li>\n<\/ul>\n<h2>Rendimiento inigualable<\/h2>\n<p>Esta pieza de mano est\u00e1 equipada con un sistema de rociado de agua interno, que proporciona irrigaci\u00f3n externa e interna para una mejor refrigeraci\u00f3n. El engranaje de alta precisi\u00f3n garantiza un funcionamiento silencioso, lo que hace que el procedimiento dental sea m\u00e1s c\u00f3modo tanto para el dentista como para el paciente.<\/p>\n<p>La pieza de mano tambi\u00e9n est\u00e1 dise\u00f1ada con un mecanismo tipo bot\u00f3n y viene con una funci\u00f3n de fibra \u00f3ptica. Es compatible con un conector est\u00e1ndar ISO, por lo que es f\u00e1cil de usar con diferentes motores.<\/p>\n<h2>Seguridad y Durabilidad<\/h2>\n<p>La pieza de mano dental con rociador de agua interno 20:1 CV\/DX IM20L est\u00e1 construida con un cojinete cer\u00e1mico importado, lo que garantiza durabilidad y una larga vida \u00fatil. Tambi\u00e9n puede soportar la desinfecci\u00f3n a altas temperaturas de hasta 135 \u2103, lo que garantiza la seguridad e higiene de sus procedimientos dentales.<\/p>\n<h2>Cuidado Dental con Cicada Medical<\/h2>\n<p>Cicada Medical es un proveedor l\u00edder de equipos dentales, reconocido como pionero en el mercado chino. Ofrecemos una amplia gama de equipos dentales internacionales que cumplen con los est\u00e1ndares globales. Nuestros productos, incluido el <a href=\"https:\/\/cicadamedical.com\/es\/dental-endo-motor\/\" target=\"_new\" rel=\"noopener\">endodoncia dental<\/a>, <a href=\"https:\/\/cicadamedical.com\/es\/producto\/lampara-de-polimerizacion-led-cv-215-gun-mhp\/\" target=\"_new\" rel=\"noopener\">Luz de curado llevada<\/a>, <a href=\"https:\/\/cicadamedical.com\/es\/categoria-producto\/surigical\/implant-motor\/\" target=\"_new\" rel=\"noopener\">Cirug\u00eda Dental<\/a>, <a href=\"https:\/\/cicadamedical.com\/es\/categoria-producto\/air-turbines\/\" target=\"_new\" rel=\"noopener\">turbinas de aire<\/a>, y m\u00e1s, est\u00e1n dise\u00f1ados para brindar atenci\u00f3n dental de la mejor calidad.<\/p>\n<h2>Conclusi\u00f3n<\/h2>\n<p>La pieza de mano dental con pulverizaci\u00f3n de agua interna 20:1 CV\/DX IM20L es un testimonio del compromiso de Cicada Medical de proporcionar herramientas dentales innovadoras y de alta calidad. Con sus caracter\u00edsticas \u00fanicas y su rendimiento superior, esta pieza de mano est\u00e1 destinada a redefinir el cuidado dental. Para m\u00e1s informaci\u00f3n sobre nuestros productos, visite nuestro <a href=\"https:\/\/cicadamedical.com\/es\/\" target=\"_new\" rel=\"noopener\">sitio web<\/a>.<\/p>\n<p>Recuerde, una buena pieza de mano dental no s\u00f3lo mejora su pr\u00e1ctica; tambi\u00e9n mejora la experiencia del paciente. Entonces, \u00bfpor qu\u00e9 esperar? \u00a1Actualice su cl\u00ednica dental con la pieza de mano dental interna con rociador de agua 20:1 CV\/DX IM20L hoy!<\/p>","protected":false},"excerpt":{"rendered":"<ul>\n<li>Importaci\u00f3n de rodamientos de cer\u00e1mica duraderos y de larga duraci\u00f3n.<\/li>\n<li>Tipo pulsador.<\/li>\n<li>Con fibra \u00f3ptica.<\/li>\n<li>Engranaje de alta precisi\u00f3n de bajo ruido.<\/li>\n<li>Riego externo e interno mejor enfriamiento.<\/li>\n<li>Conector est\u00e1ndar ISO f\u00e1cil compatible con diferentes motores.<\/li>\n<li>Desinfecci\u00f3n a alta temperatura de 135 \u2103.<\/li>\n<\/ul>","protected":false},"featured_media":613,"comment_status":"open","ping_status":"closed","template":"","meta":[],"product_cat":[42],"product_tag":[],"_links":{"self":[{"href":"https:\/\/cicadamedical.com\/es\/wp-json\/wp\/v3\/product\/604"}],"collection":[{"href":"https:\/\/cicadamedical.com\/es\/wp-json\/wp\/v3\/product"}],"about":[{"href":"https:\/\/cicadamedical.com\/es\/wp-json\/wp\/v2\/types\/product"}],"replies":[{"embeddable":true,"href":"https:\/\/cicadamedical.com\/es\/wp-json\/wp\/v2\/comments?post=604"}],"wp:featuredmedia":[{"embeddable":true,"href":"https:\/\/cicadamedical.com\/es\/wp-json\/wp\/v2\/media\/613"}],"wp:attachment":[{"href":"https:\/\/cicadamedical.com\/es\/wp-json\/wp\/v2\/media?parent=604"}],"wp:term":[{"taxonomy":"product_cat","embeddable":true,"href":"https:\/\/cicadamedical.com\/es\/wp-json\/wp\/v2\/product_cat?post=604"},{"taxonomy":"product_tag","embeddable":true,"href":"https:\/\/cicadamedical.com\/es\/wp-json\/wp\/v2\/product_tag?post=604"}],"curies":[{"name":"wp","href":"https:\/\/api.w.org\/{rel}","templated":true}]}}