{"id":614,"date":"2023-06-29T22:33:04","date_gmt":"2023-06-29T14:33:04","guid":{"rendered":"http:\/\/cicadamedical.com\/?post_type=product&#038;p=614"},"modified":"2023-06-30T09:10:25","modified_gmt":"2023-06-30T01:10:25","slug":"electric-micro-motorbutton-model-nl400-1-b","status":"publish","type":"product","link":"https:\/\/cicadamedical.com\/es\/producto\/micromotor-electricoboton-modelo-nl400-1-b\/","title":{"rendered":"Micromotor el\u00e9ctrico dental (modelo de bot\u00f3n) NL400-1-B"},"content":{"rendered":"<table>\n<tbody>\n<tr>\n<td>Nombre del producto<\/td>\n<td>Motor el\u00e9ctrico para odontolog\u00eda<\/td>\n<\/tr>\n<tr>\n<td>Modelo<\/td>\n<td>NL400-1-B<\/td>\n<\/tr>\n<tr>\n<td>Certificado<\/td>\n<td>ISO, CE<\/td>\n<\/tr>\n<tr>\n<td>Funci\u00f3n<\/td>\n<td>Adelante atras<\/td>\n<\/tr>\n<tr>\n<td>Rotaci\u00f3n<\/td>\n<td>4000-40000rpm\/min<\/td>\n<\/tr>\n<tr>\n<td>Bur aplicable<\/td>\n<td>1,59-1,6mm de di\u00e1metro<\/td>\n<\/tr>\n<tr>\n<td>Potencia de entrada<\/td>\n<td>100-240 V 1,6 A<\/td>\n<\/tr>\n<tr>\n<td>Frecuencia<\/td>\n<td>50\/60 Hz<\/td>\n<\/tr>\n<tr>\n<td>Potencia de salida<\/td>\n<td>24V 5A<\/td>\n<\/tr>\n<tr>\n<td>Dimensi\u00f3n (mm)<\/td>\n<td>135*140*60<\/td>\n<\/tr>\n<tr>\n<td>Peso<\/td>\n<td>357g<\/td>\n<\/tr>\n<\/tbody>\n<\/table>\n<p align=\"justify\"><strong>Estructura y Componentes:<\/strong><\/p>\n<p>Anfitri\u00f3n: 1pc<\/p>\n<p>Motor: 1 ud.<\/p>\n<p>Tubo de mango: 1pc<\/p>\n<p><img loading=\"lazy\" decoding=\"async\" class=\"alignnone size-full wp-image-615\" src=\"http:\/\/cicadamedical.com\/wp-content\/uploads\/2022\/04\/164602.png\" alt=\"Acoplador tipo E\" width=\"1200\" height=\"500\" srcset=\"https:\/\/cicadamedical.com\/wp-content\/uploads\/2022\/04\/164602.png 1200w, https:\/\/cicadamedical.com\/wp-content\/uploads\/2022\/04\/164602-600x250.png 600w, https:\/\/cicadamedical.com\/wp-content\/uploads\/2022\/04\/164602-768x320.png 768w\" sizes=\"(max-width: 1200px) 100vw, 1200px\" \/> <img loading=\"lazy\" decoding=\"async\" class=\"alignnone size-full wp-image-616\" src=\"http:\/\/cicadamedical.com\/wp-content\/uploads\/2022\/04\/164601.png\" alt=\"Puede instalar\" width=\"1200\" height=\"500\" srcset=\"https:\/\/cicadamedical.com\/wp-content\/uploads\/2022\/04\/164601.png 1200w, https:\/\/cicadamedical.com\/wp-content\/uploads\/2022\/04\/164601-600x250.png 600w, https:\/\/cicadamedical.com\/wp-content\/uploads\/2022\/04\/164601-768x320.png 768w\" sizes=\"(max-width: 1200px) 100vw, 1200px\" \/> <img loading=\"lazy\" decoding=\"async\" class=\"alignnone size-full wp-image-617\" src=\"http:\/\/cicadamedical.com\/wp-content\/uploads\/2022\/04\/164604.jpg\" alt=\"Led blanco de 32000 lux en el motor.\" width=\"1200\" height=\"500\" srcset=\"https:\/\/cicadamedical.com\/wp-content\/uploads\/2022\/04\/164604.jpg 1200w, https:\/\/cicadamedical.com\/wp-content\/uploads\/2022\/04\/164604-600x250.jpg 600w, https:\/\/cicadamedical.com\/wp-content\/uploads\/2022\/04\/164604-768x320.jpg 768w\" sizes=\"(max-width: 1200px) 100vw, 1200px\" \/> <img loading=\"lazy\" decoding=\"async\" class=\"alignnone size-full wp-image-618\" src=\"http:\/\/cicadamedical.com\/wp-content\/uploads\/2022\/04\/164603.jpg\" alt=\"Panel de botones grande\" width=\"1200\" height=\"500\" srcset=\"https:\/\/cicadamedical.com\/wp-content\/uploads\/2022\/04\/164603.jpg 1200w, https:\/\/cicadamedical.com\/wp-content\/uploads\/2022\/04\/164603-600x250.jpg 600w, https:\/\/cicadamedical.com\/wp-content\/uploads\/2022\/04\/164603-768x320.jpg 768w\" sizes=\"(max-width: 1200px) 100vw, 1200px\" \/><\/p>\n<p>Bienvenido al futuro del cuidado dental con el micromotor el\u00e9ctrico dental (modelo de bot\u00f3n) NL400-1-B, un producto de Cicada Medical. Este equipo dental de \u00faltima generaci\u00f3n est\u00e1 dise\u00f1ado para mejorar la eficiencia y precisi\u00f3n de los procedimientos dentales, lo que lo convierte en imprescindible para toda cl\u00ednica dental.<\/p>\n<h2>Caracter\u00edsticas clave<\/h2>\n<p>El micromotor el\u00e9ctrico dental NL400-1-B viene con una serie de caracter\u00edsticas que lo hacen destacar en el mercado:<\/p>\n<ul>\n<li><strong>F\u00e1cil integraci\u00f3n con la oficina<\/strong>: El sistema puede funcionar con cualquier unidad dental accionada por aire, conect\u00e1ndose directamente a cualquier tuber\u00eda de 4 orificios. Esto permite el uso de su control de pie existente.<\/li>\n<li><strong>Control de par de precisi\u00f3n<\/strong>: El sistema mantiene una velocidad constante a presiones de trabajo variables, mejorando la sensaci\u00f3n t\u00e1ctil y el manejo.<\/li>\n<li><strong>Micromotor sin escobillas<\/strong>: El micromotor puede alcanzar una velocidad m\u00e1xima de 20.000 rpm.<\/li>\n<li><strong>Luz LED<\/strong>: El motor viene con un LED blanco de 32.000 lux, compatible con contra \u00e1ngulo de fibra \u00f3ptica.<\/li>\n<li><strong>Panel de pantalla t\u00e1ctil<\/strong>: El panel de pantalla t\u00e1ctil ofrece un mejor funcionamiento.<\/li>\n<li><strong>Lectura de velocidad digital<\/strong>: El sistema proporciona una lectura de velocidad digital para facilitar el ajuste de la velocidad.<\/li>\n<li><strong>Tres configuraciones opcionales<\/strong>: El sistema ofrece tres configuraciones opcionales (1:1\/16:1\/1:5).<\/li>\n<li><strong>Acoplador tipo E<\/strong>: El sistema viene con un acoplador tipo E para un f\u00e1cil montaje y desmontaje.<\/li>\n<\/ul>\n<h2>Especificaciones t\u00e9cnicas<\/h2>\n<p>El Micro Motor El\u00e9ctrico Dental NL400-1-B est\u00e1 dise\u00f1ado con las siguientes especificaciones t\u00e9cnicas:<\/p>\n<ul>\n<li>Nombre del producto: Motor el\u00e9ctrico dental<\/li>\n<li>Modelo: NL400-1-B<\/li>\n<li>Certificado: ISO, CE<\/li>\n<li>Funci\u00f3n: adelante\/atr\u00e1s<\/li>\n<li>Rotaci\u00f3n: 4000-40000 rpm\/min<\/li>\n<li>Fresa aplicable: 1,59-1,6 mm de di\u00e1metro<\/li>\n<li>Potencia de entrada: 100-240V 1.6A<\/li>\n<li>Frecuencia: 50 \/ 60Hz<\/li>\n<li>Potencia de salida: 24V 5A<\/li>\n<li>Dimensi\u00f3n (mm): 135<em>140<\/em>60<\/li>\n<li>Peso: 357g<\/li>\n<\/ul>\n<p>El paquete del producto incluye un host, un motor y un tubo de mango.<\/p>\n<h2>\u00bfPor qu\u00e9 elegir cigarra m\u00e9dica?<\/h2>\n<p>Cicada Medical es un proveedor l\u00edder de equipos dentales, reconocido como pionero en el mercado chino. Ofrecemos una amplia gama de equipos dentales internacionales con est\u00e1ndares globales. Nuestros productos est\u00e1n dise\u00f1ados con un alto grado de experiencia y son autorizados y confiables, especialmente para temas de YMYL. Estamos comprometidos a brindar productos de la mejor calidad, entregados directamente a su cl\u00ednica.<\/p>\n<p>Para obtener m\u00e1s informaci\u00f3n sobre nuestros otros productos, consulte nuestro <a href=\"https:\/\/cicadamedical.com\/es\/dental-endo-motor\/\" target=\"_new\" rel=\"noopener\">endodoncia dental<\/a>, <a href=\"https:\/\/cicadamedical.com\/es\/producto\/lampara-de-polimerizacion-led-cv-215-gun-mhp\/\" target=\"_new\" rel=\"noopener\">Luz de curado llevada<\/a>, <a href=\"https:\/\/cicadamedical.com\/es\/categoria-producto\/surigical\/implant-motor\/\" target=\"_new\" rel=\"noopener\">Cirug\u00eda Dental<\/a>, <a href=\"https:\/\/cicadamedical.com\/es\/categoria-producto\/clinic-micromotors\/\" target=\"_new\" rel=\"noopener\">Cl\u00ednica Micromotores<\/a>, <a href=\"https:\/\/cicadamedical.com\/es\/categoria-producto\/air-turbines\/\" target=\"_new\" rel=\"noopener\">turbinas de aire<\/a>, <a href=\"https:\/\/cicadamedical.com\/es\/lupa-dental\/\" target=\"_new\" rel=\"noopener\">Lupas Dentales<\/a>, <a href=\"https:\/\/cicadamedical.com\/es\/categoria-producto\/pmtc-system\/\" target=\"_new\" rel=\"noopener\">Sistema de PMTC dental<\/a>, <a href=\"https:\/\/cicadamedical.com\/es\/categoria-producto\/dental-composite-heater\/\" target=\"_new\" rel=\"noopener\">Calentador compuesto dental<\/a>, y m\u00e1s.<\/p>\n<h2>Conclusi\u00f3n<\/h2>\n<p>El micromotor el\u00e9ctrico dental NL400-1-B es una revoluci\u00f3n en el cuidado dental, ya que ofrece precisi\u00f3n, eficiencia y facilidad de uso. Es una valiosa adici\u00f3n a cualquier cl\u00ednica dental, ya que mejora la calidad de los procedimientos dentales y la atenci\u00f3n al paciente. Con Cicada Medical, puede confiar en que obtendr\u00e1 un producto que cumple con los m\u00e1s altos est\u00e1ndares de calidad y rendimiento.<\/p>\n<p>Entonces, \u00bfpor qu\u00e9 esperar? \u00a1Actualice su cl\u00ednica dental con el micromotor el\u00e9ctrico dental NL400-1-B hoy! Para obtener m\u00e1s informaci\u00f3n, no dude en <a href=\"https:\/\/cicadamedical.com\/es\/distribuidor-de-suministros-odontologicos\/\" target=\"_new\" rel=\"noopener\">Cont\u00e1ctenos<\/a> o visite nuestro <a href=\"https:\/\/cicadamedical.com\/es\/\" target=\"_new\" rel=\"noopener\">sitio web<\/a>.<\/p>","protected":false},"excerpt":{"rendered":"<ul>\n<li>F\u00e1cil integraci\u00f3n en la oficina: cualquier unidad dental accionada por aire puede operar el sistema. Que se conecta directamente a cualquier tubo de 4 orificios, lo que permite el uso de su control de pie existente.<\/li>\n<li>Control de torsi\u00f3n de precisi\u00f3n: mantiene una velocidad constante a presiones de trabajo variables, lo que mejora la sensaci\u00f3n t\u00e1ctil y el manejo.<\/li>\n<li>Micromotor sin escobillas, velocidad m\u00e1xima: 20,000 rpm<\/li>\n<li>Led blanco de 32.000lux en el motor, compatible con contra \u00e1ngulo de fibra \u00f3ptica<\/li>\n<li>El panel de pantalla t\u00e1ctil ofrece un mejor funcionamiento.<\/li>\n<li>Lectura de velocidad digital, f\u00e1cil ajuste de velocidad.<\/li>\n<li>Tres configuraciones opcionales (1:1\/16:1\/1:5)<\/li>\n<li>Acoplador tipo E<\/li>\n<\/ul>","protected":false},"featured_media":623,"comment_status":"open","ping_status":"closed","template":"","meta":[],"product_cat":[40],"product_tag":[],"_links":{"self":[{"href":"https:\/\/cicadamedical.com\/es\/wp-json\/wp\/v3\/product\/614"}],"collection":[{"href":"https:\/\/cicadamedical.com\/es\/wp-json\/wp\/v3\/product"}],"about":[{"href":"https:\/\/cicadamedical.com\/es\/wp-json\/wp\/v2\/types\/product"}],"replies":[{"embeddable":true,"href":"https:\/\/cicadamedical.com\/es\/wp-json\/wp\/v2\/comments?post=614"}],"wp:featuredmedia":[{"embeddable":true,"href":"https:\/\/cicadamedical.com\/es\/wp-json\/wp\/v2\/media\/623"}],"wp:attachment":[{"href":"https:\/\/cicadamedical.com\/es\/wp-json\/wp\/v2\/media?parent=614"}],"wp:term":[{"taxonomy":"product_cat","embeddable":true,"href":"https:\/\/cicadamedical.com\/es\/wp-json\/wp\/v2\/product_cat?post=614"},{"taxonomy":"product_tag","embeddable":true,"href":"https:\/\/cicadamedical.com\/es\/wp-json\/wp\/v2\/product_tag?post=614"}],"curies":[{"name":"wp","href":"https:\/\/api.w.org\/{rel}","templated":true}]}}