{"id":634,"date":"2022-06-24T22:46:45","date_gmt":"2022-06-24T14:46:45","guid":{"rendered":"http:\/\/cicadamedical.com\/?post_type=product&#038;p=634"},"modified":"2023-06-25T21:42:30","modified_gmt":"2023-06-25T13:42:30","slug":"electric-micro-motor-buildin-nl400-1-buildin","status":"publish","type":"product","link":"https:\/\/cicadamedical.com\/es\/producto\/micro-motor-electrico-construido-nl400-1-construido\/","title":{"rendered":"Micromotor el\u00e9ctrico dental Buildin NL400-1-BUILDIN"},"content":{"rendered":"<table>\n<tbody>\n<tr>\n<td>Nombre del producto<\/td>\n<td>Motor el\u00e9ctrico para odontolog\u00eda<\/td>\n<\/tr>\n<tr>\n<td>Modelo<\/td>\n<td>NL400-1-B-Construcci\u00f3n<\/td>\n<\/tr>\n<tr>\n<td>Certificado<\/td>\n<td>ISO, CE<\/td>\n<\/tr>\n<tr>\n<td>Paquete<\/td>\n<td>Caja de cart\u00f3n<\/td>\n<\/tr>\n<tr>\n<td>Rotaci\u00f3n<\/td>\n<td>4000-40000rpm\/min<\/td>\n<\/tr>\n<tr>\n<td>Bur aplicable<\/td>\n<td>1,59-1,6mm de di\u00e1metro<\/td>\n<\/tr>\n<\/tbody>\n<\/table>\n<p><img loading=\"lazy\" decoding=\"async\" class=\"alignnone size-full wp-image-635\" src=\"http:\/\/cicadamedical.com\/wp-content\/uploads\/2022\/04\/1228160401.png\" alt=\"Puede instalar\" width=\"1200\" height=\"500\" srcset=\"https:\/\/cicadamedical.com\/wp-content\/uploads\/2022\/04\/1228160401.png 1200w, https:\/\/cicadamedical.com\/wp-content\/uploads\/2022\/04\/1228160401-600x250.png 600w, https:\/\/cicadamedical.com\/wp-content\/uploads\/2022\/04\/1228160401-768x320.png 768w\" sizes=\"(max-width: 1200px) 100vw, 1200px\" \/> <img loading=\"lazy\" decoding=\"async\" class=\"alignnone size-full wp-image-636\" src=\"http:\/\/cicadamedical.com\/wp-content\/uploads\/2022\/04\/1228160404.jpg\" alt=\"Led blanco de 32000 lux en el motor.\" width=\"1200\" height=\"500\" srcset=\"https:\/\/cicadamedical.com\/wp-content\/uploads\/2022\/04\/1228160404.jpg 1200w, https:\/\/cicadamedical.com\/wp-content\/uploads\/2022\/04\/1228160404-600x250.jpg 600w, https:\/\/cicadamedical.com\/wp-content\/uploads\/2022\/04\/1228160404-768x320.jpg 768w\" sizes=\"(max-width: 1200px) 100vw, 1200px\" \/> <img loading=\"lazy\" decoding=\"async\" class=\"alignnone size-full wp-image-637\" src=\"http:\/\/cicadamedical.com\/wp-content\/uploads\/2022\/04\/1228160403.jpg\" alt=\"Panel de pantalla t\u00e1ctil\" width=\"1200\" height=\"500\" srcset=\"https:\/\/cicadamedical.com\/wp-content\/uploads\/2022\/04\/1228160403.jpg 1200w, https:\/\/cicadamedical.com\/wp-content\/uploads\/2022\/04\/1228160403-600x250.jpg 600w, https:\/\/cicadamedical.com\/wp-content\/uploads\/2022\/04\/1228160403-768x320.jpg 768w\" sizes=\"(max-width: 1200px) 100vw, 1200px\" \/> <img loading=\"lazy\" decoding=\"async\" class=\"alignnone size-full wp-image-638\" src=\"http:\/\/cicadamedical.com\/wp-content\/uploads\/2022\/04\/1228160402.png\" alt=\"Acoplador tipo E\" width=\"1200\" height=\"500\" srcset=\"https:\/\/cicadamedical.com\/wp-content\/uploads\/2022\/04\/1228160402.png 1200w, https:\/\/cicadamedical.com\/wp-content\/uploads\/2022\/04\/1228160402-600x250.png 600w, https:\/\/cicadamedical.com\/wp-content\/uploads\/2022\/04\/1228160402-768x320.png 768w\" sizes=\"(max-width: 1200px) 100vw, 1200px\" \/><\/p>\n<p>En Cicada Medical, entendemos la importancia de la precisi\u00f3n y el control en los procedimientos dentales. Por eso ofrecemos el Micro Motor El\u00e9ctrico Dental NL400-1, una herramienta de \u00faltima generaci\u00f3n que aporta eficiencia y comodidad a tu pr\u00e1ctica odontol\u00f3gica.<\/p>\n<h2>Caracter\u00edsticas del micromotor el\u00e9ctrico dental NL400-1<\/h2>\n<p>El micromotor el\u00e9ctrico dental NL400-1 no es un motor dental cualquiera. Es un equipo dental avanzado dise\u00f1ado para mejorar la calidad del cuidado dental. Estas son algunas de sus caracter\u00edsticas clave:<\/p>\n<ul>\n<li>Puede instalar una pieza de mano de aumento 1:5, una pieza de mano de 1:1 y un contra\u00e1ngulo de reducci\u00f3n de 16:1<\/li>\n<li>Equipado con una pantalla digital para una f\u00e1cil operaci\u00f3n<\/li>\n<li>Viene con un indicador de carga<\/li>\n<li>Cuenta con una funci\u00f3n de inspecci\u00f3n de temperatura.<\/li>\n<li>Dise\u00f1o moderno y duradero.<\/li>\n<li>Funcionamiento de alta eficiencia y bajo nivel de ruido<\/li>\n<li>F\u00e1cil de configurar y operar<\/li>\n<\/ul>\n<h2>El poder de los micromotores el\u00e9ctricos en odontolog\u00eda<\/h2>\n<p>Los micromotores el\u00e9ctricos, como nuestro NL400-1, han revolucionado el campo de la odontolog\u00eda. Ofrecen mayor precisi\u00f3n, velocidad y control durante los procedimientos, lo que los convierte en una herramienta esencial en la odontolog\u00eda moderna.<\/p>\n<p>En comparaci\u00f3n con las piezas de mano dentales tradicionales, los micromotores el\u00e9ctricos son m\u00e1s f\u00e1ciles de usar, reducen la fatiga y mejoran la precisi\u00f3n general. Tambi\u00e9n ofrecen una experiencia m\u00e1s c\u00f3moda para los pacientes, ya que producen menos vibraciones y ruido.<\/p>\n<h2>Micromotor el\u00e9ctrico sin escobillas: el futuro de los equipos dentales<\/h2>\n<p>Una de las diferencias clave entre un micromotor el\u00e9ctrico sin escobillas y un micromotor tradicional es la falta de escobillas en la versi\u00f3n sin escobillas. Esto da como resultado un motor que es m\u00e1s eficiente, tiene una vida \u00fatil m\u00e1s larga y es menos propenso al desgaste.<\/p>\n<p>Nuestro modelo NL400-1 es un micromotor el\u00e9ctrico sin escobillas que ofrece todos estos beneficios. Es m\u00e1s silencioso y produce menos vibraciones, lo que hace que su uso sea m\u00e1s c\u00f3modo tanto para el dentista como para el paciente.<\/p>\n<h2>Aplicaciones de Micromotores El\u00e9ctricos en Odontolog\u00eda<\/h2>\n<p>Los micromotores el\u00e9ctricos se utilizan en una variedad de procedimientos dentales, que incluyen:<\/p>\n<ul>\n<li>Preparaci\u00f3n de coronas y puentes<\/li>\n<li>preparaci\u00f3n de la cavidad<\/li>\n<li>implantolog\u00eda<\/li>\n<li>endodoncia<\/li>\n<li>Procedimientos de ortodoncia, como el ajuste de aparatos ortop\u00e9dicos y alambres<\/li>\n<\/ul>\n<h2>Equipos dentales de calidad a precios competitivos<\/h2>\n<p>En Cicada Medical, ofrecemos una gama de micromotores el\u00e9ctricos a precios competitivos. Nuestros precios var\u00edan desde varios cientos de d\u00f3lares hasta varios miles de d\u00f3lares, seg\u00fan el modelo y las caracter\u00edsticas.<\/p>\n<h2>Conclusi\u00f3n<\/h2>\n<p>Los micromotores el\u00e9ctricos se han convertido en una herramienta esencial en la odontolog\u00eda moderna, ya que ofrecen mayor precisi\u00f3n, velocidad y control durante los procedimientos. Con una gama de modelos y caracter\u00edsticas, Cicada Medical es un proveedor l\u00edder de micromotores el\u00e9ctricos dentales de alta calidad que est\u00e1n dise\u00f1ados para satisfacer las necesidades de los profesionales dentales.<\/p>\n<p>Para obtener m\u00e1s informaci\u00f3n sobre nuestro micromotor el\u00e9ctrico dental NL400-1 o cualquiera de nuestros otros productos, visite nuestro <a href=\"https:\/\/cicadamedical.com\/es\/\" target=\"_new\" rel=\"noopener\">sitio web<\/a>. Tambi\u00e9n ofrecemos una amplia gama de otros equipos dentales, que incluyen <a href=\"https:\/\/cicadamedical.com\/es\/dental-endo-motor\/\" target=\"_new\" rel=\"noopener\">endodoncia dental<\/a>, <a href=\"https:\/\/cicadamedical.com\/es\/producto\/lampara-de-polimerizacion-led-cv-215-gun-mhp\/\" target=\"_new\" rel=\"noopener\">Luz de curado llevada<\/a>, y <a href=\"https:\/\/cicadamedical.com\/es\/categoria-producto\/surigical\/implant-motor\/\" target=\"_new\" rel=\"noopener\">Cirug\u00eda Dental<\/a> herramientas.<\/p>\n<p>En Cicada Medical, estamos comprometidos a brindar equipos dentales de la mejor calidad a los mejores precios. Cont\u00e1ctenos hoy para obtener m\u00e1s informaci\u00f3n sobre nuestros productos y c\u00f3mo pueden beneficiar su pr\u00e1ctica dental.<\/p>","protected":false},"excerpt":{"rendered":"<ul>\n<li>Puede instalar una pieza de mano de aumento 1: 5, una pieza de mano 1: 1 y un contra\u00e1ngulo de reducci\u00f3n 16: 1<\/li>\n<li>Con pantalla digital<\/li>\n<li>Con indicador de carga<\/li>\n<li>Con inspecci\u00f3n de temperatura<\/li>\n<li>Dise\u00f1o bos moderno y duradero.<\/li>\n<li>Alta eficiencia y bajo nivel de ruido.<\/li>\n<li>F\u00e1cil de configurar y operar<\/li>\n<\/ul>","protected":false},"featured_media":639,"comment_status":"open","ping_status":"closed","template":"","meta":[],"product_cat":[40],"product_tag":[],"_links":{"self":[{"href":"https:\/\/cicadamedical.com\/es\/wp-json\/wp\/v3\/product\/634"}],"collection":[{"href":"https:\/\/cicadamedical.com\/es\/wp-json\/wp\/v3\/product"}],"about":[{"href":"https:\/\/cicadamedical.com\/es\/wp-json\/wp\/v2\/types\/product"}],"replies":[{"embeddable":true,"href":"https:\/\/cicadamedical.com\/es\/wp-json\/wp\/v2\/comments?post=634"}],"wp:featuredmedia":[{"embeddable":true,"href":"https:\/\/cicadamedical.com\/es\/wp-json\/wp\/v2\/media\/639"}],"wp:attachment":[{"href":"https:\/\/cicadamedical.com\/es\/wp-json\/wp\/v2\/media?parent=634"}],"wp:term":[{"taxonomy":"product_cat","embeddable":true,"href":"https:\/\/cicadamedical.com\/es\/wp-json\/wp\/v2\/product_cat?post=634"},{"taxonomy":"product_tag","embeddable":true,"href":"https:\/\/cicadamedical.com\/es\/wp-json\/wp\/v2\/product_tag?post=634"}],"curies":[{"name":"wp","href":"https:\/\/api.w.org\/{rel}","templated":true}]}}