{"id":654,"date":"2023-06-29T23:02:55","date_gmt":"2023-06-29T15:02:55","guid":{"rendered":"http:\/\/cicadamedical.com\/?post_type=product&#038;p=654"},"modified":"2023-06-30T09:21:24","modified_gmt":"2023-06-30T01:21:24","slug":"implant-motor-surgic-pro","status":"publish","type":"product","link":"https:\/\/cicadamedical.com\/es\/producto\/implant-motor-quirurgico-pro\/","title":{"rendered":"Implante Dental Motor Surgic Pro+"},"content":{"rendered":"<p><strong>Especificaci\u00f3n t\u00e9cnica:<\/strong><\/p>\n<div class=\"table-responsive\">\n<table align=\"center\">\n<tbody>\n<tr>\n<td>Modelo<\/td>\n<td>Profesional quir\u00fargico<\/td>\n<\/tr>\n<tr>\n<td>Fuente de alimentaci\u00f3n de entrada<\/td>\n<td>CA100-110V o CA220-240V 50\/60HZ<\/td>\n<\/tr>\n<tr>\n<td>Rango de velocidad de rotaci\u00f3n del motor<\/td>\n<td>200rpm-40000rpm<\/td>\n<\/tr>\n<tr>\n<td>Rango de par<\/td>\n<td>400w,80N.cm<\/td>\n<\/tr>\n<tr>\n<td>Flujo de refrigerante<\/td>\n<td>0-80ml\/minuto<\/td>\n<\/tr>\n<tr>\n<td>Programas almacenados<\/td>\n<td>\u00a08 tipos<\/td>\n<\/tr>\n<\/tbody>\n<\/table>\n<\/div>\n<p>&nbsp;<\/p>\n<p><strong>Unidad de control:<\/strong><\/p>\n<div class=\"table-responsive\">\n<table align=\"center\">\n<tbody>\n<tr>\n<td>Potencia de entrada<\/td>\n<td>CA 220V 50HZ<\/td>\n<\/tr>\n<tr>\n<td>Potencia de consumo<\/td>\n<td>120VA<\/td>\n<\/tr>\n<tr>\n<td>Salida de la bomba de agua<\/td>\n<td>0ml\/min-120ml\/min<\/td>\n<\/tr>\n<tr>\n<td>Fusible<\/td>\n<td>F3AL 250V<\/td>\n<\/tr>\n<tr>\n<td>Tama\u00f1o<\/td>\n<td>285*265*155mm<\/td>\n<\/tr>\n<\/tbody>\n<\/table>\n<\/div>\n<p>&nbsp;<\/p>\n<p><strong>Motor:<\/strong><\/p>\n<div class=\"table-responsive\">\n<table align=\"center\">\n<tbody>\n<tr>\n<td>Velocidad de rotaci\u00f3n<\/td>\n<td>300r\/min -5000r\/min<\/td>\n<\/tr>\n<tr>\n<td>voltaje de entrada<\/td>\n<td>CC30V<\/td>\n<\/tr>\n<\/tbody>\n<\/table>\n<\/div>\n<p>&nbsp;<\/p>\n<p><strong>Condiciones de operaci\u00f3n:<\/strong><\/p>\n<p>Condiciones de almacenamiento: Temperatura: -10 \u2103 -50 \u2103<\/p>\n<p>Humedad: &lt;80%<\/p>\n<p>Presi\u00f3n atmosf\u00e9rica: 50KPa-106Kpa<\/p>\n<p>Condiciones ambientales: No cerca de equipos contra incendios o material inflamable.<\/p>\n<p>&nbsp;<\/p>\n<p><strong>Accesorios:<\/strong><\/p>\n<div class=\"table-responsive\">\n<table align=\"center\">\n<tbody>\n<tr>\n<td>Unidad de control<\/td>\n<td>1<\/td>\n<\/tr>\n<tr>\n<td>Pedal<\/td>\n<td>1<\/td>\n<\/tr>\n<tr>\n<td>Cable de energ\u00eda<\/td>\n<td>1<\/td>\n<\/tr>\n<tr>\n<td>Motor (con cable)<\/td>\n<td>1<\/td>\n<\/tr>\n<tr>\n<td>Botella de agua<\/td>\n<td>1<\/td>\n<\/tr>\n<tr>\n<td>Soporte del motor<\/td>\n<td>1<\/td>\n<\/tr>\n<tr>\n<td>Anillo el\u00e1stico de tuber\u00eda<\/td>\n<td>8<\/td>\n<\/tr>\n<tr>\n<td>Tubo de derivaci\u00f3n tipo Y<\/td>\n<td>1<\/td>\n<\/tr>\n<tr>\n<td>Boquilla de canal interno<\/td>\n<td>1<\/td>\n<\/tr>\n<tr>\n<td>Fusible<\/td>\n<td>1<\/td>\n<\/tr>\n<tr>\n<td>tap\u00f3n de vapor<\/td>\n<td>1<\/td>\n<\/tr>\n<tr>\n<td>Tubo de suministro de agua<\/td>\n<td>1<\/td>\n<\/tr>\n<tr>\n<td>Boquilla de cabeza de flexi\u00f3n<\/td>\n<td>1<\/td>\n<\/tr>\n<tr>\n<td>Instrucciones de uso<\/td>\n<td>1<\/td>\n<\/tr>\n<\/tbody>\n<\/table>\n<p><img loading=\"lazy\" decoding=\"async\" class=\"alignnone size-full wp-image-655\" src=\"http:\/\/cicadamedical.com\/wp-content\/uploads\/2022\/04\/1228164201.png\" alt=\"Operaci\u00f3n con una sola tecla simple y r\u00e1pida\" width=\"1200\" height=\"500\" srcset=\"https:\/\/cicadamedical.com\/wp-content\/uploads\/2022\/04\/1228164201.png 1200w, https:\/\/cicadamedical.com\/wp-content\/uploads\/2022\/04\/1228164201-600x250.png 600w, https:\/\/cicadamedical.com\/wp-content\/uploads\/2022\/04\/1228164201-768x320.png 768w\" sizes=\"(max-width: 1200px) 100vw, 1200px\" \/> <img loading=\"lazy\" decoding=\"async\" class=\"alignnone size-full wp-image-656\" src=\"http:\/\/cicadamedical.com\/wp-content\/uploads\/2022\/04\/1228164204.jpg\" alt=\"Controlador de pie ergon\u00f3mico\" width=\"1200\" height=\"500\" srcset=\"https:\/\/cicadamedical.com\/wp-content\/uploads\/2022\/04\/1228164204.jpg 1200w, https:\/\/cicadamedical.com\/wp-content\/uploads\/2022\/04\/1228164204-600x250.jpg 600w, https:\/\/cicadamedical.com\/wp-content\/uploads\/2022\/04\/1228164204-768x320.jpg 768w\" sizes=\"(max-width: 1200px) 100vw, 1200px\" \/> <img loading=\"lazy\" decoding=\"async\" class=\"alignnone size-full wp-image-657\" src=\"http:\/\/cicadamedical.com\/wp-content\/uploads\/2022\/04\/1228164203.jpg\" alt=\"Gran par\" width=\"1200\" height=\"500\" srcset=\"https:\/\/cicadamedical.com\/wp-content\/uploads\/2022\/04\/1228164203.jpg 1200w, https:\/\/cicadamedical.com\/wp-content\/uploads\/2022\/04\/1228164203-600x250.jpg 600w, https:\/\/cicadamedical.com\/wp-content\/uploads\/2022\/04\/1228164203-768x320.jpg 768w\" sizes=\"(max-width: 1200px) 100vw, 1200px\" \/> <img loading=\"lazy\" decoding=\"async\" class=\"alignnone size-full wp-image-658\" src=\"http:\/\/cicadamedical.com\/wp-content\/uploads\/2022\/04\/1228164202.png\" alt=\"Pantalla LCD\" width=\"1200\" height=\"500\" srcset=\"https:\/\/cicadamedical.com\/wp-content\/uploads\/2022\/04\/1228164202.png 1200w, https:\/\/cicadamedical.com\/wp-content\/uploads\/2022\/04\/1228164202-600x250.png 600w, https:\/\/cicadamedical.com\/wp-content\/uploads\/2022\/04\/1228164202-768x320.png 768w\" sizes=\"(max-width: 1200px) 100vw, 1200px\" \/><\/p>\n<p>\u00a1Bienvenido al mundo de las soluciones dentales avanzadas con Cicada Medical! Estamos aqu\u00ed para presentarle nuestro producto de primera l\u00ednea, Dental Implant Motor Surgic Pro+. Este motor de implante dental de \u00faltima generaci\u00f3n forma parte de la reconocida serie Surgic Pro de NSK-Nakanishi International. Est\u00e1 dise\u00f1ado para brindar precisi\u00f3n y control, haciendo que los procedimientos de implantes dentales sean m\u00e1s eficientes y c\u00f3modos tanto para el dentista como para el paciente.<\/p>\n<h2>Caracter\u00edsticas clave del motor de implante dental Surgic Pro+<\/h2>\n<p>El Motor de Implante Dental Surgic Pro+ est\u00e1 repleto de caracter\u00edsticas que lo distinguen en el campo de los motores de implantes dentales. Esto es lo que lo distingue:<\/p>\n<ul>\n<li><strong>Alto rendimiento<\/strong>: Surgic Pro+ funciona en un rango de velocidad de rotaci\u00f3n del motor de 200 rpm a 40 000 rpm, lo que proporciona un alto rendimiento para varios procedimientos dentales.<\/li>\n<li><strong>Par potente<\/strong>: Con un rango de torque de 400w, 80N.cm, Surgic Pro+ ofrece un control potente y preciso durante los procedimientos de implantes dentales.<\/li>\n<li><strong>Control de flujo de refrigerante<\/strong>: Surgic Pro+ cuenta con un sistema de control de flujo de refrigerante que var\u00eda de 0 a 80 ml\/min, lo que garantiza que el motor no se sobrecaliente durante el funcionamiento.<\/li>\n<li><strong>Programable<\/strong>: Surgic Pro+ viene con 8 tipos de programas almacenados, lo que permite a los dentistas personalizar el funcionamiento del motor seg\u00fan las necesidades espec\u00edficas de cada procedimiento.<\/li>\n<\/ul>\n<h2>Especificaciones t\u00e9cnicas<\/h2>\n<p>El Dental Implant Motor Surgic Pro+ est\u00e1 dise\u00f1ado con las siguientes especificaciones t\u00e9cnicas:<\/p>\n<h3>Unidad de control:<\/h3>\n<ul>\n<li>Potencia de entrada: CA 220V 50HZ<\/li>\n<li>Potencia de consumo: 120VA<\/li>\n<li>Salida de la bomba de agua: 0ml\/min-120ml\/min<\/li>\n<li>Fusible: F3AL 250V<\/li>\n<li>Tama\u00f1o: 285<em>265<\/em>155 mm<\/li>\n<\/ul>\n<h3>Motor:<\/h3>\n<ul>\n<li>Velocidad rotatoria: 300r\/min -5000r\/min<\/li>\n<li>Voltaje de entrada: DC30V<\/li>\n<\/ul>\n<h3>Condiciones de operaci\u00f3n:<\/h3>\n<ul>\n<li>Condiciones de almacenamiento: Temperatura: -10 \u2103 -50 \u2103<\/li>\n<li>Humedad: &lt;80%<\/li>\n<li>Presi\u00f3n atmosf\u00e9rica: 50KPa-106Kpa<\/li>\n<li>Condiciones ambientales: No cerca de equipos contra incendios o material inflamable.<\/li>\n<\/ul>\n<h2>Accesorios<\/h2>\n<p>El Dental Implant Motor Surgic Pro+ viene con un conjunto completo de accesorios, que incluyen:<\/p>\n<ul>\n<li>Unidad de control<\/li>\n<li>Pedal<\/li>\n<li>Cable de energ\u00eda<\/li>\n<li>Motor (con cable)<\/li>\n<li>Botella de agua<\/li>\n<li>Soporte del motor<\/li>\n<li>Anillo el\u00e1stico de tuber\u00eda<\/li>\n<li>Tubo de derivaci\u00f3n tipo Y<\/li>\n<li>Boquilla de canal interno<\/li>\n<li>Fusible<\/li>\n<li>tap\u00f3n de vapor<\/li>\n<li>Tubo de suministro de agua<\/li>\n<li>Boquilla de cabeza de flexi\u00f3n<\/li>\n<li>Instrucciones de uso<\/li>\n<\/ul>\n<h2>Por qu\u00e9 elegir Implantes dentales Motor Surgic Pro+<\/h2>\n<p>El Motor de Implante Dental Surgic Pro+ est\u00e1 dise\u00f1ado con caracter\u00edsticas avanzadas que lo hacen destacado en el campo de los motores de implantes dentales. He aqu\u00ed por qu\u00e9 es una gran elecci\u00f3n:<\/p>\n<ul>\n<li><strong>Alto rendimiento<\/strong>: Surgic Pro+ funciona en un rango de velocidad de rotaci\u00f3n del motor de 200 rpm a 40 000 rpm, lo que proporciona un alto rendimiento para varios procedimientos dentales.<\/li>\n<li><strong>Par potente<\/strong>: Con un rango de torque de 400w, 80N.cm, Surgic Pro+ ofrece un control potente y preciso durante los procedimientos de implantes dentales.<\/li>\n<li><strong>Control de flujo de refrigerante<\/strong>: Surgic Pro+ cuenta con un sistema de control de flujo de refrigerante que var\u00eda de 0 a 80 ml\/min, lo que garantiza que el motor no se sobrecaliente durante el funcionamiento.<\/li>\n<li><strong>Programable<\/strong>: Surgic Pro+ viene con 8 tipos de programas almacenados, lo que permite a los dentistas personalizar el funcionamiento del motor seg\u00fan las necesidades espec\u00edficas de cada procedimiento.<\/li>\n<\/ul>\n<h2>Conclusi\u00f3n<\/h2>\n<p>El Dental Implant Motor Surgic Pro+ es una herramienta de alta calidad, confiable y eficiente para los procedimientos de implantes dentales. Sus funciones avanzadas y accesorios completos lo convierten en una valiosa adici\u00f3n a cualquier pr\u00e1ctica dental. Para obtener m\u00e1s informaci\u00f3n sobre Dental Implant Motor Surgic Pro+ y otros equipos dentales, visite nuestro <a href=\"https:\/\/cicadamedical.com\/es\/distribuidor-de-suministros-odontologicos\/\" target=\"_new\" rel=\"noopener\">cigarra medica<\/a> sitio web. Tambi\u00e9n ofrecemos una variedad de otros productos dentales, que incluyen <a href=\"https:\/\/cicadamedical.com\/es\/dental-endo-motor\/\" target=\"_new\" rel=\"noopener\">endodoncia dental<\/a>, <a href=\"https:\/\/cicadamedical.com\/es\/producto\/lampara-de-polimerizacion-led-cv-215-gun-mhp\/\" target=\"_new\" rel=\"noopener\">Luz de curado llevada<\/a>, <a href=\"https:\/\/cicadamedical.com\/es\/categoria-producto\/surigical\/implant-motor\/\" target=\"_new\" rel=\"noopener\">Cirug\u00eda Dental<\/a>, <a href=\"https:\/\/cicadamedical.com\/es\/categoria-producto\/clinic-micromotors\/\" target=\"_new\" rel=\"noopener\">Cl\u00ednica Micromotores<\/a>, <a href=\"https:\/\/cicadamedical.com\/es\/categoria-producto\/air-turbines\/\" target=\"_new\" rel=\"noopener\">turbinas de aire<\/a>, y m\u00e1s.<\/p>\n<h2>Recursos adicionales<\/h2>\n<p>Para obtener m\u00e1s informaci\u00f3n sobre nuestros productos y servicios, consulte los siguientes recursos:<\/p>\n<ul>\n<li><a href=\"https:\/\/cicadamedical.com\/es\/limas-dentales-endo-niti\/\" target=\"_new\" rel=\"noopener\">Limas dentales Endo Niti<\/a><\/li>\n<li><a href=\"https:\/\/cicadamedical.com\/es\/pieza-de-mano-dental-de-baja-velocidad\/\" target=\"_new\" rel=\"noopener\">Pieza de mano dental de baja velocidad<\/a><\/li>\n<li><a href=\"https:\/\/cicadamedical.com\/es\/luz-cura-dental-led\/\" target=\"_new\" rel=\"noopener\">Curas dentales con luz LED<\/a><\/li>\n<li><a href=\"https:\/\/cicadamedical.com\/es\/dental-alta-velocidad-handpiece-led\/\" target=\"_new\" rel=\"noopener\">Pieza de mano dental de alta velocidad LED<\/a><\/li>\n<li><a href=\"https:\/\/cicadamedical.com\/es\/proveedores-de-lamparas-de-polimerizacion-de-composite-dental\/\" target=\"_new\" rel=\"noopener\">Proveedores de L\u00e1mpara de polimerizaci\u00f3n compuesta dental<\/a><\/li>\n<\/ul>\n<p>Recuerde, en Cicada Medical, estamos comprometidos a brindarle equipos y suministros dentales de la m\u00e1s alta calidad. Estamos aqu\u00ed para ayudarle a brindar la mejor atenci\u00f3n posible a sus pacientes.<\/p>\n<\/div>","protected":false},"excerpt":{"rendered":"<ul>\n<li>Motor el\u00e9ctrico sin escobillas Torque de 210 W, 55 N\/cm<\/li>\n<li>Bajo nivel de ruido y baja vibraci\u00f3n.<\/li>\n<li>La velocidad del motor es de 200 a 40 000 rpm<\/li>\n<li>La pantalla grande identifica r\u00e1pidamente los procedimientos operativos seleccionados<\/li>\n<li>10 tipos de funciones de memoria de programa<\/li>\n<li>Motor el\u00e9ctrico esterilizable de alta temperatura y alta presi\u00f3n<\/li>\n<li>Pedales de nuevo dise\u00f1o que cumplen con IPX2 internacional<\/li>\n<li>Est\u00e1ndar resistente al agua para controlar la velocidad, el programa, el suministro de agua y la direcci\u00f3n de la velocidad<\/li>\n<\/ul>","protected":false},"featured_media":663,"comment_status":"open","ping_status":"closed","template":"","meta":[],"product_cat":[38],"product_tag":[],"_links":{"self":[{"href":"https:\/\/cicadamedical.com\/es\/wp-json\/wp\/v3\/product\/654"}],"collection":[{"href":"https:\/\/cicadamedical.com\/es\/wp-json\/wp\/v3\/product"}],"about":[{"href":"https:\/\/cicadamedical.com\/es\/wp-json\/wp\/v2\/types\/product"}],"replies":[{"embeddable":true,"href":"https:\/\/cicadamedical.com\/es\/wp-json\/wp\/v2\/comments?post=654"}],"wp:featuredmedia":[{"embeddable":true,"href":"https:\/\/cicadamedical.com\/es\/wp-json\/wp\/v2\/media\/663"}],"wp:attachment":[{"href":"https:\/\/cicadamedical.com\/es\/wp-json\/wp\/v2\/media?parent=654"}],"wp:term":[{"taxonomy":"product_cat","embeddable":true,"href":"https:\/\/cicadamedical.com\/es\/wp-json\/wp\/v2\/product_cat?post=654"},{"taxonomy":"product_tag","embeddable":true,"href":"https:\/\/cicadamedical.com\/es\/wp-json\/wp\/v2\/product_tag?post=654"}],"curies":[{"name":"wp","href":"https:\/\/api.w.org\/{rel}","templated":true}]}}