{"id":664,"date":"2022-06-24T23:09:06","date_gmt":"2022-06-24T15:09:06","guid":{"rendered":"http:\/\/cicadamedical.com\/?post_type=product&#038;p=664"},"modified":"2023-06-25T22:04:45","modified_gmt":"2023-06-25T14:04:45","slug":"implant-handpiece-cx20","status":"publish","type":"product","link":"https:\/\/cicadamedical.com\/es\/producto\/implante-handpiece-cx20\/","title":{"rendered":"Pieza de mano para implantes dentales CX20"},"content":{"rendered":"<table align=\"center\">\n<tbody>\n<tr>\n<td>Velocidad de rotaci\u00f3n<\/td>\n<td>2000 rpm<\/td>\n<\/tr>\n<tr>\n<td>Presi\u00f3n de aire de trabajo<\/td>\n<td>0.22-0.3Mpa<\/td>\n<\/tr>\n<tr>\n<td>Tama\u00f1o aplicable de la fresa<\/td>\n<td>\u03a62.35mm<\/td>\n<\/tr>\n<tr>\n<td>Relaci\u00f3n<\/td>\n<td>20:1<\/td>\n<\/tr>\n<tr>\n<td>Tipo de mandril<\/td>\n<td>Tipo de pestillo<\/td>\n<\/tr>\n<tr>\n<td>Rociar<\/td>\n<td>Pulverizador de agua externo<\/td>\n<\/tr>\n<tr>\n<td>conector<\/td>\n<td>Conector est\u00e1ndar ISO<\/td>\n<\/tr>\n<tr>\n<td>Cojinete<\/td>\n<td>Rodamiento de inyecci\u00f3n de aceite<\/td>\n<\/tr>\n<tr>\n<td>Conexi\u00f3n disponible<\/td>\n<td>Est\u00e1ndar internacional tipo E<\/td>\n<\/tr>\n<tr>\n<td>Ruido<\/td>\n<td>menos de 65dB<\/td>\n<\/tr>\n<tr>\n<td>Desinfecci\u00f3n<\/td>\n<td>Autoclave a 135 \u2103<\/td>\n<\/tr>\n<\/tbody>\n<\/table>\n<p><img loading=\"lazy\" decoding=\"async\" class=\"alignnone size-full wp-image-666\" src=\"http:\/\/cicadamedical.com\/wp-content\/uploads\/2022\/04\/implant_handpiece_cx20_detailed__1.jpg\" alt=\"Interfaz universal\" width=\"1200\" height=\"500\" srcset=\"https:\/\/cicadamedical.com\/wp-content\/uploads\/2022\/04\/implant_handpiece_cx20_detailed__1.jpg 1200w, https:\/\/cicadamedical.com\/wp-content\/uploads\/2022\/04\/implant_handpiece_cx20_detailed__1-600x250.jpg 600w, https:\/\/cicadamedical.com\/wp-content\/uploads\/2022\/04\/implant_handpiece_cx20_detailed__1-768x320.jpg 768w\" sizes=\"(max-width: 1200px) 100vw, 1200px\" \/> <img loading=\"lazy\" decoding=\"async\" class=\"alignnone size-full wp-image-667\" src=\"http:\/\/cicadamedical.com\/wp-content\/uploads\/2022\/04\/implant_handpiece_cx20_detailed__3.jpg\" alt=\"Patr\u00f3n 3D antideslizante\" width=\"1200\" height=\"500\" srcset=\"https:\/\/cicadamedical.com\/wp-content\/uploads\/2022\/04\/implant_handpiece_cx20_detailed__3.jpg 1200w, https:\/\/cicadamedical.com\/wp-content\/uploads\/2022\/04\/implant_handpiece_cx20_detailed__3-600x250.jpg 600w, https:\/\/cicadamedical.com\/wp-content\/uploads\/2022\/04\/implant_handpiece_cx20_detailed__3-768x320.jpg 768w\" sizes=\"(max-width: 1200px) 100vw, 1200px\" \/> <img loading=\"lazy\" decoding=\"async\" class=\"alignnone size-full wp-image-668\" src=\"http:\/\/cicadamedical.com\/wp-content\/uploads\/2022\/04\/implant_handpiece_cx20_detailed__4.png\" alt=\"Tipo de mandril\/tipo de pestillo\" width=\"1200\" height=\"500\" srcset=\"https:\/\/cicadamedical.com\/wp-content\/uploads\/2022\/04\/implant_handpiece_cx20_detailed__4.png 1200w, https:\/\/cicadamedical.com\/wp-content\/uploads\/2022\/04\/implant_handpiece_cx20_detailed__4-600x250.png 600w, https:\/\/cicadamedical.com\/wp-content\/uploads\/2022\/04\/implant_handpiece_cx20_detailed__4-768x320.png 768w\" sizes=\"(max-width: 1200px) 100vw, 1200px\" \/> <img loading=\"lazy\" decoding=\"async\" class=\"alignnone size-full wp-image-669\" src=\"http:\/\/cicadamedical.com\/wp-content\/uploads\/2022\/04\/implant_handpiece_cx20_detailed__2.png\" alt=\"Alta precisi\u00f3n\" width=\"1200\" height=\"500\" srcset=\"https:\/\/cicadamedical.com\/wp-content\/uploads\/2022\/04\/implant_handpiece_cx20_detailed__2.png 1200w, https:\/\/cicadamedical.com\/wp-content\/uploads\/2022\/04\/implant_handpiece_cx20_detailed__2-600x250.png 600w, https:\/\/cicadamedical.com\/wp-content\/uploads\/2022\/04\/implant_handpiece_cx20_detailed__2-768x320.png 768w\" sizes=\"(max-width: 1200px) 100vw, 1200px\" \/><\/p>\n<p>La pieza de mano para implantes dentales CX20, un producto de Cicada Medical, es una herramienta dental de \u00faltima generaci\u00f3n dise\u00f1ada para mejorar la eficiencia y precisi\u00f3n de los procedimientos de implantes dentales. Este juego de piezas de mano de baja velocidad cuenta con una relaci\u00f3n de 20:1, lo que lo convierte en una opci\u00f3n ideal para los profesionales dentales de todo el mundo.<\/p>\n<h2>Caracter\u00edsticas clave<\/h2>\n<p>La pieza de mano para implantes dentales CX20 viene con una gran cantidad de caracter\u00edsticas que la distinguen en el mercado de equipos dentales:<\/p>\n<ul>\n<li><strong>Relaci\u00f3n de reducci\u00f3n 20:1<\/strong>: Esta caracter\u00edstica permite un control preciso durante los procedimientos dentales, asegurando resultados \u00f3ptimos.<\/li>\n<li><strong>Mandril tipo pestillo<\/strong>: El mandril de tipo pestillo garantiza cambios de fresa seguros y sencillos, lo que mejora la comodidad de uso.<\/li>\n<li><strong>Velocidad m\u00e1xima del rotador de 2000 RPM<\/strong>: Esta rotaci\u00f3n de alta velocidad garantiza un rendimiento eficiente durante los procedimientos dentales.<\/li>\n<li><strong>Compatibilidad con CA Burs<\/strong>: La pieza de mano es compatible con fresas CA de tama\u00f1o 2.345-2.355 mm, lo que ofrece flexibilidad en la elecci\u00f3n de fresas.<\/li>\n<li><strong>Porci\u00f3n de conexi\u00f3n de tama\u00f1o est\u00e1ndar internacional<\/strong>: Esta funci\u00f3n garantiza la compatibilidad con todos los motores tipo E, lo que la convierte en una herramienta vers\u00e1til en cualquier cl\u00ednica dental.<\/li>\n<li><strong>Presi\u00f3n de aire de trabajo de 0.22-0.3Mpa<\/strong>: Este rango \u00f3ptimo de presi\u00f3n de aire garantiza un funcionamiento suave de la pieza de mano.<\/li>\n<li><strong>Pulverizaci\u00f3n de agua externa<\/strong>: La funci\u00f3n de rociado de agua externo ayuda a enfriar el \u00e1rea de operaci\u00f3n, mejorando as\u00ed la comodidad del paciente durante los procedimientos.<\/li>\n<li><strong>Conector est\u00e1ndar ISO<\/strong>: El conector est\u00e1ndar ISO garantiza una conexi\u00f3n f\u00e1cil y segura con otros equipos dentales.<\/li>\n<li><strong>Cojinete de inyecci\u00f3n de aceite<\/strong>: Esta funci\u00f3n garantiza un funcionamiento suave y una mayor longevidad de la pieza de mano.<\/li>\n<li><strong>Nivel de ruido por debajo de 65 dB<\/strong>: El bajo nivel de ruido asegura un ambiente confortable tanto para el paciente como para el profesional dental.<\/li>\n<li><strong>Esterilizable en autoclave hasta 135 \u2103<\/strong>: La pieza de mano se puede esterilizar en autoclave hasta 135 \u2103, lo que garantiza que se pueda esterilizar completamente entre usos.<\/li>\n<\/ul>\n<h2>\u00bfPor qu\u00e9 elegir cigarra m\u00e9dica?<\/h2>\n<p>Cicada Medical es pionera en el mercado de equipos dentales y ofrece una amplia gama de equipos dentales internacionales que cumplen con los est\u00e1ndares globales. Ya sea que est\u00e9s buscando <a href=\"https:\/\/cicadamedical.com\/es\/limas-dentales-endo-niti\/\" target=\"_new\" rel=\"noopener\">endodoncia dental<\/a> herramientas, <a href=\"https:\/\/cicadamedical.com\/es\/luz-cura-dental-led\/\" target=\"_new\" rel=\"noopener\">Luz de curado llevada<\/a>, o <a href=\"https:\/\/cicadamedical.com\/es\/categoria-producto\/surigical\/\" target=\"_new\" rel=\"noopener\">Cirug\u00eda Dental<\/a> instrumentos, Cicada Medical lo tiene cubierto.<\/p>\n<h2>Conclusi\u00f3n<\/h2>\n<p>En conclusi\u00f3n, la pieza de mano para implantes dentales CX20 es una herramienta vers\u00e1til, eficiente y f\u00e1cil de usar que constituye una valiosa adici\u00f3n a cualquier cl\u00ednica dental. Sus caracter\u00edsticas de alta calidad y su compatibilidad con diversos equipos dentales lo convierten en una herramienta imprescindible para los profesionales dentales. Para obtener m\u00e1s informaci\u00f3n o comprar la pieza de mano para implante dental CX20, visite <a href=\"https:\/\/cicadamedical.com\/es\/producto\/implante-handpiece-cx20\/\" target=\"_new\" rel=\"noopener\">cigarra medica<\/a>.<\/p>\n<p>\u00a1Uf! Es mucha informaci\u00f3n para asimilar, \u00bfno? Pero no se preocupe, Cicada Medical est\u00e1 aqu\u00ed para ayudarlo a tomar la mejor decisi\u00f3n para su pr\u00e1ctica dental. Entonces, \u00bfpor qu\u00e9 esperar? \u00a1Mejore sus procedimientos dentales con la pieza de mano para implante dental CX20 hoy!<\/p>","protected":false},"excerpt":{"rendered":"<ul>\n<li>Juego de piezas de mano de baja velocidad Relaci\u00f3n 20:1<\/li>\n<li>Tipo de mandril: tipo de pestillo<\/li>\n<li>Reducci\u00f3n: 20:1<\/li>\n<li>Velocidad m\u00e1xima del rotador: 2.000 RPM<\/li>\n<li>Fresa aplicable: fresas CA 2.345-2.355 mm<\/li>\n<li>Parte de conexi\u00f3n: Tama\u00f1o est\u00e1ndar internacional\u2013comod\u00edn (Compatible con todos los motores tipo E)<\/li>\n<\/ul>","protected":false},"featured_media":674,"comment_status":"open","ping_status":"closed","template":"","meta":[],"product_cat":[39],"product_tag":[],"_links":{"self":[{"href":"https:\/\/cicadamedical.com\/es\/wp-json\/wp\/v3\/product\/664"}],"collection":[{"href":"https:\/\/cicadamedical.com\/es\/wp-json\/wp\/v3\/product"}],"about":[{"href":"https:\/\/cicadamedical.com\/es\/wp-json\/wp\/v2\/types\/product"}],"replies":[{"embeddable":true,"href":"https:\/\/cicadamedical.com\/es\/wp-json\/wp\/v2\/comments?post=664"}],"wp:featuredmedia":[{"embeddable":true,"href":"https:\/\/cicadamedical.com\/es\/wp-json\/wp\/v2\/media\/674"}],"wp:attachment":[{"href":"https:\/\/cicadamedical.com\/es\/wp-json\/wp\/v2\/media?parent=664"}],"wp:term":[{"taxonomy":"product_cat","embeddable":true,"href":"https:\/\/cicadamedical.com\/es\/wp-json\/wp\/v2\/product_cat?post=664"},{"taxonomy":"product_tag","embeddable":true,"href":"https:\/\/cicadamedical.com\/es\/wp-json\/wp\/v2\/product_tag?post=664"}],"curies":[{"name":"wp","href":"https:\/\/api.w.org\/{rel}","templated":true}]}}