{"id":675,"date":"2022-06-24T23:16:28","date_gmt":"2022-06-24T15:16:28","guid":{"rendered":"http:\/\/cicadamedical.com\/?post_type=product&#038;p=675"},"modified":"2023-06-25T22:01:00","modified_gmt":"2023-06-25T14:01:00","slug":"implant-handpiece-cv-dx-im20","status":"publish","type":"product","link":"https:\/\/cicadamedical.com\/es\/producto\/implante-handpiece-cv-dx-im20\/","title":{"rendered":"Pieza de mano para implantes dentales CV\/DX IM20"},"content":{"rendered":"<table align=\"center\">\n<tbody>\n<tr>\n<td>Modelo<\/td>\n<td>CV\/DX IM20<\/td>\n<\/tr>\n<tr>\n<td>Tipo de mandril<\/td>\n<td>Presionar el bot\u00f3n<\/td>\n<\/tr>\n<tr>\n<td>Velocidad<\/td>\n<td>2000 rpm\/min<\/td>\n<\/tr>\n<tr>\n<td>Ruido<\/td>\n<td>\u226468dB<\/td>\n<\/tr>\n<tr>\n<td>Aspectos<\/td>\n<td>Cojinete de cer\u00e1mica<\/td>\n<\/tr>\n<tr>\n<td>Rociador de agua<\/td>\n<td>Pulverizaci\u00f3n de agua externa<\/td>\n<\/tr>\n<tr>\n<td>Fuente de alimentaci\u00f3n<\/td>\n<td>Turbina, Electricidad<\/td>\n<\/tr>\n<tr>\n<td>Cartucho<\/td>\n<td>Cartucho de importaci\u00f3n<\/td>\n<\/tr>\n<tr>\n<td>Tama\u00f1o de la fresa<\/td>\n<td>2.345-2.355 mm<\/td>\n<\/tr>\n<\/tbody>\n<\/table>\n<p><img loading=\"lazy\" decoding=\"async\" class=\"alignnone size-full wp-image-676\" src=\"http:\/\/cicadamedical.com\/wp-content\/uploads\/2022\/04\/implant_handpiece_sg20_detailed__1.jpg\" alt=\"Interfaz universal\" width=\"1200\" height=\"500\" srcset=\"https:\/\/cicadamedical.com\/wp-content\/uploads\/2022\/04\/implant_handpiece_sg20_detailed__1.jpg 1200w, https:\/\/cicadamedical.com\/wp-content\/uploads\/2022\/04\/implant_handpiece_sg20_detailed__1-600x250.jpg 600w, https:\/\/cicadamedical.com\/wp-content\/uploads\/2022\/04\/implant_handpiece_sg20_detailed__1-768x320.jpg 768w\" sizes=\"(max-width: 1200px) 100vw, 1200px\" \/> <img loading=\"lazy\" decoding=\"async\" class=\"alignnone size-full wp-image-677\" src=\"http:\/\/cicadamedical.com\/wp-content\/uploads\/2022\/04\/implant_handpiece_sg20_detailed__4.png\" alt=\"Tipo de portabrocas\/pulsador\" width=\"1200\" height=\"500\" srcset=\"https:\/\/cicadamedical.com\/wp-content\/uploads\/2022\/04\/implant_handpiece_sg20_detailed__4.png 1200w, https:\/\/cicadamedical.com\/wp-content\/uploads\/2022\/04\/implant_handpiece_sg20_detailed__4-600x250.png 600w, https:\/\/cicadamedical.com\/wp-content\/uploads\/2022\/04\/implant_handpiece_sg20_detailed__4-768x320.png 768w\" sizes=\"(max-width: 1200px) 100vw, 1200px\" \/> <img loading=\"lazy\" decoding=\"async\" class=\"alignnone size-full wp-image-678\" src=\"http:\/\/cicadamedical.com\/wp-content\/uploads\/2022\/04\/implant_handpiece_sg20_detailed__3.jpg\" alt=\"Patr\u00f3n 3D antideslizante\" width=\"1200\" height=\"500\" srcset=\"https:\/\/cicadamedical.com\/wp-content\/uploads\/2022\/04\/implant_handpiece_sg20_detailed__3.jpg 1200w, https:\/\/cicadamedical.com\/wp-content\/uploads\/2022\/04\/implant_handpiece_sg20_detailed__3-600x250.jpg 600w, https:\/\/cicadamedical.com\/wp-content\/uploads\/2022\/04\/implant_handpiece_sg20_detailed__3-768x320.jpg 768w\" sizes=\"(max-width: 1200px) 100vw, 1200px\" \/> <img loading=\"lazy\" decoding=\"async\" class=\"alignnone size-full wp-image-679\" src=\"http:\/\/cicadamedical.com\/wp-content\/uploads\/2022\/04\/implant_handpiece_sg20_detailed__2.png\" alt=\"Alta precisi\u00f3n\" width=\"1200\" height=\"500\" srcset=\"https:\/\/cicadamedical.com\/wp-content\/uploads\/2022\/04\/implant_handpiece_sg20_detailed__2.png 1200w, https:\/\/cicadamedical.com\/wp-content\/uploads\/2022\/04\/implant_handpiece_sg20_detailed__2-600x250.png 600w, https:\/\/cicadamedical.com\/wp-content\/uploads\/2022\/04\/implant_handpiece_sg20_detailed__2-768x320.png 768w\" sizes=\"(max-width: 1200px) 100vw, 1200px\" \/><\/p>\n<p>La pieza de mano para implantes dentales CV\/DX IM20, un producto de Cicada Medical, es una herramienta crucial para los profesionales dentales que realizan cirug\u00edas de implantes. Esta pieza de mano est\u00e1 dise\u00f1ada teniendo en cuenta la precisi\u00f3n, la eficiencia y la facilidad de uso, lo que la convierte en la mejor opci\u00f3n para los odont\u00f3logos de todo el mundo.<\/p>\n<h2>Caracter\u00edsticas clave<\/h2>\n<p>La pieza de mano para implantes dentales CV\/DX IM20 cuenta con varias caracter\u00edsticas impresionantes:<\/p>\n<ul>\n<li><strong>Importaci\u00f3n de rodamientos de cer\u00e1mica<\/strong>: Garantiza durabilidad y una larga vida \u00fatil.<\/li>\n<li><strong>Tipo de mandril de bot\u00f3n pulsador<\/strong>: Ofrece comodidad y facilidad de uso.<\/li>\n<li><strong>Engranaje de alta precisi\u00f3n<\/strong>: Proporciona un funcionamiento silencioso, mejorando la comodidad del paciente.<\/li>\n<li><strong>Riego Externo e Interno<\/strong>: Asegura un mejor enfriamiento, crucial durante los procedimientos dentales.<\/li>\n<li><strong>Conector est\u00e1ndar ISO<\/strong>: Lo hace f\u00e1cilmente compatible con diferentes motores.<\/li>\n<li><strong>Desinfecci\u00f3n a alta temperatura<\/strong>: Puede soportar la desinfecci\u00f3n a 135 \u2103, garantizando higiene y seguridad.<\/li>\n<\/ul>\n<h2>Beneficios y Aplicaciones<\/h2>\n<p>Los beneficios de utilizar la pieza de mano para implantes dentales CV\/DX IM20 son numerosos. No s\u00f3lo ayuda a los profesionales dentales a realizar cirug\u00edas de implantes con precisi\u00f3n y exactitud, sino que tambi\u00e9n reduce el riesgo de fallo del implante. Esta pieza de mano es f\u00e1cil de limpiar y mantener, lo que ayudar\u00e1 a que dure mucho tiempo y funcione bien.<\/p>\n<p>La pieza de mano para implantes dentales CV\/DX IM20 tiene muchas aplicaciones en la industria dental, incluido el uso en la colocaci\u00f3n de implantes, as\u00ed como en la preparaci\u00f3n del sitio del implante. Tambi\u00e9n se puede utilizar en otros procedimientos dentales, como el injerto \u00f3seo.<\/p>\n<h2>Precios<\/h2>\n<p>En t\u00e9rminos de precio de venta, la pieza de mano para implante dental Cicada Medical CV\/DX IM20 tiene un precio competitivo en comparaci\u00f3n con otros modelos similares en el mercado. Los precios de las piezas de mano suelen oscilar entre $2.000 y $3.000, dependiendo de las caracter\u00edsticas y extras que las acompa\u00f1an.<\/p>\n<h2>Conclusi\u00f3n<\/h2>\n<p>En general, la pieza de mano para implantes dentales Cicada Medical CV\/DX IM20 es una excelente opci\u00f3n si usted es un dentista que busca una pieza de mano para implantes dentales confiable, eficiente y f\u00e1cil de usar. Es una opci\u00f3n popular tanto para los dentistas como para sus pacientes porque es f\u00e1cil de usar, tiene un alto torque y se puede usar de diferentes maneras.<\/p>\n<p>Para obtener m\u00e1s informaci\u00f3n sobre la pieza de mano para implantes dentales CV\/DX IM20 y otros productos dentales, visite <a href=\"https:\/\/cicadamedical.com\/es\/producto\/implante-handpiece-cv-dx-im20\/\" target=\"_new\" rel=\"noopener\">cigarra medica<\/a>. Tambi\u00e9n puede explorar otros equipos dentales como <a href=\"https:\/\/cicadamedical.com\/es\/categoria-producto\/endodontic\/\" target=\"_new\" rel=\"noopener\">endodoncia dental<\/a>, <a href=\"https:\/\/cicadamedical.com\/es\/categoria-producto\/led-curing-light\/\" target=\"_new\" rel=\"noopener\">Luz de curado llevada<\/a>, <a href=\"https:\/\/cicadamedical.com\/es\/categoria-producto\/surigical\/\" target=\"_new\" rel=\"noopener\">Cirug\u00eda Dental<\/a>, <a href=\"https:\/\/cicadamedical.com\/es\/categoria-producto\/air-turbines\/\" target=\"_new\" rel=\"noopener\">turbinas de aire<\/a>, y <a href=\"https:\/\/cicadamedical.com\/es\/lupa-dental\/\" target=\"_new\" rel=\"noopener\">Lupas Dentales<\/a>.<\/p>\n<h2>Productos relacionados<\/h2>\n<p>Para obtener m\u00e1s opciones, es posible que desee consultar el <a href=\"https:\/\/cicadamedical.com\/es\/producto\/implante-handpiece-cx20\/\" target=\"_new\" rel=\"noopener\">Pieza de mano para implantes dentales CX20<\/a>, otro producto de primera calidad de Cicada Medical.<\/p>\n<h2>Acerca de Cicada Medical<\/h2>\n<p>Cicada Medical es un proveedor l\u00edder de equipos dentales reconocido como un nombre pionero y bien establecido en el mercado de China. Ofrecen una amplia gama de equipos dentales internacionales que cumplen con los est\u00e1ndares globales. Para m\u00e1s informaci\u00f3n visite <a href=\"https:\/\/cicadamedical.com\/es\/\" target=\"_new\" rel=\"noopener\">cigarra medica<\/a>.<\/p>","protected":false},"excerpt":{"rendered":"<ul>\n<li>Importaci\u00f3n de rodamientos de cer\u00e1mica duraderos y de larga duraci\u00f3n.<\/li>\n<li>Pulsador tipo mandril.<\/li>\n<li>Engranaje de alta precisi\u00f3n de bajo ruido.<\/li>\n<li>Riego externo e interno mejor enfriamiento.<\/li>\n<li>El conector est\u00e1ndar ISO es f\u00e1cilmente compatible con diferentes motores.<\/li>\n<li>Desinfecci\u00f3n a alta temperatura de 135 \u2103.<\/li>\n<\/ul>","protected":false},"featured_media":684,"comment_status":"open","ping_status":"closed","template":"","meta":[],"product_cat":[39],"product_tag":[],"_links":{"self":[{"href":"https:\/\/cicadamedical.com\/es\/wp-json\/wp\/v3\/product\/675"}],"collection":[{"href":"https:\/\/cicadamedical.com\/es\/wp-json\/wp\/v3\/product"}],"about":[{"href":"https:\/\/cicadamedical.com\/es\/wp-json\/wp\/v2\/types\/product"}],"replies":[{"embeddable":true,"href":"https:\/\/cicadamedical.com\/es\/wp-json\/wp\/v2\/comments?post=675"}],"wp:featuredmedia":[{"embeddable":true,"href":"https:\/\/cicadamedical.com\/es\/wp-json\/wp\/v2\/media\/684"}],"wp:attachment":[{"href":"https:\/\/cicadamedical.com\/es\/wp-json\/wp\/v2\/media?parent=675"}],"wp:term":[{"taxonomy":"product_cat","embeddable":true,"href":"https:\/\/cicadamedical.com\/es\/wp-json\/wp\/v2\/product_cat?post=675"},{"taxonomy":"product_tag","embeddable":true,"href":"https:\/\/cicadamedical.com\/es\/wp-json\/wp\/v2\/product_tag?post=675"}],"curies":[{"name":"wp","href":"https:\/\/api.w.org\/{rel}","templated":true}]}}