{"id":685,"date":"2023-07-04T23:27:03","date_gmt":"2023-07-04T15:27:03","guid":{"rendered":"http:\/\/cicadamedical.com\/?post_type=product&#038;p=685"},"modified":"2023-07-05T09:20:52","modified_gmt":"2023-07-05T01:20:52","slug":"bleaching-machinewhite-c-smart-c","status":"publish","type":"product","link":"https:\/\/cicadamedical.com\/es\/producto\/blanqueadora-maquina-blanca-c-smart-c\/","title":{"rendered":"M\u00e1quina de blanqueamiento dental (blanca) C-SMART-C"},"content":{"rendered":"<p>D\u00edgale adi\u00f3s a los dientes manchados y salude a una sonrisa m\u00e1s brillante con la m\u00e1quina de blanqueamiento dental C-SMART-C de Cicada Medical. Esta m\u00e1quina de blanqueamiento dental de \u00faltima generaci\u00f3n est\u00e1 dise\u00f1ada para proporcionar un blanqueamiento dental de calidad profesional en la comodidad de su hogar o cl\u00ednica dental.<\/p>\n<h2>Especificaciones t\u00e9cnicas<\/h2>\n<p>La m\u00e1quina de blanqueamiento dental C-SMART-C cuenta con una gama de caracter\u00edsticas t\u00e9cnicas impresionantes:<\/p>\n<ul>\n<li>Amplio espectro: 430nm ~ 520nm (l\u00e1mparas anfitrionas)<\/li>\n<li>Potencia de salida de luz: Hasta 2000 mW\/cm<\/li>\n<li>Funciona con 220 voltios, 50 Hz<\/li>\n<li>pesa 4,7 kg<\/li>\n<li>m\u00e1x. Radio de trabajo: 38 cm<\/li>\n<li>Funcionamiento silencioso del ventilador<\/li>\n<li>Aplicaci\u00f3n de blanqueamiento multiarco<\/li>\n<li>Siete l\u00e1mparas LED de alta intensidad<\/li>\n<li>Pantalla digital con retroalimentaci\u00f3n de audio<\/li>\n<li>L\u00e1mpara azul de alta potencia<\/li>\n<\/ul>\n<p>Estas caracter\u00edsticas se combinan para brindar una poderosa soluci\u00f3n de blanqueamiento dental que es efectiva y f\u00e1cil de usar.<\/p>\n<h2>\u00bfQu\u00e9 hay en la caja?<\/h2>\n<p>Cuando compras la m\u00e1quina de blanqueamiento dental C-SMART-C, recibir\u00e1s:<\/p>\n<ul>\n<li>Cable de alimentaci\u00f3n (1 pieza)<\/li>\n<li>Vaina bucal (1ud)<\/li>\n<li>Gafas (2 piezas)<\/li>\n<li>Manual de usuario (1pc)<\/li>\n<li>N\u00famero de piezas en el embalaje (1pc)<\/li>\n<li>N\u00famero de piezas en caja (m\u00e1quina de blanqueamiento de dientes m\u00f3vil de 1 pieza)<\/li>\n<\/ul>\n<p>Este paquete completo le asegura que tiene todo lo que necesita para comenzar su viaje de blanqueamiento dental.<\/p>\n<h2>\u00bfPor qu\u00e9 elegir la m\u00e1quina de blanqueamiento dental C-SMART-C?<\/h2>\n<p>La m\u00e1quina de blanqueamiento dental C-SMART-C se destaca en el concurrido mercado de blanqueamiento dental por varias razones:<\/p>\n<ul>\n<li><strong>L\u00e1mparas LED de alta intensidad<\/strong>: Las siete l\u00e1mparas LED de alta intensidad proporcionan un amplio espectro de luz, lo que garantiza un blanqueamiento dental eficaz.<\/li>\n<li><strong>Funcionamiento silencioso del ventilador<\/strong>: La m\u00e1quina funciona silenciosamente, lo que garantiza una experiencia c\u00f3moda para el usuario.<\/li>\n<li><strong>Aplicaci\u00f3n de blanqueamiento multiarco<\/strong>: La m\u00e1quina est\u00e1 dise\u00f1ada para blanquear m\u00faltiples dientes a la vez, ahorrando tiempo y asegurando resultados consistentes.<\/li>\n<li><strong>Pantalla digital con retroalimentaci\u00f3n de audio<\/strong>: La pantalla digital f\u00e1cil de usar y la retroalimentaci\u00f3n de audio hacen que la m\u00e1quina sea f\u00e1cil de operar, incluso para los usuarios primerizos.<\/li>\n<\/ul>\n<h2>Dise\u00f1o de alta eficiencia para resultados \u00f3ptimos<\/h2>\n<p>La m\u00e1quina de blanqueamiento dental C-SMART-C est\u00e1 dise\u00f1ada pensando en la eficiencia. Su dise\u00f1o de tubo de ganso de alta eficiencia permite ajustes de \u00e1ngulo, lo que lo hace conveniente para su uso. La combinaci\u00f3n de LED azul de alta potencia garantiza resultados \u00f3ptimos, mientras que el indicador digital con retroalimentaci\u00f3n de audio proporciona una interfaz f\u00e1cil de usar.<\/p>\n<h2>Un sistema integral de blanqueamiento dental<\/h2>\n<p>La m\u00e1quina de blanqueamiento dental C-SMART-C es un sistema de blanqueamiento dental de arcos m\u00faltiples de alta velocidad. Est\u00e1 dise\u00f1ado con un tama\u00f1o de base peque\u00f1o, lo que lo hace adecuado para su uso en cl\u00ednicas dentales. La funda desechable incluida previene la infecci\u00f3n cruzada y proporciona una experiencia limpia y c\u00f3moda que tranquilizar\u00e1 a los pacientes.<\/p>\n<h2>Un nombre de confianza en el cuidado dental<\/h2>\n<p>Cicada Medical es un nombre confiable en el cuidado dental y ofrece una gama de productos dentales de alta calidad, que incluyen <a href=\"https:\/\/cicadamedical.com\/es\/dental-endo-motor\/\" target=\"_new\" rel=\"noopener\">endodoncia dental<\/a>, <a href=\"https:\/\/cicadamedical.com\/es\/producto\/lampara-de-polimerizacion-led-cv-215-gun-mhp\/\" target=\"_new\" rel=\"noopener\">Luz de curado llevada<\/a>, <a href=\"https:\/\/cicadamedical.com\/es\/categoria-producto\/surigical\/implant-motor\/\" target=\"_new\" rel=\"noopener\">Cirug\u00eda Dental<\/a>, <a href=\"https:\/\/cicadamedical.com\/es\/categoria-producto\/clinic-micromotors\/\" target=\"_new\" rel=\"noopener\">Cl\u00ednica Micromotores<\/a>, <a href=\"https:\/\/cicadamedical.com\/es\/categoria-producto\/air-turbines\/\" target=\"_new\" rel=\"noopener\">turbinas de aire<\/a>, <a href=\"https:\/\/cicadamedical.com\/es\/lupa-dental\/\" target=\"_new\" rel=\"noopener\">Lupas Dentales<\/a>, <a href=\"https:\/\/cicadamedical.com\/es\/categoria-producto\/pmtc-system\/\" target=\"_new\" rel=\"noopener\">Sistema de PMTC dental<\/a>, <a href=\"https:\/\/cicadamedical.com\/es\/categoria-producto\/dental-composite-heater\/\" target=\"_new\" rel=\"noopener\">Calentador compuesto dental<\/a>, y m\u00e1s.<\/p>\n<p>Cuando elige Cicada Medical, est\u00e1 eligiendo una empresa con reputaci\u00f3n de calidad e innovaci\u00f3n en el cuidado dental.<\/p>\n<h2>Conclusi\u00f3n<\/h2>\n<p>La m\u00e1quina de blanqueamiento dental C-SMART-C es un cambio de juego en el blanqueamiento dental. Sus caracter\u00edsticas avanzadas y su dise\u00f1o f\u00e1cil de usar lo convierten en la mejor opci\u00f3n tanto para uso dom\u00e9stico como profesional.<\/p>\n<p><img loading=\"lazy\" decoding=\"async\" class=\"alignnone size-full wp-image-686\" src=\"http:\/\/cicadamedical.com\/wp-content\/uploads\/2022\/04\/blraching_machinewhite_c-smart-c-c_detailed__1.jpg\" alt=\"Dise\u00f1o de tuber\u00eda de ganso de alta eficiencia\" width=\"1200\" height=\"500\" srcset=\"https:\/\/cicadamedical.com\/wp-content\/uploads\/2022\/04\/blraching_machinewhite_c-smart-c-c_detailed__1.jpg 1200w, https:\/\/cicadamedical.com\/wp-content\/uploads\/2022\/04\/blraching_machinewhite_c-smart-c-c_detailed__1-600x250.jpg 600w, https:\/\/cicadamedical.com\/wp-content\/uploads\/2022\/04\/blraching_machinewhite_c-smart-c-c_detailed__1-768x320.jpg 768w\" sizes=\"(max-width: 1200px) 100vw, 1200px\" \/> <img loading=\"lazy\" decoding=\"async\" class=\"alignnone size-full wp-image-687\" src=\"http:\/\/cicadamedical.com\/wp-content\/uploads\/2022\/04\/blraching_machinewhite_c-smart-c-c_detailed__3.jpg\" alt=\"Control remoto por infrarrojos\" width=\"1200\" height=\"500\" srcset=\"https:\/\/cicadamedical.com\/wp-content\/uploads\/2022\/04\/blraching_machinewhite_c-smart-c-c_detailed__3.jpg 1200w, https:\/\/cicadamedical.com\/wp-content\/uploads\/2022\/04\/blraching_machinewhite_c-smart-c-c_detailed__3-600x250.jpg 600w, https:\/\/cicadamedical.com\/wp-content\/uploads\/2022\/04\/blraching_machinewhite_c-smart-c-c_detailed__3-768x320.jpg 768w\" sizes=\"(max-width: 1200px) 100vw, 1200px\" \/> <img loading=\"lazy\" decoding=\"async\" class=\"alignnone size-full wp-image-688\" src=\"http:\/\/cicadamedical.com\/wp-content\/uploads\/2022\/04\/blraching_machinewhite_c-smart-c-c_detailed__4.png\" alt=\"Led azul de alta potencia\" width=\"1200\" height=\"500\" srcset=\"https:\/\/cicadamedical.com\/wp-content\/uploads\/2022\/04\/blraching_machinewhite_c-smart-c-c_detailed__4.png 1200w, https:\/\/cicadamedical.com\/wp-content\/uploads\/2022\/04\/blraching_machinewhite_c-smart-c-c_detailed__4-600x250.png 600w, https:\/\/cicadamedical.com\/wp-content\/uploads\/2022\/04\/blraching_machinewhite_c-smart-c-c_detailed__4-768x320.png 768w\" sizes=\"(max-width: 1200px) 100vw, 1200px\" \/> <img loading=\"lazy\" decoding=\"async\" class=\"alignnone size-full wp-image-689\" src=\"http:\/\/cicadamedical.com\/wp-content\/uploads\/2022\/04\/blraching_machinewhite_c-smart-c-c_detailed__2.png\" alt=\"Indicador digital con retroalimentaci\u00f3n de audio.\" width=\"1200\" height=\"500\" srcset=\"https:\/\/cicadamedical.com\/wp-content\/uploads\/2022\/04\/blraching_machinewhite_c-smart-c-c_detailed__2.png 1200w, https:\/\/cicadamedical.com\/wp-content\/uploads\/2022\/04\/blraching_machinewhite_c-smart-c-c_detailed__2-600x250.png 600w, https:\/\/cicadamedical.com\/wp-content\/uploads\/2022\/04\/blraching_machinewhite_c-smart-c-c_detailed__2-768x320.png 768w\" sizes=\"(max-width: 1200px) 100vw, 1200px\" \/><\/p>\n<p>La m\u00e1quina de blanqueamiento dental (blanca) C-SMART-C de Cicada Medical es una herramienta poderosa y eficiente que se utiliza para lograr una sonrisa m\u00e1s brillante y radiante. Esta m\u00e1quina est\u00e1 especialmente dise\u00f1ada para blanquear los dientes de forma r\u00e1pida y eficaz, con diferentes tipos disponibles para adaptarse a una variedad de necesidades.<\/p>\n<p>Una de las principales diferencias entre la m\u00e1quina blanqueadora de Cicada Medical y otras del mercado es su avanzada tecnolog\u00eda. El modelo C-SMART-C utiliza luz LED y calor, lo que ayuda a acelerar el proceso de decoloraci\u00f3n y garantizar los m\u00e1ximos resultados.<\/p>\n<p>Los beneficios de utilizar la m\u00e1quina blanqueadora dental de Cicada Medical son numerosos. No s\u00f3lo ayuda a mejorar la apariencia de los dientes, sino que tambi\u00e9n puede ayudar a aumentar la confianza y la autoestima. Adem\u00e1s, esta m\u00e1quina es incre\u00edblemente f\u00e1cil de usar y puede ser operada por profesionales dentales con distintos niveles de experiencia.<\/p>\n<p>Esta m\u00e1quina blanqueadora tiene muchas aplicaciones en la industria dental, incluido el uso en procedimientos de blanqueamiento dental, as\u00ed como en el tratamiento de ciertas afecciones dentales, como las manchas por tetraciclina. Tambi\u00e9n se puede utilizar para eliminar las manchas superficiales provocadas por el caf\u00e9, el t\u00e9 y otras sustancias.<\/p>\n<p>En t\u00e9rminos de precio de venta, la m\u00e1quina blanqueadora dental Cicada Medical (blanca) C-SMART-C tiene un precio competitivo en comparaci\u00f3n con otros modelos similares en el mercado. Los precios suelen oscilar entre $500 y $1000, seg\u00fan las caracter\u00edsticas y los accesorios espec\u00edficos incluidos con la m\u00e1quina.<\/p>\n<p>En general, si est\u00e1 buscando una m\u00e1quina blanqueadora dental confiable, efectiva y f\u00e1cil de usar, la m\u00e1quina blanqueadora dental Cicada Medical (blanca) C-SMART-C es una excelente opci\u00f3n. Su tecnolog\u00eda avanzada, versatilidad y asequibilidad lo convierten en una opci\u00f3n popular entre los profesionales dentales y sus pacientes por igual.<\/p>","protected":false},"excerpt":{"rendered":"<ul>\n<li>Dise\u00f1o de tubo de ganso de alta eficiencia, ajuste el \u00e1ngulo al azar, conveniente para su uso.<\/li>\n<li>Combinaci\u00f3n de led AZUL de alta potencia.<\/li>\n<li>Tiempo de blanqueamiento ajustable con preajustes de temporizador controlados por microprocesador.<\/li>\n<li>Indicador digital con retroalimentaci\u00f3n de audio.<\/li>\n<li>Sistema de blanqueamiento dental de arco m\u00faltiple de alta velocidad.<\/li>\n<li>Dise\u00f1o de tama\u00f1o de base peque\u00f1o, uso adecuado en cl\u00ednica dental<\/li>\n<li>Alta uniformidad de salida de luz<\/li>\n<li>Funci\u00f3n de configuraci\u00f3n de control remoto infrarrojo de alta sensibilidad.<\/li>\n<li>Funda desechable cerrada, previene la infecci\u00f3n cruzada, limpia y conveniente, deja que el paciente se sienta aliviado.<\/li>\n<li>5 minutos contando con la memoria, el tiempo de blanqueamiento m\u00e1s largo es de 30 minutos<\/li>\n<\/ul>","protected":false},"featured_media":694,"comment_status":"open","ping_status":"closed","template":"","meta":[],"product_cat":[35],"product_tag":[],"_links":{"self":[{"href":"https:\/\/cicadamedical.com\/es\/wp-json\/wp\/v3\/product\/685"}],"collection":[{"href":"https:\/\/cicadamedical.com\/es\/wp-json\/wp\/v3\/product"}],"about":[{"href":"https:\/\/cicadamedical.com\/es\/wp-json\/wp\/v2\/types\/product"}],"replies":[{"embeddable":true,"href":"https:\/\/cicadamedical.com\/es\/wp-json\/wp\/v2\/comments?post=685"}],"wp:featuredmedia":[{"embeddable":true,"href":"https:\/\/cicadamedical.com\/es\/wp-json\/wp\/v2\/media\/694"}],"wp:attachment":[{"href":"https:\/\/cicadamedical.com\/es\/wp-json\/wp\/v2\/media?parent=685"}],"wp:term":[{"taxonomy":"product_cat","embeddable":true,"href":"https:\/\/cicadamedical.com\/es\/wp-json\/wp\/v2\/product_cat?post=685"},{"taxonomy":"product_tag","embeddable":true,"href":"https:\/\/cicadamedical.com\/es\/wp-json\/wp\/v2\/product_tag?post=685"}],"curies":[{"name":"wp","href":"https:\/\/api.w.org\/{rel}","templated":true}]}}