{"id":695,"date":"2023-07-04T23:33:59","date_gmt":"2023-07-04T15:33:59","guid":{"rendered":"http:\/\/cicadamedical.com\/?post_type=product&#038;p=695"},"modified":"2023-07-05T09:20:47","modified_gmt":"2023-07-05T01:20:47","slug":"bleaching-machine-blue-c-smart-d","status":"publish","type":"product","link":"https:\/\/cicadamedical.com\/es\/producto\/blanqueadora-maquina-azul-c-smart-d\/","title":{"rendered":"M\u00e1quina de blanqueamiento dental (azul) C-SMART-D"},"content":{"rendered":"<p><strong>Especificaci\u00f3n t\u00e9cnica:<\/strong><\/p>\n<p>&nbsp;<\/p>\n<div class=\"table-responsive\">\n<table align=\"center\">\n<tbody>\n<tr>\n<td>Modelo<\/td>\n<td>C-SMART-D<\/td>\n<\/tr>\n<tr>\n<td>Amplio espectro<\/td>\n<td>430nm-490nm (luz azul)<\/p>\n<p>620nm-640nm (Luz roja)<\/p>\n<p>380nm-400nm (Luz P\u00farpura)<\/td>\n<\/tr>\n<tr>\n<td>Voltaje<\/td>\n<td>CA100V-240V, 50\/60Hz<\/td>\n<\/tr>\n<tr>\n<td>Fuente de luz<\/td>\n<td>4-5w\/pc (luz azul)<\/p>\n<p>2-3w\/pc (luz roja)<\/p>\n<p>1 w\/pcs (luz p\u00farpura)<\/td>\n<\/tr>\n<tr>\n<td>Longitud total del brazo<\/td>\n<td>90cm<\/td>\n<\/tr>\n<tr>\n<td>Altura total<\/td>\n<td>120cm<\/td>\n<\/tr>\n<\/tbody>\n<\/table>\n<\/div>\n<p>&nbsp;<\/p>\n<p><strong>Estructura y Componentes:<\/strong><br \/>\nAnfitri\u00f3n 1pc<br \/>\nCable de alimentaci\u00f3n 1pc<br \/>\nGafas 1pc<br \/>\nFunda 20 piezas<br \/>\nRetractor de boca 1pc<br \/>\nManual de usuario 1 Uds.<\/p>\n<p>&nbsp;<\/p>\n<p><strong>Condiciones de operaci\u00f3n:<\/strong><\/p>\n<p>Potencia de entrada: CA 100-240 V, 50\/60 Hz<br \/>\nRecurso de luz: 6 uds LED de alta potencia<br \/>\nLongitud de onda: 420nm-490nm<br \/>\nIntensidad de la luz: 6 intensidades, m\u00e1ximo&gt;6000 mW\/cm\u00b2<br \/>\nTiempo ajustable: 10s-30s. 1m-30m<\/p>\n<p><img loading=\"lazy\" decoding=\"async\" class=\"alignnone size-full wp-image-696\" src=\"http:\/\/cicadamedical.com\/wp-content\/uploads\/2022\/04\/blraching_machineblue_c-smart-d_detailed__1.jpg\" alt=\"Dise\u00f1o de tuber\u00eda de ganso de alta eficiencia\" width=\"1200\" height=\"500\" srcset=\"https:\/\/cicadamedical.com\/wp-content\/uploads\/2022\/04\/blraching_machineblue_c-smart-d_detailed__1.jpg 1200w, https:\/\/cicadamedical.com\/wp-content\/uploads\/2022\/04\/blraching_machineblue_c-smart-d_detailed__1-600x250.jpg 600w, https:\/\/cicadamedical.com\/wp-content\/uploads\/2022\/04\/blraching_machineblue_c-smart-d_detailed__1-768x320.jpg 768w\" sizes=\"(max-width: 1200px) 100vw, 1200px\" \/> <img loading=\"lazy\" decoding=\"async\" class=\"alignnone size-full wp-image-697\" src=\"http:\/\/cicadamedical.com\/wp-content\/uploads\/2022\/04\/blraching_machineblue_c-smart-d_detailed__4.png\" alt=\"Led azul de alta potencia\" width=\"1200\" height=\"500\" srcset=\"https:\/\/cicadamedical.com\/wp-content\/uploads\/2022\/04\/blraching_machineblue_c-smart-d_detailed__4.png 1200w, https:\/\/cicadamedical.com\/wp-content\/uploads\/2022\/04\/blraching_machineblue_c-smart-d_detailed__4-600x250.png 600w, https:\/\/cicadamedical.com\/wp-content\/uploads\/2022\/04\/blraching_machineblue_c-smart-d_detailed__4-768x320.png 768w\" sizes=\"(max-width: 1200px) 100vw, 1200px\" \/> <img loading=\"lazy\" decoding=\"async\" class=\"alignnone size-full wp-image-698\" src=\"http:\/\/cicadamedical.com\/wp-content\/uploads\/2022\/04\/blraching_machineblue_c-smart-d_detailed__3.png\" alt=\"Indicador digital con retroalimentaci\u00f3n de audio.\" width=\"1200\" height=\"500\" srcset=\"https:\/\/cicadamedical.com\/wp-content\/uploads\/2022\/04\/blraching_machineblue_c-smart-d_detailed__3.png 1200w, https:\/\/cicadamedical.com\/wp-content\/uploads\/2022\/04\/blraching_machineblue_c-smart-d_detailed__3-600x250.png 600w, https:\/\/cicadamedical.com\/wp-content\/uploads\/2022\/04\/blraching_machineblue_c-smart-d_detailed__3-768x320.png 768w\" sizes=\"(max-width: 1200px) 100vw, 1200px\" \/> <img loading=\"lazy\" decoding=\"async\" class=\"alignnone size-full wp-image-699\" src=\"http:\/\/cicadamedical.com\/wp-content\/uploads\/2022\/04\/blraching_machineblue_c-smart-d_detailed__2.jpg\" alt=\"Estructura ergon\u00f3mica\" width=\"1200\" height=\"500\" srcset=\"https:\/\/cicadamedical.com\/wp-content\/uploads\/2022\/04\/blraching_machineblue_c-smart-d_detailed__2.jpg 1200w, https:\/\/cicadamedical.com\/wp-content\/uploads\/2022\/04\/blraching_machineblue_c-smart-d_detailed__2-600x250.jpg 600w, https:\/\/cicadamedical.com\/wp-content\/uploads\/2022\/04\/blraching_machineblue_c-smart-d_detailed__2-768x320.jpg 768w\" sizes=\"(max-width: 1200px) 100vw, 1200px\" \/><\/p>\n<p>D\u00edgale adi\u00f3s a los dientes manchados y salude a una sonrisa m\u00e1s brillante con la m\u00e1quina de blanqueamiento dental (azul) C-SMART-D de Cicada Medical. Esta m\u00e1quina m\u00f3vil de blanqueamiento dental cambia las reglas del juego en el cuidado dental y ofrece una soluci\u00f3n conveniente y eficaz para el blanqueamiento dental en el hogar o en un entorno profesional.<\/p>\n<h2>Caracter\u00edsticas y especificaciones<\/h2>\n<p>El C-SMART-D es una m\u00e1quina de blanqueamiento dental de \u00faltima generaci\u00f3n que utiliza tecnolog\u00eda de luz avanzada para blanquear los dientes. Esto es lo que lo hace destacar:<\/p>\n<ul>\n<li><strong>Luz de amplio espectro:<\/strong> La m\u00e1quina utiliza un amplio espectro de luz, que incluye luz azul (430nm-490nm), luz roja (620nm-640nm) y luz violeta (380nm-400nm). Esta gama de longitudes de onda de luz est\u00e1 dise\u00f1ada para proporcionar resultados \u00f3ptimos de blanqueamiento dental.<\/li>\n<li><strong>LED de alta potencia:<\/strong> La fuente de luz del C-SMART-D est\u00e1 compuesta por LED de alta potencia, con 4-5w\/pc para luz azul, 2-3w\/pc para luz roja y 1w\/pc para luz violeta. Esto asegura un proceso de blanqueamiento dental potente y eficaz.<\/li>\n<li><strong>Configuraciones ajustables:<\/strong> Con un ajuste de tiempo ajustable de 10 a 30 segundos y de 1 a 30 minutos, el C-SMART-D permite una experiencia de blanqueamiento dental personalizada. La intensidad de la luz tambi\u00e9n tiene 6 intensidades, con un m\u00e1ximo de m\u00e1s de 6000mW\/cm\u00b2.<\/li>\n<li><strong>Compacto y m\u00f3vil:<\/strong> Con una longitud total del brazo de 90 cm y una altura total de 120 cm, el C-SMART-D es compacto y m\u00f3vil, lo que facilita su uso en diversos entornos.<\/li>\n<\/ul>\n<p>El C-SMART-D viene con un host, un cable de alimentaci\u00f3n, unas gafas protectoras, una funda, un retractor bucal y un manual del usuario. Funciona con una potencia de entrada de CA 100-240 V, 50\/60 Hz, lo que lo hace adecuado para su uso en varias regiones.<\/p>\n<h2>\u00bfPor qu\u00e9 elegir C-SMART-D?<\/h2>\n<p>La C-SMART-D no es una m\u00e1quina m\u00e1s para blanquear los dientes. Es un producto de extensa investigaci\u00f3n e innovaci\u00f3n, dise\u00f1ado para brindar los mejores resultados de blanqueamiento dental. He aqu\u00ed por qu\u00e9 es una de las mejores opciones:<\/p>\n<ul>\n<li><strong>Blanqueamiento efectivo:<\/strong> El C-SMART-D utiliza activaci\u00f3n por luz l\u00e1ser, hal\u00f3gena y LED, que se ha demostrado que produce un mayor aclaramiento del color de los dientes y mantiene el tono m\u00e1s claro por m\u00e1s tiempo que el blanqueamiento dental no activado por la luz.<\/li>\n<li><strong>Seguridad:<\/strong> El C-SMART-D est\u00e1 aprobado por la FDA, lo que garantiza que cumple con los m\u00e1s altos est\u00e1ndares de seguridad.<\/li>\n<li><strong>Facilidad de uso:<\/strong> Con su dise\u00f1o m\u00f3vil y su interfaz f\u00e1cil de usar, el C-SMART-D es f\u00e1cil de usar, ya sea un dentista profesional o un usuario dom\u00e9stico.<\/li>\n<li><strong>Calidad:<\/strong> Como producto de Cicada Medical, un proveedor confiable <a href=\"https:\/\/cicadamedical.com\/es\/distribuidor-de-suministros-odontologicos\/\" target=\"_new\" rel=\"noopener\">distribuidor de suministros dentales<\/a>, el C-SMART-D garantiza una calidad y un rendimiento de primer nivel.<\/li>\n<\/ul>\n<h2>Conclusi\u00f3n<\/h2>\n<p>La M\u00e1quina Blanqueadora Dental (Azul) C-SMART-D es un producto revolucionario en el blanqueamiento dental. Si usted es un profesional que busca una m\u00e1quina de blanqueamiento dental confiable para su cl\u00ednica o un individuo que busca una soluci\u00f3n efectiva para blanquear los dientes en casa, el C-SMART-D es una excelente opci\u00f3n.<\/p>\n<p>Para obtener m\u00e1s informaci\u00f3n sobre el C-SMART-D y otros productos dentales, visite <a href=\"https:\/\/cicadamedical.com\/es\/\" target=\"_new\" rel=\"noopener\">cigarra medica<\/a>. Tambi\u00e9n puede consultar nuestro <a href=\"https:\/\/cicadamedical.com\/es\/categoria-producto\/led-curing-light\/curing-light\/\" target=\"_new\" rel=\"noopener\">Luz de curado LED<\/a> y <a href=\"https:\/\/cicadamedical.com\/es\/categoria-producto\/endodontic\/\" target=\"_new\" rel=\"noopener\">endodoncia dental<\/a> productos para m\u00e1s soluciones de cuidado dental.<\/p>","protected":false},"excerpt":{"rendered":"<ul>\n<li>Estructura de nuevo estilo de forma \u00fanica, compacta y elegante.<\/li>\n<li>Asas dobles, dise\u00f1o de brazo tipo droga para que funcionen con mayor flexibilidad.<\/li>\n<li>6 LED de alta potencia, refrigerados por ventilador.<\/li>\n<li>Dise\u00f1o \u00fanico de cabeza semicircular, ambos arcos blanqueados al mismo tiempo<\/li>\n<li>10 s-30 s como l\u00e1mpara de polimerizaci\u00f3n, 1-30 minutos como acelerador de blanqueamiento<\/li>\n<li>7 intensidades de luz, adecuadas para m\u00e1s marcas de gel blanqueador dental<\/li>\n<li>La pantalla del m\u00f3dulo LCD muestra toda la informaci\u00f3n para un mejor funcionamiento<\/li>\n<li>El tipo del lado de la silla est\u00e1 disponible<\/li>\n<\/ul>","protected":false},"featured_media":704,"comment_status":"open","ping_status":"closed","template":"","meta":[],"product_cat":[35],"product_tag":[],"_links":{"self":[{"href":"https:\/\/cicadamedical.com\/es\/wp-json\/wp\/v3\/product\/695"}],"collection":[{"href":"https:\/\/cicadamedical.com\/es\/wp-json\/wp\/v3\/product"}],"about":[{"href":"https:\/\/cicadamedical.com\/es\/wp-json\/wp\/v2\/types\/product"}],"replies":[{"embeddable":true,"href":"https:\/\/cicadamedical.com\/es\/wp-json\/wp\/v2\/comments?post=695"}],"wp:featuredmedia":[{"embeddable":true,"href":"https:\/\/cicadamedical.com\/es\/wp-json\/wp\/v2\/media\/704"}],"wp:attachment":[{"href":"https:\/\/cicadamedical.com\/es\/wp-json\/wp\/v2\/media?parent=695"}],"wp:term":[{"taxonomy":"product_cat","embeddable":true,"href":"https:\/\/cicadamedical.com\/es\/wp-json\/wp\/v2\/product_cat?post=695"},{"taxonomy":"product_tag","embeddable":true,"href":"https:\/\/cicadamedical.com\/es\/wp-json\/wp\/v2\/product_tag?post=695"}],"curies":[{"name":"wp","href":"https:\/\/api.w.org\/{rel}","templated":true}]}}