{"id":705,"date":"2023-07-04T23:42:05","date_gmt":"2023-07-04T15:42:05","guid":{"rendered":"http:\/\/cicadamedical.com\/?post_type=product&#038;p=705"},"modified":"2023-07-05T09:33:34","modified_gmt":"2023-07-05T01:33:34","slug":"led-curing-light-cv-215-215-i","status":"publish","type":"product","link":"https:\/\/cicadamedical.com\/es\/producto\/lampara-de-polimerizacion-led-cv-215-215-i\/","title":{"rendered":"L\u00e1mpara LED de polimerizaci\u00f3n dental CV-215\/215-i"},"content":{"rendered":"<p><strong>Especificaci\u00f3n t\u00e9cnica:<\/strong><\/p>\n<p>Modelo: CV-215-i<\/p>\n<p>Potencia de luz: 5W<\/p>\n<p>Longitud de onda: 430-485nm<\/p>\n<p>Bater\u00eda: Li-ion<\/p>\n<p>Capacidad de la bater\u00eda: 1000 mAh<\/p>\n<p>Voltaje de entrada: AC100-240V, 50\/60Hz<\/p>\n<p>Voltaje de salida: CC 5 V\/1,5 A.<\/p>\n<p>Peso neto: 280 g<\/p>\n<p>1 a\u00f1o de garant\u00eda<\/p>\n<p>Potencia luminosa: &gt;1200mw\/cm\u00b2<\/p>\n<p>Material: Acero inoxidable<\/p>\n<p>Tiempo de solidificaci\u00f3n: 10-40s<\/p>\n<p>Tama\u00f1o de perspectiva: 25,7 mm * 8,7 mm * 11 mm<\/p>\n<p>&nbsp;<\/p>\n<p><strong>Condiciones de operaci\u00f3n:<\/strong><\/p>\n<p>Condiciones de almacenamiento: Temperatura: -20 \u2103 -55 \u2103<\/p>\n<p>Humedad: 10%~93%<\/p>\n<p>Presi\u00f3n atmosf\u00e9rica: 70KPa-106Kpa<\/p>\n<p>Condiciones ambientales: No cerca de equipos contra incendios o material inflamable.<\/p>\n<p>&nbsp;<\/p>\n<p><strong>Accesorios:<\/strong><\/p>\n<p>*Unidad principal de luz de polimerizaci\u00f3n 1 unidad<\/p>\n<p>*Base de carga 1 pieza<\/p>\n<p>* Adaptador 1PC<\/p>\n<p>* Campana ligera 1 pieza<\/p>\n<p>*Gu\u00eda de luz 1 ud.<\/p>\n<p>*Manual de uso 1 ud.<\/p>\n<p><img loading=\"lazy\" decoding=\"async\" class=\"alignnone size-full wp-image-706\" src=\"http:\/\/cicadamedical.com\/wp-content\/uploads\/2022\/04\/1228161501.png\" alt=\"color\" width=\"1200\" height=\"500\" srcset=\"https:\/\/cicadamedical.com\/wp-content\/uploads\/2022\/04\/1228161501.png 1200w, https:\/\/cicadamedical.com\/wp-content\/uploads\/2022\/04\/1228161501-600x250.png 600w, https:\/\/cicadamedical.com\/wp-content\/uploads\/2022\/04\/1228161501-768x320.png 768w\" sizes=\"(max-width: 1200px) 100vw, 1200px\" \/> <img loading=\"lazy\" decoding=\"async\" class=\"alignnone size-full wp-image-707\" src=\"http:\/\/cicadamedical.com\/wp-content\/uploads\/2022\/04\/1228161504.jpg\" alt=\"sin cable\" width=\"1200\" height=\"500\" srcset=\"https:\/\/cicadamedical.com\/wp-content\/uploads\/2022\/04\/1228161504.jpg 1200w, https:\/\/cicadamedical.com\/wp-content\/uploads\/2022\/04\/1228161504-600x250.jpg 600w, https:\/\/cicadamedical.com\/wp-content\/uploads\/2022\/04\/1228161504-768x320.jpg 768w\" sizes=\"(max-width: 1200px) 100vw, 1200px\" \/> <img loading=\"lazy\" decoding=\"async\" class=\"alignnone size-full wp-image-708\" src=\"http:\/\/cicadamedical.com\/wp-content\/uploads\/2022\/04\/1228161503.jpg\" alt=\"ofrece opci\u00f3n de tiempos de curado\" width=\"1200\" height=\"500\" srcset=\"https:\/\/cicadamedical.com\/wp-content\/uploads\/2022\/04\/1228161503.jpg 1200w, https:\/\/cicadamedical.com\/wp-content\/uploads\/2022\/04\/1228161503-600x250.jpg 600w, https:\/\/cicadamedical.com\/wp-content\/uploads\/2022\/04\/1228161503-768x320.jpg 768w\" sizes=\"(max-width: 1200px) 100vw, 1200px\" \/> <img loading=\"lazy\" decoding=\"async\" class=\"alignnone size-full wp-image-709\" src=\"http:\/\/cicadamedical.com\/wp-content\/uploads\/2022\/04\/1228161502.png\" alt=\"Una alta intensidad de 1200mW\/cm\" width=\"1200\" height=\"500\" srcset=\"https:\/\/cicadamedical.com\/wp-content\/uploads\/2022\/04\/1228161502.png 1200w, https:\/\/cicadamedical.com\/wp-content\/uploads\/2022\/04\/1228161502-600x250.png 600w, https:\/\/cicadamedical.com\/wp-content\/uploads\/2022\/04\/1228161502-768x320.png 768w\" sizes=\"(max-width: 1200px) 100vw, 1200px\" \/><\/p>\n<p>La l\u00e1mpara de curado LED dental CV-215\/215-i de Cicada Medical es una tecnolog\u00eda de vanguardia que se utiliza para curar compuestos dentales de forma r\u00e1pida y eficiente.<\/p>\n<p>El CV-215\/215-i viene en dos tipos: al\u00e1mbrico e inal\u00e1mbrico. El modelo con cable es mejor para cl\u00ednicas dentales con espacios de trabajo fijos, mientras que el modelo inal\u00e1mbrico le brinda m\u00e1s libertad y movilidad. Con su dise\u00f1o elegante y cuerpo liviano, es f\u00e1cil de manejar y usar.<\/p>\n<p>La principal diferencia entre el CV-215 y el CV-215-i es que este \u00faltimo tiene una funci\u00f3n adicional de control de intensidad. Con el control de intensidad, el usuario puede cambiar la cantidad de energ\u00eda seg\u00fan el grosor de la capa compuesta. Esto asegura una cura completa y efectiva.<\/p>\n<p>La fuente de luz LED de alto rendimiento del CV-215\/215-i es una de sus mejores caracter\u00edsticas. Emite una luz azul que enciende los fotoiniciadores del material compuesto, lo que acelera el tiempo de curado. Esto significa que los pacientes pueden pasar menos tiempo en el sill\u00f3n dental y las cl\u00ednicas pueden tratar a m\u00e1s pacientes en un d\u00eda.<\/p>\n<p>El CV-215\/215-i se puede utilizar para muchas cosas, como unir, obturar y sellar restauraciones dentales. Tambi\u00e9n se puede utilizar con la mayor\u00eda de los materiales compuestos, lo que lo convierte en una herramienta \u00fatil y vers\u00e1til para cualquier cl\u00ednica dental.<\/p>\n<p>El rango de precios de venta del CV-215\/215-i var\u00eda seg\u00fan el tipo y modelo. El modelo con cable suele tener un precio de alrededor de $300 a $500, mientras que el modelo inal\u00e1mbrico puede oscilar entre $500 y $800. Aunque es caro, muchos dentistas piensan que es una buena inversi\u00f3n por lo bien que funciona y los usos que tiene.<\/p>\n<p>La l\u00e1mpara de polimerizaci\u00f3n LED Cicada Medical Dental CV-215\/215-i es una herramienta confiable y de alta tecnolog\u00eda que puede ayudar tanto a los dentistas como a sus pacientes. Es imprescindible para cualquier cl\u00ednica dental moderna porque tiene muchas funciones, funciona con otros productos y cura r\u00e1pidamente.<\/p>\n<p><a href=\"https:\/\/cicadamedical.com\/es\/\">cigarra medica<\/a> ofrece una gama de productos para el cuidado dental, incluyendo Cicada Light Cure y la l\u00ednea de medicamentos Oriol. Ambos productos utilizan tecnolog\u00eda de luz LED para lograr los efectos deseados.<\/p>\n<p>Cicada Light Cure es una pistola que utiliza energ\u00eda luminosa intensa para endurecer y curar materiales dentales en su lugar. Es una herramienta port\u00e1til que se puede utilizar en muchos pasos del proceso dental, desde rellenar caries hasta colocar aparatos ortop\u00e9dicos.<\/p>\n<p>El medicamento Oriol es un polvo que se mezcla con agua para crear una pasta para usar en procedimientos dentales. Est\u00e1 disponible en versiones de fotocurado y tradicional, y la versi\u00f3n de fotocurado utiliza la misma tecnolog\u00eda LED que Cicada Light Cure.<\/p>\n<p>Entonces, \u00bfcu\u00e1l es la diferencia entre los dos? El principal beneficio de la versi\u00f3n fotopolimerizable de Oriol es la velocidad de fraguado, ya que la luz LED acelera el proceso de polimerizaci\u00f3n. La tecnolog\u00eda de fotocurado tambi\u00e9n le permite al dentista aplicar el medicamento con mayor precisi\u00f3n porque puede observar el proceso y hacer cambios seg\u00fan sea necesario.<\/p>\n<p>En cuanto a las aplicaciones, tanto Cicada Light Cure como la l\u00ednea de medicamentos Oriol son productos vers\u00e1tiles que se pueden utilizar en una variedad de procedimientos dentales. Se utilizan com\u00fanmente en odontolog\u00eda restauradora, ortodoncia y endodoncia.<\/p>\n<p>En t\u00e9rminos de precios, el rango de precios de venta de los productos dentales de Cicada Medical suele estar en el rango medio. El costo exacto depender\u00e1 del producto espec\u00edfico y sus caracter\u00edsticas, pero los clientes pueden esperar <strong>paga entre $500 y $1,500 por Cicada Light Cure y entre $50 y $200 por un paquete de Oriol en polvo.<\/strong><\/p>\n<p>En general, los productos dentales de Cicada Medical ofrecen a los dentistas una serie de beneficios, como velocidad, precisi\u00f3n y versatilidad. Con su tecnolog\u00eda de luz LED, est\u00e1n a la vanguardia de la innovaci\u00f3n en la industria dental y ofrecen una soluci\u00f3n rentable para una serie de procedimientos dentales.<\/p>\n<p>La l\u00e1mpara LED de polimerizaci\u00f3n dental CV-215\/215-i, un producto de Cicada Medical, es una herramienta de \u00faltima generaci\u00f3n dise\u00f1ada para curar composites dentales de forma r\u00e1pida y eficaz. Este dispositivo de alta tecnolog\u00eda es imprescindible para cualquier cl\u00ednica dental moderna, gracias a su multitud de caracter\u00edsticas, compatibilidad con otros productos y tiempo de curado r\u00e1pido.<\/p>\n<h2>Caracter\u00edsticas clave<\/h2>\n<p>El CV-215\/215-i est\u00e1 hecho de aluminio de alta calidad, lo que ayuda a disipar el calor r\u00e1pidamente para evitar el sobrecalentamiento. Cuenta con una alta intensidad de 1200 mW\/cm y ofrece cuatro opciones de tiempo de curado: 10 s, 20 s, 30 s y 40 s. El dispositivo es inal\u00e1mbrico, altamente port\u00e1til y liviano, lo que facilita su manejo y uso. Su dise\u00f1o ergon\u00f3mico \u00fanico proporciona un agarre c\u00f3modo y su dise\u00f1o duradero de aluminio de una sola pieza es robusto y f\u00e1cil de desinfectar.<\/p>\n<h3>Especificaciones t\u00e9cnicas<\/h3>\n<ul>\n<li>Modelo: CV-215-i<\/li>\n<li>Potencia de luz: 5W<\/li>\n<li>Longitud de onda: 430-485nm<\/li>\n<li>Bater\u00eda: Li-ion con una capacidad de 1000mAh<\/li>\n<li>Voltaje de entrada: AC100-240V, 50\/60Hz<\/li>\n<li>Voltaje de salida: CC 5 V\/1,5 A.<\/li>\n<li>Peso neto: 280g<\/li>\n<li>1 a\u00f1o de garant\u00eda<\/li>\n<li>Potencia luminosa: &gt;1200mw\/cm\u00b2<\/li>\n<li>Material: Acero inoxidable<\/li>\n<li>Tiempo de solidificaci\u00f3n: 10-40s<\/li>\n<li>Tama\u00f1o de perspectiva: 25,7 mm<em>8,7 mm<\/em>11 mm<\/li>\n<\/ul>\n<h3>Condiciones de operaci\u00f3n<\/h3>\n<ul>\n<li>Condiciones de almacenamiento: Temperatura: -20 \u2103 -55 \u2103<\/li>\n<li>Humedad: 10%~93%<\/li>\n<li>Presi\u00f3n atmosf\u00e9rica: 70KPa-106Kpa<\/li>\n<li>Condiciones ambientales: No cerca de equipos contra incendios o material inflamable.<\/li>\n<\/ul>\n<h3>Accesorios<\/h3>\n<ul>\n<li>L\u00e1mpara de polimerizaci\u00f3n Unidad principal 1PC<\/li>\n<li>Base de carga 1PC<\/li>\n<li>Adaptador 1PC<\/li>\n<li>Campana de luz 1PC<\/li>\n<li>Gu\u00eda de luz 1PC<\/li>\n<li>Manual de uso 1PC<\/li>\n<\/ul>\n<h2>Aplicaciones y usos<\/h2>\n<p>El CV-215\/215-i se puede utilizar para una variedad de procedimientos dentales, incluidos la uni\u00f3n, el empaste y el sellado de restauraciones dentales. Es compatible con la mayor\u00eda de los materiales compuestos, lo que lo convierte en una herramienta vers\u00e1til para cualquier cl\u00ednica dental. El dispositivo est\u00e1 disponible en dos tipos: al\u00e1mbrico e inal\u00e1mbrico. El modelo con cable es mejor para cl\u00ednicas dentales con espacios de trabajo fijos, mientras que el modelo inal\u00e1mbrico ofrece m\u00e1s libertad y movilidad.<\/p>\n<h2>Precios<\/h2>\n<p>El rango de precio de venta del CV-215\/215-i var\u00eda seg\u00fan el tipo y el modelo. El modelo con cable suele tener un precio de alrededor de $300 a $500, mientras que el modelo inal\u00e1mbrico puede oscilar entre $500 y $800. A pesar de su coste, muchos odont\u00f3logos lo consideran una buena inversi\u00f3n por su eficacia y versatilidad.<\/p>\n<h2>Conclusi\u00f3n<\/h2>\n<p>La l\u00e1mpara de polimerizaci\u00f3n LED dental CV-215\/215-i de Cicada Medical es una herramienta confiable y de alta tecnolog\u00eda que puede beneficiar significativamente tanto a los dentistas como a sus pacientes. Con su multitud de caracter\u00edsticas, compatibilidad con otros productos y tiempo de curado r\u00e1pido, es imprescindible para cualquier cl\u00ednica dental moderna.<\/p>\n<p>Para obtener m\u00e1s informaci\u00f3n sobre este producto y otros equipos dentales, visite <a href=\"https:\/\/cicadamedical.com\/es\/\" target=\"_new\" rel=\"noopener\">cigarra medica<\/a>. Tambi\u00e9n puede consultar nuestra gama de productos para el cuidado dental, incluido el <a href=\"https:\/\/cicadamedical.com\/es\/fotopolimerizacion-dental\/\" target=\"_new\" rel=\"noopener\">Curado con luz de cigarra<\/a> y nuestro <a href=\"https:\/\/cicadamedical.com\/es\/dental-endo-motor\/\" target=\"_new\" rel=\"noopener\">Endomotor dental<\/a>.<\/p>","protected":false},"excerpt":{"rendered":"<ul>\n<li>Hecho de aluminio de alta calidad, se disipa r\u00e1pidamente para evitar problemas de sobrecalentamiento.<\/li>\n<li>Una alta intensidad de 1200mW\/cm.<\/li>\n<li>4 ofrece la opci\u00f3n de tiempos de curado 10s, 20s, 30s, 40s.<\/li>\n<li>Inal\u00e1mbrico, muy port\u00e1til y ligero.<\/li>\n<li>Dise\u00f1o ergon\u00f3mico \u00fanico: proporciona un agarre c\u00f3modo.<\/li>\n<li>El dise\u00f1o duradero de aluminio de una sola pieza es robusto y f\u00e1cil de desinfectar.<\/li>\n<li>Tecnolog\u00eda de bater\u00eda de iones de litio de alto rendimiento.<\/li>\n<li>La bater\u00eda se puede recargar completamente en 90 minutos.<\/li>\n<li>3 modos de polimerizaci\u00f3n vers\u00e1tiles para todas las indicaciones.<\/li>\n<li>F\u00e1cil de cambiar la bater\u00eda.<\/li>\n<li>Color: blanco, negro, rojo, azul.<\/li>\n<\/ul>","protected":false},"featured_media":714,"comment_status":"open","ping_status":"closed","template":"","meta":[],"product_cat":[36],"product_tag":[],"_links":{"self":[{"href":"https:\/\/cicadamedical.com\/es\/wp-json\/wp\/v3\/product\/705"}],"collection":[{"href":"https:\/\/cicadamedical.com\/es\/wp-json\/wp\/v3\/product"}],"about":[{"href":"https:\/\/cicadamedical.com\/es\/wp-json\/wp\/v2\/types\/product"}],"replies":[{"embeddable":true,"href":"https:\/\/cicadamedical.com\/es\/wp-json\/wp\/v2\/comments?post=705"}],"wp:featuredmedia":[{"embeddable":true,"href":"https:\/\/cicadamedical.com\/es\/wp-json\/wp\/v2\/media\/714"}],"wp:attachment":[{"href":"https:\/\/cicadamedical.com\/es\/wp-json\/wp\/v2\/media?parent=705"}],"wp:term":[{"taxonomy":"product_cat","embeddable":true,"href":"https:\/\/cicadamedical.com\/es\/wp-json\/wp\/v2\/product_cat?post=705"},{"taxonomy":"product_tag","embeddable":true,"href":"https:\/\/cicadamedical.com\/es\/wp-json\/wp\/v2\/product_tag?post=705"}],"curies":[{"name":"wp","href":"https:\/\/api.w.org\/{rel}","templated":true}]}}