{"id":715,"date":"2023-07-04T23:47:58","date_gmt":"2023-07-04T15:47:58","guid":{"rendered":"http:\/\/cicadamedical.com\/?post_type=product&#038;p=715"},"modified":"2023-07-05T09:31:28","modified_gmt":"2023-07-05T01:31:28","slug":"led-curing-light-cv-215-gun-mhp","status":"publish","type":"product","link":"https:\/\/cicadamedical.com\/es\/producto\/lampara-de-polimerizacion-led-cv-215-gun-mhp\/","title":{"rendered":"L\u00e1mpara LED de polimerizaci\u00f3n dental CV-215 GUN (MHP)"},"content":{"rendered":"<p><strong>Especificaci\u00f3n t\u00e9cnica:<\/strong><\/p>\n<p>Potencia de luz 5W<\/p>\n<p>Longitud de onda 430-485nm<\/p>\n<p>Intensidad de luz 12000mW\/cm2-1600mW\/cm2<\/p>\n<p>Bater\u00eda de iones de litio<\/p>\n<p>Capacidad de la bater\u00eda 1100mAh<\/p>\n<p>Voltaje de entrada AC100-240V, 50\/60Hz 0.4A M\u00e1x.<\/p>\n<p>Voltaje de salida CC 5V\/1.5A<\/p>\n<p>Peso Neto 190g<\/p>\n<p>Material: Acero inoxidable<\/p>\n<p>Dimensiones 22\u00d715,5x9cm<\/p>\n<p>&nbsp;<\/p>\n<div class=\"table-responsive\">\n<table>\n<tbody>\n<tr>\n<td>Modelo<\/td>\n<td>CA\u00d1\u00d3N CV-215 (MHP)<\/td>\n<\/tr>\n<tr>\n<td>Potencia de la luz<\/td>\n<td>5W<\/td>\n<\/tr>\n<tr>\n<td>Longitud de onda<\/td>\n<td>440-480nm<\/td>\n<\/tr>\n<tr>\n<td>Bater\u00eda<\/td>\n<td>Le\u00f3n<\/td>\n<\/tr>\n<tr>\n<td>Capacidad de la bater\u00eda<\/td>\n<td>1100mAh<\/td>\n<\/tr>\n<tr>\n<td>Dimensiones<\/td>\n<td>22*15,5*9 cm<\/td>\n<\/tr>\n<tr>\n<td>Color<\/td>\n<td>Blanco\/ Morado<\/td>\n<\/tr>\n<\/tbody>\n<\/table>\n<\/div>\n<p>&nbsp;<\/p>\n<p>&nbsp;<\/p>\n<p><strong>Estructura y Componentes:<\/strong><\/p>\n<p>Unidad principal de l\u00e1mpara de polimerizaci\u00f3n 1pc<\/p>\n<p>Base del cargador 1pc<\/p>\n<p>Adaptador de corriente 1pc<\/p>\n<p>Hoja de sombreado 1pc<\/p>\n<p>Manga de aislamiento 1 pieza<\/p>\n<p><img loading=\"lazy\" decoding=\"async\" class=\"alignnone size-full wp-image-716\" src=\"http:\/\/cicadamedical.com\/wp-content\/uploads\/2022\/04\/1228162001.png\" alt=\"cabeza giratoria de 360 grados\" width=\"1200\" height=\"500\" srcset=\"https:\/\/cicadamedical.com\/wp-content\/uploads\/2022\/04\/1228162001.png 1200w, https:\/\/cicadamedical.com\/wp-content\/uploads\/2022\/04\/1228162001-600x250.png 600w, https:\/\/cicadamedical.com\/wp-content\/uploads\/2022\/04\/1228162001-768x320.png 768w\" sizes=\"(max-width: 1200px) 100vw, 1200px\" \/> <img loading=\"lazy\" decoding=\"async\" class=\"alignnone size-full wp-image-717\" src=\"http:\/\/cicadamedical.com\/wp-content\/uploads\/2022\/04\/1228162003.jpg\" alt=\"Dise\u00f1o ergonomico\" width=\"1200\" height=\"500\" srcset=\"https:\/\/cicadamedical.com\/wp-content\/uploads\/2022\/04\/1228162003.jpg 1200w, https:\/\/cicadamedical.com\/wp-content\/uploads\/2022\/04\/1228162003-600x250.jpg 600w, https:\/\/cicadamedical.com\/wp-content\/uploads\/2022\/04\/1228162003-768x320.jpg 768w\" sizes=\"(max-width: 1200px) 100vw, 1200px\" \/> <img loading=\"lazy\" decoding=\"async\" class=\"alignnone size-full wp-image-718\" src=\"http:\/\/cicadamedical.com\/wp-content\/uploads\/2022\/04\/1228162004.jpg\" alt=\"Salida de potencia constante\" width=\"1200\" height=\"500\" srcset=\"https:\/\/cicadamedical.com\/wp-content\/uploads\/2022\/04\/1228162004.jpg 1200w, https:\/\/cicadamedical.com\/wp-content\/uploads\/2022\/04\/1228162004-600x250.jpg 600w, https:\/\/cicadamedical.com\/wp-content\/uploads\/2022\/04\/1228162004-768x320.jpg 768w\" sizes=\"(max-width: 1200px) 100vw, 1200px\" \/> <img loading=\"lazy\" decoding=\"async\" class=\"alignnone size-full wp-image-719\" src=\"http:\/\/cicadamedical.com\/wp-content\/uploads\/2022\/04\/led_curing_light2.png\" alt=\"1 segundo para curar es m\u00e1s r\u00e1pido que nunca.\" width=\"1200\" height=\"500\" srcset=\"https:\/\/cicadamedical.com\/wp-content\/uploads\/2022\/04\/led_curing_light2.png 1200w, https:\/\/cicadamedical.com\/wp-content\/uploads\/2022\/04\/led_curing_light2-600x250.png 600w, https:\/\/cicadamedical.com\/wp-content\/uploads\/2022\/04\/led_curing_light2-768x320.png 768w\" sizes=\"(max-width: 1200px) 100vw, 1200px\" \/><\/p>\n<p>Presentamos la l\u00e1mpara de polimerizaci\u00f3n LED dental CV-215 GUN (MHP), un instrumento dental de \u00faltima generaci\u00f3n de Cicada Medical, dise\u00f1ado para revolucionar sus procedimientos de restauraci\u00f3n dental. Este dispositivo no es s\u00f3lo una herramienta, sino que cambia las reglas del juego en el campo de la odontolog\u00eda restauradora y cosm\u00e9tica.<\/p>\n<p>La l\u00e1mpara de polimerizaci\u00f3n LED dental CV-215 GUN (MHP) tiene una amplia gama de aplicaciones en odontolog\u00eda restauradora y cosm\u00e9tica.\u00a0<b>Se puede usar para curar una variedad de materiales dentales, incluidos composites, adhesivos y selladores.<\/b>, por lo que es una herramienta vers\u00e1til en cualquier pr\u00e1ctica dental.<\/p>\n<h2>Caracter\u00edsticas y especificaciones clave<\/h2>\n<p>La l\u00e1mpara de polimerizaci\u00f3n dental LED CV-215 GUN (MHP) incluye una serie de caracter\u00edsticas que la hacen destacar en el mercado:<\/p>\n<ul>\n<li><strong>Potencia de la luz<\/strong>: Con una potencia de luz de 5W, este dispositivo asegura un curado eficiente de los materiales dentales.<\/li>\n<li><strong>Longitud de onda<\/strong>: El dispositivo funciona a una longitud de onda de 430-485nm, ideal para curar una variedad de materiales dentales.<\/li>\n<li><strong>Intensidad de luz<\/strong>: La intensidad de la luz var\u00eda de 12000 mW\/cm2 a 1600 mW\/cm2, lo que proporciona una salida de alta potencia para un curado r\u00e1pido y eficiente.<\/li>\n<li><strong>Bater\u00eda<\/strong>: El dispositivo funciona con una bater\u00eda de iones de litio con una capacidad de 1100 mAh, lo que garantiza un rendimiento duradero.<\/li>\n<li><strong>Dimensiones<\/strong>: Con unas dimensiones de 22\u00d715,5x9cm y un peso neto de 190g, el dispositivo es compacto y ligero, lo que facilita su manejo.<\/li>\n<li><strong>Material<\/strong>: El dispositivo est\u00e1 hecho de acero inoxidable, lo que garantiza durabilidad y longevidad.<\/li>\n<li><strong>Dise\u00f1o<\/strong>: El dise\u00f1o \u00fanico en forma de pistola del dispositivo lo hace f\u00e1cil de manejar y operar.<\/li>\n<\/ul>\n<h2>Estructura y Componentes<\/h2>\n<p>La l\u00e1mpara de polimerizaci\u00f3n dental LED CV-215 GUN (MHP) viene con los siguientes componentes:<\/p>\n<ul>\n<li>Unidad principal de luz de polimerizaci\u00f3n<\/li>\n<li>base del cargador<\/li>\n<li>Adaptador de corriente<\/li>\n<li>hoja de sombreado<\/li>\n<li>manguito de aislamiento<\/li>\n<\/ul>\n<h2>El poder de la tecnolog\u00eda LED<\/h2>\n<p>La l\u00e1mpara de polimerizaci\u00f3n dental LED CV-215 GUN (MHP) utiliza tecnolog\u00eda LED avanzada para curar compuestos, adhesivos y selladores a base de resina. Esta tecnolog\u00eda proporciona una restauraci\u00f3n m\u00e1s fiable y duradera para los pacientes. La salida de alta potencia permite un curado r\u00e1pido y eficiente de los materiales dentales, lo que lo convierte en una valiosa adici\u00f3n a cualquier pr\u00e1ctica dental.<\/p>\n<h2>Versatilidad en la Aplicaci\u00f3n<\/h2>\n<p>La l\u00e1mpara de polimerizaci\u00f3n dental LED CV-215 GUN (MHP) tiene una amplia gama de aplicaciones en odontolog\u00eda restauradora y cosm\u00e9tica. Se puede usar para curar una variedad de materiales dentales, incluidos compuestos, adhesivos y selladores, lo que lo convierte en una herramienta vers\u00e1til en cualquier pr\u00e1ctica dental.<\/p>\n<h2>Una herramienta confiable para profesionales dentales<\/h2>\n<p>En resumen, la l\u00e1mpara de polimerizaci\u00f3n dental LED CV-215 GUN (MHP) de Cicada Medical es una herramienta poderosa y flexible para cualquier dentista que desee hacer que sus procedimientos dentales cosm\u00e9ticos y de restauraci\u00f3n sean m\u00e1s eficientes y confiables. Con su alta potencia de salida, dise\u00f1o \u00fanico y varios tipos y configuraciones, la CV-215 GUN (MHP) es una herramienta confiable y eficiente para los profesionales dentales.<\/p>\n<h2>Acerca de Cicada Medical<\/h2>\n<p>Cicada Medical es un conocido proveedor de equipos dentales de alta calidad. Es <a href=\"https:\/\/cicadamedical.com\/es\/categoria-producto\/led-curing-light\/curing-light\/\" target=\"_new\" rel=\"noopener\">L\u00ednea de productos Cicada Light Cure<\/a> es una de sus ofertas m\u00e1s populares, que incluye una variedad de productos como Cicada Gun, Light Cure Gun y Dental LED.<\/p>\n<h2>Conclusi\u00f3n<\/h2>\n<p>La l\u00e1mpara de polimerizaci\u00f3n dental LED CV-215 GUN (MHP) de Cicada Medical es una herramienta poderosa, vers\u00e1til y confiable que puede mejorar significativamente la eficiencia y la eficacia de los procedimientos de restauraci\u00f3n dental. Su dise\u00f1o \u00fanico, salida de alta potencia y tecnolog\u00eda LED avanzada lo convierten en una herramienta imprescindible para los profesionales de la odontolog\u00eda.<\/p>\n<p>Para obtener m\u00e1s informaci\u00f3n sobre este producto, visite el <a href=\"https:\/\/cicadamedical.com\/es\/producto\/lampara-de-polimerizacion-led-cv-215-gun-mhp\/\" target=\"_new\" rel=\"noopener\">p\u00e1gina del producto<\/a> en el sitio web de Cicada Medical. Para obtener m\u00e1s informaci\u00f3n sobre otras ofertas de Cicada Medical, consulte su <a href=\"https:\/\/cicadamedical.com\/es\/categoria-producto\/endodontic\/\" target=\"_new\" rel=\"noopener\">endodoncia dental<\/a>, <a href=\"https:\/\/cicadamedical.com\/es\/categoria-producto\/led-curing-light\/\" target=\"_new\" rel=\"noopener\">Luz de curado llevada<\/a>, <a href=\"https:\/\/cicadamedical.com\/es\/categoria-producto\/surigical\/\" target=\"_new\" rel=\"noopener\">Cirug\u00eda Dental<\/a>, <a href=\"https:\/\/cicadamedical.com\/es\/categoria-producto\/clinic-micromotors\/\" target=\"_new\" rel=\"noopener\">Cl\u00ednica Micromotores<\/a>, <a href=\"https:\/\/cicadamedical.com\/es\/categoria-producto\/air-turbines\/\" target=\"_new\" rel=\"noopener\">turbinas de aire<\/a>, <a href=\"https:\/\/cicadamedical.com\/es\/lupa-dental\/\" target=\"_new\" rel=\"noopener\">Lupas Dentales<\/a>, <a href=\"https:\/\/cicadamedical.com\/es\/categoria-producto\/pmtc-system\/\" target=\"_new\" rel=\"noopener\">Sistema de PMTC dental<\/a>, <a href=\"https:\/\/cicadamedical.com\/es\/categoria-producto\/dental-composite-heater\/\" target=\"_new\" rel=\"noopener\">Calentador compuesto dental<\/a>, y m\u00e1s.<\/p>\n<p>Recuerde, cuando se trata de restauraci\u00f3n dental, no haga concesiones. Elija Cicada M\u00e9dica.<\/p>","protected":false},"excerpt":{"rendered":"<ul>\n<li>1 segundo para curar, ve m\u00e1s r\u00e1pido que nunca.<\/li>\n<li>Salida de potencia constante, nacida para la restauraci\u00f3n.<\/li>\n<li>Dise\u00f1o ergon\u00f3mico, optimiza el uso de la empu\u00f1adura.<\/li>\n<li>Cabezal giratorio de 360 grados, ampl\u00eda la posibilidad.<\/li>\n<\/ul>","protected":false},"featured_media":720,"comment_status":"open","ping_status":"closed","template":"","meta":[],"product_cat":[36],"product_tag":[],"_links":{"self":[{"href":"https:\/\/cicadamedical.com\/es\/wp-json\/wp\/v3\/product\/715"}],"collection":[{"href":"https:\/\/cicadamedical.com\/es\/wp-json\/wp\/v3\/product"}],"about":[{"href":"https:\/\/cicadamedical.com\/es\/wp-json\/wp\/v2\/types\/product"}],"replies":[{"embeddable":true,"href":"https:\/\/cicadamedical.com\/es\/wp-json\/wp\/v2\/comments?post=715"}],"wp:featuredmedia":[{"embeddable":true,"href":"https:\/\/cicadamedical.com\/es\/wp-json\/wp\/v2\/media\/720"}],"wp:attachment":[{"href":"https:\/\/cicadamedical.com\/es\/wp-json\/wp\/v2\/media?parent=715"}],"wp:term":[{"taxonomy":"product_cat","embeddable":true,"href":"https:\/\/cicadamedical.com\/es\/wp-json\/wp\/v2\/product_cat?post=715"},{"taxonomy":"product_tag","embeddable":true,"href":"https:\/\/cicadamedical.com\/es\/wp-json\/wp\/v2\/product_tag?post=715"}],"curies":[{"name":"wp","href":"https:\/\/api.w.org\/{rel}","templated":true}]}}