{"id":725,"date":"2023-07-04T23:55:48","date_gmt":"2023-07-04T15:55:48","guid":{"rendered":"http:\/\/cicadamedical.com\/?post_type=product&#038;p=725"},"modified":"2023-07-05T09:23:47","modified_gmt":"2023-07-05T01:23:47","slug":"led-curing-light-cv-215i-pro","status":"publish","type":"product","link":"https:\/\/cicadamedical.com\/es\/producto\/lampara-de-polimerizacion-led-cv-215i-pro\/","title":{"rendered":"L\u00e1mpara LED de polimerizaci\u00f3n dental CV-215i pro"},"content":{"rendered":"<p><strong>Especificaci\u00f3n t\u00e9cnica:<\/strong><\/p>\n<div class=\"table-responsive\">\n<table>\n<tbody>\n<tr>\n<td>Modelo<\/td>\n<td>CV-215-I<\/td>\n<\/tr>\n<tr>\n<td>Potencia de la luz<\/td>\n<td>10W con 4 bombillas<\/td>\n<\/tr>\n<tr>\n<td>Longitud de onda<\/td>\n<td>385-515nm<\/td>\n<\/tr>\n<tr>\n<td>Bater\u00eda<\/td>\n<td>Le\u00f3n<\/td>\n<\/tr>\n<tr>\n<td>Capacidad de la bater\u00eda<\/td>\n<td>2000mAh<\/td>\n<\/tr>\n<tr>\n<td>Voltaje de entrada<\/td>\n<td>CA 100-240 V, 50\/60 Hz 0,4 A m\u00e1x.<\/td>\n<\/tr>\n<\/tbody>\n<\/table>\n<\/div>\n<p>&nbsp;<\/p>\n<p>Modelo: CV-215-I<\/p>\n<p>Potencia de luz: 10W con 4 bombillas<\/p>\n<p>Longitud de onda: 385-515nm<\/p>\n<p>Bater\u00eda: iones de litio<\/p>\n<p>Capacidad de la bater\u00eda: 2000 mAh<\/p>\n<p>Voltaje de entrada: AC100-240V, 50\/60Hz 0.4A m\u00e1x.<\/p>\n<p>Voltaje de salida: CC 5 V\/1,5 A.<\/p>\n<p>Peso neto: 190g<\/p>\n<p>1 a\u00f1o de garant\u00eda<\/p>\n<p>Potencia luminosa: 800-2500 mw\/cm\u00b2<\/p>\n<p>Material: Acero inoxidable<\/p>\n<p>Tiempo de solidificaci\u00f3n: 1S,3S,5S,10S,15S,20S<\/p>\n<p>&nbsp;<\/p>\n<p><strong>Condiciones de operaci\u00f3n:<\/strong><\/p>\n<p>Condiciones de almacenamiento: Temperatura: -10 \u2103 ~ +55 \u2103<\/p>\n<p>Humedad: 10~93%<\/p>\n<p>Presi\u00f3n atmosf\u00e9rica: 50KPa-106Kpa<\/p>\n<p>Condiciones ambientales: No cerca de equipos contra incendios o material inflamable.<\/p>\n<p>&nbsp;<\/p>\n<p><strong>Accesorios:<\/strong><\/p>\n<p>Unidad principal de luz de curado 1PC<\/p>\n<p>Base de carga 1 ud.<\/p>\n<p>Adaptador 1PC<\/p>\n<p>Protector ocular 1 ud.<\/p>\n<p>Gu\u00eda de luz 1 ud.<\/p>\n<p>Manual de uso 1 ud.<\/p>\n<p>Funda desechable * 100PCS<\/p>\n<p><img loading=\"lazy\" decoding=\"async\" class=\"alignnone size-full wp-image-726\" src=\"http:\/\/cicadamedical.com\/wp-content\/uploads\/2022\/04\/1228162401.png\" alt=\"cabeza giratoria de 360 grados\" width=\"1200\" height=\"500\" srcset=\"https:\/\/cicadamedical.com\/wp-content\/uploads\/2022\/04\/1228162401.png 1200w, https:\/\/cicadamedical.com\/wp-content\/uploads\/2022\/04\/1228162401-600x250.png 600w, https:\/\/cicadamedical.com\/wp-content\/uploads\/2022\/04\/1228162401-768x320.png 768w\" sizes=\"(max-width: 1200px) 100vw, 1200px\" \/> <img loading=\"lazy\" decoding=\"async\" class=\"alignnone size-full wp-image-727\" src=\"http:\/\/cicadamedical.com\/wp-content\/uploads\/2022\/04\/1228162404.jpg\" alt=\"Salida de potencia constante\" width=\"1200\" height=\"500\" srcset=\"https:\/\/cicadamedical.com\/wp-content\/uploads\/2022\/04\/1228162404.jpg 1200w, https:\/\/cicadamedical.com\/wp-content\/uploads\/2022\/04\/1228162404-600x250.jpg 600w, https:\/\/cicadamedical.com\/wp-content\/uploads\/2022\/04\/1228162404-768x320.jpg 768w\" sizes=\"(max-width: 1200px) 100vw, 1200px\" \/> <img loading=\"lazy\" decoding=\"async\" class=\"alignnone size-full wp-image-728\" src=\"http:\/\/cicadamedical.com\/wp-content\/uploads\/2022\/04\/1228162403.jpg\" alt=\"Cuerpo de acero inoxidable\" width=\"1200\" height=\"500\" srcset=\"https:\/\/cicadamedical.com\/wp-content\/uploads\/2022\/04\/1228162403.jpg 1200w, https:\/\/cicadamedical.com\/wp-content\/uploads\/2022\/04\/1228162403-600x250.jpg 600w, https:\/\/cicadamedical.com\/wp-content\/uploads\/2022\/04\/1228162403-768x320.jpg 768w\" sizes=\"(max-width: 1200px) 100vw, 1200px\" \/> <img loading=\"lazy\" decoding=\"async\" class=\"alignnone size-full wp-image-729\" src=\"http:\/\/cicadamedical.com\/wp-content\/uploads\/2022\/04\/led_curing_light.png\" alt=\"Longitud de onda de 385-515 nm\" width=\"1200\" height=\"500\" srcset=\"https:\/\/cicadamedical.com\/wp-content\/uploads\/2022\/04\/led_curing_light.png 1200w, https:\/\/cicadamedical.com\/wp-content\/uploads\/2022\/04\/led_curing_light-600x250.png 600w, https:\/\/cicadamedical.com\/wp-content\/uploads\/2022\/04\/led_curing_light-768x320.png 768w\" sizes=\"(max-width: 1200px) 100vw, 1200px\" \/><\/p>\n<p>La l\u00e1mpara de curado LED dental CV-215i pro, ofrecida por Cicada Medical, es un instrumento dental de \u00faltima generaci\u00f3n dise\u00f1ado para proporcionar un curado r\u00e1pido, eficiente y confiable de materiales dentales. Esta luz especializada utiliza tecnolog\u00eda LED para curar compuestos, adhesivos y selladores a base de resina.<\/p>\n<p>El CV-215i pro es una herramienta vers\u00e1til en cualquier pr\u00e1ctica dental, con una amplia gama de aplicaciones en odontolog\u00eda restauradora y cosm\u00e9tica. Se puede utilizar para curar una variedad de materiales dentales, por lo que es imprescindible para cualquier profesional de la odontolog\u00eda.<\/p>\n<h2>Caracter\u00edsticas clave<\/h2>\n<p>La l\u00e1mpara de polimerizaci\u00f3n LED dental CV-215i pro cuenta con una gama de caracter\u00edsticas impresionantes:<\/p>\n<ul>\n<li><strong>Salida de alta potencia<\/strong>: Con una potencia lum\u00ednica de 10W y 4 bombillas, la CV-215i pro permite un curado r\u00e1pido y eficaz de los materiales dentales.<\/li>\n<li><strong>Amplio espectro<\/strong>: El CV-215i pro funciona a una longitud de onda de 385-515nm, lo que lo hace adecuado para los fotoiniciadores de la mayor\u00eda de las resinas del mercado.<\/li>\n<li><strong>Bater\u00eda de larga duraci\u00f3n<\/strong>: El dispositivo funciona con una bater\u00eda de iones de litio con una capacidad de 2000 mAh, lo que proporciona un tiempo de uso m\u00e1s prolongado en comparaci\u00f3n con otros modelos.<\/li>\n<li><strong>Cuerpo de acero inoxidable<\/strong>: El CV-215i pro est\u00e1 hecho de acero inoxidable, lo que garantiza durabilidad y longevidad.<\/li>\n<li><strong>Tiempo de curado vers\u00e1til<\/strong>: El dispositivo ofrece un tiempo de solidificaci\u00f3n de 1S, 3S, 5S, 10S, 15S, 20S, brindando m\u00e1s opciones para diferentes necesidades.<\/li>\n<\/ul>\n<h2>Accesorios<\/h2>\n<p>La l\u00e1mpara de polimerizaci\u00f3n LED dental CV-215i pro viene con los siguientes accesorios:<\/p>\n<ul>\n<li>Unidad principal de l\u00e1mpara de polimerizaci\u00f3n<\/li>\n<li>Base de carga<\/li>\n<li>Adaptador<\/li>\n<li>Protector de ojos<\/li>\n<li>Luz gu\u00eda<\/li>\n<li>manual de uso<\/li>\n<li>Funda desechable * 100PCS<\/li>\n<\/ul>\n<h2>\u00bfPor qu\u00e9 elegir la l\u00e1mpara de polimerizaci\u00f3n dental LED CV-215i pro?<\/h2>\n<p>El CV-215i pro se destaca de sus competidores debido a su salida de alta potencia y tecnolog\u00eda LED avanzada. Est\u00e1 dise\u00f1ado para brindar la m\u00e1xima eficiencia y confiabilidad, lo que lo convierte en una herramienta invaluable para cualquier procedimiento dental restaurativo o cosm\u00e9tico.<\/p>\n<p>Adem\u00e1s, la l\u00e1mpara de polimerizaci\u00f3n LED dental CV-215i pro de Cicada Medical es una herramienta esencial para cualquier profesional dental que busque mejorar la eficiencia y confiabilidad de sus procedimientos dentales cosm\u00e9ticos y de restauraci\u00f3n. Con sus diversos tipos, alta potencia y precio asequible, el CV-215i pro es una herramienta confiable y eficiente para los profesionales dentales.<\/p>\n<h2>\u00bfDonde comprar?<\/h2>\n<p>La l\u00e1mpara de polimerizaci\u00f3n LED dental CV-215i pro est\u00e1 disponible para su compra directamente en Cicada Medical. <a href=\"https:\/\/cicadamedical.com\/es\/producto\/lampara-de-polimerizacion-led-cv-215i-pro\/\" target=\"_new\" rel=\"noopener\">sitio web<\/a>. Cicada Medical es reconocido como un nombre pionero y bien establecido en el mercado de China, que ofrece una amplia gama de equipos dentales internacionales con est\u00e1ndares globales.<\/p>\n<p>Para obtener m\u00e1s informaci\u00f3n sobre otros productos dentales ofrecidos por Cicada Medical, puede visitar su <a href=\"https:\/\/cicadamedical.com\/es\/distribuidor-de-suministros-odontologicos\/\" target=\"_new\" rel=\"noopener\">p\u00e1gina del producto<\/a>. Ofrecen una amplia gama de productos dentales que incluyen <a href=\"https:\/\/cicadamedical.com\/es\/categoria-producto\/endodontic\/\" target=\"_new\" rel=\"noopener\">endodoncia dental<\/a>, <a href=\"https:\/\/cicadamedical.com\/es\/categoria-producto\/led-curing-light\/\" target=\"_new\" rel=\"noopener\">Luz de curado llevada<\/a>, <a href=\"https:\/\/cicadamedical.com\/es\/categoria-producto\/surigical\/\" target=\"_new\" rel=\"noopener\">Cirug\u00eda Dental<\/a>, <a href=\"https:\/\/cicadamedical.com\/es\/categoria-producto\/clinic-micromotors\/\" target=\"_new\" rel=\"noopener\">Cl\u00ednica Micromotores<\/a>, <a href=\"https:\/\/cicadamedical.com\/es\/categoria-producto\/air-turbines\/\" target=\"_new\" rel=\"noopener\">turbinas de aire<\/a>, <a href=\"https:\/\/cicadamedical.com\/es\/lupa-dental\/\" target=\"_new\" rel=\"noopener\">Lupas Dentales<\/a>, <a href=\"https:\/\/cicadamedical.com\/es\/categoria-producto\/pmtc-system\/\" target=\"_new\" rel=\"noopener\">Sistema de PMTC dental<\/a>, <a href=\"https:\/\/cicadamedical.com\/es\/categoria-producto\/dental-composite-heater\/\" target=\"_new\" rel=\"noopener\">Calentador compuesto dental<\/a>, y m\u00e1s.<\/p>\n<h2>Conclusi\u00f3n<\/h2>\n<p>En conclusi\u00f3n, la l\u00e1mpara de polimerizaci\u00f3n dental LED CV-215i pro es una herramienta de alta calidad, eficiente y fiable, esencial para cualquier profesional de la odontolog\u00eda. Sus funciones avanzadas y su alta potencia de salida lo convierten en una excelente opci\u00f3n para curar materiales dentales. Con Cicada Medical, puede estar seguro de la calidad y confiabilidad de su equipo dental.<\/p>\n<p>Entonces, \u00bfpor qu\u00e9 esperar? Mejore su pr\u00e1ctica dental hoy con la l\u00e1mpara de polimerizaci\u00f3n LED dental CV-215i pro. Visita Cicada Medical <a href=\"https:\/\/cicadamedical.com\/es\/producto\/lampara-de-polimerizacion-led-cv-215i-pro\/\" target=\"_new\" rel=\"noopener\">sitio web<\/a> para hacer tu compra ahora!<\/p>\n<p>Recuerde, una buena sonrisa es una bienvenida universal, y con la l\u00e1mpara de polimerizaci\u00f3n LED dental CV-215i pro de Cicada Medical, puede ayudar a sus pacientes a lograr precisamente eso.<\/p>\n<p>\u00a1Uf! Es mucha informaci\u00f3n, pero vale la pena por una hermosa sonrisa, \u00bfverdad? As\u00ed que no lo dudes y toma la decisi\u00f3n inteligente hoy. \u00a1Tus pacientes te lo agradecer\u00e1n!<\/p>","protected":false},"excerpt":{"rendered":"<ul>\n<li>L\u00e1mpara de polimerizaci\u00f3n de amplio espectro<\/li>\n<li>Longitud de onda 385-515nm, especialmente indicado para los fotoiniciadores de la mayor\u00eda de resinas del mercado: Alcanforquinona, TPO, Ivo cerin.<\/li>\n<li>Cuerpo de material de acero inoxidable, dise\u00f1o \u00fanico y de alto grado y disipaci\u00f3n de calor m\u00e1xima.<\/li>\n<li>Fuente de luz de 4 bombillas de 10w desde la cabeza, reduce la atenuaci\u00f3n de la luz emitida.<\/li>\n<li>Probador de luz incorporado, para saber f\u00e1cilmente la intensidad antes de usar.<\/li>\n<li>El dise\u00f1o de marquesina en la base de carga le proporciona una idea clara de cu\u00e1ndo est\u00e1 cargada.<\/li>\n<li>Rotaci\u00f3n de 360 grados, se puede utilizar en todos los \u00e1ngulos.<\/li>\n<li>El tiempo de curado de 1s-20s para la opci\u00f3n, le brinda m\u00e1s opciones para diferentes necesidades.<\/li>\n<li>Se apaga autom\u00e1ticamente despu\u00e9s de 2 minutos sin operaci\u00f3n.<\/li>\n<li>Bater\u00eda de 2000 mAh, m\u00e1s tiempo de uso en comparaci\u00f3n con otros modelos.<\/li>\n<\/ul>","protected":false},"featured_media":734,"comment_status":"open","ping_status":"closed","template":"","meta":[],"product_cat":[36],"product_tag":[],"_links":{"self":[{"href":"https:\/\/cicadamedical.com\/es\/wp-json\/wp\/v3\/product\/725"}],"collection":[{"href":"https:\/\/cicadamedical.com\/es\/wp-json\/wp\/v3\/product"}],"about":[{"href":"https:\/\/cicadamedical.com\/es\/wp-json\/wp\/v2\/types\/product"}],"replies":[{"embeddable":true,"href":"https:\/\/cicadamedical.com\/es\/wp-json\/wp\/v2\/comments?post=725"}],"wp:featuredmedia":[{"embeddable":true,"href":"https:\/\/cicadamedical.com\/es\/wp-json\/wp\/v2\/media\/734"}],"wp:attachment":[{"href":"https:\/\/cicadamedical.com\/es\/wp-json\/wp\/v2\/media?parent=725"}],"wp:term":[{"taxonomy":"product_cat","embeddable":true,"href":"https:\/\/cicadamedical.com\/es\/wp-json\/wp\/v2\/product_cat?post=725"},{"taxonomy":"product_tag","embeddable":true,"href":"https:\/\/cicadamedical.com\/es\/wp-json\/wp\/v2\/product_tag?post=725"}],"curies":[{"name":"wp","href":"https:\/\/api.w.org\/{rel}","templated":true}]}}