{"id":755,"date":"2022-06-24T09:21:45","date_gmt":"2022-06-24T01:21:45","guid":{"rendered":"http:\/\/cicadamedical.com\/?post_type=product&#038;p=755"},"modified":"2023-06-25T21:35:48","modified_gmt":"2023-06-25T13:35:48","slug":"endo-irriagtion-needle-cv-ei","status":"publish","type":"product","link":"https:\/\/cicadamedical.com\/es\/producto\/endo-irrigation-aguja-cv-ei\/","title":{"rendered":"Aguja de Irrigaci\u00f3n Dental Endo CV-EI"},"content":{"rendered":"<p><strong>Especificaci\u00f3n t\u00e9cnica:<\/strong><\/p>\n<p>Uso previsto: Dientes posteriores amarillos (21 mm)\/dientes anteriores verdes (25 mm)<\/p>\n<p>Unidades de venta: art\u00edculo \u00fanico<\/p>\n<p>Tama\u00f1o del paquete individual: 12X12X12 cm<\/p>\n<p>Peso bruto \u00fanico: 0.500 kg<\/p>\n<p>Tipo de paquete: cart\u00f3n est\u00e1ndar: 10 juegos\/caja<br \/>\nPeso: 0,2 kg ~ 0,25 kg\/juego<\/p>\n<p>Tama\u00f1o: 16-32g<\/p>\n<p>&nbsp;<\/p>\n<p><strong>Tiempo de espera :<\/strong><\/p>\n<div class=\"table-responsive\">\n<table>\n<tbody>\n<tr>\n<td>Cantidad (Piezas)<\/td>\n<td>1 &#8211; 100<\/td>\n<td>&gt;100<\/td>\n<\/tr>\n<tr>\n<td>Est. Tiempo (d\u00edas)<\/td>\n<td>10<\/td>\n<td>Ser negociado<\/td>\n<\/tr>\n<\/tbody>\n<\/table>\n<\/div>\n<p>&nbsp;<\/p>\n<p><strong>Condiciones de operaci\u00f3n:<\/strong><\/p>\n<p>Condiciones de almacenamiento: Temperatura: -20 \u2103 -55 \u2103<\/p>\n<p>Humedad: 10%~93%<\/p>\n<p>Presi\u00f3n atmosf\u00e9rica: 70KPa-106Kpa<\/p>\n<p>Condiciones ambientales: No cerca de equipos contra incendios o material inflamable.<\/p>\n<p>&nbsp;<\/p>\n<p><strong>Instrucciones de uso:<\/strong><\/p>\n<p>Preste atenci\u00f3n a enjuagar el cristal l\u00edquido, es f\u00e1cil tapar la aguja de enjuague, enjuagar despu\u00e9s de terminar el l\u00edquido para evitar el uso de la aguja de enjuague de limpieza ultras\u00f3nica o tapar la aguja, el embalaje admite alta temperatura, alta presi\u00f3n, desinfecci\u00f3n.<\/p>\n<p><img loading=\"lazy\" decoding=\"async\" class=\"alignnone size-full wp-image-756\" src=\"http:\/\/cicadamedical.com\/wp-content\/uploads\/2022\/04\/1228163701.png\" alt=\"Seguridad\" width=\"1200\" height=\"500\" srcset=\"https:\/\/cicadamedical.com\/wp-content\/uploads\/2022\/04\/1228163701.png 1200w, https:\/\/cicadamedical.com\/wp-content\/uploads\/2022\/04\/1228163701-600x250.png 600w, https:\/\/cicadamedical.com\/wp-content\/uploads\/2022\/04\/1228163701-768x320.png 768w\" sizes=\"(max-width: 1200px) 100vw, 1200px\" \/> <img loading=\"lazy\" decoding=\"async\" class=\"alignnone size-full wp-image-757\" src=\"http:\/\/cicadamedical.com\/wp-content\/uploads\/2022\/04\/1228163702.png\" alt=\"polipropileno\" width=\"1200\" height=\"500\" srcset=\"https:\/\/cicadamedical.com\/wp-content\/uploads\/2022\/04\/1228163702.png 1200w, https:\/\/cicadamedical.com\/wp-content\/uploads\/2022\/04\/1228163702-600x250.png 600w, https:\/\/cicadamedical.com\/wp-content\/uploads\/2022\/04\/1228163702-768x320.png 768w\" sizes=\"(max-width: 1200px) 100vw, 1200px\" \/> <img loading=\"lazy\" decoding=\"async\" class=\"alignnone size-full wp-image-758\" src=\"http:\/\/cicadamedical.com\/wp-content\/uploads\/2022\/04\/1628163704.jpg\" alt=\"Interfaz de tornillo F\u00e1cil de instalar\" width=\"1200\" height=\"500\" srcset=\"https:\/\/cicadamedical.com\/wp-content\/uploads\/2022\/04\/1628163704.jpg 1200w, https:\/\/cicadamedical.com\/wp-content\/uploads\/2022\/04\/1628163704-600x250.jpg 600w, https:\/\/cicadamedical.com\/wp-content\/uploads\/2022\/04\/1628163704-768x320.jpg 768w\" sizes=\"(max-width: 1200px) 100vw, 1200px\" \/> <img loading=\"lazy\" decoding=\"async\" class=\"alignnone size-full wp-image-759\" src=\"http:\/\/cicadamedical.com\/wp-content\/uploads\/2022\/04\/1228163703.jpg\" alt=\"Amarillo 21 mm (dientes posteriores) Verde 25 mm (dientes frontales)\" width=\"1200\" height=\"500\" srcset=\"https:\/\/cicadamedical.com\/wp-content\/uploads\/2022\/04\/1228163703.jpg 1200w, https:\/\/cicadamedical.com\/wp-content\/uploads\/2022\/04\/1228163703-600x250.jpg 600w, https:\/\/cicadamedical.com\/wp-content\/uploads\/2022\/04\/1228163703-768x320.jpg 768w\" sizes=\"(max-width: 1200px) 100vw, 1200px\" \/><\/p>\n<p>El <strong><a href=\"https:\/\/cicadamedical.com\/es\/categoria-producto\/endodontic\/endo-irrigation-needles\/\" target=\"_new\" rel=\"noopener\">Aguja de Irrigaci\u00f3n Dental Endo CV-EI<\/a><\/strong> es una herramienta dental de \u00faltima generaci\u00f3n dise\u00f1ada para complementar su procedimiento de endodoncia para una limpieza y desinfecci\u00f3n eficiente hasta el \u00e1pice. Esta aguja es un producto de Cicada Medical, una empresa l\u00edder <a href=\"https:\/\/cicadamedical.com\/es\/distribuidor-de-suministros-odontologicos\/\" target=\"_new\" rel=\"noopener\">distribuidor de suministros dentales<\/a>, conocido por sus herramientas y equipos dentales de alta calidad.<\/p>\n<h3>Caracter\u00edsticas clave<\/h3>\n<ul>\n<li><strong>Medidor de aguja de irrigaci\u00f3n endod\u00f3ntica<\/strong>: La aguja viene en varios calibres, incluidos 23G, 25G y 27G, cada uno con una longitud de 25 (32) mm. Esta variedad permite flexibilidad y precisi\u00f3n durante los procedimientos de endodoncia.<\/li>\n<li><strong>Puntas de riego Irriflex<\/strong>: Estos consejos aseguran una irrigaci\u00f3n completa y eficiente de los conductos radiculares, lo que contribuye al \u00e9xito de los tratamientos de endodoncia.<\/li>\n<li><strong>Aguja de un solo bisel<\/strong>: El dise\u00f1o de un solo bisel de la aguja permite una irrigaci\u00f3n y desinfecci\u00f3n \u00f3ptimas del sistema de conductos radiculares.<\/li>\n<li><strong>Compatibilidad con Jeringa de Irrigaci\u00f3n<\/strong>: La aguja est\u00e1 dise\u00f1ada para funcionar perfectamente con una jeringa de irrigaci\u00f3n, lo que facilita la administraci\u00f3n de soluciones de irrigaci\u00f3n al sistema de conductos radiculares.<\/li>\n<\/ul>\n<h3>Beneficios<\/h3>\n<ul>\n<li><strong>Limpieza y desinfecci\u00f3n eficientes<\/strong>: La aguja de irrigaci\u00f3n Dental Endo CV-EI est\u00e1 dise\u00f1ada para brindar una limpieza y desinfecci\u00f3n a fondo del sistema de conductos radiculares, lo que contribuye al \u00e9xito de los tratamientos de endodoncia.<\/li>\n<li><strong>Versatilidad<\/strong>: Con sus diversos calibres y longitudes, esta aguja se puede utilizar en una amplia gama de procedimientos de endodoncia.<\/li>\n<li><strong>Facilidad de uso<\/strong>: El dise\u00f1o de la aguja permite conectarla f\u00e1cilmente a una jeringa de irrigaci\u00f3n, lo que la hace f\u00e1cil de usar para los profesionales dentales.<\/li>\n<li><strong>Material de alta calidad.<\/strong>: Fabricada con un material duradero y confiable, esta aguja est\u00e1 dise\u00f1ada para soportar los rigores de los procedimientos de endodoncia.<\/li>\n<\/ul>\n<h3>C\u00f3mo utilizar<\/h3>\n<p>La aguja de irrigaci\u00f3n Dental Endo CV-EI se utiliza junto con una jeringa de irrigaci\u00f3n. La aguja se conecta a la jeringa, que luego se llena con la soluci\u00f3n de irrigaci\u00f3n adecuada. La aguja se inserta cuidadosamente en el conducto radicular para administrar la soluci\u00f3n de irrigaci\u00f3n.<\/p>\n<h3>Donde comprar<\/h3>\n<p>La aguja de irrigaci\u00f3n Dental Endo CV-EI est\u00e1 disponible para su compra en el <a href=\"https:\/\/cicadamedical.com\/es\/\" target=\"_new\" rel=\"noopener\">Sitio web de Cicada Medical<\/a>. Cicada Medical es una empresa confiable <a href=\"https:\/\/cicadamedical.com\/es\/proveedores-de-equipos-odontologicos\/\" target=\"_new\" rel=\"noopener\">proveedor de equipos dentales<\/a> ofreciendo una amplia gama de herramientas y equipos dentales de alta calidad, que incluyen <a href=\"https:\/\/cicadamedical.com\/es\/lupa-dental\/\" target=\"_new\" rel=\"noopener\">lupas dentales<\/a>, <a href=\"https:\/\/cicadamedical.com\/es\/categoria-producto\/air-turbines\/\" target=\"_new\" rel=\"noopener\">turbinas de aire<\/a>, y <a href=\"https:\/\/cicadamedical.com\/es\/categoria-producto\/pmtc-system\/\" target=\"_new\" rel=\"noopener\">sistemas PMTC dentales<\/a>.<\/p>\n<h3>Conclusi\u00f3n<\/h3>\n<p>La aguja de irrigaci\u00f3n Dental Endo CV-EI es una herramienta imprescindible para los profesionales dentales que realizan procedimientos de endodoncia. Su dise\u00f1o y caracter\u00edsticas aseguran una limpieza y desinfecci\u00f3n eficientes del sistema de conductos radiculares, contribuyendo al \u00e9xito de los tratamientos de endodoncia. Conf\u00ede en Cicada Medical para todas sus necesidades de herramientas dentales. \u00a1Explore nuestra gama de productos hoy!<\/p>\n<p>Para obtener m\u00e1s informaci\u00f3n acerca de nuestros productos, visite nuestro <a href=\"https:\/\/cicadamedical.com\/es\/sobre-nosotros\/\" target=\"_new\" rel=\"noopener\">Sobre nosotros<\/a> p\u00e1gina o cont\u00e1ctenos directamente. Estamos aqu\u00ed para ayudarle a brindar la mejor atenci\u00f3n dental posible.<\/p>","protected":false},"excerpt":{"rendered":"<ul>\n<li>ID grande, alto flujo<\/li>\n<li>Embalaje: a granel, en blister<\/li>\n<li>Acero inoxidable austen\u00edtico de alta calidad<\/li>\n<li>Sin l\u00e1tex<\/li>\n<li>EO est\u00e9ril o r-ray est\u00e9ril<\/li>\n<li>Est\u00e9ril, no pirog\u00e9nico<\/li>\n<li>Los cubos de polipropileno est\u00e1n marcados con colores.<\/li>\n<li>Est\u00e1n disponibles paredes regulares, paredes delgadas y paredes extra delgadas.<\/li>\n<li>Seguridad: dise\u00f1o en ambos lados del orificio de salida, punta cerrada, el l\u00edquido del conducto radicular al ras lateral no excede la punta de la boca.<\/li>\n<\/ul>","protected":false},"featured_media":762,"comment_status":"open","ping_status":"closed","template":"","meta":[],"product_cat":[32],"product_tag":[],"_links":{"self":[{"href":"https:\/\/cicadamedical.com\/es\/wp-json\/wp\/v3\/product\/755"}],"collection":[{"href":"https:\/\/cicadamedical.com\/es\/wp-json\/wp\/v3\/product"}],"about":[{"href":"https:\/\/cicadamedical.com\/es\/wp-json\/wp\/v2\/types\/product"}],"replies":[{"embeddable":true,"href":"https:\/\/cicadamedical.com\/es\/wp-json\/wp\/v2\/comments?post=755"}],"wp:featuredmedia":[{"embeddable":true,"href":"https:\/\/cicadamedical.com\/es\/wp-json\/wp\/v2\/media\/762"}],"wp:attachment":[{"href":"https:\/\/cicadamedical.com\/es\/wp-json\/wp\/v2\/media?parent=755"}],"wp:term":[{"taxonomy":"product_cat","embeddable":true,"href":"https:\/\/cicadamedical.com\/es\/wp-json\/wp\/v2\/product_cat?post=755"},{"taxonomy":"product_tag","embeddable":true,"href":"https:\/\/cicadamedical.com\/es\/wp-json\/wp\/v2\/product_tag?post=755"}],"curies":[{"name":"wp","href":"https:\/\/api.w.org\/{rel}","templated":true}]}}