{"id":776,"date":"2022-06-24T09:54:43","date_gmt":"2022-06-24T01:54:43","guid":{"rendered":"http:\/\/cicadamedical.com\/?post_type=product&#038;p=776"},"modified":"2023-06-25T21:38:49","modified_gmt":"2023-06-25T13:38:49","slug":"air-scaler-cv-s","status":"publish","type":"product","link":"https:\/\/cicadamedical.com\/es\/producto\/aire-scaler-cv-s\/","title":{"rendered":"Scaler dental de aire CV-S"},"content":{"rendered":"<table>\n<tbody>\n<tr>\n<td nowrap=\"nowrap\">Aplicaciones<\/td>\n<td nowrap=\"nowrap\">Control<\/td>\n<td nowrap=\"nowrap\">Presi\u00f3n del aire<\/td>\n<td nowrap=\"nowrap\">Esterilizaci\u00f3n<\/td>\n<td nowrap=\"nowrap\">Frecuencia oscilante<\/td>\n<\/tr>\n<tr>\n<td>Profilaxis:<\/p>\n<p>Eliminaci\u00f3n de placa<\/td>\n<td rowspan=\"3\">\u00a0pieza de mano o por control de pie de la unidad de tratamiento<\/td>\n<td rowspan=\"3\">0.28mpa<\/p>\n<p>(2,9 KFG\/cm\u00b2)<\/td>\n<td rowspan=\"3\">135 \u2103 (aluminio de calidad aeron\u00e1utica)<\/td>\n<td rowspan=\"3\">6000-6450Hz<\/td>\n<\/tr>\n<tr>\n<td>Escalada<\/td>\n<\/tr>\n<tr>\n<td>Endodoncia:<\/p>\n<p>Enjuague del conducto radicular<\/td>\n<\/tr>\n<\/tbody>\n<\/table>\n<p><img loading=\"lazy\" decoding=\"async\" class=\"alignnone size-full wp-image-777\" src=\"http:\/\/cicadamedical.com\/wp-content\/uploads\/2022\/04\/1228163001.png\" alt=\"Ruido bajo\" width=\"1200\" height=\"500\" srcset=\"https:\/\/cicadamedical.com\/wp-content\/uploads\/2022\/04\/1228163001.png 1200w, https:\/\/cicadamedical.com\/wp-content\/uploads\/2022\/04\/1228163001-600x250.png 600w, https:\/\/cicadamedical.com\/wp-content\/uploads\/2022\/04\/1228163001-768x320.png 768w\" sizes=\"(max-width: 1200px) 100vw, 1200px\" \/> <img loading=\"lazy\" decoding=\"async\" class=\"alignnone size-full wp-image-778\" src=\"http:\/\/cicadamedical.com\/wp-content\/uploads\/2022\/04\/1228163004.jpg\" alt=\"Conexi\u00f3n roscada\" width=\"1200\" height=\"500\" srcset=\"https:\/\/cicadamedical.com\/wp-content\/uploads\/2022\/04\/1228163004.jpg 1200w, https:\/\/cicadamedical.com\/wp-content\/uploads\/2022\/04\/1228163004-600x250.jpg 600w, https:\/\/cicadamedical.com\/wp-content\/uploads\/2022\/04\/1228163004-768x320.jpg 768w\" sizes=\"(max-width: 1200px) 100vw, 1200px\" \/> <img loading=\"lazy\" decoding=\"async\" class=\"alignnone size-full wp-image-779\" src=\"http:\/\/cicadamedical.com\/wp-content\/uploads\/2022\/04\/1228163003.jpg\" alt=\"Uso sin preocupaciones\" width=\"1200\" height=\"500\" srcset=\"https:\/\/cicadamedical.com\/wp-content\/uploads\/2022\/04\/1228163003.jpg 1200w, https:\/\/cicadamedical.com\/wp-content\/uploads\/2022\/04\/1228163003-600x250.jpg 600w, https:\/\/cicadamedical.com\/wp-content\/uploads\/2022\/04\/1228163003-768x320.jpg 768w\" sizes=\"(max-width: 1200px) 100vw, 1200px\" \/> <img loading=\"lazy\" decoding=\"async\" class=\"alignnone size-full wp-image-780\" src=\"http:\/\/cicadamedical.com\/wp-content\/uploads\/2022\/04\/1228163002.png\" alt=\"Intensidad ajustable\" width=\"1200\" height=\"500\" srcset=\"https:\/\/cicadamedical.com\/wp-content\/uploads\/2022\/04\/1228163002.png 1200w, https:\/\/cicadamedical.com\/wp-content\/uploads\/2022\/04\/1228163002-600x250.png 600w, https:\/\/cicadamedical.com\/wp-content\/uploads\/2022\/04\/1228163002-768x320.png 768w\" sizes=\"(max-width: 1200px) 100vw, 1200px\" \/><\/p>\n<p>El <strong>Scaler dental de aire CV-S<\/strong> es una herramienta dental de \u00faltima generaci\u00f3n dise\u00f1ada para garantizar una higiene bucal \u00f3ptima. Fabricado por Cicada Medical, uno de los mayores fabricantes y proveedores de raspadores dentales en China, este dispositivo cambia las reglas del juego en el campo del cuidado dental.<\/p>\n<h2>\u00bfQu\u00e9 es el Dental Air Scaler CV-S?<\/h2>\n<p>El Dental Air Scaler CV-S es un dispositivo manual que se utiliza para eliminar c\u00e1lculos, manchas y otros dep\u00f3sitos dentales de la superficie y los tejidos periodontales de los dientes. Incluye un escalador ultras\u00f3nico, una pieza de mano del escalador ultras\u00f3nico y una m\u00e1quina de limpieza de polvo. Esta pieza de mano para eliminar residuos dentales est\u00e1 dise\u00f1ada para trabajar en \u00e1reas estrechas, asegurando una limpieza profunda.<\/p>\n<h2>Caracter\u00edsticas clave<\/h2>\n<ul>\n<li><strong>Precisi\u00f3n<\/strong>: El Dental Air Scaler CV-S est\u00e1 dise\u00f1ado con precisi\u00f3n con un sistema de rociado de agua controlado sin obstrucciones. Esto le permite eliminar dep\u00f3sitos, manchas y c\u00e1lculos de los dientes con extrema precisi\u00f3n.<\/li>\n<li><strong>Eficiencia<\/strong>: Esta pieza de mano para eliminar residuos dentales permite raspar en \u00e1reas estrechas, asegurando que no quede ning\u00fan punto sin tocar.<\/li>\n<li><strong>Comodidad<\/strong>: El Dental Air Scaler CV-S est\u00e1 bien dise\u00f1ado y equilibrado con un perfil delgado para un uso prolongado. Incluye tres puntos escaladores para mayor versatilidad.<\/li>\n<li><strong>Fiabilidad<\/strong>: Cicada Medical ofrece una garant\u00eda de un a\u00f1o para la pieza de mano Dental Air Scaler, lo que garantiza que pueda confiar en la calidad y durabilidad del producto.<\/li>\n<\/ul>\n<h2>\u00bfPor qu\u00e9 elegir Dental Air Scaler CV-S?<\/h2>\n<p>El Dental Air Scaler CV-S no solo es una herramienta eficaz para mantener la higiene bucal, sino que tambi\u00e9n es asequible. Se puede comprar en Cicada Medical por menos de $10 \u2013 $50, a menudo empaquetado con otra herramienta de cuidado bucal, como un palillo dental.<\/p>\n<p>Sin embargo, es importante tener en cuenta que, si bien el uso de un raspador dental puede convertirse en una parte habitual de su rutina de cuidado bucal, requiere precauci\u00f3n y paciencia. Raspar con demasiada fuerza podr\u00eda da\u00f1ar el esmalte de los dientes o cortar las enc\u00edas.<\/p>\n<h2>Conclusi\u00f3n<\/h2>\n<p>El Dental Air Scaler CV-S es una herramienta revolucionaria en el cuidado dental. Su precisi\u00f3n, eficiencia y comodidad lo convierten en una herramienta imprescindible para cualquier persona que se tome en serio el mantenimiento de una higiene bucal \u00f3ptima. Con la reputaci\u00f3n de calidad y asequibilidad de Cicada Medical, puede estar seguro de su compra.<\/p>\n<p>Para obtener m\u00e1s informaci\u00f3n sobre el Dental Air Scaler CV-S u otros productos dentales, visite <a href=\"https:\/\/cicadamedical.com\/es\/\" target=\"_new\" rel=\"noopener\">cigarra medica<\/a>. Para equipos dentales m\u00e1s especializados, consulte nuestra <a href=\"https:\/\/cicadamedical.com\/es\/categoria-producto\/endodontic\/\" target=\"_new\" rel=\"noopener\">endodoncia dental<\/a>, <a href=\"https:\/\/cicadamedical.com\/es\/categoria-producto\/led-curing-light\/\" target=\"_new\" rel=\"noopener\">Luz de curado llevada<\/a>, <a href=\"https:\/\/cicadamedical.com\/es\/categoria-producto\/surigical\/\" target=\"_new\" rel=\"noopener\">Cirug\u00eda Dental<\/a>, <a href=\"https:\/\/cicadamedical.com\/es\/categoria-producto\/clinic-micromotors\/\" target=\"_new\" rel=\"noopener\">Cl\u00ednica Micromotores<\/a>, <a href=\"https:\/\/cicadamedical.com\/es\/categoria-producto\/air-turbines\/\" target=\"_new\" rel=\"noopener\">turbinas de aire<\/a>, <a href=\"https:\/\/cicadamedical.com\/es\/lupa-dental\/\" target=\"_new\" rel=\"noopener\">Lupas Dentales<\/a>, <a href=\"https:\/\/cicadamedical.com\/es\/categoria-producto\/pmtc-system\/\" target=\"_new\" rel=\"noopener\">Sistema de PMTC dental<\/a>, <a href=\"https:\/\/cicadamedical.com\/es\/categoria-producto\/dental-composite-heater\/\" target=\"_new\" rel=\"noopener\">Calentador compuesto dental<\/a>, y m\u00e1s.<\/p>","protected":false},"excerpt":{"rendered":"<ul>\n<li>Intensidad ajustable<\/li>\n<li>Frecuencia de vibraci\u00f3n bastante baja<\/li>\n<li>Ruido bajo<\/li>\n<li>M\u00e1s c\u00f3modo<\/li>\n<\/ul>","protected":false},"featured_media":785,"comment_status":"open","ping_status":"closed","template":"","meta":[],"product_cat":[30],"product_tag":[],"_links":{"self":[{"href":"https:\/\/cicadamedical.com\/es\/wp-json\/wp\/v3\/product\/776"}],"collection":[{"href":"https:\/\/cicadamedical.com\/es\/wp-json\/wp\/v3\/product"}],"about":[{"href":"https:\/\/cicadamedical.com\/es\/wp-json\/wp\/v2\/types\/product"}],"replies":[{"embeddable":true,"href":"https:\/\/cicadamedical.com\/es\/wp-json\/wp\/v2\/comments?post=776"}],"wp:featuredmedia":[{"embeddable":true,"href":"https:\/\/cicadamedical.com\/es\/wp-json\/wp\/v2\/media\/785"}],"wp:attachment":[{"href":"https:\/\/cicadamedical.com\/es\/wp-json\/wp\/v2\/media?parent=776"}],"wp:term":[{"taxonomy":"product_cat","embeddable":true,"href":"https:\/\/cicadamedical.com\/es\/wp-json\/wp\/v2\/product_cat?post=776"},{"taxonomy":"product_tag","embeddable":true,"href":"https:\/\/cicadamedical.com\/es\/wp-json\/wp\/v2\/product_tag?post=776"}],"curies":[{"name":"wp","href":"https:\/\/api.w.org\/{rel}","templated":true}]}}