{"id":786,"date":"2022-08-01T10:01:25","date_gmt":"2022-08-01T02:01:25","guid":{"rendered":"http:\/\/cicadamedical.com\/?post_type=product&#038;p=786"},"modified":"2023-08-02T23:49:56","modified_gmt":"2023-08-02T15:49:56","slug":"dental-plugger-cv-dp-01","status":"publish","type":"product","link":"https:\/\/cicadamedical.com\/es\/producto\/dental-plugger-cv-dp-01\/","title":{"rendered":"Taponador Dental CV-DP 01"},"content":{"rendered":"<p><img loading=\"lazy\" decoding=\"async\" class=\"alignnone size-full wp-image-787\" src=\"http:\/\/cicadamedical.com\/wp-content\/uploads\/2022\/04\/dental_plugger_cv-dp_01_detailed__1.jpg\" alt=\"Patr\u00f3n 3D antideslizante \" width=\"1200\" height=\"500\" srcset=\"https:\/\/cicadamedical.com\/wp-content\/uploads\/2022\/04\/dental_plugger_cv-dp_01_detailed__1.jpg 1200w, https:\/\/cicadamedical.com\/wp-content\/uploads\/2022\/04\/dental_plugger_cv-dp_01_detailed__1-600x250.jpg 600w, https:\/\/cicadamedical.com\/wp-content\/uploads\/2022\/04\/dental_plugger_cv-dp_01_detailed__1-768x320.jpg 768w\" sizes=\"(max-width: 1200px) 100vw, 1200px\" \/> <img loading=\"lazy\" decoding=\"async\" class=\"alignnone size-full wp-image-788\" src=\"http:\/\/cicadamedical.com\/wp-content\/uploads\/2022\/04\/dental-plugger-1.png\" alt=\"Dise\u00f1o unico\" width=\"1200\" height=\"500\" srcset=\"https:\/\/cicadamedical.com\/wp-content\/uploads\/2022\/04\/dental-plugger-1.png 1200w, https:\/\/cicadamedical.com\/wp-content\/uploads\/2022\/04\/dental-plugger-1-600x250.png 600w, https:\/\/cicadamedical.com\/wp-content\/uploads\/2022\/04\/dental-plugger-1-768x320.png 768w\" sizes=\"(max-width: 1200px) 100vw, 1200px\" \/> <img loading=\"lazy\" decoding=\"async\" class=\"alignnone size-full wp-image-789\" src=\"http:\/\/cicadamedical.com\/wp-content\/uploads\/2022\/04\/dental-plugger.png\" alt=\"taponador dental\" width=\"1200\" height=\"500\" srcset=\"https:\/\/cicadamedical.com\/wp-content\/uploads\/2022\/04\/dental-plugger.png 1200w, https:\/\/cicadamedical.com\/wp-content\/uploads\/2022\/04\/dental-plugger-600x250.png 600w, https:\/\/cicadamedical.com\/wp-content\/uploads\/2022\/04\/dental-plugger-768x320.png 768w\" sizes=\"(max-width: 1200px) 100vw, 1200px\" \/> <img loading=\"lazy\" decoding=\"async\" class=\"alignnone size-full wp-image-790\" src=\"http:\/\/cicadamedical.com\/wp-content\/uploads\/2022\/04\/dental_plugger_cv-dp_01_detailed__3.jpg\" alt=\"Durable\" width=\"1200\" height=\"500\" srcset=\"https:\/\/cicadamedical.com\/wp-content\/uploads\/2022\/04\/dental_plugger_cv-dp_01_detailed__3.jpg 1200w, https:\/\/cicadamedical.com\/wp-content\/uploads\/2022\/04\/dental_plugger_cv-dp_01_detailed__3-600x250.jpg 600w, https:\/\/cicadamedical.com\/wp-content\/uploads\/2022\/04\/dental_plugger_cv-dp_01_detailed__3-768x320.jpg 768w\" sizes=\"(max-width: 1200px) 100vw, 1200px\" \/><\/p>\n<p>El Dental Plugger CV-DP 01 es un instrumento dental de vanguardia dise\u00f1ado para transformar la forma en que los profesionales dentales abordan los procedimientos de endodoncia. Centr\u00e1ndose en la innovaci\u00f3n y la calidad, Cicada Medical ha creado esta herramienta para satisfacer las diversas necesidades de la odontolog\u00eda moderna. Exploremos las caracter\u00edsticas y beneficios de este extraordinario producto.<\/p>\n<h3>Caracter\u00edsticas y usos clave<\/h3>\n<h4><strong>Plugger Uso Dental y Aplicaciones Endo<\/strong><\/h4>\n<ul>\n<li><strong>Empaque y Condensaci\u00f3n<\/strong>: El Dental Plugger CV-DP 01 sirve para colocar la gutapercha en el conducto radicular, paso previo a condensar la misma, o reducir su tama\u00f1o de forma que selle total y permanentemente el diente endod\u00f3ntico. <a href=\"https:\/\/cicadamedical.com\/es\/categoria-producto\/endodontic\/\" target=\"_new\" rel=\"noopener\">Explore m\u00e1s sobre los productos de endodoncia dental<\/a>.<\/li>\n<li><strong>Prensado de amalgama<\/strong>: Ideal para presionar amalgama, composite o l\u00e1mina de oro en la cavidad dental.<\/li>\n<li><strong>Dise\u00f1o innovador<\/strong>: El dise\u00f1o de posicionamiento \u00fanico, la escala de rosca ajustable, la formaci\u00f3n integral y el pulido de la superficie garantizan excelentes efectos de esterilizaci\u00f3n.<\/li>\n<li><strong>Durabilidad<\/strong>: La fuerte resistencia a la oxidaci\u00f3n garantiza un rendimiento duradero.<\/li>\n<\/ul>\n<h4><strong>Condensador dental y otras funciones<\/strong><\/h4>\n<ul>\n<li><strong>Versatilidad<\/strong>: Esta herramienta no es s\u00f3lo un enchufador; tambi\u00e9n es condensador, esparcidor y bru\u00f1idor. <a href=\"https:\/\/cicadamedical.com\/es\/categoria-producto\/endodontic\/dental-plugger\/\" target=\"_new\" rel=\"noopener\">Descubra m\u00e1s opciones de Dental Plugger<\/a>.<\/li>\n<li><strong>Tipos de Condensador en Odontolog\u00eda<\/strong>: Adecuado para varios tipos de condensadores en odontolog\u00eda, mejorando su utilidad.<\/li>\n<li><strong>Prevenci\u00f3n<\/strong>: Previene efectivamente el sobrellenado durante el proceso de llenado y el uso de mucha fuerza cuando el di\u00e1metro de la estenosis apical no est\u00e1 bien determinado.<\/li>\n<\/ul>\n<h3>Beneficios y ventajas<\/h3>\n<ul>\n<li><strong>Calidad profesional<\/strong>: Dise\u00f1ado con experiencia, el Dental Plugger CV-DP 01 cumple con los altos est\u00e1ndares de <a href=\"https:\/\/cicadamedical.com\/es\/proveedores-de-equipos-odontologicos\/\" target=\"_new\" rel=\"noopener\">Equipo dental de Cicada Medical<\/a>.<\/li>\n<li><strong>Facilidad de uso<\/strong>: El dise\u00f1o ergon\u00f3mico garantiza comodidad y eficiencia para los profesionales de la odontolog\u00eda.<\/li>\n<li><strong>asequibilidad<\/strong>: La calidad no tiene por qu\u00e9 costar mucho dinero. Cicada Medical ofrece este producto a un precio competitivo sin comprometer la calidad.<\/li>\n<\/ul>\n<h3>Conclusi\u00f3n: imprescindible para los profesionales de la odontolog\u00eda<\/h3>\n<p>El Dental Plugger CV-DP 01 de Cicada Medical es m\u00e1s que un simple instrumento dental; Es una herramienta vers\u00e1til que mejora la eficiencia y eficacia de los procedimientos dentales. Con su dise\u00f1o innovador y m\u00faltiples funcionalidades, es imprescindible para los profesionales dentales que buscan brindar una atenci\u00f3n de primer nivel.<\/p>\n<p>\u00bfInteresado en explorar m\u00e1s productos dentales? Consulte Cicada Medical <a href=\"https:\/\/cicadamedical.com\/es\/categoria-producto\/led-curing-light\/\" target=\"_new\" rel=\"noopener\">Luces LED de curado<\/a>, <a href=\"https:\/\/cicadamedical.com\/es\/instrumental-quirurgico-dental-con-cigarra-medical\/\" target=\"_new\" rel=\"noopener\">Instrumentos Quir\u00fargicos Dentales<\/a>, <a href=\"https:\/\/cicadamedical.com\/es\/categoria-producto\/clinic-micromotors\/\" target=\"_new\" rel=\"noopener\">Cl\u00ednica Micromotores<\/a>, <a href=\"https:\/\/cicadamedical.com\/es\/categoria-producto\/air-turbines\/\" target=\"_new\" rel=\"noopener\">turbinas de aire<\/a>, <a href=\"https:\/\/cicadamedical.com\/es\/lupa-dental\/\" target=\"_new\" rel=\"noopener\">Lupas Dentales<\/a>, <a href=\"https:\/\/cicadamedical.com\/es\/categoria-producto\/pmtc-system\/\" target=\"_new\" rel=\"noopener\">Sistema de PMTC dental<\/a>, y <a href=\"https:\/\/cicadamedical.com\/es\/categoria-producto\/dental-composite-heater\/\" target=\"_new\" rel=\"noopener\">Calentadores de compuestos dentales<\/a>.<\/p>\n<p>\u00a1Uf! Eso es mucha innovaci\u00f3n en una sola herramienta. No te pierdas el Dental Plugger CV-DP 01. <a href=\"https:\/\/cicadamedical.com\/es\/producto\/dental-plugger-cv-dp-01\/\" target=\"_new\" rel=\"noopener\">\u00a1Consigue el tuyo hoy!<\/a><\/p>","protected":false},"excerpt":{"rendered":"<ul>\n<li>Puede prevenir eficazmente el sobrellenado durante el proceso de llenado.<\/li>\n<li>Puede evitar el uso de gran fuerza durante el proceso de llenado cuando el di\u00e1metro de la estenosis apical no se determina bien.<\/li>\n<li>Concepto innovador, dise\u00f1o \u00fanico, dise\u00f1o de posicionamiento y escala de rosca ajustable.<\/li>\n<li>La formaci\u00f3n integral y el pulido de la superficie tienen excelentes efectos de esterilizaci\u00f3n.<\/li>\n<li>Fuerte resistencia a la oxidaci\u00f3n y durabilidad.<\/li>\n<\/ul>","protected":false},"featured_media":795,"comment_status":"open","ping_status":"closed","template":"","meta":[],"product_cat":[29],"product_tag":[],"_links":{"self":[{"href":"https:\/\/cicadamedical.com\/es\/wp-json\/wp\/v3\/product\/786"}],"collection":[{"href":"https:\/\/cicadamedical.com\/es\/wp-json\/wp\/v3\/product"}],"about":[{"href":"https:\/\/cicadamedical.com\/es\/wp-json\/wp\/v2\/types\/product"}],"replies":[{"embeddable":true,"href":"https:\/\/cicadamedical.com\/es\/wp-json\/wp\/v2\/comments?post=786"}],"wp:featuredmedia":[{"embeddable":true,"href":"https:\/\/cicadamedical.com\/es\/wp-json\/wp\/v2\/media\/795"}],"wp:attachment":[{"href":"https:\/\/cicadamedical.com\/es\/wp-json\/wp\/v2\/media?parent=786"}],"wp:term":[{"taxonomy":"product_cat","embeddable":true,"href":"https:\/\/cicadamedical.com\/es\/wp-json\/wp\/v2\/product_cat?post=786"},{"taxonomy":"product_tag","embeddable":true,"href":"https:\/\/cicadamedical.com\/es\/wp-json\/wp\/v2\/product_tag?post=786"}],"curies":[{"name":"wp","href":"https:\/\/api.w.org\/{rel}","templated":true}]}}