{"id":796,"date":"2022-04-27T10:09:04","date_gmt":"2022-04-27T02:09:04","guid":{"rendered":"http:\/\/cicadamedical.com\/?post_type=product&#038;p=796"},"modified":"2023-02-17T15:46:28","modified_gmt":"2023-02-17T07:46:28","slug":"dental-hand-files-holder-cv-fh-01","status":"publish","type":"product","link":"https:\/\/cicadamedical.com\/es\/producto\/porta-limas-dentales-mano-cv-fh-01\/","title":{"rendered":"Porta Limas Manuales Dentales CV-FH 01"},"content":{"rendered":"<p class=\"p\"><strong>C\u00f3mo utilizar:<\/strong><\/p>\n<p>1. Apague el eje giratorio hacia la izquierda.<\/p>\n<p>2. Coloque la lima en el anillo el\u00e1stico y apriete el eje en la posici\u00f3n correcta.<\/p>\n<p>3. Comience a usarlo.<\/p>\n<p>&nbsp;<\/p>\n<p><strong>Par\u00e1metro del producto<\/strong><\/p>\n<table align=\"center\">\n<tbody>\n<tr>\n<td>nombre del producto<\/td>\n<td>Porta Limas Endo<\/td>\n<\/tr>\n<tr>\n<td>Material<\/td>\n<td>Acero inoxidable<\/td>\n<\/tr>\n<tr>\n<td>n\u00famero de art\u00edculo<\/td>\n<td>CV-FH 01<\/td>\n<\/tr>\n<tr>\n<td>Tama\u00f1o<\/td>\n<td>172x14x10.5mm<\/td>\n<\/tr>\n<tr>\n<td>Color<\/td>\n<td>Azul<\/td>\n<\/tr>\n<\/tbody>\n<\/table>\n<p><img loading=\"lazy\" decoding=\"async\" class=\"alignnone size-full wp-image-797\" src=\"http:\/\/cicadamedical.com\/wp-content\/uploads\/2022\/04\/dental_hand_files_holder___cv-fh_detailed_01_1.jpg\" alt=\"Patr\u00f3n 3D antideslizante \" width=\"1200\" height=\"500\" srcset=\"https:\/\/cicadamedical.com\/wp-content\/uploads\/2022\/04\/dental_hand_files_holder___cv-fh_detailed_01_1.jpg 1200w, https:\/\/cicadamedical.com\/wp-content\/uploads\/2022\/04\/dental_hand_files_holder___cv-fh_detailed_01_1-600x250.jpg 600w, https:\/\/cicadamedical.com\/wp-content\/uploads\/2022\/04\/dental_hand_files_holder___cv-fh_detailed_01_1-768x320.jpg 768w\" sizes=\"(max-width: 1200px) 100vw, 1200px\" \/> <img loading=\"lazy\" decoding=\"async\" class=\"alignnone size-full wp-image-798\" src=\"http:\/\/cicadamedical.com\/wp-content\/uploads\/2022\/04\/dental_hand_files_holder___cv-fh_detailed_01_4.png\" alt=\"Conveniente y pr\u00e1ctico\" width=\"1200\" height=\"500\" srcset=\"https:\/\/cicadamedical.com\/wp-content\/uploads\/2022\/04\/dental_hand_files_holder___cv-fh_detailed_01_4.png 1200w, https:\/\/cicadamedical.com\/wp-content\/uploads\/2022\/04\/dental_hand_files_holder___cv-fh_detailed_01_4-600x250.png 600w, https:\/\/cicadamedical.com\/wp-content\/uploads\/2022\/04\/dental_hand_files_holder___cv-fh_detailed_01_4-768x320.png 768w\" sizes=\"(max-width: 1200px) 100vw, 1200px\" \/> <img loading=\"lazy\" decoding=\"async\" class=\"alignnone size-full wp-image-799\" src=\"http:\/\/cicadamedical.com\/wp-content\/uploads\/2022\/04\/dental_hand_files_holder___cv-fh_detailed_01_3.jpg\" alt=\"Estructura simple\" width=\"1200\" height=\"500\" srcset=\"https:\/\/cicadamedical.com\/wp-content\/uploads\/2022\/04\/dental_hand_files_holder___cv-fh_detailed_01_3.jpg 1200w, https:\/\/cicadamedical.com\/wp-content\/uploads\/2022\/04\/dental_hand_files_holder___cv-fh_detailed_01_3-600x250.jpg 600w, https:\/\/cicadamedical.com\/wp-content\/uploads\/2022\/04\/dental_hand_files_holder___cv-fh_detailed_01_3-768x320.jpg 768w\" sizes=\"(max-width: 1200px) 100vw, 1200px\" \/> <img loading=\"lazy\" decoding=\"async\" class=\"alignnone size-full wp-image-800\" src=\"http:\/\/cicadamedical.com\/wp-content\/uploads\/2022\/04\/dental_hand_files_holder___cv-fh_detailed_01_2.png\" alt=\"Porta lima dental de mano\" width=\"1200\" height=\"500\" srcset=\"https:\/\/cicadamedical.com\/wp-content\/uploads\/2022\/04\/dental_hand_files_holder___cv-fh_detailed_01_2.png 1200w, https:\/\/cicadamedical.com\/wp-content\/uploads\/2022\/04\/dental_hand_files_holder___cv-fh_detailed_01_2-600x250.png 600w, https:\/\/cicadamedical.com\/wp-content\/uploads\/2022\/04\/dental_hand_files_holder___cv-fh_detailed_01_2-768x320.png 768w\" sizes=\"(max-width: 1200px) 100vw, 1200px\" \/><\/p>\n<p>El soporte para limas dentales CV-FH 01 de Cicada Medical es una herramienta revolucionaria dise\u00f1ada para hacer que los procedimientos dentales sean m\u00e1s r\u00e1pidos, f\u00e1ciles y c\u00f3modos tanto para los dentistas como para sus pacientes.<\/p>\n<p>Este soporte innovador viene en una variedad de tipos, cada uno con sus propias caracter\u00edsticas y especificaciones \u00fanicas para satisfacer diferentes necesidades dentales. Algunos modelos solo vienen con un soporte, mientras que otros tienen m\u00e1s de uno para que puedan contener archivos de diferentes tama\u00f1os. Se pueden utilizar diferentes materiales, como acero inoxidable o silicona, para que los soportes sean flexibles y duraderos.<\/p>\n<p>Uno de los beneficios clave de utilizar el CV-FH 01 es la capacidad de cambiar archivos f\u00e1cilmente durante un procedimiento. Con su mecanismo de liberaci\u00f3n r\u00e1pida, es f\u00e1cil cambiar las limas, lo que ahorra tiempo y hace que el paciente sienta menos dolor.<\/p>\n<p>El soporte para limas dentales CV-FH 01 tiene numerosas aplicaciones dentales. Se utiliza principalmente para sostener y mover limas de endodoncia durante tratamientos de conducto, pero tambi\u00e9n se puede utilizar para otros procedimientos dentales que requieren limas m\u00f3viles.<\/p>\n<p>El rango de precios del CV-FH 01 var\u00eda seg\u00fan el tipo y n\u00famero de titulares. Los precios suelen oscilar entre $20 y $60, lo que lo convierte en una buena inversi\u00f3n para consultorios dentales de todos los tama\u00f1os.<\/p>\n<p>En cuanto a la diferencia entre el CV-FH 01 y otros soportes para limas manuales dentales del mercado, su dise\u00f1o ergon\u00f3mico y su eficiente mecanismo de cambio de limas lo distinguen de sus competidores. Est\u00e1 hecho para que los dentistas y los pacientes se sientan c\u00f3modos y les haga la vida m\u00e1s f\u00e1cil. Esto lo convierte en una valiosa adici\u00f3n a cualquier consultorio dental.<\/p>\n<p>En general, el soporte para limas dentales CV-FH 01 de Cicada Medical cambia las reglas del juego en el mundo de la odontolog\u00eda, ya que brinda a los dentistas una herramienta confiable, eficiente y c\u00f3moda para mejorar sus procedimientos. Con sus diversos tipos y su precio asequible, el CV-FH 01 es una herramienta esencial para cualquier profesional dental que busque mejorar su pr\u00e1ctica.<\/p>","protected":false},"excerpt":{"rendered":"<ul>\n<li>134 \u2103 esterilizado en autoclave.<\/li>\n<li>Estructura simple.<\/li>\n<li>Operaci\u00f3n flexible.<\/li>\n<li>Conveniente y pr\u00e1ctico.<\/li>\n<li>Utilizado para pacientes con aberturas peque\u00f1as y f\u00e1cil de operar en los dientes posteriores.<\/li>\n<li>Adecuado para limas manuales H\/K\/R\/C.<\/li>\n<\/ul>","protected":false},"featured_media":805,"comment_status":"open","ping_status":"closed","template":"","meta":[],"product_cat":[27],"product_tag":[],"_links":{"self":[{"href":"https:\/\/cicadamedical.com\/es\/wp-json\/wp\/v3\/product\/796"}],"collection":[{"href":"https:\/\/cicadamedical.com\/es\/wp-json\/wp\/v3\/product"}],"about":[{"href":"https:\/\/cicadamedical.com\/es\/wp-json\/wp\/v2\/types\/product"}],"replies":[{"embeddable":true,"href":"https:\/\/cicadamedical.com\/es\/wp-json\/wp\/v2\/comments?post=796"}],"wp:featuredmedia":[{"embeddable":true,"href":"https:\/\/cicadamedical.com\/es\/wp-json\/wp\/v2\/media\/805"}],"wp:attachment":[{"href":"https:\/\/cicadamedical.com\/es\/wp-json\/wp\/v2\/media?parent=796"}],"wp:term":[{"taxonomy":"product_cat","embeddable":true,"href":"https:\/\/cicadamedical.com\/es\/wp-json\/wp\/v2\/product_cat?post=796"},{"taxonomy":"product_tag","embeddable":true,"href":"https:\/\/cicadamedical.com\/es\/wp-json\/wp\/v2\/product_tag?post=796"}],"curies":[{"name":"wp","href":"https:\/\/api.w.org\/{rel}","templated":true}]}}