{"id":806,"date":"2022-04-27T10:26:46","date_gmt":"2022-04-27T02:26:46","guid":{"rendered":"http:\/\/cicadamedical.com\/?post_type=product&#038;p=806"},"modified":"2023-02-17T15:42:44","modified_gmt":"2023-02-17T07:42:44","slug":"apex-locator-rpex-6-mini","status":"publish","type":"product","link":"https:\/\/cicadamedical.com\/es\/producto\/localizador-de-apices-rpex-6-mini\/","title":{"rendered":"Localizador de \u00e1pice dental RPEX 6 MINI"},"content":{"rendered":"<p><strong>Especificaci\u00f3n t\u00e9cnica:<\/strong><\/p>\n<div class=\"table-responsive\">\n<table>\n<tbody>\n<tr>\n<td>Bater\u00eda<\/td>\n<td>3,7 v\/1600 mAh<\/td>\n<\/tr>\n<tr>\n<td>Adaptador<\/td>\n<td>100V-240V 50Hz\/60Hz<\/td>\n<\/tr>\n<tr>\n<td>Potencia de consumo<\/td>\n<td>\u22640,5w<\/td>\n<\/tr>\n<tr>\n<td>Pantalla<\/td>\n<td>65,4\u00d749,7 mm<\/td>\n<\/tr>\n<tr>\n<td>Funci\u00f3n<\/td>\n<td>Detectar la longitud del conducto radicular<\/td>\n<\/tr>\n<tr>\n<td>Alerta de zumbador<\/td>\n<td>El zumbador alertar\u00e1 cuando la lima est\u00e9 a menos de 2 mm cerrada del \u00e1pice<\/td>\n<\/tr>\n<\/tbody>\n<\/table>\n<\/div>\n<p><strong>Condici\u00f3n de operaci\u00f3n<\/strong><\/p>\n<p>Temperatura ambiente: 0~40 \u2103<\/p>\n<p>Humedad relativa: 10-85%RH<\/p>\n<p>Presi\u00f3n atmosf\u00e9rica: 60KPa~106KPa<\/p>\n<p><strong>Accesorios:<\/strong><\/p>\n<p>Unidad principal 1pc<\/p>\n<p>Adaptador de corriente 1pc<\/p>\n<p>Clip de archivo 2 piezas<\/p>\n<p>Alambre de medici\u00f3n 1pc<\/p>\n<p>Gancho de labios 2 piezas<\/p>\n<p>Sonda t\u00e1ctil 2 piezas<\/p>\n<p><img loading=\"lazy\" decoding=\"async\" class=\"alignnone size-full wp-image-810\" src=\"http:\/\/cicadamedical.com\/wp-content\/uploads\/2022\/04\/1228162702.png\" alt=\"Detecci\u00f3n multifrecuencia\" width=\"1200\" height=\"500\" srcset=\"https:\/\/cicadamedical.com\/wp-content\/uploads\/2022\/04\/1228162702.png 1200w, https:\/\/cicadamedical.com\/wp-content\/uploads\/2022\/04\/1228162702-600x250.png 600w, https:\/\/cicadamedical.com\/wp-content\/uploads\/2022\/04\/1228162702-768x320.png 768w\" sizes=\"(max-width: 1200px) 100vw, 1200px\" \/> <img loading=\"lazy\" decoding=\"async\" class=\"alignnone size-full wp-image-809\" src=\"http:\/\/cicadamedical.com\/wp-content\/uploads\/2022\/04\/1228162703.jpg\" alt=\"Visualizaci\u00f3n ajustable\" width=\"1200\" height=\"500\" srcset=\"https:\/\/cicadamedical.com\/wp-content\/uploads\/2022\/04\/1228162703.jpg 1200w, https:\/\/cicadamedical.com\/wp-content\/uploads\/2022\/04\/1228162703-600x250.jpg 600w, https:\/\/cicadamedical.com\/wp-content\/uploads\/2022\/04\/1228162703-768x320.jpg 768w\" sizes=\"(max-width: 1200px) 100vw, 1200px\" \/> <img loading=\"lazy\" decoding=\"async\" class=\"alignnone size-full wp-image-808\" src=\"http:\/\/cicadamedical.com\/wp-content\/uploads\/2022\/04\/1228162704.jpg\" alt=\"Detecci\u00f3n multifrecuencia\" width=\"1200\" height=\"500\" srcset=\"https:\/\/cicadamedical.com\/wp-content\/uploads\/2022\/04\/1228162704.jpg 1200w, https:\/\/cicadamedical.com\/wp-content\/uploads\/2022\/04\/1228162704-600x250.jpg 600w, https:\/\/cicadamedical.com\/wp-content\/uploads\/2022\/04\/1228162704-768x320.jpg 768w\" sizes=\"(max-width: 1200px) 100vw, 1200px\" \/> <img loading=\"lazy\" decoding=\"async\" class=\"alignnone size-full wp-image-807\" src=\"http:\/\/cicadamedical.com\/wp-content\/uploads\/2022\/04\/1228162701.png\" alt=\"pantalla a color\" width=\"1200\" height=\"500\" srcset=\"https:\/\/cicadamedical.com\/wp-content\/uploads\/2022\/04\/1228162701.png 1200w, https:\/\/cicadamedical.com\/wp-content\/uploads\/2022\/04\/1228162701-600x250.png 600w, https:\/\/cicadamedical.com\/wp-content\/uploads\/2022\/04\/1228162701-768x320.png 768w\" sizes=\"(max-width: 1200px) 100vw, 1200px\" \/><\/p>\n<h2>Localizadores de \u00e1pice m\u00e9dicos Cicada: una gu\u00eda completa<\/h2>\n<p>Los dentistas usan localizadores de \u00e1pices para encontrar exactamente d\u00f3nde est\u00e1 el agujero apical. El nervio y los vasos sangu\u00edneos entran en la ra\u00edz de un diente a trav\u00e9s de un orificio llamado agujero apical. La localizaci\u00f3n precisa de esta abertura es crucial para evitar perforaciones y otras complicaciones durante el tratamiento de endodoncia.<\/p>\n<p>\u00bfEst\u00e1 buscando una herramienta que le ayude a encontrar el \u00e1pice de un diente al realizar una endodoncia? No busque m\u00e1s, el localizador de \u00e1pice dental Cicada Medical RPEX 6 MINI. Esta herramienta es imprescindible para cualquier dentista porque le brinda precisi\u00f3n y control incluso durante los procedimientos m\u00e1s complicados.<\/p>\n<p>Entonces, \u00bfqu\u00e9 es exactamente el localizador de \u00e1pice dental Cicada Medical RPEX 6 MINI? Este dispositivo se utiliza para ubicar el v\u00e9rtice de un diente durante un procedimiento de endodoncia. Es un dispositivo peque\u00f1o, liviano y f\u00e1cil de usar que brinda lecturas precisas.<\/p>\n<p>Uno de los principales beneficios del localizador de \u00e1pice dental Cicada Medical RPEX 6 MINI es su precisi\u00f3n. Este dispositivo utiliza tecnolog\u00eda de punta para brindar a los dentistas mediciones precisas del \u00e1pice del diente. Esto les permite realizar procedimientos de conducto radicular con mayor precisi\u00f3n y control.<\/p>\n<p>El localizador de \u00e1pice dental Cicada Medical RPEX 6 MINI es adecuado para una amplia gama de procedimientos de endodoncia, incluidos los procedimientos que requieren la eliminaci\u00f3n de tejido blando o duro, as\u00ed como los procedimientos que requieren la eliminaci\u00f3n de obstrucciones dentro del canal dental.<\/p>\n<p>El dispositivo est\u00e1 disponible en diferentes tipos, incluidas las opciones con cable e inal\u00e1mbricas. La opci\u00f3n con cable requiere un cable para conectar el dispositivo a la pieza de mano, mientras que la opci\u00f3n inal\u00e1mbrica utiliza la tecnolog\u00eda Bluetooth para conectar el dispositivo a la pieza de mano sin necesidad de un cable.<\/p>\n<p>El localizador de \u00e1pice dental Cicada Medical RPEX 6 MINI tiene un precio competitivo, lo que lo convierte en una buena opci\u00f3n para los dentistas que desean actualizar sus instrumentos de endodoncia pero no quieren gastar mucho. Los precios pueden variar seg\u00fan el tipo de dispositivo y la cantidad comprada.<\/p>\n<p>El localizador de \u00e1pice dental Cicada Medical RPEX 6 MINI es un dispositivo compacto, preciso y asequible que es esencial para cualquier dentista que realice procedimientos de conducto radicular. Con su tecnolog\u00eda avanzada y varios tipos, los dentistas pueden lograr resultados precisos con facilidad.<\/p>\n<p>Cicada Medical es una de las principales empresas que fabrica localizadores de \u00e1pices. Dispone de una amplia gama de productos para satisfacer las necesidades de los diferentes odont\u00f3logos. En este art\u00edculo, analizaremos m\u00e1s de cerca los diferentes tipos de localizadores de \u00e1pices de Cicada Medical y sus caracter\u00edsticas, beneficios y aplicaciones.<\/p>\n<h3>Tipos de localizadores de \u00e1pices m\u00e9dicos Cicada<\/h3>\n<ol>\n<li>Cicada Medical Apex Locator Mini: Este es un localizador de \u00e1pice compacto y port\u00e1til que se puede llevar f\u00e1cilmente en el bolsillo de un profesional dental. El mini localizador es perfecto para quienes prefieren un dispositivo m\u00e1s peque\u00f1o y conveniente.<\/li>\n<li>Cicada Medical RPEX 6 Apex Locator: El RPEX 6 es un localizador de \u00e1pices de alta precisi\u00f3n que cuenta con tecnolog\u00eda avanzada para obtener resultados precisos y confiables. Este dispositivo es ideal para su uso en consultorios y cl\u00ednicas dentales m\u00e1s grandes.<\/li>\n<\/ol>\n<p>Beneficios de usar los localizadores de \u00e1pices m\u00e9dicos Cicada<\/p>\n<ol>\n<li><strong>Precisi\u00f3n mejorada<\/strong>: Con su tecnolog\u00eda avanzada, los localizadores de \u00e1pices de Cicada Medical brindan resultados precisos y ayudan a prevenir perforaciones y otras complicaciones durante el tratamiento de endodoncia.<\/li>\n<li><strong>Eficiencia incrementada<\/strong>: Al ubicar con rapidez y precisi\u00f3n el foramen apical, los dentistas pueden ahorrar tiempo y aumentar la eficiencia durante los procedimientos de endodoncia.<\/li>\n<li><strong>Comodidad del paciente mejorada<\/strong>: Al evitar perforaciones y otras complicaciones, los pacientes pueden experimentar un tratamiento de endodoncia m\u00e1s c\u00f3modo y exitoso.<\/li>\n<\/ol>\n<h3>Aplicaciones de los localizadores de \u00e1pices m\u00e9dicos Cicada<\/h3>\n<ol>\n<li><strong>Tratamiento de endodoncia<\/strong>: Los localizadores de \u00e1pices se utilizan com\u00fanmente en el tratamiento de endodoncia para ubicar con precisi\u00f3n el agujero apical y prevenir complicaciones.<\/li>\n<li><strong>Colocaci\u00f3n de implantes dentales<\/strong>: Los localizadores de \u00e1pice tambi\u00e9n se pueden utilizar para determinar la ubicaci\u00f3n precisa del agujero apical durante la colocaci\u00f3n del implante dental.<\/li>\n<\/ol>\n<h3>Rango de precios<\/h3>\n<p>Los localizadores de \u00e1pice de Cicada Medical est\u00e1n disponibles para la venta a un precio de $500 a $1500, seg\u00fan el modelo y las caracter\u00edsticas.<\/p>\n<p>En conclusi\u00f3n, <a href=\"https:\/\/cicadamedical.com\/es\/categoria-producto\/endodontic\/apex-locator\/\">Localizadores de \u00e1pices Cicada Medical<\/a> son herramientas avanzadas, precisas y confiables que pueden mejorar la eficiencia y el \u00e9xito del tratamiento de endodoncia y la colocaci\u00f3n de implantes dentales. Ya sea que prefiera un dispositivo compacto y port\u00e1til o un localizador de alta precisi\u00f3n, Cicada Medical tiene un producto que se adapta a sus necesidades.<\/p>","protected":false},"excerpt":{"rendered":"<ul>\n<li>Usando la nueva tecnolog\u00eda profesional para dise\u00f1ar.<\/li>\n<li>Adoptando los chips de EE. UU. para garantizar su rendimiento estable.<\/li>\n<li>\u00c1ngulo de visi\u00f3n ajustable y calibraci\u00f3n inteligente.<\/li>\n<li>La detecci\u00f3n multifrecuencia hace que sea una buena reacci\u00f3n y m\u00e1s precisa.<\/li>\n<li>Pantalla a color, cuerpo delgado, elegante y f\u00e1cil de operar.<\/li>\n<li>Chip de alta calidad fabricado en Estados Unidos, la medici\u00f3n digital garantiza la precisi\u00f3n.<\/li>\n<li>Multicolor, pantalla, botones t\u00e1ctiles inductivos.<\/li>\n<\/ul>","protected":false},"featured_media":815,"comment_status":"open","ping_status":"closed","template":"","meta":[],"product_cat":[26],"product_tag":[],"_links":{"self":[{"href":"https:\/\/cicadamedical.com\/es\/wp-json\/wp\/v3\/product\/806"}],"collection":[{"href":"https:\/\/cicadamedical.com\/es\/wp-json\/wp\/v3\/product"}],"about":[{"href":"https:\/\/cicadamedical.com\/es\/wp-json\/wp\/v2\/types\/product"}],"replies":[{"embeddable":true,"href":"https:\/\/cicadamedical.com\/es\/wp-json\/wp\/v2\/comments?post=806"}],"wp:featuredmedia":[{"embeddable":true,"href":"https:\/\/cicadamedical.com\/es\/wp-json\/wp\/v2\/media\/815"}],"wp:attachment":[{"href":"https:\/\/cicadamedical.com\/es\/wp-json\/wp\/v2\/media?parent=806"}],"wp:term":[{"taxonomy":"product_cat","embeddable":true,"href":"https:\/\/cicadamedical.com\/es\/wp-json\/wp\/v2\/product_cat?post=806"},{"taxonomy":"product_tag","embeddable":true,"href":"https:\/\/cicadamedical.com\/es\/wp-json\/wp\/v2\/product_tag?post=806"}],"curies":[{"name":"wp","href":"https:\/\/api.w.org\/{rel}","templated":true}]}}