{"id":816,"date":"2022-04-27T10:35:23","date_gmt":"2022-04-27T02:35:23","guid":{"rendered":"http:\/\/cicadamedical.com\/?post_type=product&#038;p=816"},"modified":"2023-02-17T15:41:38","modified_gmt":"2023-02-17T07:41:38","slug":"endo-file-dt-en-g4","status":"publish","type":"product","link":"https:\/\/cicadamedical.com\/es\/producto\/endo-archivo-dt-en-g4\/","title":{"rendered":"Lima Dental Endo DT-EN G4"},"content":{"rendered":"<div class=\"table-responsive\">\n<table align=\"center\">\n<tbody>\n<tr>\n<td>Afilar<\/td>\n<td>0.04<\/td>\n<td>0.04<\/td>\n<td>0.04<\/td>\n<td>0.06<\/td>\n<\/tr>\n<tr>\n<td>Tama\u00f1o<\/td>\n<td>#20<\/td>\n<td>#25<\/td>\n<td>#35<\/td>\n<td>#25<\/td>\n<\/tr>\n<tr>\n<td>Velocidad<\/td>\n<td colspan=\"4\">Velocidad de rotaci\u00f3n: 300 RPM<\/td>\n<\/tr>\n<tr>\n<td>Esfuerzo de torsi\u00f3n<\/td>\n<td colspan=\"4\">1,8 N.cm<\/td>\n<\/tr>\n<tr>\n<td>Longitud<\/td>\n<td colspan=\"4\">21\/25\/31 mm<\/td>\n<\/tr>\n<\/tbody>\n<\/table>\n<\/div>\n<p>&nbsp;<\/p>\n<p>Marca: CIGARRA<\/p>\n<p>Nombre: Recipro Files<\/p>\n<p>Modelo: DT-EB G4<\/p>\n<p>Tama\u00f1o: 0420\/0425\/0435\/0625<\/p>\n<p>Longitud: 21 mm\/25 mm\/31 mm<\/p>\n<p>Color: Amarillo\/Rojo\/Verde<\/p>\n<p><img loading=\"lazy\" decoding=\"async\" class=\"alignnone size-full wp-image-817\" src=\"http:\/\/cicadamedical.com\/wp-content\/uploads\/2022\/04\/endo_file_dt-en_g4_detailed__1.jpg\" alt=\"Secci\u00f3n transversal triangular y punta gu\u00eda segura\" width=\"1200\" height=\"500\" srcset=\"https:\/\/cicadamedical.com\/wp-content\/uploads\/2022\/04\/endo_file_dt-en_g4_detailed__1.jpg 1200w, https:\/\/cicadamedical.com\/wp-content\/uploads\/2022\/04\/endo_file_dt-en_g4_detailed__1-600x250.jpg 600w, https:\/\/cicadamedical.com\/wp-content\/uploads\/2022\/04\/endo_file_dt-en_g4_detailed__1-768x320.jpg 768w\" sizes=\"(max-width: 1200px) 100vw, 1200px\" \/> <img loading=\"lazy\" decoding=\"async\" class=\"alignnone size-full wp-image-818\" src=\"http:\/\/cicadamedical.com\/wp-content\/uploads\/2022\/04\/endo_file_dt-en_g4_detailed__4.png\" alt=\"Mejor\u00f3 la resistencia a la fractura.\" width=\"1200\" height=\"500\" srcset=\"https:\/\/cicadamedical.com\/wp-content\/uploads\/2022\/04\/endo_file_dt-en_g4_detailed__4.png 1200w, https:\/\/cicadamedical.com\/wp-content\/uploads\/2022\/04\/endo_file_dt-en_g4_detailed__4-600x250.png 600w, https:\/\/cicadamedical.com\/wp-content\/uploads\/2022\/04\/endo_file_dt-en_g4_detailed__4-768x320.png 768w\" sizes=\"(max-width: 1200px) 100vw, 1200px\" \/> <img loading=\"lazy\" decoding=\"async\" class=\"alignnone size-full wp-image-819\" src=\"http:\/\/cicadamedical.com\/wp-content\/uploads\/2022\/04\/endo_file_dt-en_g4_detailed__3.jpg\" alt=\"La forma del archivo est\u00e1 completa.\" width=\"1200\" height=\"500\" srcset=\"https:\/\/cicadamedical.com\/wp-content\/uploads\/2022\/04\/endo_file_dt-en_g4_detailed__3.jpg 1200w, https:\/\/cicadamedical.com\/wp-content\/uploads\/2022\/04\/endo_file_dt-en_g4_detailed__3-600x250.jpg 600w, https:\/\/cicadamedical.com\/wp-content\/uploads\/2022\/04\/endo_file_dt-en_g4_detailed__3-768x320.jpg 768w\" sizes=\"(max-width: 1200px) 100vw, 1200px\" \/> <img loading=\"lazy\" decoding=\"async\" class=\"alignnone size-full wp-image-820\" src=\"http:\/\/cicadamedical.com\/wp-content\/uploads\/2022\/04\/endo_file_dt-en_g4_detailed__2.png\" alt=\"Hecho de aleaci\u00f3n NiTi de alta calidad\" width=\"1200\" height=\"500\" srcset=\"https:\/\/cicadamedical.com\/wp-content\/uploads\/2022\/04\/endo_file_dt-en_g4_detailed__2.png 1200w, https:\/\/cicadamedical.com\/wp-content\/uploads\/2022\/04\/endo_file_dt-en_g4_detailed__2-600x250.png 600w, https:\/\/cicadamedical.com\/wp-content\/uploads\/2022\/04\/endo_file_dt-en_g4_detailed__2-768x320.png 768w\" sizes=\"(max-width: 1200px) 100vw, 1200px\" \/><\/p>\n<p>Si est\u00e1 buscando una lima endod\u00f3ntica de alta calidad que pueda ayudarlo a realizar procedimientos de conducto radicular con precisi\u00f3n y facilidad, la lima endod\u00f3ntica dental Cicada Medical DT-EN G4 es una excelente opci\u00f3n. Esta herramienta es imprescindible para cualquier dentista porque le brinda control y precisi\u00f3n incluso durante los procedimientos m\u00e1s dif\u00edciles.<\/p>\n<p>Entonces, \u00bfqu\u00e9 es la lima endod\u00f3ntica dental DT-EN G4 de Cicada Medical? Durante un procedimiento de conducto radicular, esta lima rotatoria manual se utiliza con una pieza de mano dental para eliminar el tejido da\u00f1ado o infectado del interior del diente del paciente.<\/p>\n<p>La versatilidad de Cicada Medical DT-EN G4 Dental Endo File es una de las mejores cosas que tiene. Este instrumento de endodoncia est\u00e1 disponible en varios tipos diferentes, lo que permite a los dentistas elegir la lima adecuada para el trabajo. Los diferentes tipos de limas incluyen est\u00e1ndar, c\u00f3nicas y codificadas por colores, cada una de las cuales est\u00e1 dise\u00f1ada para un tipo espec\u00edfico de procedimiento de conducto radicular.<\/p>\n<p>La diferencia entre las limas endod\u00f3nticas dentales Cicada Medical DT-EN G4 est\u00e1ndar, c\u00f3nicas y codificadas por colores radica en su forma y tama\u00f1o. La lima est\u00e1ndar tiene una forma recta, mientras que la lima c\u00f3nica tiene una forma c\u00f3nica que se ensancha gradualmente a medida que avanza hacia la punta. Las limas codificadas por colores tienen un color espec\u00edfico que corresponde a su conicidad y tama\u00f1o.<\/p>\n<p>La lima dental Endo DT-EN G4 de Cicada Medical es adecuada para una amplia gama de procedimientos de endodoncia, incluidos aquellos que requieren la eliminaci\u00f3n de tejido blando o duro, as\u00ed como procedimientos que requieren la eliminaci\u00f3n de obstrucciones dentro del canal dental.<\/p>\n<p>La lima endod\u00f3ntica dental Cicada Medical DT-EN G4 tiene un precio competitivo, lo que la convierte en una buena opci\u00f3n para los dentistas que desean actualizar sus instrumentos de endodoncia pero no quieren gastar mucho. Los precios pueden variar seg\u00fan el tipo de archivo y la cantidad comprada.<\/p>\n<p>En resumen, la lima dental Endo DT-EN G4 de Cicada Medical es una herramienta de endodoncia que se puede utilizar para una amplia gama de procedimientos de conducto radicular. Es vers\u00e1til, fiable y barato. Los dentistas pueden obtener f\u00e1cilmente resultados precisos eligiendo la lima correcta para el trabajo y us\u00e1ndola de la manera correcta.<\/p>","protected":false},"excerpt":{"rendered":"<ul>\n<li>Modo de conicidad m\u00faltiple.<\/li>\n<li>Mayor capacidad de eliminaci\u00f3n de desechos.<\/li>\n<li>M\u00e1s flexible que las limas de endodoncia convencionales.<\/li>\n<li>Marque con el color ISO del tama\u00f1o de la punta del instrumento para una f\u00e1cil identificaci\u00f3n.<\/li>\n<li>Punta no cortante Reduce la posibilidad de que se formen salientes.<\/li>\n<li>Tiene un mango corto de 11 mm de longitud que permite un mejor acceso al conducto radicular.<\/li>\n<\/ul>","protected":false},"featured_media":825,"comment_status":"open","ping_status":"closed","template":"","meta":[],"product_cat":[25],"product_tag":[],"_links":{"self":[{"href":"https:\/\/cicadamedical.com\/es\/wp-json\/wp\/v3\/product\/816"}],"collection":[{"href":"https:\/\/cicadamedical.com\/es\/wp-json\/wp\/v3\/product"}],"about":[{"href":"https:\/\/cicadamedical.com\/es\/wp-json\/wp\/v2\/types\/product"}],"replies":[{"embeddable":true,"href":"https:\/\/cicadamedical.com\/es\/wp-json\/wp\/v2\/comments?post=816"}],"wp:featuredmedia":[{"embeddable":true,"href":"https:\/\/cicadamedical.com\/es\/wp-json\/wp\/v2\/media\/825"}],"wp:attachment":[{"href":"https:\/\/cicadamedical.com\/es\/wp-json\/wp\/v2\/media?parent=816"}],"wp:term":[{"taxonomy":"product_cat","embeddable":true,"href":"https:\/\/cicadamedical.com\/es\/wp-json\/wp\/v2\/product_cat?post=816"},{"taxonomy":"product_tag","embeddable":true,"href":"https:\/\/cicadamedical.com\/es\/wp-json\/wp\/v2\/product_tag?post=816"}],"curies":[{"name":"wp","href":"https:\/\/api.w.org\/{rel}","templated":true}]}}