{"id":826,"date":"2022-04-27T10:41:03","date_gmt":"2022-04-27T02:41:03","guid":{"rendered":"http:\/\/cicadamedical.com\/?post_type=product&#038;p=826"},"modified":"2023-02-17T15:38:13","modified_gmt":"2023-02-17T07:38:13","slug":"endo-file-dt-en-r6","status":"publish","type":"product","link":"https:\/\/cicadamedical.com\/es\/producto\/endo-archivo-dt-en-r6\/","title":{"rendered":"Lima Dental Endo DT-EN R6"},"content":{"rendered":"<div class=\"table-responsive\">\n<table class=\"Table\" align=\"center\">\n<tbody>\n<tr>\n<td>Afilar<\/td>\n<td>0.10<\/td>\n<td>0.03<\/td>\n<td>0.04<\/td>\n<td>0.04<\/td>\n<td>0.06<\/td>\n<td>0.04<\/td>\n<\/tr>\n<tr>\n<td>Tama\u00f1o<\/td>\n<td>#20<\/td>\n<td>#18<\/td>\n<td>#20<\/td>\n<td>#25<\/td>\n<td>#25<\/td>\n<td>#35<\/td>\n<\/tr>\n<tr>\n<td>Velocidad<\/td>\n<td colspan=\"6\">Velocidad de rotaci\u00f3n: 200-350 RPM<\/td>\n<\/tr>\n<tr>\n<td>Esfuerzo de torsi\u00f3n<\/td>\n<td colspan=\"6\">1,0-3,0 N.cm<\/td>\n<\/tr>\n<tr>\n<td>Longitud<\/td>\n<td colspan=\"6\">21\/25\/31 mm<\/td>\n<\/tr>\n<\/tbody>\n<\/table>\n<\/div>\n<p>&nbsp;<\/p>\n<p><strong>M\u00e9todo de operaci\u00f3n:<\/strong><br \/>\n1. Corona abierta convencional, busque y drague el conducto radicular con una lima #10 o #15 K.<br \/>\n2. Abra la secci\u00f3n superior del conducto radicular con un SX (10\/20) y establezca un canal vertical.<br \/>\n3. Busque y explore el conducto radicular con una lima manual de frustraci\u00f3n de acero inoxidable #10 o #15 K, y rasgue hasta la longitud del conducto radicular.<br \/>\n4. Utilice la lima de dragado S1 (03\/18) para alisar el conducto radicular hasta la longitud de trabajo.<br \/>\n5. Usando los archivos de trabajo S2(04\/20), F1(04\/25), F2(06\/25) y F3(04\/35) se logra la longitud del trabajo.<br \/>\n6. Precauci\u00f3n: irrigar abundante y frecuentemente el conducto radicular durante el procedimiento de modelado, se recomienda lubricar como Naclo y EDTA.<\/p>\n<p><img loading=\"lazy\" decoding=\"async\" class=\"alignnone size-full wp-image-827\" src=\"http:\/\/cicadamedical.com\/wp-content\/uploads\/2022\/04\/endo_file_dt-en_r6_detailed__1.jpg\" alt=\"Secci\u00f3n transversal triangular y punta gu\u00eda segura\" width=\"1200\" height=\"500\" srcset=\"https:\/\/cicadamedical.com\/wp-content\/uploads\/2022\/04\/endo_file_dt-en_r6_detailed__1.jpg 1200w, https:\/\/cicadamedical.com\/wp-content\/uploads\/2022\/04\/endo_file_dt-en_r6_detailed__1-600x250.jpg 600w, https:\/\/cicadamedical.com\/wp-content\/uploads\/2022\/04\/endo_file_dt-en_r6_detailed__1-768x320.jpg 768w\" sizes=\"(max-width: 1200px) 100vw, 1200px\" \/> <img loading=\"lazy\" decoding=\"async\" class=\"alignnone size-full wp-image-828\" src=\"http:\/\/cicadamedical.com\/wp-content\/uploads\/2022\/04\/endo_file_dt-en_r6_detailed__2.png\" alt=\"Hecho de aleaci\u00f3n NiTi de alta calidad\" width=\"1200\" height=\"500\" srcset=\"https:\/\/cicadamedical.com\/wp-content\/uploads\/2022\/04\/endo_file_dt-en_r6_detailed__2.png 1200w, https:\/\/cicadamedical.com\/wp-content\/uploads\/2022\/04\/endo_file_dt-en_r6_detailed__2-600x250.png 600w, https:\/\/cicadamedical.com\/wp-content\/uploads\/2022\/04\/endo_file_dt-en_r6_detailed__2-768x320.png 768w\" sizes=\"(max-width: 1200px) 100vw, 1200px\" \/> <img loading=\"lazy\" decoding=\"async\" class=\"alignnone size-full wp-image-829\" src=\"http:\/\/cicadamedical.com\/wp-content\/uploads\/2022\/04\/endo_file_dt-en_r6_detailed__4.png\" alt=\"Mejor\u00f3 la resistencia a la fractura.\" width=\"1200\" height=\"500\" srcset=\"https:\/\/cicadamedical.com\/wp-content\/uploads\/2022\/04\/endo_file_dt-en_r6_detailed__4.png 1200w, https:\/\/cicadamedical.com\/wp-content\/uploads\/2022\/04\/endo_file_dt-en_r6_detailed__4-600x250.png 600w, https:\/\/cicadamedical.com\/wp-content\/uploads\/2022\/04\/endo_file_dt-en_r6_detailed__4-768x320.png 768w\" sizes=\"(max-width: 1200px) 100vw, 1200px\" \/> <img loading=\"lazy\" decoding=\"async\" class=\"alignnone size-full wp-image-830\" src=\"http:\/\/cicadamedical.com\/wp-content\/uploads\/2022\/04\/endo_file_dt-en_r6_detailed__3.jpg\" alt=\"La forma del archivo est\u00e1 completa.\" width=\"1200\" height=\"500\" srcset=\"https:\/\/cicadamedical.com\/wp-content\/uploads\/2022\/04\/endo_file_dt-en_r6_detailed__3.jpg 1200w, https:\/\/cicadamedical.com\/wp-content\/uploads\/2022\/04\/endo_file_dt-en_r6_detailed__3-600x250.jpg 600w, https:\/\/cicadamedical.com\/wp-content\/uploads\/2022\/04\/endo_file_dt-en_r6_detailed__3-768x320.jpg 768w\" sizes=\"(max-width: 1200px) 100vw, 1200px\" \/><\/p>\n<p>\u00bfBusca una lima de endodoncia confiable que pueda ayudar a que sus procedimientos de conducto radicular sean m\u00e1s f\u00e1ciles y eficientes? No busque m\u00e1s, la lima endod\u00f3ntica dental DT-EN R6 de Cicada Medical. Esta herramienta es imprescindible para cualquier dentista porque le brinda precisi\u00f3n y control incluso durante los procedimientos m\u00e1s dif\u00edciles.<\/p>\n<p>Entonces, \u00bfqu\u00e9 es exactamente la lima endod\u00f3ntica dental DT-EN R6 de Cicada Medical? Esta lima rotatoria de mano est\u00e1 dise\u00f1ada para usarse con una pieza de mano dental y se usa para eliminar tejido da\u00f1ado o infectado del interior del diente de un paciente durante un procedimiento de conducto radicular.<\/p>\n<p>Una de las mejores cosas de Cicada Medical DT-EN R6 Dental Endo File es que se puede usar para muchas cosas diferentes. Este instrumento de endodoncia est\u00e1 disponible en varios tipos diferentes, lo que permite a los dentistas elegir la lima adecuada para el trabajo. Los diferentes tipos de limas incluyen est\u00e1ndar, c\u00f3nicas y codificadas por colores, cada una de las cuales est\u00e1 dise\u00f1ada para un tipo espec\u00edfico de procedimiento de conducto radicular.<\/p>\n<p>La diferencia entre las limas endod\u00f3nticas dentales Cicada Medical DT-EN R6 est\u00e1ndar, c\u00f3nicas y codificadas por colores radica en su forma y tama\u00f1o. La lima est\u00e1ndar tiene una forma recta, mientras que la lima c\u00f3nica tiene una forma c\u00f3nica que se ensancha gradualmente a medida que avanza hacia la punta. Las limas codificadas por colores tienen un color espec\u00edfico que corresponde a su conicidad y tama\u00f1o.<\/p>\n<p>La lima dental Endo DT-EN R6 de Cicada Medical es adecuada para una amplia gama de procedimientos de endodoncia, incluidos los procedimientos que requieren la eliminaci\u00f3n de tejido blando o duro, as\u00ed como los procedimientos que requieren la eliminaci\u00f3n de obstrucciones dentro del canal dental.<\/p>\n<p>En cuanto al rango de precios de venta, la lima dental endod\u00f3ntica DT-EN R6 de Cicada Medical tiene un precio competitivo, lo que la convierte en una opci\u00f3n asequible para los dentistas que buscan actualizar sus instrumentos de endodoncia. Los precios pueden variar seg\u00fan el tipo de archivo y la cantidad comprada.<\/p>\n<p>En resumen, la lima dental Endo DT-EN R6 de Cicada Medical es una herramienta de endodoncia que se puede utilizar para una amplia gama de procedimientos de endodoncia. Es vers\u00e1til, fiable y barato. Los dentistas pueden obtener f\u00e1cilmente resultados precisos eligiendo la lima correcta para el trabajo y us\u00e1ndola de la manera correcta.<\/p>","protected":false},"excerpt":{"rendered":"<ul>\n<li>Fabricado en aleaci\u00f3n NiTi de alta calidad.<\/li>\n<li>Rendimiento flexible despu\u00e9s del proceso especial de tratamiento t\u00e9rmico.<\/li>\n<li>Secci\u00f3n transversal triangular y punta de gu\u00eda segura.<\/li>\n<li>Mejora de la resistencia a la fractura.<\/li>\n<li>Extremadamente fuerte, flexible y duradero.<\/li>\n<li>La alta eficiencia de corte tambi\u00e9n ahorra tiempo de forma.<\/li>\n<\/ul>","protected":false},"featured_media":834,"comment_status":"open","ping_status":"closed","template":"","meta":[],"product_cat":[25],"product_tag":[],"_links":{"self":[{"href":"https:\/\/cicadamedical.com\/es\/wp-json\/wp\/v3\/product\/826"}],"collection":[{"href":"https:\/\/cicadamedical.com\/es\/wp-json\/wp\/v3\/product"}],"about":[{"href":"https:\/\/cicadamedical.com\/es\/wp-json\/wp\/v2\/types\/product"}],"replies":[{"embeddable":true,"href":"https:\/\/cicadamedical.com\/es\/wp-json\/wp\/v2\/comments?post=826"}],"wp:featuredmedia":[{"embeddable":true,"href":"https:\/\/cicadamedical.com\/es\/wp-json\/wp\/v2\/media\/834"}],"wp:attachment":[{"href":"https:\/\/cicadamedical.com\/es\/wp-json\/wp\/v2\/media?parent=826"}],"wp:term":[{"taxonomy":"product_cat","embeddable":true,"href":"https:\/\/cicadamedical.com\/es\/wp-json\/wp\/v2\/product_cat?post=826"},{"taxonomy":"product_tag","embeddable":true,"href":"https:\/\/cicadamedical.com\/es\/wp-json\/wp\/v2\/product_tag?post=826"}],"curies":[{"name":"wp","href":"https:\/\/api.w.org\/{rel}","templated":true}]}}