{"id":839,"date":"2022-04-27T10:47:37","date_gmt":"2022-04-27T02:47:37","guid":{"rendered":"http:\/\/cicadamedical.com\/?post_type=product&#038;p=839"},"modified":"2023-02-17T15:39:35","modified_gmt":"2023-02-17T07:39:35","slug":"endo-file-dt-en-s6","status":"publish","type":"product","link":"https:\/\/cicadamedical.com\/es\/producto\/endo-archivo-dt-en-s6\/","title":{"rendered":"Lima Dental Endo DT-EN S6"},"content":{"rendered":"<div class=\"table-responsive\">\n<table class=\"Table\" align=\"center\">\n<tbody>\n<tr>\n<td>Afilar<\/td>\n<td>0.10<\/td>\n<td>0.03<\/td>\n<td>0.04<\/td>\n<td>0.06<\/td>\n<td>0.06<\/td>\n<td>0.06<\/td>\n<\/tr>\n<tr>\n<td>Tama\u00f1o<\/td>\n<td>#20<\/td>\n<td>#18<\/td>\n<td>#20<\/td>\n<td>#20<\/td>\n<td>#25<\/td>\n<td>#30<\/td>\n<\/tr>\n<tr>\n<td>Velocidad<\/td>\n<td colspan=\"6\">Velocidad de rotaci\u00f3n: 200-350 RPM<\/td>\n<\/tr>\n<tr>\n<td>Esfuerzo de torsi\u00f3n<\/td>\n<td colspan=\"6\">1,0-3,0 N.cm<\/td>\n<\/tr>\n<tr>\n<td>Longitud<\/td>\n<td colspan=\"6\">21\/25\/31 mm<\/td>\n<\/tr>\n<\/tbody>\n<\/table>\n<\/div>\n<p>&nbsp;<\/p>\n<p><strong>M\u00e9todo de operaci\u00f3n:<\/strong><br \/>\n1. Corona abierta convencional, busque y drague el conducto radicular con una lima #10 o #15 K.<br \/>\n2. Abra la secci\u00f3n superior del conducto radicular con un SX (10\/20) y establezca un canal vertical.<br \/>\n3. Busque y explore el conducto radicular con una lima manual de frustraci\u00f3n de acero inoxidable #10 o #15 K, y rasgue hasta la longitud del conducto radicular.<br \/>\n4. Utilice la lima de dragado S1 (03\/18) para alisar el conducto radicular hasta la longitud de trabajo.<br \/>\n5. Usando los archivos de trabajo S2(04\/20), F1(06\/20), F2(06\/25) y F3(06\/30) se logra la longitud del trabajo.<br \/>\n6. Precauci\u00f3n: irrigar abundante y frecuentemente el conducto radicular durante el procedimiento de modelado, se recomienda lubricar como Naclo y EDTA.<\/p>\n<p><img loading=\"lazy\" decoding=\"async\" class=\"alignnone size-full wp-image-840\" src=\"http:\/\/cicadamedical.com\/wp-content\/uploads\/2022\/04\/endo_file_dt-en_s6__detailed__1.jpg\" alt=\"Secci\u00f3n transversal triangular y punta gu\u00eda segura\" width=\"1200\" height=\"500\" srcset=\"https:\/\/cicadamedical.com\/wp-content\/uploads\/2022\/04\/endo_file_dt-en_s6__detailed__1.jpg 1200w, https:\/\/cicadamedical.com\/wp-content\/uploads\/2022\/04\/endo_file_dt-en_s6__detailed__1-600x250.jpg 600w, https:\/\/cicadamedical.com\/wp-content\/uploads\/2022\/04\/endo_file_dt-en_s6__detailed__1-768x320.jpg 768w\" sizes=\"(max-width: 1200px) 100vw, 1200px\" \/> <img loading=\"lazy\" decoding=\"async\" class=\"alignnone size-full wp-image-841\" src=\"http:\/\/cicadamedical.com\/wp-content\/uploads\/2022\/04\/endo_file_dt-en_s6__detailed__4.png\" alt=\"Mejor\u00f3 la resistencia a la fractura.\" width=\"1200\" height=\"500\" srcset=\"https:\/\/cicadamedical.com\/wp-content\/uploads\/2022\/04\/endo_file_dt-en_s6__detailed__4.png 1200w, https:\/\/cicadamedical.com\/wp-content\/uploads\/2022\/04\/endo_file_dt-en_s6__detailed__4-600x250.png 600w, https:\/\/cicadamedical.com\/wp-content\/uploads\/2022\/04\/endo_file_dt-en_s6__detailed__4-768x320.png 768w\" sizes=\"(max-width: 1200px) 100vw, 1200px\" \/> <img loading=\"lazy\" decoding=\"async\" class=\"alignnone size-full wp-image-842\" src=\"http:\/\/cicadamedical.com\/wp-content\/uploads\/2022\/04\/endo_file_dt-en_s6__detailed__3.jpg\" alt=\"La forma del archivo est\u00e1 completa.\" width=\"1200\" height=\"500\" srcset=\"https:\/\/cicadamedical.com\/wp-content\/uploads\/2022\/04\/endo_file_dt-en_s6__detailed__3.jpg 1200w, https:\/\/cicadamedical.com\/wp-content\/uploads\/2022\/04\/endo_file_dt-en_s6__detailed__3-600x250.jpg 600w, https:\/\/cicadamedical.com\/wp-content\/uploads\/2022\/04\/endo_file_dt-en_s6__detailed__3-768x320.jpg 768w\" sizes=\"(max-width: 1200px) 100vw, 1200px\" \/> <img loading=\"lazy\" decoding=\"async\" class=\"alignnone size-full wp-image-843\" src=\"http:\/\/cicadamedical.com\/wp-content\/uploads\/2022\/04\/endo_file_dt-en_s6__detailed__2.png\" alt=\"Hecho de aleaci\u00f3n NiTi de alta calidad\" width=\"1200\" height=\"500\" srcset=\"https:\/\/cicadamedical.com\/wp-content\/uploads\/2022\/04\/endo_file_dt-en_s6__detailed__2.png 1200w, https:\/\/cicadamedical.com\/wp-content\/uploads\/2022\/04\/endo_file_dt-en_s6__detailed__2-600x250.png 600w, https:\/\/cicadamedical.com\/wp-content\/uploads\/2022\/04\/endo_file_dt-en_s6__detailed__2-768x320.png 768w\" sizes=\"(max-width: 1200px) 100vw, 1200px\" \/><br \/>\nSi est\u00e1 buscando una lima endod\u00f3ntica confiable, no busque m\u00e1s que la lima endod\u00f3ntica dental Cicada Medical DT-EN S6. Esta herramienta es imprescindible para cualquier dentista que quiera realizar un tratamiento de conducto de forma r\u00e1pida y precisa.<\/p>\n<p>Entonces, \u00bfqu\u00e9 es exactamente la lima endod\u00f3ntica dental DT-EN S6 de Cicada Medical? Este instrumento de endodoncia es un tipo de lima rotatoria de mano dise\u00f1ada para usarse junto con una pieza de mano dental. La lima se utiliza para eliminar tejido da\u00f1ado o infectado del interior del diente de un paciente durante un procedimiento de conducto radicular.<\/p>\n<p>La versatilidad de Cicada Medical DT-EN S6 Dental Endo File es una de las mejores cosas que tiene. Este instrumento est\u00e1 disponible en varios tipos diferentes, lo que permite a los dentistas elegir la lima adecuada para el trabajo. Los diferentes tipos de limas incluyen est\u00e1ndar, c\u00f3nicas y codificadas por colores, cada una de las cuales est\u00e1 dise\u00f1ada para un tipo espec\u00edfico de procedimiento de conducto radicular.<\/p>\n<p>La diferencia entre las limas endod\u00f3nticas dentales Cicada Medical DT-EN S6 est\u00e1ndar, c\u00f3nicas y codificadas por colores radica en su forma y tama\u00f1o. La lima est\u00e1ndar tiene una forma recta, mientras que la lima c\u00f3nica tiene una forma c\u00f3nica que se ensancha gradualmente a medida que avanza hacia la punta. Las limas codificadas por colores tienen un color espec\u00edfico que corresponde a su conicidad y tama\u00f1o.<\/p>\n<p>Cuando se trata de usos, la lima dental Endo DT-EN S6 de Cicada Medical se puede utilizar para una amplia gama de procedimientos de conducto radicular. Esto incluye procedimientos que necesitan deshacerse de tejido blando o duro, as\u00ed como tambi\u00e9n aquellos que necesitan deshacerse de cosas que bloquean el canal del diente.<\/p>\n<p>El rango de precios de la lima endod\u00f3ntica dental DT-EN S6 de Cicada Medical es competitivo, lo que la convierte en una buena opci\u00f3n para los dentistas que desean actualizar sus instrumentos de endodoncia pero no quieren gastar demasiado. Los precios pueden variar seg\u00fan el tipo de archivo y la cantidad comprada.<\/p>\n<p>Cicada Medical DT-EN S6 Dental Endo File es un instrumento de endodoncia vers\u00e1til, confiable y asequible que es adecuado para una amplia gama de procedimientos de conducto radicular. Los dentistas pueden obtener f\u00e1cilmente resultados precisos eligiendo la lima correcta para el trabajo y us\u00e1ndola de la manera correcta.<\/p>\n<p><a href=\"https:\/\/cicadamedical.com\/es\/\">cigarra medica<\/a> es una conocida empresa que ofrece una gama de limas dentales endo y limas rotatorias cigarra. Estos art\u00edculos son esenciales para los tratamientos de conducto y los dentistas y endodoncistas de todo el mundo los usan todo el tiempo.<\/p>\n<h3>\u00bfQu\u00e9 son las limas dentales Endo?<\/h3>\n<p>Las endolimas dentales son instrumentos peque\u00f1os y flexibles que se utilizan para limpiar, dar forma y preparar el conducto radicular para el relleno. Vienen en diferentes formas y tama\u00f1os y est\u00e1n fabricados con aleaciones de n\u00edquel-titanio o acero inoxidable. Est\u00e1n hechos para ser lo m\u00e1s flexibles y fuertes posible para que no se deshagan ni se rompan durante el procedimiento.<\/p>\n<h3>\u00bfQu\u00e9 son las limas rotativas Cicada?<\/h3>\n<p>Las limas rotatorias Cicada son un tipo de lima dental endo que utiliza un movimiento rotatorio para limpiar y dar forma al conducto radicular. Est\u00e1n dise\u00f1adas para ser m\u00e1s eficientes y r\u00e1pidas que las limas para endodoncia tradicionales, y tambi\u00e9n se pueden usar en una gama m\u00e1s amplia de formas y tama\u00f1os de conductos radiculares. Hay diferentes tama\u00f1os y longitudes de limas rotatorias cigarra, y se pueden usar con diferentes tipos de piezas de mano rotativas.<\/p>\n<h3>\u00bfCu\u00e1l es la diferencia entre las limas Endo y las limas rotatorias Cicada?<\/h3>\n<p>La principal diferencia entre las limas endo y las limas rotatorias cigarra es el m\u00e9todo de operaci\u00f3n. Las limas Endo se usan manualmente, mientras que las limas rotatorias tipo cigarra se usan con movimiento rotatorio. Las limas rotatorias Cicada tambi\u00e9n son m\u00e1s eficientes y r\u00e1pidas que las limas para endodoncia tradicionales, y se pueden usar en una gama m\u00e1s amplia de formas y tama\u00f1os de conductos radiculares.<\/p>\n<h3>Beneficios de usar Cicada Medical Files<\/h3>\n<p>Las limas Cicada Medical ofrecen varios beneficios sobre las limas endo tradicionales, que incluyen:<\/p>\n<ul>\n<li>Mayor eficacia y rapidez en los tratamientos de conducto<\/li>\n<li>La capacidad de manejar una gama m\u00e1s amplia de formas y tama\u00f1os de conductos radiculares<\/li>\n<li>Flexibilidad y resistencia mejoradas para evitar separaciones o roturas.<\/li>\n<li>Una gama de di\u00e1metros y longitudes para adaptarse a diferentes tama\u00f1os de conductos radiculares<\/li>\n<\/ul>\n<h3>Aplicaciones de Cicada Medical Files<\/h3>\n<p>Las limas Cicada Medical se utilizan para tratamientos de conducto, que se realizan para eliminar el tejido infectado o da\u00f1ado del interior del diente y salvarlo de la extracci\u00f3n. Se utilizan tanto en odontolog\u00eda general como en endodoncia, y son una parte esencial del procedimiento de conducto radicular.<\/p>\n<h3>Rango de precios de venta<\/h3>\n<p>El precio de venta de las limas Cicada Medical oscila entre $100 y $300, dependiendo del tipo y tama\u00f1o de la lima. Est\u00e1n ampliamente disponibles a trav\u00e9s de empresas de suministros dentales y minoristas en l\u00ednea, y son una opci\u00f3n rentable para los profesionales dentales que necesitan archivos de endodoncia confiables y eficientes.<\/p>\n<p>En conclusi\u00f3n, Cicada Medical ofrece una gama de limas dentales endodonciales y limas rotatorias cigarra de alta calidad que son esenciales para los tratamientos de conducto. Tanto si es dentista como endodoncista, estas limas ofrecen mayor eficacia, flexibilidad y resistencia, lo que las convierte en una excelente inversi\u00f3n para su consulta.<\/p>","protected":false},"excerpt":{"rendered":"<ul>\n<li>La punta gu\u00eda optimizada con extremo redondeado facilita la preparaci\u00f3n y minimiza las desviaciones del canal.<\/li>\n<li>La tecnolog\u00eda de tratamiento t\u00e9rmico CM-wire, el nuevo material NITI, la tecnolog\u00eda avanzada de activaci\u00f3n t\u00e9rmica, proporciona una advertencia visual para la seguridad de los archivos.<\/li>\n<li>La geometr\u00eda sabia que utiliza archivos CV-S3 puede funcionar de manera eficiente para evitar agujas rotas, y se minimiza el estr\u00e9s de los archivos de eliminaci\u00f3n de residuos.<\/li>\n<\/ul>\n<p>&nbsp;<\/p>","protected":false},"featured_media":847,"comment_status":"open","ping_status":"closed","template":"","meta":[],"product_cat":[25],"product_tag":[],"_links":{"self":[{"href":"https:\/\/cicadamedical.com\/es\/wp-json\/wp\/v3\/product\/839"}],"collection":[{"href":"https:\/\/cicadamedical.com\/es\/wp-json\/wp\/v3\/product"}],"about":[{"href":"https:\/\/cicadamedical.com\/es\/wp-json\/wp\/v2\/types\/product"}],"replies":[{"embeddable":true,"href":"https:\/\/cicadamedical.com\/es\/wp-json\/wp\/v2\/comments?post=839"}],"wp:featuredmedia":[{"embeddable":true,"href":"https:\/\/cicadamedical.com\/es\/wp-json\/wp\/v2\/media\/847"}],"wp:attachment":[{"href":"https:\/\/cicadamedical.com\/es\/wp-json\/wp\/v2\/media?parent=839"}],"wp:term":[{"taxonomy":"product_cat","embeddable":true,"href":"https:\/\/cicadamedical.com\/es\/wp-json\/wp\/v2\/product_cat?post=839"},{"taxonomy":"product_tag","embeddable":true,"href":"https:\/\/cicadamedical.com\/es\/wp-json\/wp\/v2\/product_tag?post=839"}],"curies":[{"name":"wp","href":"https:\/\/api.w.org\/{rel}","templated":true}]}}