{"id":859,"date":"2022-04-27T11:13:51","date_gmt":"2022-04-27T03:13:51","guid":{"rendered":"http:\/\/cicadamedical.com\/?post_type=product&#038;p=859"},"modified":"2023-02-17T15:30:06","modified_gmt":"2023-02-17T07:30:06","slug":"endo-motor-with-led-t-fine-ii-led","status":"publish","type":"product","link":"https:\/\/cicadamedical.com\/es\/producto\/endo-motor-con-led-t-fine-ii-led\/","title":{"rendered":"Motor Endo dental con LED T-Fine-II LED"},"content":{"rendered":"<table>\n<tbody>\n<tr>\n<td>Cabeza<\/td>\n<td>16:1 contra \u00e1ngulo<\/td>\n<\/tr>\n<tr>\n<td>Voltaje<\/td>\n<td>3.7vdc<\/td>\n<\/tr>\n<tr>\n<td>Capacidad de la bater\u00eda<\/td>\n<td>1050mAh<\/td>\n<\/tr>\n<tr>\n<td>Solicitud<\/td>\n<td>Tratamiento de conducto<\/td>\n<\/tr>\n<tr>\n<td>Velocidad de rotaci\u00f3n<\/td>\n<td>140-600 rpm<\/td>\n<\/tr>\n<tr>\n<td>Peso<\/td>\n<td>0,7 kg<\/td>\n<\/tr>\n<tr>\n<td>Color<\/td>\n<td>Blanco<\/td>\n<\/tr>\n<tr>\n<td>Rango de par<\/td>\n<td>0.6-4.0 N.CM<\/td>\n<\/tr>\n<\/tbody>\n<\/table>\n<p>Unidad principal del motor Endo inal\u00e1mbrico: 1 pieza<\/p>\n<p>Base de carga: 1pc<\/p>\n<p>Contra\u00e1ngulo el\u00e9ctrico (16:1): 1pc<\/p>\n<p>Adaptador: 1pc<\/p>\n<p>Cubierta: 1pc<\/p>\n<p>Manual de uso: 1pc<\/p>\n<p><img loading=\"lazy\" decoding=\"async\" class=\"alignnone size-full wp-image-861\" src=\"http:\/\/cicadamedical.com\/wp-content\/uploads\/2022\/04\/155701.png\" alt=\"Podr\u00eda almacenar 9 programas.\" width=\"1200\" height=\"500\" srcset=\"https:\/\/cicadamedical.com\/wp-content\/uploads\/2022\/04\/155701.png 1200w, https:\/\/cicadamedical.com\/wp-content\/uploads\/2022\/04\/155701-600x250.png 600w, https:\/\/cicadamedical.com\/wp-content\/uploads\/2022\/04\/155701-768x320.png 768w\" sizes=\"(max-width: 1200px) 100vw, 1200px\" \/> <img loading=\"lazy\" decoding=\"async\" class=\"alignnone size-full wp-image-862\" src=\"http:\/\/cicadamedical.com\/wp-content\/uploads\/2022\/04\/155704.jpg\" alt=\"Correa inal\u00e1mbrica M\u00e1s conveniente\" width=\"1200\" height=\"500\" srcset=\"https:\/\/cicadamedical.com\/wp-content\/uploads\/2022\/04\/155704.jpg 1200w, https:\/\/cicadamedical.com\/wp-content\/uploads\/2022\/04\/155704-600x250.jpg 600w, https:\/\/cicadamedical.com\/wp-content\/uploads\/2022\/04\/155704-768x320.jpg 768w\" sizes=\"(max-width: 1200px) 100vw, 1200px\" \/> <img loading=\"lazy\" decoding=\"async\" class=\"alignnone size-full wp-image-863\" src=\"http:\/\/cicadamedical.com\/wp-content\/uploads\/2022\/04\/155703.jpg\" alt=\"Reversi\u00f3n cuando est\u00e1 bloqueado M\u00e1s inteligente\" width=\"1200\" height=\"500\" srcset=\"https:\/\/cicadamedical.com\/wp-content\/uploads\/2022\/04\/155703.jpg 1200w, https:\/\/cicadamedical.com\/wp-content\/uploads\/2022\/04\/155703-600x250.jpg 600w, https:\/\/cicadamedical.com\/wp-content\/uploads\/2022\/04\/155703-768x320.jpg 768w\" sizes=\"(max-width: 1200px) 100vw, 1200px\" \/> <img loading=\"lazy\" decoding=\"async\" class=\"alignnone size-full wp-image-864\" src=\"http:\/\/cicadamedical.com\/wp-content\/uploads\/2022\/04\/155702.png\" alt=\"Modo alternativo M\u00e1s seguro\" width=\"1200\" height=\"500\" srcset=\"https:\/\/cicadamedical.com\/wp-content\/uploads\/2022\/04\/155702.png 1200w, https:\/\/cicadamedical.com\/wp-content\/uploads\/2022\/04\/155702-600x250.png 600w, https:\/\/cicadamedical.com\/wp-content\/uploads\/2022\/04\/155702-768x320.png 768w\" sizes=\"(max-width: 1200px) 100vw, 1200px\" \/><\/p>\n<p>Cicada Medical es un fabricante l\u00edder de dispositivos de endodoncia dental, incluido el motor endod\u00f3ncico LED T-Fine-II con luz LED. Este dispositivo avanzado est\u00e1 dise\u00f1ado para simplificar el proceso de tratamiento de conducto y proporciona precisi\u00f3n y exactitud durante el procedimiento.<\/p>\n<p>El T-Fine-II LED es un motor de endodoncia que est\u00e1 equipado con una luz LED que brinda una mejor visibilidad durante el tratamiento. Esta caracter\u00edstica ayuda a los dentistas a ver mejor el procedimiento, lo que facilita encontrar el \u00e1rea problem\u00e1tica y tratarla.<\/p>\n<p>Cicada Medical tiene diferentes tipos de motores endod\u00f3nticos, pero el T-Fine-II LED se destaca porque tiene una luz LED incorporada. Esta caracter\u00edstica lo distingue de otros motores endod\u00f3nticos, ya que proporciona visibilidad e iluminaci\u00f3n mejoradas, lo que permite a los dentistas trabajar con mayor precisi\u00f3n.<\/p>\n<p>Uno de los principales beneficios del LED T-Fine-II es su precisi\u00f3n y exactitud, lo cual es crucial durante el tratamiento de conducto. El dispositivo tiene una serie de par\u00e1metros que se pueden cambiar, como velocidad, torque y direcci\u00f3n de rotaci\u00f3n, para que el procedimiento pueda adaptarse a las necesidades de cada paciente.<\/p>\n<p>El T-Fine-II LED es adecuado para una amplia gama de procedimientos de endodoncia, incluido el tratamiento del conducto radicular, la obturaci\u00f3n y la extracci\u00f3n de postes. La luz LED del dispositivo lo hace ideal para situaciones en las que es necesario mejorar la visibilidad.<\/p>\n<p>El rango de precios del T-Fine-II LED depende de d\u00f3nde lo compre y a qui\u00e9n se lo compre. Sin embargo, es un dispositivo de precio razonable que ofrece una gran relaci\u00f3n calidad-precio. Vale la pena invertir en este motor endod\u00f3ntico de alta calidad debido a su precisi\u00f3n, exactitud y durabilidad.<\/p>\n<p>En conclusi\u00f3n, el endomotor Cicada Medical T-Fine-II LED con luz LED es una herramienta flexible de alta tecnolog\u00eda con muchos beneficios, como una mejor visibilidad, exactitud y precisi\u00f3n. Se destaca de otros motores de endodoncia porque tiene una luz LED incorporada. Esto lo hace ideal para situaciones donde la visibilidad es muy importante. En general, el T-Fine-II LED es un dispositivo de alta calidad en el que vale la pena invertir para cualquier pr\u00e1ctica dental.<\/p>","protected":false},"excerpt":{"rendered":"<ul>\n<li>Dise\u00f1o ligero y ergon\u00f3mico, f\u00e1cil de llevar.<\/li>\n<li>Con contra \u00e1ngulo el\u00e9ctrico 16:1<\/li>\n<li>Podr\u00eda almacenar 9 programas. El par\u00e1metro se puede preestablecer o modificar de acuerdo con la operaci\u00f3n real. P1-P6 para el modo de tratamiento endo, P7 para el modo de pulido, P8 para tomar el<\/li>\n<li>modo de archivo roto, P9 para modo alternativo.<\/li>\n<li>El equipo retroceder\u00e1 autom\u00e1ticamente o retroceder\u00e1 y se detendr\u00e1 autom\u00e1ticamente, se detendr\u00e1 autom\u00e1ticamente seg\u00fan el par y la resistencia diferentes.<\/li>\n<li>Use arranque y parada suaves, proporcione una operaci\u00f3n conveniente y proteja el archivo de roturas cuando sufra un impacto instant\u00e1neo.<\/li>\n<li>El contra\u00e1ngulo el\u00e9ctrico se esteriliza en autoclave hasta 135 \u2103.<\/li>\n<li>La recarga incorporada y la bater\u00eda de alta capacidad no solo brindan la conveniencia de reemplazar la bater\u00eda, sino que tambi\u00e9n ahorran costos.<\/li>\n<\/ul>\n<p>&nbsp;<\/p>","protected":false},"featured_media":869,"comment_status":"open","ping_status":"closed","template":"","meta":[],"product_cat":[24],"product_tag":[],"_links":{"self":[{"href":"https:\/\/cicadamedical.com\/es\/wp-json\/wp\/v3\/product\/859"}],"collection":[{"href":"https:\/\/cicadamedical.com\/es\/wp-json\/wp\/v3\/product"}],"about":[{"href":"https:\/\/cicadamedical.com\/es\/wp-json\/wp\/v2\/types\/product"}],"replies":[{"embeddable":true,"href":"https:\/\/cicadamedical.com\/es\/wp-json\/wp\/v2\/comments?post=859"}],"wp:featuredmedia":[{"embeddable":true,"href":"https:\/\/cicadamedical.com\/es\/wp-json\/wp\/v2\/media\/869"}],"wp:attachment":[{"href":"https:\/\/cicadamedical.com\/es\/wp-json\/wp\/v2\/media?parent=859"}],"wp:term":[{"taxonomy":"product_cat","embeddable":true,"href":"https:\/\/cicadamedical.com\/es\/wp-json\/wp\/v2\/product_cat?post=859"},{"taxonomy":"product_tag","embeddable":true,"href":"https:\/\/cicadamedical.com\/es\/wp-json\/wp\/v2\/product_tag?post=859"}],"curies":[{"name":"wp","href":"https:\/\/api.w.org\/{rel}","templated":true}]}}