{"id":870,"date":"2022-04-27T11:20:26","date_gmt":"2022-04-27T03:20:26","guid":{"rendered":"http:\/\/cicadamedical.com\/?post_type=product&#038;p=870"},"modified":"2023-02-17T15:30:17","modified_gmt":"2023-02-17T07:30:17","slug":"endo-motor-with-apex-t-fine-ii-apex-c-cordless","status":"publish","type":"product","link":"https:\/\/cicadamedical.com\/es\/producto\/endo-motor-con-apex-t-fine-ii-apex-c-inalambrico\/","title":{"rendered":"Motor Endo dental con Apex T-Fine-II Apex C (inal\u00e1mbrico)"},"content":{"rendered":"<div class=\"table-responsive\">\n<table>\n<tbody>\n<tr>\n<td>Cabeza<\/td>\n<td>16:1 contra \u00e1ngulo<\/td>\n<\/tr>\n<tr>\n<td>Voltaje<\/td>\n<td>3.7vdc<\/td>\n<\/tr>\n<tr>\n<td>Capacidad de la bater\u00eda<\/td>\n<td>1050mAh<\/td>\n<\/tr>\n<tr>\n<td>Solicitud<\/td>\n<td>Tratamiento de conducto<\/td>\n<\/tr>\n<tr>\n<td>Velocidad de rotaci\u00f3n<\/td>\n<td>140-500rpm<\/td>\n<\/tr>\n<tr>\n<td>Peso<\/td>\n<td>0,7 kg<\/td>\n<\/tr>\n<tr>\n<td>Color<\/td>\n<td>Blanco<\/td>\n<\/tr>\n<tr>\n<td>Rango de par<\/td>\n<td>0.6-4.0 N.CM<\/td>\n<\/tr>\n<\/tbody>\n<\/table>\n<\/div>\n<p>&nbsp;<\/p>\n<p><strong>Estructura y Componentes:<\/strong><\/p>\n<p>Unidad principal de motor endo inal\u00e1mbrico: 1PC<\/p>\n<p>Base de carga: 1PC<\/p>\n<p>Contra\u00e1ngulo el\u00e9ctrico: 1PC<\/p>\n<p>Adaptador: 1PC<\/p>\n<p>Cubierta: 1PC<\/p>\n<p>Cable de sonda: 1PC<\/p>\n<p>Titular de archivo: 1PC<\/p>\n<p>Electrodo contrario: 1PC<\/p>\n<p>Titular de archivos largos: 1PC<\/p>\n<p>Manual de uso: 1PC<\/p>\n<p><img loading=\"lazy\" decoding=\"async\" class=\"alignnone size-full wp-image-871\" src=\"http:\/\/cicadamedical.com\/wp-content\/uploads\/2022\/04\/1228161001.png\" alt=\"Tiene tres programas\" width=\"1200\" height=\"500\" srcset=\"https:\/\/cicadamedical.com\/wp-content\/uploads\/2022\/04\/1228161001.png 1200w, https:\/\/cicadamedical.com\/wp-content\/uploads\/2022\/04\/1228161001-600x250.png 600w, https:\/\/cicadamedical.com\/wp-content\/uploads\/2022\/04\/1228161001-768x320.png 768w\" sizes=\"(max-width: 1200px) 100vw, 1200px\" \/> <img loading=\"lazy\" decoding=\"async\" class=\"alignnone size-full wp-image-872\" src=\"http:\/\/cicadamedical.com\/wp-content\/uploads\/2022\/04\/1228161002.png\" alt=\"Modo alternativo M\u00e1s seguro\" width=\"1200\" height=\"500\" srcset=\"https:\/\/cicadamedical.com\/wp-content\/uploads\/2022\/04\/1228161002.png 1200w, https:\/\/cicadamedical.com\/wp-content\/uploads\/2022\/04\/1228161002-600x250.png 600w, https:\/\/cicadamedical.com\/wp-content\/uploads\/2022\/04\/1228161002-768x320.png 768w\" sizes=\"(max-width: 1200px) 100vw, 1200px\" \/> <img loading=\"lazy\" decoding=\"async\" class=\"alignnone size-full wp-image-873\" src=\"http:\/\/cicadamedical.com\/wp-content\/uploads\/2022\/04\/1228161004.jpg\" alt=\"Correa inal\u00e1mbrica M\u00e1s conveniente\" width=\"1200\" height=\"500\" srcset=\"https:\/\/cicadamedical.com\/wp-content\/uploads\/2022\/04\/1228161004.jpg 1200w, https:\/\/cicadamedical.com\/wp-content\/uploads\/2022\/04\/1228161004-600x250.jpg 600w, https:\/\/cicadamedical.com\/wp-content\/uploads\/2022\/04\/1228161004-768x320.jpg 768w\" sizes=\"(max-width: 1200px) 100vw, 1200px\" \/> <img loading=\"lazy\" decoding=\"async\" class=\"alignnone size-full wp-image-874\" src=\"http:\/\/cicadamedical.com\/wp-content\/uploads\/2022\/04\/1228161003.jpg\" alt=\"Reversi\u00f3n cuando est\u00e1 bloqueado M\u00e1s inteligente\" width=\"1200\" height=\"500\" srcset=\"https:\/\/cicadamedical.com\/wp-content\/uploads\/2022\/04\/1228161003.jpg 1200w, https:\/\/cicadamedical.com\/wp-content\/uploads\/2022\/04\/1228161003-600x250.jpg 600w, https:\/\/cicadamedical.com\/wp-content\/uploads\/2022\/04\/1228161003-768x320.jpg 768w\" sizes=\"(max-width: 1200px) 100vw, 1200px\" \/><\/p>\n<p><a href=\"https:\/\/cicadamedical.com\/es\/\">cigarra medica<\/a> es un proveedor l\u00edder de equipos dentales y uno de sus productos m\u00e1s innovadores es el Cicada Endo Motor. El endomotor es un instrumento de \u00faltima generaci\u00f3n utilizado en tratamientos de conducto radicular que tiene como objetivo mejorar la eficiencia, velocidad y precisi\u00f3n de el tratamiento.<\/p>\n<p>Los motores Endo inal\u00e1mbricos, los motores Endo dentales Cicada y los motores Endo inal\u00e1mbricos son solo algunos de los motores Endo Cicada disponibles. Debido a sus fortalezas y cualidades individuales, varios tratamientos dentales requieren diferentes tipos de implantes dentales.<\/p>\n<p>Cuando se utiliza como endoactivador, el Endomotor inal\u00e1mbrico permite al dentista una mayor libertad de movimiento. El Cicada Dental Endo Motor, por otro lado, tiene una conexi\u00f3n conectada y un dise\u00f1o m\u00e1s est\u00e1ndar, lo que lo hace m\u00e1s c\u00f3modo y confiable de usar. El endomotor inal\u00e1mbrico es una mejora con respecto al endoactivador inal\u00e1mbrico y al endomotor con cable tradicional, ya que combina la conveniencia del primero con la confiabilidad del segundo.<\/p>\n<p>El Cicada Endo Motor se diferencia de otros productos similares porque utiliza nueva tecnolog\u00eda. Esto le da al m\u00e9dico un control preciso sobre el tratamiento. Por ejemplo, el localizador de \u00e1pice del Cicada Endo Motor II ayuda al dentista a encontrar el \u00e1pice del conducto radicular de forma r\u00e1pida y precisa.<\/p>\n<p>La adaptabilidad del Cicada Endo Motor es un beneficio adicional. Los conductos radiculares, el tratamiento de endodoncia y las apicectom\u00edas son solo algunos de los usos que tiene. El endomotor Cicada T-Fine I es una excelente opci\u00f3n incluso para los tratamientos dentales m\u00e1s complicados porque funciona de manera suave y precisa.<\/p>\n<p>La serie Cicada Endo Motor tiene un precio asequible, con precios minoristas comparables a los de otras herramientas dentales de alta calidad. Puede anticipar gastar entre $2,000 y $5,000, y el precio final depende del modelo y la configuraci\u00f3n precisos que elija.<\/p>\n<p>Por \u00faltimo, Cicada Endo Motor es un dispositivo que piensa en el futuro y se puede cambiar. Tiene una serie de beneficios para la industria odontol\u00f3gica. Ya sea que est\u00e9 buscando una configuraci\u00f3n cableada o inal\u00e1mbrica, administraci\u00f3n granular o innovaci\u00f3n de vanguardia, existe una <a href=\"https:\/\/cicadamedical.com\/es\/categoria-producto\/endodontic\/endo-motor\/\">Cigarra Endo Motor<\/a> eso es correcto para ti.<\/p>","protected":false},"excerpt":{"rendered":"<ul>\n<li>Dise\u00f1o ligero y ergon\u00f3mico, f\u00e1cil de llevar.<\/li>\n<li>El equipo retroceder\u00e1 autom\u00e1ticamente, se detendr\u00e1 autom\u00e1ticamente o retroceder\u00e1 autom\u00e1ticamente y se detendr\u00e1 de acuerdo con el par y la resistencia diferentes.<\/li>\n<li>Use arranque y parada suaves, proporcione una operaci\u00f3n conveniente y proteja el archivo de roturas cuando sufra un impacto instant\u00e1neo.<\/li>\n<li>Podr\u00eda guardar 10 programas, el par\u00e1metro podr\u00eda preestablecerse o modificarse seg\u00fan la operaci\u00f3n real.<\/li>\n<li>La bater\u00eda de recarga incorporada no solo brinda la conveniencia de reemplazar la bater\u00eda, sino que tambi\u00e9n ahorra costos, la carga sin contacto hace que la operaci\u00f3n sea m\u00e1s conveniente y segura.<\/li>\n<li>Contra \u00e1ngulo el\u00e9ctrico y esterilizaci\u00f3n en autoclave hasta 135 cent\u00edgrados.<\/li>\n<li>Dispone de tres programas: endotratamiento y medici\u00f3n realizada en una sola m\u00e1quina, endodoncia con \u00e1pice juntos.<\/li>\n<li>Si\u00e9ntase libre de ajustar el programa que necesita, m\u00e1s conveniente que el anterior.<\/li>\n<\/ul>\n<p>&nbsp;<\/p>\n<p>&nbsp;<\/p>","protected":false},"featured_media":879,"comment_status":"open","ping_status":"closed","template":"","meta":[],"product_cat":[24],"product_tag":[],"_links":{"self":[{"href":"https:\/\/cicadamedical.com\/es\/wp-json\/wp\/v3\/product\/870"}],"collection":[{"href":"https:\/\/cicadamedical.com\/es\/wp-json\/wp\/v3\/product"}],"about":[{"href":"https:\/\/cicadamedical.com\/es\/wp-json\/wp\/v2\/types\/product"}],"replies":[{"embeddable":true,"href":"https:\/\/cicadamedical.com\/es\/wp-json\/wp\/v2\/comments?post=870"}],"wp:featuredmedia":[{"embeddable":true,"href":"https:\/\/cicadamedical.com\/es\/wp-json\/wp\/v2\/media\/879"}],"wp:attachment":[{"href":"https:\/\/cicadamedical.com\/es\/wp-json\/wp\/v2\/media?parent=870"}],"wp:term":[{"taxonomy":"product_cat","embeddable":true,"href":"https:\/\/cicadamedical.com\/es\/wp-json\/wp\/v2\/product_cat?post=870"},{"taxonomy":"product_tag","embeddable":true,"href":"https:\/\/cicadamedical.com\/es\/wp-json\/wp\/v2\/product_tag?post=870"}],"curies":[{"name":"wp","href":"https:\/\/api.w.org\/{rel}","templated":true}]}}